{"id":13138,"date":"2020-10-15T12:04:56","date_gmt":"2020-10-15T10:04:56","guid":{"rendered":"http:\/\/campusvygon.com\/cl\/?page_id=13138"},"modified":"2021-02-16T17:10:34","modified_gmt":"2021-02-16T16:10:34","slug":"ebook-oxigenacion-pasiva-en-rcp","status":"publish","type":"page","link":"https:\/\/campusvygon.com\/cl\/ebook-oxigenacion-pasiva-en-rcp\/","title":{"rendered":"Ebook: Oxigenaci\u00f3n pasiva en RCP"},"content":{"rendered":"<p>[et_pb_section admin_label=\u00bbsection\u00bb]<br \/>\n\t\t\t[et_pb_row admin_label=\u00bbrow\u00bb]<br \/>\n\t\t\t\t[et_pb_column type=\u00bb4_4&#8243;][\/et_pb_column]<br \/>\n\t\t\t[\/et_pb_row]<br \/>\n\t\t[\/et_pb_section]<\/p>\n","protected":false},"excerpt":{"rendered":"","protected":false},"author":4,"featured_media":13214,"parent":0,"menu_order":0,"comment_status":"closed","ping_status":"closed","template":"","meta":{"_et_pb_use_builder":"on","_et_pb_old_content":"","_et_gb_content_width":"","footnotes":""},"class_list":["post-13138","page","type-page","status-publish","has-post-thumbnail","hentry"],"yoast_head":"<!-- This site is optimized with the Yoast SEO plugin v27.4 - https:\/\/yoast.com\/product\/yoast-seo-wordpress\/ -->\n<title>Ebook: Oxigenaci\u00f3n pasiva en RCP - Campus Vygon Chile<\/title>\n<meta name=\"description\" content=\"Uno de los grandes retos en las t\u00e9cnicas de RCP lo constituye el incrementar la eficiencia sin aumentar la complejidad. La oxigenaci\u00f3n pasiva se vislumbra como una soluci\u00f3n que reduce el tiempo de aplicaci\u00f3n, simplifica la maniobrea y nos dota de seguridad.\" \/>\n<meta name=\"robots\" content=\"index, follow, max-snippet:-1, max-image-preview:large, max-video-preview:-1\" \/>\n<link rel=\"canonical\" href=\"https:\/\/campusvygon.com\/cl\/ebook-oxigenacion-pasiva-en-rcp\/\" \/>\n<meta property=\"og:locale\" content=\"es_ES\" \/>\n<meta property=\"og:type\" content=\"article\" \/>\n<meta property=\"og:title\" content=\"Ebook: Oxigenaci\u00f3n pasiva en RCP - Campus Vygon Chile\" \/>\n<meta property=\"og:description\" content=\"Uno de los grandes retos en las t\u00e9cnicas de RCP lo constituye el incrementar la eficiencia sin aumentar la complejidad. La oxigenaci\u00f3n pasiva se vislumbra como una soluci\u00f3n que reduce el tiempo de aplicaci\u00f3n, simplifica la maniobrea y nos dota de seguridad.\" \/>\n<meta property=\"og:url\" content=\"https:\/\/campusvygon.com\/cl\/ebook-oxigenacion-pasiva-en-rcp\/\" \/>\n<meta property=\"og:site_name\" content=\"Campus Vygon Chile\" \/>\n<meta property=\"article:modified_time\" content=\"2021-02-16T16:10:34+00:00\" \/>\n<meta property=\"og:image\" content=\"https:\/\/campusvygon.com\/cl\/wp-content\/uploads\/sites\/2\/2020\/10\/twitter.png\" \/>\n\t<meta property=\"og:image:width\" content=\"1024\" \/>\n\t<meta property=\"og:image:height\" content=\"512\" \/>\n\t<meta property=\"og:image:type\" content=\"image\/png\" \/>\n<meta name=\"twitter:card\" content=\"summary_large_image\" \/>\n<script type=\"application\/ld+json\" class=\"yoast-schema-graph\">{\"@context\":\"https:\\\/\\\/schema.org\",\"@graph\":[{\"@type\":\"WebPage\",\"@id\":\"https:\\\/\\\/campusvygon.com\\\/cl\\\/ebook-oxigenacion-pasiva-en-rcp\\\/\",\"url\":\"https:\\\/\\\/campusvygon.com\\\/cl\\\/ebook-oxigenacion-pasiva-en-rcp\\\/\",\"name\":\"Ebook: Oxigenaci\u00f3n pasiva en RCP - Campus Vygon Chile\",\"isPartOf\":{\"@id\":\"https:\\\/\\\/campusvygon.com\\\/cl\\\/#website\"},\"primaryImageOfPage\":{\"@id\":\"https:\\\/\\\/campusvygon.com\\\/cl\\\/ebook-oxigenacion-pasiva-en-rcp\\\/#primaryimage\"},\"image\":{\"@id\":\"https:\\\/\\\/campusvygon.com\\\/cl\\\/ebook-oxigenacion-pasiva-en-rcp\\\/#primaryimage\"},\"thumbnailUrl\":\"https:\\\/\\\/campusvygon.com\\\/cl\\\/wp-content\\\/uploads\\\/sites\\\/2\\\/2020\\\/10\\\/twitter.png\",\"datePublished\":\"2020-10-15T10:04:56+00:00\",\"dateModified\":\"2021-02-16T16:10:34+00:00\",\"description\":\"Uno de los grandes retos en las t\u00e9cnicas de RCP lo constituye el incrementar la eficiencia sin aumentar la complejidad. La oxigenaci\u00f3n pasiva se vislumbra como una soluci\u00f3n que reduce el tiempo de aplicaci\u00f3n, simplifica la maniobrea y nos dota de seguridad.\",\"breadcrumb\":{\"@id\":\"https:\\\/\\\/campusvygon.com\\\/cl\\\/ebook-oxigenacion-pasiva-en-rcp\\\/#breadcrumb\"},\"inLanguage\":\"es\",\"potentialAction\":[{\"@type\":\"ReadAction\",\"target\":[\"https:\\\/\\\/campusvygon.com\\\/cl\\\/ebook-oxigenacion-pasiva-en-rcp\\\/\"]}]},{\"@type\":\"ImageObject\",\"inLanguage\":\"es\",\"@id\":\"https:\\\/\\\/campusvygon.com\\\/cl\\\/ebook-oxigenacion-pasiva-en-rcp\\\/#primaryimage\",\"url\":\"https:\\\/\\\/campusvygon.com\\\/cl\\\/wp-content\\\/uploads\\\/sites\\\/2\\\/2020\\\/10\\\/twitter.png\",\"contentUrl\":\"https:\\\/\\\/campusvygon.com\\\/cl\\\/wp-content\\\/uploads\\\/sites\\\/2\\\/2020\\\/10\\\/twitter.png\",\"width\":1024,\"height\":512},{\"@type\":\"BreadcrumbList\",\"@id\":\"https:\\\/\\\/campusvygon.com\\\/cl\\\/ebook-oxigenacion-pasiva-en-rcp\\\/#breadcrumb\",\"itemListElement\":[{\"@type\":\"ListItem\",\"position\":1,\"name\":\"Portada\",\"item\":\"https:\\\/\\\/campusvygon.com\\\/cl\\\/\"},{\"@type\":\"ListItem\",\"position\":2,\"name\":\"Ebook: Oxigenaci\u00f3n pasiva en RCP\"}]},{\"@type\":\"WebSite\",\"@id\":\"https:\\\/\\\/campusvygon.com\\\/cl\\\/#website\",\"url\":\"https:\\\/\\\/campusvygon.com\\\/cl\\\/\",\"name\":\"Campus Vygon Chile\",\"description\":\"Un espacio para aprender sobre procedimientos y t\u00e9cnicas sanitarias de la mano de profesionales de referencia.\",\"potentialAction\":[{\"@type\":\"SearchAction\",\"target\":{\"@type\":\"EntryPoint\",\"urlTemplate\":\"https:\\\/\\\/campusvygon.com\\\/cl\\\/?s={search_term_string}\"},\"query-input\":{\"@type\":\"PropertyValueSpecification\",\"valueRequired\":true,\"valueName\":\"search_term_string\"}}],\"inLanguage\":\"es\"}]}<\/script>\n<!-- \/ Yoast SEO plugin. -->","yoast_head_json":{"title":"Ebook: Oxigenaci\u00f3n pasiva en RCP - Campus Vygon Chile","description":"Uno de los grandes retos en las t\u00e9cnicas de RCP lo constituye el incrementar la eficiencia sin aumentar la complejidad. La oxigenaci\u00f3n pasiva se vislumbra como una soluci\u00f3n que reduce el tiempo de aplicaci\u00f3n, simplifica la maniobrea y nos dota de seguridad.","robots":{"index":"index","follow":"follow","max-snippet":"max-snippet:-1","max-image-preview":"max-image-preview:large","max-video-preview":"max-video-preview:-1"},"canonical":"https:\/\/campusvygon.com\/cl\/ebook-oxigenacion-pasiva-en-rcp\/","og_locale":"es_ES","og_type":"article","og_title":"Ebook: Oxigenaci\u00f3n pasiva en RCP - Campus Vygon Chile","og_description":"Uno de los grandes retos en las t\u00e9cnicas de RCP lo constituye el incrementar la eficiencia sin aumentar la complejidad. La oxigenaci\u00f3n pasiva se vislumbra como una soluci\u00f3n que reduce el tiempo de aplicaci\u00f3n, simplifica la maniobrea y nos dota de seguridad.","og_url":"https:\/\/campusvygon.com\/cl\/ebook-oxigenacion-pasiva-en-rcp\/","og_site_name":"Campus Vygon Chile","article_modified_time":"2021-02-16T16:10:34+00:00","og_image":[{"width":1024,"height":512,"url":"https:\/\/campusvygon.com\/cl\/wp-content\/uploads\/sites\/2\/2020\/10\/twitter.png","type":"image\/png"}],"twitter_card":"summary_large_image","schema":{"@context":"https:\/\/schema.org","@graph":[{"@type":"WebPage","@id":"https:\/\/campusvygon.com\/cl\/ebook-oxigenacion-pasiva-en-rcp\/","url":"https:\/\/campusvygon.com\/cl\/ebook-oxigenacion-pasiva-en-rcp\/","name":"Ebook: Oxigenaci\u00f3n pasiva en RCP - Campus Vygon Chile","isPartOf":{"@id":"https:\/\/campusvygon.com\/cl\/#website"},"primaryImageOfPage":{"@id":"https:\/\/campusvygon.com\/cl\/ebook-oxigenacion-pasiva-en-rcp\/#primaryimage"},"image":{"@id":"https:\/\/campusvygon.com\/cl\/ebook-oxigenacion-pasiva-en-rcp\/#primaryimage"},"thumbnailUrl":"https:\/\/campusvygon.com\/cl\/wp-content\/uploads\/sites\/2\/2020\/10\/twitter.png","datePublished":"2020-10-15T10:04:56+00:00","dateModified":"2021-02-16T16:10:34+00:00","description":"Uno de los grandes retos en las t\u00e9cnicas de RCP lo constituye el incrementar la eficiencia sin aumentar la complejidad. La oxigenaci\u00f3n pasiva se vislumbra como una soluci\u00f3n que reduce el tiempo de aplicaci\u00f3n, simplifica la maniobrea y nos dota de seguridad.","breadcrumb":{"@id":"https:\/\/campusvygon.com\/cl\/ebook-oxigenacion-pasiva-en-rcp\/#breadcrumb"},"inLanguage":"es","potentialAction":[{"@type":"ReadAction","target":["https:\/\/campusvygon.com\/cl\/ebook-oxigenacion-pasiva-en-rcp\/"]}]},{"@type":"ImageObject","inLanguage":"es","@id":"https:\/\/campusvygon.com\/cl\/ebook-oxigenacion-pasiva-en-rcp\/#primaryimage","url":"https:\/\/campusvygon.com\/cl\/wp-content\/uploads\/sites\/2\/2020\/10\/twitter.png","contentUrl":"https:\/\/campusvygon.com\/cl\/wp-content\/uploads\/sites\/2\/2020\/10\/twitter.png","width":1024,"height":512},{"@type":"BreadcrumbList","@id":"https:\/\/campusvygon.com\/cl\/ebook-oxigenacion-pasiva-en-rcp\/#breadcrumb","itemListElement":[{"@type":"ListItem","position":1,"name":"Portada","item":"https:\/\/campusvygon.com\/cl\/"},{"@type":"ListItem","position":2,"name":"Ebook: Oxigenaci\u00f3n pasiva en RCP"}]},{"@type":"WebSite","@id":"https:\/\/campusvygon.com\/cl\/#website","url":"https:\/\/campusvygon.com\/cl\/","name":"Campus Vygon Chile","description":"Un espacio para aprender sobre procedimientos y t\u00e9cnicas sanitarias de la mano de profesionales de referencia.","potentialAction":[{"@type":"SearchAction","target":{"@type":"EntryPoint","urlTemplate":"https:\/\/campusvygon.com\/cl\/?s={search_term_string}"},"query-input":{"@type":"PropertyValueSpecification","valueRequired":true,"valueName":"search_term_string"}}],"inLanguage":"es"}]}},"_links":{"self":[{"href":"https:\/\/campusvygon.com\/cl\/wp-json\/wp\/v2\/pages\/13138","targetHints":{"allow":["GET"]}}],"collection":[{"href":"https:\/\/campusvygon.com\/cl\/wp-json\/wp\/v2\/pages"}],"about":[{"href":"https:\/\/campusvygon.com\/cl\/wp-json\/wp\/v2\/types\/page"}],"author":[{"embeddable":true,"href":"https:\/\/campusvygon.com\/cl\/wp-json\/wp\/v2\/users\/4"}],"replies":[{"embeddable":true,"href":"https:\/\/campusvygon.com\/cl\/wp-json\/wp\/v2\/comments?post=13138"}],"version-history":[{"count":2,"href":"https:\/\/campusvygon.com\/cl\/wp-json\/wp\/v2\/pages\/13138\/revisions"}],"predecessor-version":[{"id":16046,"href":"https:\/\/campusvygon.com\/cl\/wp-json\/wp\/v2\/pages\/13138\/revisions\/16046"}],"wp:featuredmedia":[{"embeddable":true,"href":"https:\/\/campusvygon.com\/cl\/wp-json\/wp\/v2\/media\/13214"}],"wp:attachment":[{"href":"https:\/\/campusvygon.com\/cl\/wp-json\/wp\/v2\/media?parent=13138"}],"curies":[{"name":"wp","href":"https:\/\/api.w.org\/{rel}","templated":true}]}}