{"id":16604,"date":"2021-03-31T09:56:40","date_gmt":"2021-03-31T07:56:40","guid":{"rendered":"http:\/\/campusvygon.com\/cl\/?page_id=16604"},"modified":"2021-04-01T01:44:19","modified_gmt":"2021-03-31T23:44:19","slug":"accesos-vasculares-media-larga-duracion","status":"publish","type":"page","link":"https:\/\/campusvygon.com\/cl\/accesos-vasculares-media-larga-duracion\/","title":{"rendered":"Accesos vasculares de media y larga duraci\u00f3n"},"content":{"rendered":"","protected":false},"excerpt":{"rendered":"","protected":false},"author":4,"featured_media":19002,"parent":0,"menu_order":0,"comment_status":"closed","ping_status":"closed","template":"","meta":{"_et_pb_use_builder":"","_et_pb_old_content":"","_et_gb_content_width":"","footnotes":""},"class_list":["post-16604","page","type-page","status-publish","has-post-thumbnail","hentry"],"yoast_head":"<!-- This site is optimized with the Yoast SEO plugin v27.4 - https:\/\/yoast.com\/product\/yoast-seo-wordpress\/ -->\n<title>Accesos vasculares de media y larga duraci\u00f3n - Campus Vygon Chile<\/title>\n<meta name=\"description\" content=\"Conoce las causas de los problemas existentes en la gesti\u00f3n de tus accesos vasculares y optimiza su rendimiento con las soluciones propuestas aqu\u00ed.\" \/>\n<meta name=\"robots\" content=\"index, follow, max-snippet:-1, max-image-preview:large, max-video-preview:-1\" \/>\n<link rel=\"canonical\" href=\"https:\/\/campusvygon.com\/cl\/accesos-vasculares-media-larga-duracion\/\" \/>\n<meta property=\"og:locale\" content=\"es_ES\" \/>\n<meta property=\"og:type\" content=\"article\" \/>\n<meta property=\"og:title\" content=\"Accesos vasculares de media y larga duraci\u00f3n - Campus Vygon Chile\" \/>\n<meta property=\"og:description\" content=\"Conoce las causas de los problemas existentes en la gesti\u00f3n de tus accesos vasculares y optimiza su rendimiento con las soluciones propuestas aqu\u00ed.\" \/>\n<meta property=\"og:url\" content=\"https:\/\/campusvygon.com\/cl\/accesos-vasculares-media-larga-duracion\/\" \/>\n<meta property=\"og:site_name\" content=\"Campus Vygon Chile\" \/>\n<meta property=\"article:modified_time\" content=\"2021-03-31T23:44:19+00:00\" \/>\n<meta property=\"og:image\" content=\"https:\/\/campusvygon.com\/cl\/wp-content\/uploads\/sites\/2\/2021\/04\/ACCESOS-VASCULARES-SEO.jpg\" \/>\n\t<meta property=\"og:image:width\" content=\"1024\" \/>\n\t<meta property=\"og:image:height\" content=\"512\" \/>\n\t<meta property=\"og:image:type\" content=\"image\/jpeg\" \/>\n<meta name=\"twitter:card\" content=\"summary_large_image\" \/>\n<script type=\"application\/ld+json\" class=\"yoast-schema-graph\">{\"@context\":\"https:\\\/\\\/schema.org\",\"@graph\":[{\"@type\":\"WebPage\",\"@id\":\"https:\\\/\\\/campusvygon.com\\\/cl\\\/accesos-vasculares-media-larga-duracion\\\/\",\"url\":\"https:\\\/\\\/campusvygon.com\\\/cl\\\/accesos-vasculares-media-larga-duracion\\\/\",\"name\":\"Accesos vasculares de media y larga duraci\u00f3n - Campus Vygon Chile\",\"isPartOf\":{\"@id\":\"https:\\\/\\\/campusvygon.com\\\/cl\\\/#website\"},\"primaryImageOfPage\":{\"@id\":\"https:\\\/\\\/campusvygon.com\\\/cl\\\/accesos-vasculares-media-larga-duracion\\\/#primaryimage\"},\"image\":{\"@id\":\"https:\\\/\\\/campusvygon.com\\\/cl\\\/accesos-vasculares-media-larga-duracion\\\/#primaryimage\"},\"thumbnailUrl\":\"https:\\\/\\\/campusvygon.com\\\/cl\\\/wp-content\\\/uploads\\\/sites\\\/2\\\/2021\\\/04\\\/ACCESOS-VASCULARES-SEO.jpg\",\"datePublished\":\"2021-03-31T07:56:40+00:00\",\"dateModified\":\"2021-03-31T23:44:19+00:00\",\"description\":\"Conoce las causas de los problemas existentes en la gesti\u00f3n de tus accesos vasculares y optimiza su rendimiento con las soluciones propuestas aqu\u00ed.\",\"breadcrumb\":{\"@id\":\"https:\\\/\\\/campusvygon.com\\\/cl\\\/accesos-vasculares-media-larga-duracion\\\/#breadcrumb\"},\"inLanguage\":\"es\",\"potentialAction\":[{\"@type\":\"ReadAction\",\"target\":[\"https:\\\/\\\/campusvygon.com\\\/cl\\\/accesos-vasculares-media-larga-duracion\\\/\"]}]},{\"@type\":\"ImageObject\",\"inLanguage\":\"es\",\"@id\":\"https:\\\/\\\/campusvygon.com\\\/cl\\\/accesos-vasculares-media-larga-duracion\\\/#primaryimage\",\"url\":\"https:\\\/\\\/campusvygon.com\\\/cl\\\/wp-content\\\/uploads\\\/sites\\\/2\\\/2021\\\/04\\\/ACCESOS-VASCULARES-SEO.jpg\",\"contentUrl\":\"https:\\\/\\\/campusvygon.com\\\/cl\\\/wp-content\\\/uploads\\\/sites\\\/2\\\/2021\\\/04\\\/ACCESOS-VASCULARES-SEO.jpg\",\"width\":1024,\"height\":512},{\"@type\":\"BreadcrumbList\",\"@id\":\"https:\\\/\\\/campusvygon.com\\\/cl\\\/accesos-vasculares-media-larga-duracion\\\/#breadcrumb\",\"itemListElement\":[{\"@type\":\"ListItem\",\"position\":1,\"name\":\"Portada\",\"item\":\"https:\\\/\\\/campusvygon.com\\\/cl\\\/\"},{\"@type\":\"ListItem\",\"position\":2,\"name\":\"Accesos vasculares de media y larga duraci\u00f3n\"}]},{\"@type\":\"WebSite\",\"@id\":\"https:\\\/\\\/campusvygon.com\\\/cl\\\/#website\",\"url\":\"https:\\\/\\\/campusvygon.com\\\/cl\\\/\",\"name\":\"Campus Vygon Chile\",\"description\":\"Un espacio para aprender sobre procedimientos y t\u00e9cnicas sanitarias de la mano de profesionales de referencia.\",\"potentialAction\":[{\"@type\":\"SearchAction\",\"target\":{\"@type\":\"EntryPoint\",\"urlTemplate\":\"https:\\\/\\\/campusvygon.com\\\/cl\\\/?s={search_term_string}\"},\"query-input\":{\"@type\":\"PropertyValueSpecification\",\"valueRequired\":true,\"valueName\":\"search_term_string\"}}],\"inLanguage\":\"es\"}]}<\/script>\n<!-- \/ Yoast SEO plugin. -->","yoast_head_json":{"title":"Accesos vasculares de media y larga duraci\u00f3n - Campus Vygon Chile","description":"Conoce las causas de los problemas existentes en la gesti\u00f3n de tus accesos vasculares y optimiza su rendimiento con las soluciones propuestas aqu\u00ed.","robots":{"index":"index","follow":"follow","max-snippet":"max-snippet:-1","max-image-preview":"max-image-preview:large","max-video-preview":"max-video-preview:-1"},"canonical":"https:\/\/campusvygon.com\/cl\/accesos-vasculares-media-larga-duracion\/","og_locale":"es_ES","og_type":"article","og_title":"Accesos vasculares de media y larga duraci\u00f3n - Campus Vygon Chile","og_description":"Conoce las causas de los problemas existentes en la gesti\u00f3n de tus accesos vasculares y optimiza su rendimiento con las soluciones propuestas aqu\u00ed.","og_url":"https:\/\/campusvygon.com\/cl\/accesos-vasculares-media-larga-duracion\/","og_site_name":"Campus Vygon Chile","article_modified_time":"2021-03-31T23:44:19+00:00","og_image":[{"width":1024,"height":512,"url":"https:\/\/campusvygon.com\/cl\/wp-content\/uploads\/sites\/2\/2021\/04\/ACCESOS-VASCULARES-SEO.jpg","type":"image\/jpeg"}],"twitter_card":"summary_large_image","schema":{"@context":"https:\/\/schema.org","@graph":[{"@type":"WebPage","@id":"https:\/\/campusvygon.com\/cl\/accesos-vasculares-media-larga-duracion\/","url":"https:\/\/campusvygon.com\/cl\/accesos-vasculares-media-larga-duracion\/","name":"Accesos vasculares de media y larga duraci\u00f3n - Campus Vygon Chile","isPartOf":{"@id":"https:\/\/campusvygon.com\/cl\/#website"},"primaryImageOfPage":{"@id":"https:\/\/campusvygon.com\/cl\/accesos-vasculares-media-larga-duracion\/#primaryimage"},"image":{"@id":"https:\/\/campusvygon.com\/cl\/accesos-vasculares-media-larga-duracion\/#primaryimage"},"thumbnailUrl":"https:\/\/campusvygon.com\/cl\/wp-content\/uploads\/sites\/2\/2021\/04\/ACCESOS-VASCULARES-SEO.jpg","datePublished":"2021-03-31T07:56:40+00:00","dateModified":"2021-03-31T23:44:19+00:00","description":"Conoce las causas de los problemas existentes en la gesti\u00f3n de tus accesos vasculares y optimiza su rendimiento con las soluciones propuestas aqu\u00ed.","breadcrumb":{"@id":"https:\/\/campusvygon.com\/cl\/accesos-vasculares-media-larga-duracion\/#breadcrumb"},"inLanguage":"es","potentialAction":[{"@type":"ReadAction","target":["https:\/\/campusvygon.com\/cl\/accesos-vasculares-media-larga-duracion\/"]}]},{"@type":"ImageObject","inLanguage":"es","@id":"https:\/\/campusvygon.com\/cl\/accesos-vasculares-media-larga-duracion\/#primaryimage","url":"https:\/\/campusvygon.com\/cl\/wp-content\/uploads\/sites\/2\/2021\/04\/ACCESOS-VASCULARES-SEO.jpg","contentUrl":"https:\/\/campusvygon.com\/cl\/wp-content\/uploads\/sites\/2\/2021\/04\/ACCESOS-VASCULARES-SEO.jpg","width":1024,"height":512},{"@type":"BreadcrumbList","@id":"https:\/\/campusvygon.com\/cl\/accesos-vasculares-media-larga-duracion\/#breadcrumb","itemListElement":[{"@type":"ListItem","position":1,"name":"Portada","item":"https:\/\/campusvygon.com\/cl\/"},{"@type":"ListItem","position":2,"name":"Accesos vasculares de media y larga duraci\u00f3n"}]},{"@type":"WebSite","@id":"https:\/\/campusvygon.com\/cl\/#website","url":"https:\/\/campusvygon.com\/cl\/","name":"Campus Vygon Chile","description":"Un espacio para aprender sobre procedimientos y t\u00e9cnicas sanitarias de la mano de profesionales de referencia.","potentialAction":[{"@type":"SearchAction","target":{"@type":"EntryPoint","urlTemplate":"https:\/\/campusvygon.com\/cl\/?s={search_term_string}"},"query-input":{"@type":"PropertyValueSpecification","valueRequired":true,"valueName":"search_term_string"}}],"inLanguage":"es"}]}},"_links":{"self":[{"href":"https:\/\/campusvygon.com\/cl\/wp-json\/wp\/v2\/pages\/16604","targetHints":{"allow":["GET"]}}],"collection":[{"href":"https:\/\/campusvygon.com\/cl\/wp-json\/wp\/v2\/pages"}],"about":[{"href":"https:\/\/campusvygon.com\/cl\/wp-json\/wp\/v2\/types\/page"}],"author":[{"embeddable":true,"href":"https:\/\/campusvygon.com\/cl\/wp-json\/wp\/v2\/users\/4"}],"replies":[{"embeddable":true,"href":"https:\/\/campusvygon.com\/cl\/wp-json\/wp\/v2\/comments?post=16604"}],"version-history":[{"count":2,"href":"https:\/\/campusvygon.com\/cl\/wp-json\/wp\/v2\/pages\/16604\/revisions"}],"predecessor-version":[{"id":18614,"href":"https:\/\/campusvygon.com\/cl\/wp-json\/wp\/v2\/pages\/16604\/revisions\/18614"}],"wp:featuredmedia":[{"embeddable":true,"href":"https:\/\/campusvygon.com\/cl\/wp-json\/wp\/v2\/media\/19002"}],"wp:attachment":[{"href":"https:\/\/campusvygon.com\/cl\/wp-json\/wp\/v2\/media?parent=16604"}],"curies":[{"name":"wp","href":"https:\/\/api.w.org\/{rel}","templated":true}]}}