{"id":9173,"date":"2020-06-22T09:18:21","date_gmt":"2020-06-22T07:18:21","guid":{"rendered":"http:\/\/campusvygon.com\/cl\/?page_id=9173"},"modified":"2020-12-21T09:49:34","modified_gmt":"2020-12-21T08:49:34","slug":"covid19-ebook","status":"publish","type":"page","link":"https:\/\/campusvygon.com\/cl\/covid19-ebook\/","title":{"rendered":"2\u00aa Edici\u00f3n &#8211; Pr\u00e1cticas sanitarias durante la pandemia COVID-19 en Espa\u00f1a"},"content":{"rendered":"<p>[et_pb_section fb_built=\u00bb1&#8243; _builder_version=\u00bb4.7.7&#8243; _module_preset=\u00bbdefault\u00bb][\/et_pb_section]<\/p>\n","protected":false},"excerpt":{"rendered":"","protected":false},"author":4,"featured_media":15021,"parent":0,"menu_order":0,"comment_status":"closed","ping_status":"closed","template":"","meta":{"_et_pb_use_builder":"on","_et_pb_old_content":"","_et_gb_content_width":"","footnotes":""},"class_list":["post-9173","page","type-page","status-publish","has-post-thumbnail","hentry"],"yoast_head":"<!-- This site is optimized with the Yoast SEO plugin v27.2 - https:\/\/yoast.com\/product\/yoast-seo-wordpress\/ -->\n<title>2\u00aa Edici\u00f3n - Pr\u00e1cticas sanitarias durante la pandemia COVID-19 en Espa\u00f1a<\/title>\n<meta name=\"description\" content=\"Descarga ahora la 2\u00aa edici\u00f3n de este ebook con la recopilaci\u00f3n de art\u00edculos publicados en el blog de Vygon Espa\u00f1a durante la pandemia COVID19\" \/>\n<meta name=\"robots\" content=\"index, follow, max-snippet:-1, max-image-preview:large, max-video-preview:-1\" \/>\n<link rel=\"canonical\" href=\"https:\/\/campusvygon.com\/cl\/covid19-ebook\/\" \/>\n<meta property=\"og:locale\" content=\"es_ES\" \/>\n<meta property=\"og:type\" content=\"article\" \/>\n<meta property=\"og:title\" content=\"2\u00aa Edici\u00f3n - Pr\u00e1cticas sanitarias durante la pandemia COVID-19 en Espa\u00f1a\" \/>\n<meta property=\"og:description\" content=\"Descarga ahora la 2\u00aa edici\u00f3n de este ebook con la recopilaci\u00f3n de art\u00edculos publicados en el blog de Vygon Espa\u00f1a durante la pandemia COVID19\" \/>\n<meta property=\"og:url\" content=\"https:\/\/campusvygon.com\/cl\/covid19-ebook\/\" \/>\n<meta property=\"og:site_name\" content=\"Campus Vygon Chile\" \/>\n<meta property=\"article:modified_time\" content=\"2020-12-21T08:49:34+00:00\" \/>\n<meta property=\"og:image\" content=\"https:\/\/campusvygon.com\/cl\/wp-content\/uploads\/sites\/2\/2020\/12\/ebook-covid19.png\" \/>\n\t<meta property=\"og:image:width\" content=\"1024\" \/>\n\t<meta property=\"og:image:height\" content=\"512\" \/>\n\t<meta property=\"og:image:type\" content=\"image\/png\" \/>\n<meta name=\"twitter:card\" content=\"summary_large_image\" \/>\n<script type=\"application\/ld+json\" class=\"yoast-schema-graph\">{\"@context\":\"https:\/\/schema.org\",\"@graph\":[{\"@type\":\"WebPage\",\"@id\":\"https:\/\/campusvygon.com\/cl\/covid19-ebook\/\",\"url\":\"https:\/\/campusvygon.com\/cl\/covid19-ebook\/\",\"name\":\"2\u00aa Edici\u00f3n - Pr\u00e1cticas sanitarias durante la pandemia COVID-19 en Espa\u00f1a\",\"isPartOf\":{\"@id\":\"https:\/\/campusvygon.com\/cl\/#website\"},\"primaryImageOfPage\":{\"@id\":\"https:\/\/campusvygon.com\/cl\/covid19-ebook\/#primaryimage\"},\"image\":{\"@id\":\"https:\/\/campusvygon.com\/cl\/covid19-ebook\/#primaryimage\"},\"thumbnailUrl\":\"https:\/\/campusvygon.com\/cl\/wp-content\/uploads\/sites\/2\/2020\/12\/ebook-covid19.png\",\"datePublished\":\"2020-06-22T07:18:21+00:00\",\"dateModified\":\"2020-12-21T08:49:34+00:00\",\"description\":\"Descarga ahora la 2\u00aa edici\u00f3n de este ebook con la recopilaci\u00f3n de art\u00edculos publicados en el blog de Vygon Espa\u00f1a durante la pandemia COVID19\",\"breadcrumb\":{\"@id\":\"https:\/\/campusvygon.com\/cl\/covid19-ebook\/#breadcrumb\"},\"inLanguage\":\"es\",\"potentialAction\":[{\"@type\":\"ReadAction\",\"target\":[\"https:\/\/campusvygon.com\/cl\/covid19-ebook\/\"]}]},{\"@type\":\"ImageObject\",\"inLanguage\":\"es\",\"@id\":\"https:\/\/campusvygon.com\/cl\/covid19-ebook\/#primaryimage\",\"url\":\"https:\/\/campusvygon.com\/cl\/wp-content\/uploads\/sites\/2\/2020\/12\/ebook-covid19.png\",\"contentUrl\":\"https:\/\/campusvygon.com\/cl\/wp-content\/uploads\/sites\/2\/2020\/12\/ebook-covid19.png\",\"width\":1024,\"height\":512},{\"@type\":\"BreadcrumbList\",\"@id\":\"https:\/\/campusvygon.com\/cl\/covid19-ebook\/#breadcrumb\",\"itemListElement\":[{\"@type\":\"ListItem\",\"position\":1,\"name\":\"Portada\",\"item\":\"https:\/\/campusvygon.com\/cl\/\"},{\"@type\":\"ListItem\",\"position\":2,\"name\":\"2\u00aa Edici\u00f3n &#8211; Pr\u00e1cticas sanitarias durante la pandemia COVID-19 en Espa\u00f1a\"}]},{\"@type\":\"WebSite\",\"@id\":\"https:\/\/campusvygon.com\/cl\/#website\",\"url\":\"https:\/\/campusvygon.com\/cl\/\",\"name\":\"Campus Vygon Chile\",\"description\":\"Un espacio para aprender sobre procedimientos y t\u00e9cnicas sanitarias de la mano de profesionales de referencia.\",\"potentialAction\":[{\"@type\":\"SearchAction\",\"target\":{\"@type\":\"EntryPoint\",\"urlTemplate\":\"https:\/\/campusvygon.com\/cl\/?s={search_term_string}\"},\"query-input\":{\"@type\":\"PropertyValueSpecification\",\"valueRequired\":true,\"valueName\":\"search_term_string\"}}],\"inLanguage\":\"es\"}]}<\/script>\n<!-- \/ Yoast SEO plugin. -->","yoast_head_json":{"title":"2\u00aa Edici\u00f3n - Pr\u00e1cticas sanitarias durante la pandemia COVID-19 en Espa\u00f1a","description":"Descarga ahora la 2\u00aa edici\u00f3n de este ebook con la recopilaci\u00f3n de art\u00edculos publicados en el blog de Vygon Espa\u00f1a durante la pandemia COVID19","robots":{"index":"index","follow":"follow","max-snippet":"max-snippet:-1","max-image-preview":"max-image-preview:large","max-video-preview":"max-video-preview:-1"},"canonical":"https:\/\/campusvygon.com\/cl\/covid19-ebook\/","og_locale":"es_ES","og_type":"article","og_title":"2\u00aa Edici\u00f3n - Pr\u00e1cticas sanitarias durante la pandemia COVID-19 en Espa\u00f1a","og_description":"Descarga ahora la 2\u00aa edici\u00f3n de este ebook con la recopilaci\u00f3n de art\u00edculos publicados en el blog de Vygon Espa\u00f1a durante la pandemia COVID19","og_url":"https:\/\/campusvygon.com\/cl\/covid19-ebook\/","og_site_name":"Campus Vygon Chile","article_modified_time":"2020-12-21T08:49:34+00:00","og_image":[{"width":1024,"height":512,"url":"https:\/\/campusvygon.com\/cl\/wp-content\/uploads\/sites\/2\/2020\/12\/ebook-covid19.png","type":"image\/png"}],"twitter_card":"summary_large_image","schema":{"@context":"https:\/\/schema.org","@graph":[{"@type":"WebPage","@id":"https:\/\/campusvygon.com\/cl\/covid19-ebook\/","url":"https:\/\/campusvygon.com\/cl\/covid19-ebook\/","name":"2\u00aa Edici\u00f3n - Pr\u00e1cticas sanitarias durante la pandemia COVID-19 en Espa\u00f1a","isPartOf":{"@id":"https:\/\/campusvygon.com\/cl\/#website"},"primaryImageOfPage":{"@id":"https:\/\/campusvygon.com\/cl\/covid19-ebook\/#primaryimage"},"image":{"@id":"https:\/\/campusvygon.com\/cl\/covid19-ebook\/#primaryimage"},"thumbnailUrl":"https:\/\/campusvygon.com\/cl\/wp-content\/uploads\/sites\/2\/2020\/12\/ebook-covid19.png","datePublished":"2020-06-22T07:18:21+00:00","dateModified":"2020-12-21T08:49:34+00:00","description":"Descarga ahora la 2\u00aa edici\u00f3n de este ebook con la recopilaci\u00f3n de art\u00edculos publicados en el blog de Vygon Espa\u00f1a durante la pandemia COVID19","breadcrumb":{"@id":"https:\/\/campusvygon.com\/cl\/covid19-ebook\/#breadcrumb"},"inLanguage":"es","potentialAction":[{"@type":"ReadAction","target":["https:\/\/campusvygon.com\/cl\/covid19-ebook\/"]}]},{"@type":"ImageObject","inLanguage":"es","@id":"https:\/\/campusvygon.com\/cl\/covid19-ebook\/#primaryimage","url":"https:\/\/campusvygon.com\/cl\/wp-content\/uploads\/sites\/2\/2020\/12\/ebook-covid19.png","contentUrl":"https:\/\/campusvygon.com\/cl\/wp-content\/uploads\/sites\/2\/2020\/12\/ebook-covid19.png","width":1024,"height":512},{"@type":"BreadcrumbList","@id":"https:\/\/campusvygon.com\/cl\/covid19-ebook\/#breadcrumb","itemListElement":[{"@type":"ListItem","position":1,"name":"Portada","item":"https:\/\/campusvygon.com\/cl\/"},{"@type":"ListItem","position":2,"name":"2\u00aa Edici\u00f3n &#8211; Pr\u00e1cticas sanitarias durante la pandemia COVID-19 en Espa\u00f1a"}]},{"@type":"WebSite","@id":"https:\/\/campusvygon.com\/cl\/#website","url":"https:\/\/campusvygon.com\/cl\/","name":"Campus Vygon Chile","description":"Un espacio para aprender sobre procedimientos y t\u00e9cnicas sanitarias de la mano de profesionales de referencia.","potentialAction":[{"@type":"SearchAction","target":{"@type":"EntryPoint","urlTemplate":"https:\/\/campusvygon.com\/cl\/?s={search_term_string}"},"query-input":{"@type":"PropertyValueSpecification","valueRequired":true,"valueName":"search_term_string"}}],"inLanguage":"es"}]}},"_links":{"self":[{"href":"https:\/\/campusvygon.com\/cl\/wp-json\/wp\/v2\/pages\/9173","targetHints":{"allow":["GET"]}}],"collection":[{"href":"https:\/\/campusvygon.com\/cl\/wp-json\/wp\/v2\/pages"}],"about":[{"href":"https:\/\/campusvygon.com\/cl\/wp-json\/wp\/v2\/types\/page"}],"author":[{"embeddable":true,"href":"https:\/\/campusvygon.com\/cl\/wp-json\/wp\/v2\/users\/4"}],"replies":[{"embeddable":true,"href":"https:\/\/campusvygon.com\/cl\/wp-json\/wp\/v2\/comments?post=9173"}],"version-history":[{"count":4,"href":"https:\/\/campusvygon.com\/cl\/wp-json\/wp\/v2\/pages\/9173\/revisions"}],"predecessor-version":[{"id":15022,"href":"https:\/\/campusvygon.com\/cl\/wp-json\/wp\/v2\/pages\/9173\/revisions\/15022"}],"wp:featuredmedia":[{"embeddable":true,"href":"https:\/\/campusvygon.com\/cl\/wp-json\/wp\/v2\/media\/15021"}],"wp:attachment":[{"href":"https:\/\/campusvygon.com\/cl\/wp-json\/wp\/v2\/media?parent=9173"}],"curies":[{"name":"wp","href":"https:\/\/api.w.org\/{rel}","templated":true}]}}