{"id":11394,"date":"2020-08-06T16:40:07","date_gmt":"2020-08-06T14:40:07","guid":{"rendered":"http:\/\/campusvygon.com\/es\/?page_id=11394"},"modified":"2020-09-04T09:04:46","modified_gmt":"2020-09-04T07:04:46","slug":"whitepapers","status":"publish","type":"page","link":"https:\/\/campusvygon.com\/es\/whitepapers\/","title":{"rendered":"Whitepapers"},"content":{"rendered":"","protected":false},"excerpt":{"rendered":"","protected":false},"author":4,"featured_media":11960,"parent":0,"menu_order":0,"comment_status":"closed","ping_status":"closed","template":"","meta":{"_acf_changed":false,"_et_pb_use_builder":"","_et_pb_old_content":"","_et_gb_content_width":"","footnotes":""},"class_list":["post-11394","page","type-page","status-publish","has-post-thumbnail","hentry"],"acf":[],"yoast_head":"<!-- This site is optimized with the Yoast SEO plugin v27.2 - https:\/\/yoast.com\/product\/yoast-seo-wordpress\/ -->\n<title>Whitepapers - Campus Vygon Espa\u00f1a<\/title>\n<meta name=\"description\" content=\"Descarga nuestros whitepapers y conoce de primera mano informaci\u00f3n relavante sobre t\u00e9cnicas y procedimientos.\" \/>\n<meta name=\"robots\" content=\"index, follow, max-snippet:-1, max-image-preview:large, max-video-preview:-1\" \/>\n<link rel=\"canonical\" href=\"https:\/\/campusvygon.com\/es\/whitepapers\/\" \/>\n<meta property=\"og:locale\" content=\"es_ES\" \/>\n<meta property=\"og:type\" content=\"article\" \/>\n<meta property=\"og:title\" content=\"Whitepapers - Campus Vygon Espa\u00f1a\" \/>\n<meta property=\"og:description\" content=\"Descarga nuestros whitepapers y conoce de primera mano informaci\u00f3n relavante sobre t\u00e9cnicas y procedimientos.\" \/>\n<meta property=\"og:url\" content=\"https:\/\/campusvygon.com\/es\/whitepapers\/\" \/>\n<meta property=\"og:site_name\" content=\"Campus Vygon Espa\u00f1a\" \/>\n<meta property=\"article:modified_time\" content=\"2020-09-04T07:04:46+00:00\" \/>\n<meta property=\"og:image\" content=\"https:\/\/campusvygon.com\/es\/wp-content\/uploads\/sites\/7\/2020\/09\/whitepapers-campus-vygon.jpg\" \/>\n\t<meta property=\"og:image:width\" content=\"1024\" \/>\n\t<meta property=\"og:image:height\" content=\"512\" \/>\n\t<meta property=\"og:image:type\" content=\"image\/jpeg\" \/>\n<meta name=\"twitter:card\" content=\"summary_large_image\" \/>\n<script type=\"application\/ld+json\" class=\"yoast-schema-graph\">{\"@context\":\"https:\/\/schema.org\",\"@graph\":[{\"@type\":\"WebPage\",\"@id\":\"https:\/\/campusvygon.com\/es\/whitepapers\/\",\"url\":\"https:\/\/campusvygon.com\/es\/whitepapers\/\",\"name\":\"Whitepapers - Campus Vygon Espa\u00f1a\",\"isPartOf\":{\"@id\":\"https:\/\/campusvygon.com\/es\/#website\"},\"primaryImageOfPage\":{\"@id\":\"https:\/\/campusvygon.com\/es\/whitepapers\/#primaryimage\"},\"image\":{\"@id\":\"https:\/\/campusvygon.com\/es\/whitepapers\/#primaryimage\"},\"thumbnailUrl\":\"https:\/\/campusvygon.com\/es\/wp-content\/uploads\/sites\/7\/2020\/09\/whitepapers-campus-vygon.jpg\",\"datePublished\":\"2020-08-06T14:40:07+00:00\",\"dateModified\":\"2020-09-04T07:04:46+00:00\",\"description\":\"Descarga nuestros whitepapers y conoce de primera mano informaci\u00f3n relavante sobre t\u00e9cnicas y procedimientos.\",\"breadcrumb\":{\"@id\":\"https:\/\/campusvygon.com\/es\/whitepapers\/#breadcrumb\"},\"inLanguage\":\"es\",\"potentialAction\":[{\"@type\":\"ReadAction\",\"target\":[\"https:\/\/campusvygon.com\/es\/whitepapers\/\"]}]},{\"@type\":\"ImageObject\",\"inLanguage\":\"es\",\"@id\":\"https:\/\/campusvygon.com\/es\/whitepapers\/#primaryimage\",\"url\":\"https:\/\/campusvygon.com\/es\/wp-content\/uploads\/sites\/7\/2020\/09\/whitepapers-campus-vygon.jpg\",\"contentUrl\":\"https:\/\/campusvygon.com\/es\/wp-content\/uploads\/sites\/7\/2020\/09\/whitepapers-campus-vygon.jpg\",\"width\":1024,\"height\":512,\"caption\":\"whitepapers-campus-vygon\"},{\"@type\":\"BreadcrumbList\",\"@id\":\"https:\/\/campusvygon.com\/es\/whitepapers\/#breadcrumb\",\"itemListElement\":[{\"@type\":\"ListItem\",\"position\":1,\"name\":\"Portada\",\"item\":\"https:\/\/campusvygon.com\/es\/\"},{\"@type\":\"ListItem\",\"position\":2,\"name\":\"Whitepapers\"}]},{\"@type\":\"WebSite\",\"@id\":\"https:\/\/campusvygon.com\/es\/#website\",\"url\":\"https:\/\/campusvygon.com\/es\/\",\"name\":\"Campus Vygon Espa\u00f1a\",\"description\":\"Un espacio para aprender sobre procedimientos y t\u00e9cnicas sanitarias de la mano de profesionales de referencia.\",\"potentialAction\":[{\"@type\":\"SearchAction\",\"target\":{\"@type\":\"EntryPoint\",\"urlTemplate\":\"https:\/\/campusvygon.com\/es\/?s={search_term_string}\"},\"query-input\":{\"@type\":\"PropertyValueSpecification\",\"valueRequired\":true,\"valueName\":\"search_term_string\"}}],\"inLanguage\":\"es\"}]}<\/script>\n<!-- \/ Yoast SEO plugin. -->","yoast_head_json":{"title":"Whitepapers - Campus Vygon Espa\u00f1a","description":"Descarga nuestros whitepapers y conoce de primera mano informaci\u00f3n relavante sobre t\u00e9cnicas y procedimientos.","robots":{"index":"index","follow":"follow","max-snippet":"max-snippet:-1","max-image-preview":"max-image-preview:large","max-video-preview":"max-video-preview:-1"},"canonical":"https:\/\/campusvygon.com\/es\/whitepapers\/","og_locale":"es_ES","og_type":"article","og_title":"Whitepapers - Campus Vygon Espa\u00f1a","og_description":"Descarga nuestros whitepapers y conoce de primera mano informaci\u00f3n relavante sobre t\u00e9cnicas y procedimientos.","og_url":"https:\/\/campusvygon.com\/es\/whitepapers\/","og_site_name":"Campus Vygon Espa\u00f1a","article_modified_time":"2020-09-04T07:04:46+00:00","og_image":[{"width":1024,"height":512,"url":"https:\/\/campusvygon.com\/es\/wp-content\/uploads\/sites\/7\/2020\/09\/whitepapers-campus-vygon.jpg","type":"image\/jpeg"}],"twitter_card":"summary_large_image","schema":{"@context":"https:\/\/schema.org","@graph":[{"@type":"WebPage","@id":"https:\/\/campusvygon.com\/es\/whitepapers\/","url":"https:\/\/campusvygon.com\/es\/whitepapers\/","name":"Whitepapers - Campus Vygon Espa\u00f1a","isPartOf":{"@id":"https:\/\/campusvygon.com\/es\/#website"},"primaryImageOfPage":{"@id":"https:\/\/campusvygon.com\/es\/whitepapers\/#primaryimage"},"image":{"@id":"https:\/\/campusvygon.com\/es\/whitepapers\/#primaryimage"},"thumbnailUrl":"https:\/\/campusvygon.com\/es\/wp-content\/uploads\/sites\/7\/2020\/09\/whitepapers-campus-vygon.jpg","datePublished":"2020-08-06T14:40:07+00:00","dateModified":"2020-09-04T07:04:46+00:00","description":"Descarga nuestros whitepapers y conoce de primera mano informaci\u00f3n relavante sobre t\u00e9cnicas y procedimientos.","breadcrumb":{"@id":"https:\/\/campusvygon.com\/es\/whitepapers\/#breadcrumb"},"inLanguage":"es","potentialAction":[{"@type":"ReadAction","target":["https:\/\/campusvygon.com\/es\/whitepapers\/"]}]},{"@type":"ImageObject","inLanguage":"es","@id":"https:\/\/campusvygon.com\/es\/whitepapers\/#primaryimage","url":"https:\/\/campusvygon.com\/es\/wp-content\/uploads\/sites\/7\/2020\/09\/whitepapers-campus-vygon.jpg","contentUrl":"https:\/\/campusvygon.com\/es\/wp-content\/uploads\/sites\/7\/2020\/09\/whitepapers-campus-vygon.jpg","width":1024,"height":512,"caption":"whitepapers-campus-vygon"},{"@type":"BreadcrumbList","@id":"https:\/\/campusvygon.com\/es\/whitepapers\/#breadcrumb","itemListElement":[{"@type":"ListItem","position":1,"name":"Portada","item":"https:\/\/campusvygon.com\/es\/"},{"@type":"ListItem","position":2,"name":"Whitepapers"}]},{"@type":"WebSite","@id":"https:\/\/campusvygon.com\/es\/#website","url":"https:\/\/campusvygon.com\/es\/","name":"Campus Vygon Espa\u00f1a","description":"Un espacio para aprender sobre procedimientos y t\u00e9cnicas sanitarias de la mano de profesionales de referencia.","potentialAction":[{"@type":"SearchAction","target":{"@type":"EntryPoint","urlTemplate":"https:\/\/campusvygon.com\/es\/?s={search_term_string}"},"query-input":{"@type":"PropertyValueSpecification","valueRequired":true,"valueName":"search_term_string"}}],"inLanguage":"es"}]}},"_links":{"self":[{"href":"https:\/\/campusvygon.com\/es\/wp-json\/wp\/v2\/pages\/11394","targetHints":{"allow":["GET"]}}],"collection":[{"href":"https:\/\/campusvygon.com\/es\/wp-json\/wp\/v2\/pages"}],"about":[{"href":"https:\/\/campusvygon.com\/es\/wp-json\/wp\/v2\/types\/page"}],"author":[{"embeddable":true,"href":"https:\/\/campusvygon.com\/es\/wp-json\/wp\/v2\/users\/4"}],"replies":[{"embeddable":true,"href":"https:\/\/campusvygon.com\/es\/wp-json\/wp\/v2\/comments?post=11394"}],"version-history":[{"count":1,"href":"https:\/\/campusvygon.com\/es\/wp-json\/wp\/v2\/pages\/11394\/revisions"}],"predecessor-version":[{"id":11403,"href":"https:\/\/campusvygon.com\/es\/wp-json\/wp\/v2\/pages\/11394\/revisions\/11403"}],"wp:featuredmedia":[{"embeddable":true,"href":"https:\/\/campusvygon.com\/es\/wp-json\/wp\/v2\/media\/11960"}],"wp:attachment":[{"href":"https:\/\/campusvygon.com\/es\/wp-json\/wp\/v2\/media?parent=11394"}],"curies":[{"name":"wp","href":"https:\/\/api.w.org\/{rel}","templated":true}]}}