{"id":17895,"date":"2021-03-25T10:14:56","date_gmt":"2021-03-25T09:14:56","guid":{"rendered":"http:\/\/campusvygon.com\/es\/?page_id=17895"},"modified":"2025-07-03T13:34:37","modified_gmt":"2025-07-03T11:34:37","slug":"soporte-ventilatorio-seguro-2","status":"publish","type":"page","link":"https:\/\/campusvygon.com\/es\/soporte-ventilatorio-seguro-2\/","title":{"rendered":"Soporte ventilatorio seguro"},"content":{"rendered":"<p>[et_pb_section admin_label=\u00bbsection\u00bb]<br \/>\n\t\t\t[et_pb_row admin_label=\u00bbrow\u00bb]<br \/>\n\t\t\t\t[et_pb_column type=\u00bb4_4&#8243;][\/et_pb_column]<br \/>\n\t\t\t[\/et_pb_row]<br \/>\n\t\t[\/et_pb_section]<\/p>\n","protected":false},"excerpt":{"rendered":"","protected":false},"author":4,"featured_media":18145,"parent":0,"menu_order":0,"comment_status":"closed","ping_status":"closed","template":"","meta":{"_acf_changed":false,"_et_pb_use_builder":"on","_et_pb_old_content":"","_et_gb_content_width":"","footnotes":""},"class_list":["post-17895","page","type-page","status-publish","has-post-thumbnail","hentry"],"acf":[],"yoast_head":"<!-- This site is optimized with the Yoast SEO plugin v27.2 - https:\/\/yoast.com\/product\/yoast-seo-wordpress\/ -->\n<title>Soporte ventilatorio seguro - Campus Vygon Espa\u00f1a<\/title>\n<meta name=\"description\" content=\"La pandemia de Covid ha hecho evidente la necesidad de garantizar a los profesionales sanitarios su seguridad en el manejo de pacientes con patolog\u00edas respiratorias y evitar as\u00ed su exposici\u00f3n a las enfermedades. Por este motivo, tenemos un fuerte compromiso con la\u202fdivulgaci\u00f3n de conocimientos e investigaci\u00f3n y desarrollo de dispositivos que garanticen un soporte ventilatorio seguro.\" \/>\n<meta name=\"robots\" content=\"index, follow, max-snippet:-1, max-image-preview:large, max-video-preview:-1\" \/>\n<link rel=\"canonical\" href=\"https:\/\/campusvygon.com\/es\/soporte-ventilatorio-seguro-2\/\" \/>\n<meta property=\"og:locale\" content=\"es_ES\" \/>\n<meta property=\"og:type\" content=\"article\" \/>\n<meta property=\"og:title\" content=\"Soporte ventilatorio seguro - Campus Vygon Espa\u00f1a\" \/>\n<meta property=\"og:description\" content=\"La pandemia de Covid ha hecho evidente la necesidad de garantizar a los profesionales sanitarios su seguridad en el manejo de pacientes con patolog\u00edas respiratorias y evitar as\u00ed su exposici\u00f3n a las enfermedades. Por este motivo, tenemos un fuerte compromiso con la\u202fdivulgaci\u00f3n de conocimientos e investigaci\u00f3n y desarrollo de dispositivos que garanticen un soporte ventilatorio seguro.\" \/>\n<meta property=\"og:url\" content=\"https:\/\/campusvygon.com\/es\/soporte-ventilatorio-seguro-2\/\" \/>\n<meta property=\"og:site_name\" content=\"Campus Vygon Espa\u00f1a\" \/>\n<meta property=\"article:modified_time\" content=\"2025-07-03T11:34:37+00:00\" \/>\n<meta property=\"og:image\" content=\"https:\/\/campusvygon.com\/es\/wp-content\/uploads\/sites\/7\/2021\/03\/soporte-ventilatorio-seguro-SEO.png\" \/>\n\t<meta property=\"og:image:width\" content=\"1024\" \/>\n\t<meta property=\"og:image:height\" content=\"512\" \/>\n\t<meta property=\"og:image:type\" content=\"image\/png\" \/>\n<meta name=\"twitter:card\" content=\"summary_large_image\" \/>\n<script type=\"application\/ld+json\" class=\"yoast-schema-graph\">{\"@context\":\"https:\/\/schema.org\",\"@graph\":[{\"@type\":\"WebPage\",\"@id\":\"https:\/\/campusvygon.com\/es\/soporte-ventilatorio-seguro-2\/\",\"url\":\"https:\/\/campusvygon.com\/es\/soporte-ventilatorio-seguro-2\/\",\"name\":\"Soporte ventilatorio seguro - Campus Vygon Espa\u00f1a\",\"isPartOf\":{\"@id\":\"https:\/\/campusvygon.com\/es\/#website\"},\"primaryImageOfPage\":{\"@id\":\"https:\/\/campusvygon.com\/es\/soporte-ventilatorio-seguro-2\/#primaryimage\"},\"image\":{\"@id\":\"https:\/\/campusvygon.com\/es\/soporte-ventilatorio-seguro-2\/#primaryimage\"},\"thumbnailUrl\":\"https:\/\/campusvygon.com\/es\/wp-content\/uploads\/sites\/7\/2021\/03\/soporte-ventilatorio-seguro-SEO.png\",\"datePublished\":\"2021-03-25T09:14:56+00:00\",\"dateModified\":\"2025-07-03T11:34:37+00:00\",\"description\":\"La pandemia de Covid ha hecho evidente la necesidad de garantizar a los profesionales sanitarios su seguridad en el manejo de pacientes con patolog\u00edas respiratorias y evitar as\u00ed su exposici\u00f3n a las enfermedades. Por este motivo, tenemos un fuerte compromiso con la\u202fdivulgaci\u00f3n de conocimientos e investigaci\u00f3n y desarrollo de dispositivos que garanticen un soporte ventilatorio seguro.\",\"breadcrumb\":{\"@id\":\"https:\/\/campusvygon.com\/es\/soporte-ventilatorio-seguro-2\/#breadcrumb\"},\"inLanguage\":\"es\",\"potentialAction\":[{\"@type\":\"ReadAction\",\"target\":[\"https:\/\/campusvygon.com\/es\/soporte-ventilatorio-seguro-2\/\"]}]},{\"@type\":\"ImageObject\",\"inLanguage\":\"es\",\"@id\":\"https:\/\/campusvygon.com\/es\/soporte-ventilatorio-seguro-2\/#primaryimage\",\"url\":\"https:\/\/campusvygon.com\/es\/wp-content\/uploads\/sites\/7\/2021\/03\/soporte-ventilatorio-seguro-SEO.png\",\"contentUrl\":\"https:\/\/campusvygon.com\/es\/wp-content\/uploads\/sites\/7\/2021\/03\/soporte-ventilatorio-seguro-SEO.png\",\"width\":1024,\"height\":512},{\"@type\":\"BreadcrumbList\",\"@id\":\"https:\/\/campusvygon.com\/es\/soporte-ventilatorio-seguro-2\/#breadcrumb\",\"itemListElement\":[{\"@type\":\"ListItem\",\"position\":1,\"name\":\"Portada\",\"item\":\"https:\/\/campusvygon.com\/es\/\"},{\"@type\":\"ListItem\",\"position\":2,\"name\":\"Soporte ventilatorio seguro\"}]},{\"@type\":\"WebSite\",\"@id\":\"https:\/\/campusvygon.com\/es\/#website\",\"url\":\"https:\/\/campusvygon.com\/es\/\",\"name\":\"Campus Vygon Espa\u00f1a\",\"description\":\"Un espacio para aprender sobre procedimientos y t\u00e9cnicas sanitarias de la mano de profesionales de referencia.\",\"potentialAction\":[{\"@type\":\"SearchAction\",\"target\":{\"@type\":\"EntryPoint\",\"urlTemplate\":\"https:\/\/campusvygon.com\/es\/?s={search_term_string}\"},\"query-input\":{\"@type\":\"PropertyValueSpecification\",\"valueRequired\":true,\"valueName\":\"search_term_string\"}}],\"inLanguage\":\"es\"}]}<\/script>\n<!-- \/ Yoast SEO plugin. -->","yoast_head_json":{"title":"Soporte ventilatorio seguro - Campus Vygon Espa\u00f1a","description":"La pandemia de Covid ha hecho evidente la necesidad de garantizar a los profesionales sanitarios su seguridad en el manejo de pacientes con patolog\u00edas respiratorias y evitar as\u00ed su exposici\u00f3n a las enfermedades. Por este motivo, tenemos un fuerte compromiso con la\u202fdivulgaci\u00f3n de conocimientos e investigaci\u00f3n y desarrollo de dispositivos que garanticen un soporte ventilatorio seguro.","robots":{"index":"index","follow":"follow","max-snippet":"max-snippet:-1","max-image-preview":"max-image-preview:large","max-video-preview":"max-video-preview:-1"},"canonical":"https:\/\/campusvygon.com\/es\/soporte-ventilatorio-seguro-2\/","og_locale":"es_ES","og_type":"article","og_title":"Soporte ventilatorio seguro - Campus Vygon Espa\u00f1a","og_description":"La pandemia de Covid ha hecho evidente la necesidad de garantizar a los profesionales sanitarios su seguridad en el manejo de pacientes con patolog\u00edas respiratorias y evitar as\u00ed su exposici\u00f3n a las enfermedades. Por este motivo, tenemos un fuerte compromiso con la\u202fdivulgaci\u00f3n de conocimientos e investigaci\u00f3n y desarrollo de dispositivos que garanticen un soporte ventilatorio seguro.","og_url":"https:\/\/campusvygon.com\/es\/soporte-ventilatorio-seguro-2\/","og_site_name":"Campus Vygon Espa\u00f1a","article_modified_time":"2025-07-03T11:34:37+00:00","og_image":[{"width":1024,"height":512,"url":"https:\/\/campusvygon.com\/es\/wp-content\/uploads\/sites\/7\/2021\/03\/soporte-ventilatorio-seguro-SEO.png","type":"image\/png"}],"twitter_card":"summary_large_image","schema":{"@context":"https:\/\/schema.org","@graph":[{"@type":"WebPage","@id":"https:\/\/campusvygon.com\/es\/soporte-ventilatorio-seguro-2\/","url":"https:\/\/campusvygon.com\/es\/soporte-ventilatorio-seguro-2\/","name":"Soporte ventilatorio seguro - Campus Vygon Espa\u00f1a","isPartOf":{"@id":"https:\/\/campusvygon.com\/es\/#website"},"primaryImageOfPage":{"@id":"https:\/\/campusvygon.com\/es\/soporte-ventilatorio-seguro-2\/#primaryimage"},"image":{"@id":"https:\/\/campusvygon.com\/es\/soporte-ventilatorio-seguro-2\/#primaryimage"},"thumbnailUrl":"https:\/\/campusvygon.com\/es\/wp-content\/uploads\/sites\/7\/2021\/03\/soporte-ventilatorio-seguro-SEO.png","datePublished":"2021-03-25T09:14:56+00:00","dateModified":"2025-07-03T11:34:37+00:00","description":"La pandemia de Covid ha hecho evidente la necesidad de garantizar a los profesionales sanitarios su seguridad en el manejo de pacientes con patolog\u00edas respiratorias y evitar as\u00ed su exposici\u00f3n a las enfermedades. Por este motivo, tenemos un fuerte compromiso con la\u202fdivulgaci\u00f3n de conocimientos e investigaci\u00f3n y desarrollo de dispositivos que garanticen un soporte ventilatorio seguro.","breadcrumb":{"@id":"https:\/\/campusvygon.com\/es\/soporte-ventilatorio-seguro-2\/#breadcrumb"},"inLanguage":"es","potentialAction":[{"@type":"ReadAction","target":["https:\/\/campusvygon.com\/es\/soporte-ventilatorio-seguro-2\/"]}]},{"@type":"ImageObject","inLanguage":"es","@id":"https:\/\/campusvygon.com\/es\/soporte-ventilatorio-seguro-2\/#primaryimage","url":"https:\/\/campusvygon.com\/es\/wp-content\/uploads\/sites\/7\/2021\/03\/soporte-ventilatorio-seguro-SEO.png","contentUrl":"https:\/\/campusvygon.com\/es\/wp-content\/uploads\/sites\/7\/2021\/03\/soporte-ventilatorio-seguro-SEO.png","width":1024,"height":512},{"@type":"BreadcrumbList","@id":"https:\/\/campusvygon.com\/es\/soporte-ventilatorio-seguro-2\/#breadcrumb","itemListElement":[{"@type":"ListItem","position":1,"name":"Portada","item":"https:\/\/campusvygon.com\/es\/"},{"@type":"ListItem","position":2,"name":"Soporte ventilatorio seguro"}]},{"@type":"WebSite","@id":"https:\/\/campusvygon.com\/es\/#website","url":"https:\/\/campusvygon.com\/es\/","name":"Campus Vygon Espa\u00f1a","description":"Un espacio para aprender sobre procedimientos y t\u00e9cnicas sanitarias de la mano de profesionales de referencia.","potentialAction":[{"@type":"SearchAction","target":{"@type":"EntryPoint","urlTemplate":"https:\/\/campusvygon.com\/es\/?s={search_term_string}"},"query-input":{"@type":"PropertyValueSpecification","valueRequired":true,"valueName":"search_term_string"}}],"inLanguage":"es"}]}},"_links":{"self":[{"href":"https:\/\/campusvygon.com\/es\/wp-json\/wp\/v2\/pages\/17895","targetHints":{"allow":["GET"]}}],"collection":[{"href":"https:\/\/campusvygon.com\/es\/wp-json\/wp\/v2\/pages"}],"about":[{"href":"https:\/\/campusvygon.com\/es\/wp-json\/wp\/v2\/types\/page"}],"author":[{"embeddable":true,"href":"https:\/\/campusvygon.com\/es\/wp-json\/wp\/v2\/users\/4"}],"replies":[{"embeddable":true,"href":"https:\/\/campusvygon.com\/es\/wp-json\/wp\/v2\/comments?post=17895"}],"version-history":[{"count":2,"href":"https:\/\/campusvygon.com\/es\/wp-json\/wp\/v2\/pages\/17895\/revisions"}],"predecessor-version":[{"id":46045,"href":"https:\/\/campusvygon.com\/es\/wp-json\/wp\/v2\/pages\/17895\/revisions\/46045"}],"wp:featuredmedia":[{"embeddable":true,"href":"https:\/\/campusvygon.com\/es\/wp-json\/wp\/v2\/media\/18145"}],"wp:attachment":[{"href":"https:\/\/campusvygon.com\/es\/wp-json\/wp\/v2\/media?parent=17895"}],"curies":[{"name":"wp","href":"https:\/\/api.w.org\/{rel}","templated":true}]}}