{"id":35734,"date":"2022-10-19T19:17:00","date_gmt":"2022-10-19T17:17:00","guid":{"rendered":"https:\/\/campusvygon.com\/es\/?page_id=35734"},"modified":"2022-11-08T08:57:05","modified_gmt":"2022-11-08T07:57:05","slug":"congreso-siben","status":"publish","type":"page","link":"https:\/\/campusvygon.com\/es\/congreso-siben\/","title":{"rendered":"congreso siben"},"content":{"rendered":"<p>[et_pb_section fb_built=\u00bb1&#8243; _builder_version=\u00bb4.18.0&#8243; _module_preset=\u00bbdefault\u00bb background_enable_pattern_style=\u00bbon\u00bb background_pattern_style=\u00bbconfetti\u00bb background_pattern_color=\u00bbrgba(0,0,0,0.05)\u00bb background_pattern_size=\u00bbcover\u00bb background_pattern_horizontal_offset=\u00bb15%\u00bb custom_padding=\u00bb99px||99px||true|\u00bb global_colors_info=\u00bb{}\u00bb][et_pb_row column_structure=\u00bb1_2,1_2&#8243; custom_padding_last_edited=\u00bbon|phone\u00bb _builder_version=\u00bb4.18.0&#8243; _module_preset=\u00bbdefault\u00bb background_enable_video_mp4=\u00bboff\u00bb background_video_width=\u00bb500&#8243; background_video_height=\u00bb500&#8243; background_video_pause_outside_viewport=\u00bboff\u00bb width=\u00bb90%\u00bb max_width=\u00bb1300px\u00bb custom_padding=\u00bb8px||137px||false|\u00bb custom_padding_tablet=\u00bb8px||137px||false|\u00bb custom_padding_phone=\u00bb||27px||false|false\u00bb global_colors_info=\u00bb{}\u00bb][et_pb_column type=\u00bb1_2&#8243; _builder_version=\u00bb4.18.0&#8243; _module_preset=\u00bbdefault\u00bb global_colors_info=\u00bb{}\u00bb][et_pb_text _builder_version=\u00bb4.18.0&#8243; _module_preset=\u00bbdefault\u00bb custom_margin=\u00bb31px||20px|||\u00bb global_colors_info=\u00bb{}\u00bb]<\/p>\n<p><strong>Canalizaci\u00f3n y mantenimiento de PICCs en neonatos<\/strong><\/p>\n<p>[\/et_pb_text][et_pb_text _builder_version=\u00bb4.18.0&#8243; _module_preset=\u00bbdefault\u00bb header_font=\u00bb|800||on|||||\u00bb header_font_size=\u00bb45px\u00bb custom_margin=\u00bb18px|||||\u00bb header_line_height_tablet=\u00bb\u00bb header_line_height_phone=\u00bb1.1em\u00bb header_line_height_last_edited=\u00bbon|phone\u00bb global_colors_info=\u00bb{}\u00bb]<\/p>\n<h1>Consigue este curso gratis<\/h1>\n<p>[\/et_pb_text][et_pb_text _builder_version=\u00bb4.18.1&#8243; text_font=\u00bb|600|||||||\u00bb text_font_size=\u00bb11px\u00bb text_line_height=\u00bb1.8em\u00bb link_font=\u00bb||||on||||\u00bb link_text_color=\u00bb#666666&#8243; header_font=\u00bb||||||||\u00bb header_6_font=\u00bb|700|||||||\u00bb text_font_size_tablet=\u00bb16px\u00bb text_font_size_phone=\u00bb14px\u00bb text_font_size_last_edited=\u00bboff|phone\u00bb text_line_height_tablet=\u00bb1.8em\u00bb text_line_height_phone=\u00bb1.7em\u00bb text_line_height_last_edited=\u00bboff|phone\u00bb locked=\u00bboff\u00bb inline_fonts=\u00bbMontserrat Alternates,Montserrat\u00bb global_colors_info=\u00bb{}\u00bb]<\/p>\n<p><span style=\"font-size: medium; font-family: Montserrat;\">Reg\u00edstrate en nuestro campus de formaci\u00f3n para acceder al curso de forma gratuita.\u00a0<\/span><\/p>\n<p>[\/et_pb_text][et_pb_button button_url=\u00bbhttps:\/\/formacion.campusvygon.com\/es\/landing-corporate\/siben\u00bb button_text=\u00bbReg\u00edstrate\u00bb button_alignment_tablet=\u00bb\u00bb button_alignment_phone=\u00bbcenter\u00bb button_alignment_last_edited=\u00bbon|phone\u00bb _builder_version=\u00bb4.18.1&#8243; _module_preset=\u00bbdefault\u00bb global_colors_info=\u00bb{}\u00bb][\/et_pb_button][\/et_pb_column][et_pb_column type=\u00bb1_2&#8243; _builder_version=\u00bb4.18.0&#8243; _module_preset=\u00bbdefault\u00bb global_colors_info=\u00bb{}\u00bb][et_pb_image src=\u00bbhttps:\/\/campusvygon.com\/es\/wp-content\/uploads\/sites\/7\/2022\/10\/Canalizacion-2.png\u00bb title_text=\u00bbCanalizaci\u00f3n-2&#8243; align=\u00bbcenter\u00bb _builder_version=\u00bb4.18.1&#8243; _module_preset=\u00bbdefault\u00bb width=\u00bb90%\u00bb width_tablet=\u00bb90%\u00bb width_phone=\u00bb100%\u00bb width_last_edited=\u00bbon|phone\u00bb module_alignment=\u00bbcenter\u00bb custom_padding=\u00bb0px|||||\u00bb global_colors_info=\u00bb{}\u00bb][\/et_pb_image][\/et_pb_column][\/et_pb_row][et_pb_row disabled_on=\u00bboff|off|off\u00bb _builder_version=\u00bb4.18.1&#8243; _module_preset=\u00bbdefault\u00bb custom_padding=\u00bb||54px||false|false\u00bb global_colors_info=\u00bb{}\u00bb][et_pb_column type=\u00bb4_4&#8243; _builder_version=\u00bb4.18.0&#8243; _module_preset=\u00bbdefault\u00bb global_colors_info=\u00bb{}\u00bb][et_pb_text _builder_version=\u00bb4.18.0&#8243; _module_preset=\u00bbdefault\u00bb header_2_font=\u00bb|800|||||||\u00bb text_orientation=\u00bbcenter\u00bb global_colors_info=\u00bb{}\u00bb]<\/p>\n<h2>XVIII CONGRESO SIBEN M\u00c9RIDA 9-12 DE NOVIEMBRE 2022<\/h2>\n<p>[\/et_pb_text][et_pb_image src=\u00bbhttps:\/\/campusvygon.com\/es\/wp-content\/uploads\/sites\/7\/2022\/10\/Siben_final2_logo-1-1.png\u00bb title_text=\u00bbSiben_final2_logo-1&#8243; align=\u00bbcenter\u00bb _builder_version=\u00bb4.18.0&#8243; _module_preset=\u00bbdefault\u00bb width=\u00bb67%\u00bb module_alignment=\u00bbcenter\u00bb global_colors_info=\u00bb{}\u00bb][\/et_pb_image][\/et_pb_column][\/et_pb_row][\/et_pb_section]<\/p>\n","protected":false},"excerpt":{"rendered":"<p>Canalizaci\u00f3n y mantenimiento de PICCs en neonatosConsigue este curso gratisReg\u00edstrate en nuestro campus de formaci\u00f3n para acceder al curso de forma gratuita.\u00a0XVIII CONGRESO SIBEN M\u00c9RIDA 9-12 DE NOVIEMBRE 2022<\/p>\n","protected":false},"author":4,"featured_media":0,"parent":0,"menu_order":0,"comment_status":"closed","ping_status":"closed","template":"","meta":{"_acf_changed":false,"_et_pb_use_builder":"on","_et_pb_old_content":"","_et_gb_content_width":"","footnotes":""},"class_list":["post-35734","page","type-page","status-publish","hentry"],"acf":[],"yoast_head":"<!-- This site is optimized with the Yoast SEO plugin v27.4 - https:\/\/yoast.com\/product\/yoast-seo-wordpress\/ -->\n<title>congreso siben - Campus Vygon Espa\u00f1a<\/title>\n<meta name=\"robots\" content=\"index, follow, max-snippet:-1, max-image-preview:large, max-video-preview:-1\" \/>\n<link rel=\"canonical\" href=\"https:\/\/campusvygon.com\/es\/congreso-siben\/\" \/>\n<meta property=\"og:locale\" content=\"es_ES\" \/>\n<meta property=\"og:type\" content=\"article\" \/>\n<meta property=\"og:title\" content=\"congreso siben - Campus Vygon Espa\u00f1a\" \/>\n<meta property=\"og:description\" content=\"Canalizaci\u00f3n y mantenimiento de PICCs en neonatosConsigue este curso gratisReg\u00edstrate en nuestro campus de formaci\u00f3n para acceder al curso de forma gratuita.\u00a0XVIII CONGRESO SIBEN M\u00c9RIDA 9-12 DE NOVIEMBRE 2022\" \/>\n<meta property=\"og:url\" content=\"https:\/\/campusvygon.com\/es\/congreso-siben\/\" \/>\n<meta property=\"og:site_name\" content=\"Campus Vygon Espa\u00f1a\" \/>\n<meta property=\"article:modified_time\" content=\"2022-11-08T07:57:05+00:00\" \/>\n<meta name=\"twitter:card\" content=\"summary_large_image\" \/>\n<script type=\"application\/ld+json\" class=\"yoast-schema-graph\">{\"@context\":\"https:\\\/\\\/schema.org\",\"@graph\":[{\"@type\":\"WebPage\",\"@id\":\"https:\\\/\\\/campusvygon.com\\\/es\\\/congreso-siben\\\/\",\"url\":\"https:\\\/\\\/campusvygon.com\\\/es\\\/congreso-siben\\\/\",\"name\":\"congreso siben - Campus Vygon Espa\u00f1a\",\"isPartOf\":{\"@id\":\"https:\\\/\\\/campusvygon.com\\\/es\\\/#website\"},\"datePublished\":\"2022-10-19T17:17:00+00:00\",\"dateModified\":\"2022-11-08T07:57:05+00:00\",\"breadcrumb\":{\"@id\":\"https:\\\/\\\/campusvygon.com\\\/es\\\/congreso-siben\\\/#breadcrumb\"},\"inLanguage\":\"es\",\"potentialAction\":[{\"@type\":\"ReadAction\",\"target\":[\"https:\\\/\\\/campusvygon.com\\\/es\\\/congreso-siben\\\/\"]}]},{\"@type\":\"BreadcrumbList\",\"@id\":\"https:\\\/\\\/campusvygon.com\\\/es\\\/congreso-siben\\\/#breadcrumb\",\"itemListElement\":[{\"@type\":\"ListItem\",\"position\":1,\"name\":\"Portada\",\"item\":\"https:\\\/\\\/campusvygon.com\\\/es\\\/\"},{\"@type\":\"ListItem\",\"position\":2,\"name\":\"congreso siben\"}]},{\"@type\":\"WebSite\",\"@id\":\"https:\\\/\\\/campusvygon.com\\\/es\\\/#website\",\"url\":\"https:\\\/\\\/campusvygon.com\\\/es\\\/\",\"name\":\"Campus Vygon Espa\u00f1a\",\"description\":\"Un espacio para aprender sobre procedimientos y t\u00e9cnicas sanitarias de la mano de profesionales de referencia.\",\"potentialAction\":[{\"@type\":\"SearchAction\",\"target\":{\"@type\":\"EntryPoint\",\"urlTemplate\":\"https:\\\/\\\/campusvygon.com\\\/es\\\/?s={search_term_string}\"},\"query-input\":{\"@type\":\"PropertyValueSpecification\",\"valueRequired\":true,\"valueName\":\"search_term_string\"}}],\"inLanguage\":\"es\"}]}<\/script>\n<!-- \/ Yoast SEO plugin. -->","yoast_head_json":{"title":"congreso siben - Campus Vygon Espa\u00f1a","robots":{"index":"index","follow":"follow","max-snippet":"max-snippet:-1","max-image-preview":"max-image-preview:large","max-video-preview":"max-video-preview:-1"},"canonical":"https:\/\/campusvygon.com\/es\/congreso-siben\/","og_locale":"es_ES","og_type":"article","og_title":"congreso siben - Campus Vygon Espa\u00f1a","og_description":"Canalizaci\u00f3n y mantenimiento de PICCs en neonatosConsigue este curso gratisReg\u00edstrate en nuestro campus de formaci\u00f3n para acceder al curso de forma gratuita.\u00a0XVIII CONGRESO SIBEN M\u00c9RIDA 9-12 DE NOVIEMBRE 2022","og_url":"https:\/\/campusvygon.com\/es\/congreso-siben\/","og_site_name":"Campus Vygon Espa\u00f1a","article_modified_time":"2022-11-08T07:57:05+00:00","twitter_card":"summary_large_image","schema":{"@context":"https:\/\/schema.org","@graph":[{"@type":"WebPage","@id":"https:\/\/campusvygon.com\/es\/congreso-siben\/","url":"https:\/\/campusvygon.com\/es\/congreso-siben\/","name":"congreso siben - Campus Vygon Espa\u00f1a","isPartOf":{"@id":"https:\/\/campusvygon.com\/es\/#website"},"datePublished":"2022-10-19T17:17:00+00:00","dateModified":"2022-11-08T07:57:05+00:00","breadcrumb":{"@id":"https:\/\/campusvygon.com\/es\/congreso-siben\/#breadcrumb"},"inLanguage":"es","potentialAction":[{"@type":"ReadAction","target":["https:\/\/campusvygon.com\/es\/congreso-siben\/"]}]},{"@type":"BreadcrumbList","@id":"https:\/\/campusvygon.com\/es\/congreso-siben\/#breadcrumb","itemListElement":[{"@type":"ListItem","position":1,"name":"Portada","item":"https:\/\/campusvygon.com\/es\/"},{"@type":"ListItem","position":2,"name":"congreso siben"}]},{"@type":"WebSite","@id":"https:\/\/campusvygon.com\/es\/#website","url":"https:\/\/campusvygon.com\/es\/","name":"Campus Vygon Espa\u00f1a","description":"Un espacio para aprender sobre procedimientos y t\u00e9cnicas sanitarias de la mano de profesionales de referencia.","potentialAction":[{"@type":"SearchAction","target":{"@type":"EntryPoint","urlTemplate":"https:\/\/campusvygon.com\/es\/?s={search_term_string}"},"query-input":{"@type":"PropertyValueSpecification","valueRequired":true,"valueName":"search_term_string"}}],"inLanguage":"es"}]}},"_links":{"self":[{"href":"https:\/\/campusvygon.com\/es\/wp-json\/wp\/v2\/pages\/35734","targetHints":{"allow":["GET"]}}],"collection":[{"href":"https:\/\/campusvygon.com\/es\/wp-json\/wp\/v2\/pages"}],"about":[{"href":"https:\/\/campusvygon.com\/es\/wp-json\/wp\/v2\/types\/page"}],"author":[{"embeddable":true,"href":"https:\/\/campusvygon.com\/es\/wp-json\/wp\/v2\/users\/4"}],"replies":[{"embeddable":true,"href":"https:\/\/campusvygon.com\/es\/wp-json\/wp\/v2\/comments?post=35734"}],"version-history":[{"count":14,"href":"https:\/\/campusvygon.com\/es\/wp-json\/wp\/v2\/pages\/35734\/revisions"}],"predecessor-version":[{"id":36025,"href":"https:\/\/campusvygon.com\/es\/wp-json\/wp\/v2\/pages\/35734\/revisions\/36025"}],"wp:attachment":[{"href":"https:\/\/campusvygon.com\/es\/wp-json\/wp\/v2\/media?parent=35734"}],"curies":[{"name":"wp","href":"https:\/\/api.w.org\/{rel}","templated":true}]}}