{"id":45150,"date":"2025-05-27T09:44:50","date_gmt":"2025-05-27T07:44:50","guid":{"rendered":"https:\/\/campusvygon.com\/es\/?page_id=45150"},"modified":"2025-05-27T10:16:23","modified_gmt":"2025-05-27T08:16:23","slug":"galeria-vyvaexperts-23-mayo","status":"publish","type":"page","link":"https:\/\/campusvygon.com\/es\/galeria-vyvaexperts-23-mayo\/","title":{"rendered":"galer\u00eda vyvaexperts 23 mayo"},"content":{"rendered":"<p>[et_pb_section fb_built=\u00bb1&#8243; theme_builder_area=\u00bbpost_content\u00bb _builder_version=\u00bb4.27.4&#8243; _module_preset=\u00bbdefault\u00bb da_is_popup=\u00bboff\u00bb da_exit_intent=\u00bboff\u00bb da_has_close=\u00bbon\u00bb da_alt_close=\u00bboff\u00bb da_dark_close=\u00bboff\u00bb da_not_modal=\u00bbon\u00bb da_is_singular=\u00bboff\u00bb da_with_loader=\u00bboff\u00bb da_has_shadow=\u00bbon\u00bb da_disable_devices=\u00bboff|off|off\u00bb][et_pb_row _builder_version=\u00bb4.27.4&#8243; _module_preset=\u00bbdefault\u00bb theme_builder_area=\u00bbpost_content\u00bb hover_enabled=\u00bb0&#8243; sticky_enabled=\u00bb0&#8243;][et_pb_column _builder_version=\u00bb4.27.4&#8243; _module_preset=\u00bbdefault\u00bb type=\u00bb4_4&#8243; theme_builder_area=\u00bbpost_content\u00bb][et_pb_text _builder_version=\u00bb4.27.4&#8243; _module_preset=\u00bbdefault\u00bb theme_builder_area=\u00bbpost_content\u00bb hover_enabled=\u00bb0&#8243; sticky_enabled=\u00bb0&#8243;]<\/p>\n<h1 style=\"text-align: center;\"><strong>GALER\u00cdA VYVAEXPERTS 23 MAYO<\/strong><\/h1>\n<h3 style=\"text-align: center;\"><strong>PROTOCOLO SIP-2 APLICADO AL CAT\u00c9TER DE CORTE PROXIMAL<\/strong><\/h3>\n<p>[\/et_pb_text][et_pb_divider _builder_version=\u00bb4.27.4&#8243; _module_preset=\u00bbdefault\u00bb theme_builder_area=\u00bbpost_content\u00bb hover_enabled=\u00bb0&#8243; sticky_enabled=\u00bb0&#8243;][\/et_pb_divider][et_pb_gallery _builder_version=\u00bb4.27.4&#8243; _module_preset=\u00bbdefault\u00bb theme_builder_area=\u00bbpost_content\u00bb posts_number=\u00bb100&#8243; show_title_and_caption=\u00bboff\u00bb show_pagination=\u00bboff\u00bb hover_enabled=\u00bb0&#8243; sticky_enabled=\u00bb0&#8243; gallery_ids=\u00bb45154,45155,45156,45157,45158,45159,45160,45153,45161,45162,45163,45164,45165,45166,45167,45168,45169,45170,45171,45172,45173,45174,45175,45176,45177,45178,45179,45180,45181,45182,45183,45184,45185,45186,45187,45188,45189,45191,45192,45193,45195,45196,45190,45199&#8243;][\/et_pb_gallery][\/et_pb_column][\/et_pb_row][\/et_pb_section][et_pb_section fb_built=\u00bb1&#8243; theme_builder_area=\u00bbpost_content\u00bb _builder_version=\u00bb4.27.4&#8243; _module_preset=\u00bbdefault\u00bb da_is_popup=\u00bboff\u00bb da_exit_intent=\u00bboff\u00bb da_has_close=\u00bbon\u00bb da_alt_close=\u00bboff\u00bb da_dark_close=\u00bboff\u00bb da_not_modal=\u00bbon\u00bb da_is_singular=\u00bboff\u00bb da_with_loader=\u00bboff\u00bb da_has_shadow=\u00bbon\u00bb da_disable_devices=\u00bboff|off|off\u00bb][\/et_pb_section]<\/p>\n","protected":false},"excerpt":{"rendered":"<p>GALER\u00cdA VYVAEXPERTS 23 MAYO PROTOCOLO SIP-2 APLICADO AL CAT\u00c9TER DE CORTE PROXIMAL<\/p>\n","protected":false},"author":136,"featured_media":0,"parent":0,"menu_order":0,"comment_status":"closed","ping_status":"closed","template":"","meta":{"_acf_changed":false,"_et_pb_use_builder":"on","_et_pb_old_content":"","_et_gb_content_width":"","footnotes":""},"class_list":["post-45150","page","type-page","status-publish","hentry"],"acf":[],"yoast_head":"<!-- This site is optimized with the Yoast SEO plugin v27.4 - https:\/\/yoast.com\/product\/yoast-seo-wordpress\/ -->\n<title>galer\u00eda vyvaexperts 23 mayo - Campus Vygon Espa\u00f1a<\/title>\n<meta name=\"robots\" content=\"index, follow, max-snippet:-1, max-image-preview:large, max-video-preview:-1\" \/>\n<link rel=\"canonical\" href=\"https:\/\/campusvygon.com\/es\/galeria-vyvaexperts-23-mayo\/\" \/>\n<meta property=\"og:locale\" content=\"es_ES\" \/>\n<meta property=\"og:type\" content=\"article\" \/>\n<meta property=\"og:title\" content=\"galer\u00eda vyvaexperts 23 mayo - Campus Vygon Espa\u00f1a\" \/>\n<meta property=\"og:description\" content=\"GALER\u00cdA VYVAEXPERTS 23 MAYO PROTOCOLO SIP-2 APLICADO AL CAT\u00c9TER DE CORTE PROXIMAL\" \/>\n<meta property=\"og:url\" content=\"https:\/\/campusvygon.com\/es\/galeria-vyvaexperts-23-mayo\/\" \/>\n<meta property=\"og:site_name\" content=\"Campus Vygon Espa\u00f1a\" \/>\n<meta property=\"article:modified_time\" content=\"2025-05-27T08:16:23+00:00\" \/>\n<meta name=\"twitter:card\" content=\"summary_large_image\" \/>\n<script type=\"application\/ld+json\" class=\"yoast-schema-graph\">{\"@context\":\"https:\\\/\\\/schema.org\",\"@graph\":[{\"@type\":\"WebPage\",\"@id\":\"https:\\\/\\\/campusvygon.com\\\/es\\\/galeria-vyvaexperts-23-mayo\\\/\",\"url\":\"https:\\\/\\\/campusvygon.com\\\/es\\\/galeria-vyvaexperts-23-mayo\\\/\",\"name\":\"galer\u00eda vyvaexperts 23 mayo - Campus Vygon Espa\u00f1a\",\"isPartOf\":{\"@id\":\"https:\\\/\\\/campusvygon.com\\\/es\\\/#website\"},\"datePublished\":\"2025-05-27T07:44:50+00:00\",\"dateModified\":\"2025-05-27T08:16:23+00:00\",\"breadcrumb\":{\"@id\":\"https:\\\/\\\/campusvygon.com\\\/es\\\/galeria-vyvaexperts-23-mayo\\\/#breadcrumb\"},\"inLanguage\":\"es\",\"potentialAction\":[{\"@type\":\"ReadAction\",\"target\":[\"https:\\\/\\\/campusvygon.com\\\/es\\\/galeria-vyvaexperts-23-mayo\\\/\"]}]},{\"@type\":\"BreadcrumbList\",\"@id\":\"https:\\\/\\\/campusvygon.com\\\/es\\\/galeria-vyvaexperts-23-mayo\\\/#breadcrumb\",\"itemListElement\":[{\"@type\":\"ListItem\",\"position\":1,\"name\":\"Portada\",\"item\":\"https:\\\/\\\/campusvygon.com\\\/es\\\/\"},{\"@type\":\"ListItem\",\"position\":2,\"name\":\"galer\u00eda vyvaexperts 23 mayo\"}]},{\"@type\":\"WebSite\",\"@id\":\"https:\\\/\\\/campusvygon.com\\\/es\\\/#website\",\"url\":\"https:\\\/\\\/campusvygon.com\\\/es\\\/\",\"name\":\"Campus Vygon Espa\u00f1a\",\"description\":\"Un espacio para aprender sobre procedimientos y t\u00e9cnicas sanitarias de la mano de profesionales de referencia.\",\"potentialAction\":[{\"@type\":\"SearchAction\",\"target\":{\"@type\":\"EntryPoint\",\"urlTemplate\":\"https:\\\/\\\/campusvygon.com\\\/es\\\/?s={search_term_string}\"},\"query-input\":{\"@type\":\"PropertyValueSpecification\",\"valueRequired\":true,\"valueName\":\"search_term_string\"}}],\"inLanguage\":\"es\"}]}<\/script>\n<!-- \/ Yoast SEO plugin. -->","yoast_head_json":{"title":"galer\u00eda vyvaexperts 23 mayo - Campus Vygon Espa\u00f1a","robots":{"index":"index","follow":"follow","max-snippet":"max-snippet:-1","max-image-preview":"max-image-preview:large","max-video-preview":"max-video-preview:-1"},"canonical":"https:\/\/campusvygon.com\/es\/galeria-vyvaexperts-23-mayo\/","og_locale":"es_ES","og_type":"article","og_title":"galer\u00eda vyvaexperts 23 mayo - Campus Vygon Espa\u00f1a","og_description":"GALER\u00cdA VYVAEXPERTS 23 MAYO PROTOCOLO SIP-2 APLICADO AL CAT\u00c9TER DE CORTE PROXIMAL","og_url":"https:\/\/campusvygon.com\/es\/galeria-vyvaexperts-23-mayo\/","og_site_name":"Campus Vygon Espa\u00f1a","article_modified_time":"2025-05-27T08:16:23+00:00","twitter_card":"summary_large_image","schema":{"@context":"https:\/\/schema.org","@graph":[{"@type":"WebPage","@id":"https:\/\/campusvygon.com\/es\/galeria-vyvaexperts-23-mayo\/","url":"https:\/\/campusvygon.com\/es\/galeria-vyvaexperts-23-mayo\/","name":"galer\u00eda vyvaexperts 23 mayo - Campus Vygon Espa\u00f1a","isPartOf":{"@id":"https:\/\/campusvygon.com\/es\/#website"},"datePublished":"2025-05-27T07:44:50+00:00","dateModified":"2025-05-27T08:16:23+00:00","breadcrumb":{"@id":"https:\/\/campusvygon.com\/es\/galeria-vyvaexperts-23-mayo\/#breadcrumb"},"inLanguage":"es","potentialAction":[{"@type":"ReadAction","target":["https:\/\/campusvygon.com\/es\/galeria-vyvaexperts-23-mayo\/"]}]},{"@type":"BreadcrumbList","@id":"https:\/\/campusvygon.com\/es\/galeria-vyvaexperts-23-mayo\/#breadcrumb","itemListElement":[{"@type":"ListItem","position":1,"name":"Portada","item":"https:\/\/campusvygon.com\/es\/"},{"@type":"ListItem","position":2,"name":"galer\u00eda vyvaexperts 23 mayo"}]},{"@type":"WebSite","@id":"https:\/\/campusvygon.com\/es\/#website","url":"https:\/\/campusvygon.com\/es\/","name":"Campus Vygon Espa\u00f1a","description":"Un espacio para aprender sobre procedimientos y t\u00e9cnicas sanitarias de la mano de profesionales de referencia.","potentialAction":[{"@type":"SearchAction","target":{"@type":"EntryPoint","urlTemplate":"https:\/\/campusvygon.com\/es\/?s={search_term_string}"},"query-input":{"@type":"PropertyValueSpecification","valueRequired":true,"valueName":"search_term_string"}}],"inLanguage":"es"}]}},"_links":{"self":[{"href":"https:\/\/campusvygon.com\/es\/wp-json\/wp\/v2\/pages\/45150","targetHints":{"allow":["GET"]}}],"collection":[{"href":"https:\/\/campusvygon.com\/es\/wp-json\/wp\/v2\/pages"}],"about":[{"href":"https:\/\/campusvygon.com\/es\/wp-json\/wp\/v2\/types\/page"}],"author":[{"embeddable":true,"href":"https:\/\/campusvygon.com\/es\/wp-json\/wp\/v2\/users\/136"}],"replies":[{"embeddable":true,"href":"https:\/\/campusvygon.com\/es\/wp-json\/wp\/v2\/comments?post=45150"}],"version-history":[{"count":3,"href":"https:\/\/campusvygon.com\/es\/wp-json\/wp\/v2\/pages\/45150\/revisions"}],"predecessor-version":[{"id":45200,"href":"https:\/\/campusvygon.com\/es\/wp-json\/wp\/v2\/pages\/45150\/revisions\/45200"}],"wp:attachment":[{"href":"https:\/\/campusvygon.com\/es\/wp-json\/wp\/v2\/media?parent=45150"}],"curies":[{"name":"wp","href":"https:\/\/api.w.org\/{rel}","templated":true}]}}