{"id":47173,"date":"2025-09-12T21:20:59","date_gmt":"2025-09-12T19:20:59","guid":{"rendered":"https:\/\/campusvygon.com\/es\/?page_id=47173"},"modified":"2025-10-13T13:41:13","modified_gmt":"2025-10-13T11:41:13","slug":"simulador-de-casos-clinicos","status":"publish","type":"page","link":"https:\/\/campusvygon.com\/es\/simulador-de-casos-clinicos\/","title":{"rendered":"Simulador de casos cl\u00ednicos"},"content":{"rendered":"<p>[et_pb_section fb_built=\u00bb1&#8243; admin_label=\u00bbSection\u00bb _builder_version=\u00bb4.27.4&#8243; _module_preset=\u00bbdefault\u00bb da_disable_devices=\u00bboff|off|off\u00bb global_colors_info=\u00bb{}\u00bb da_is_popup=\u00bboff\u00bb da_exit_intent=\u00bboff\u00bb da_has_close=\u00bbon\u00bb da_alt_close=\u00bboff\u00bb da_dark_close=\u00bboff\u00bb da_not_modal=\u00bbon\u00bb da_is_singular=\u00bboff\u00bb da_with_loader=\u00bboff\u00bb da_has_shadow=\u00bbon\u00bb][et_pb_row _builder_version=\u00bb4.24.2&#8243; _module_preset=\u00bbdefault\u00bb max_width_tablet=\u00bb\u00bb max_width_phone=\u00bb90%\u00bb max_width_last_edited=\u00bbon|phone\u00bb custom_margin_tablet=\u00bb\u00bb custom_margin_phone=\u00bb|auto||auto|false|true\u00bb custom_margin_last_edited=\u00bbon|phone\u00bb custom_padding=\u00bb14px||14px|21px|true|false\u00bb border_color_right=\u00bb#009D4E\u00bb border_width_left=\u00bb75px\u00bb border_color_left=\u00bbgcid-5c0ffe69-7172-4b18-84d5-8ca2b15ef07e\u00bb locked=\u00bboff\u00bb global_colors_info=\u00bb{%22gcid-5c0ffe69-7172-4b18-84d5-8ca2b15ef07e%22:%91%22border_color_left%22%93}\u00bb][et_pb_column type=\u00bb4_4&#8243; _builder_version=\u00bb4.16&#8243; _module_preset=\u00bbdefault\u00bb global_colors_info=\u00bb{}\u00bb][et_pb_text _builder_version=\u00bb4.27.4&#8243; _module_preset=\u00bbdefault\u00bb header_font=\u00bbMontserrat|800||on|||||\u00bb header_letter_spacing=\u00bb2px\u00bb custom_margin=\u00bb||-6px|||\u00bb custom_margin_tablet=\u00bb\u00bb custom_margin_phone=\u00bb|auto||auto|false|true\u00bb custom_margin_last_edited=\u00bbon|phone\u00bb border_color_all=\u00bb#009D4E\u00bb global_colors_info=\u00bb{}\u00bb]<\/p>\n<h1>Simulador de casos cl\u00ednicos<\/h1>\n<p>[\/et_pb_text][\/et_pb_column][\/et_pb_row][et_pb_row _builder_version=\u00bb4.16&#8243; _module_preset=\u00bbdefault\u00bb width_tablet=\u00bb\u00bb width_phone=\u00bb90%\u00bb width_last_edited=\u00bbon|phone\u00bb max_width_tablet=\u00bb\u00bb max_width_phone=\u00bb90%\u00bb max_width_last_edited=\u00bbon|phone\u00bb custom_margin_tablet=\u00bb\u00bb custom_margin_phone=\u00bb|25px||25px|false|true\u00bb custom_margin_last_edited=\u00bbon|phone\u00bb custom_padding=\u00bb46px|||||\u00bb locked=\u00bboff\u00bb global_colors_info=\u00bb{}\u00bb][et_pb_column type=\u00bb4_4&#8243; _builder_version=\u00bb4.16&#8243; _module_preset=\u00bbdefault\u00bb global_colors_info=\u00bb{}\u00bb][et_pb_text _builder_version=\u00bb4.27.4&#8243; _module_preset=\u00bbdefault\u00bb global_colors_info=\u00bb{}\u00bb]Explora nuestros casos cl\u00ednicos interactivos dise\u00f1ados para profesionales de la salud. Participe en situaciones reales a trav\u00e9s de v\u00eddeos inmersivos que mejoran las habilidades de toma de decisiones cl\u00ednicas. Perfecto para la formaci\u00f3n m\u00e9dica continua y el aprendizaje pr\u00e1ctico.[\/et_pb_text][\/et_pb_column][\/et_pb_row][et_pb_row column_structure=\u00bb1_3,1_3,1_3&#8243; _builder_version=\u00bb4.27.4&#8243; _module_preset=\u00bbdefault\u00bb hover_enabled=\u00bb0&#8243; locked=\u00bboff\u00bb global_colors_info=\u00bb{}\u00bb sticky_enabled=\u00bb0&#8243;][et_pb_column type=\u00bb1_3&#8243; _builder_version=\u00bb4.24.2&#8243; _module_preset=\u00bbdefault\u00bb global_colors_info=\u00bb{}\u00bb][et_pb_image src=\u00bbhttps:\/\/campusvygon.com\/global\/wp-content\/uploads\/sites\/10\/2025\/09\/case-study-with-mostcare-up-oc-b-4.jpg\u00bb title_text=\u00bbVideo Thumbnail: Case Study with MostCare Up &#8211; OC by Dr. Jos\u00e9 Miguel Alonso\u00bb url=\u00bb#caso1&#8243; _builder_version=\u00bb4.27.4&#8243; _module_preset=\u00bbdefault\u00bb transform_scale=\u00bb95%|95%\u00bb global_colors_info=\u00bb{}\u00bb][\/et_pb_image][et_pb_text _builder_version=\u00bb4.27.4&#8243; _module_preset=\u00bbdefault\u00bb global_colors_info=\u00bb{}\u00bb]<\/p>\n<p>MostCare Up &#8211; Ovarian Cancer surgery by Dr. Jos\u00e9 Miguel Alonso<\/p>\n<p>[\/et_pb_text][\/et_pb_column][et_pb_column type=\u00bb1_3&#8243; _builder_version=\u00bb4.24.2&#8243; _module_preset=\u00bbdefault\u00bb global_colors_info=\u00bb{}\u00bb][et_pb_image src=\u00bbhttps:\/\/campusvygon.com\/global\/wp-content\/uploads\/sites\/10\/2025\/09\/case-study-with-mostcare-up-urin-2.jpg\u00bb title_text=\u00bbVideo Thumbnail: Case Study with MostCare Up &#8211; Urinary Sepsis by Dr. Jos\u00e9 Miguel Alonso\u00bb url=\u00bb#caso2&#8243; _builder_version=\u00bb4.27.4&#8243; _module_preset=\u00bbdefault\u00bb transform_scale=\u00bb95%|95%\u00bb global_colors_info=\u00bb{}\u00bb][\/et_pb_image][et_pb_text _builder_version=\u00bb4.27.4&#8243; _module_preset=\u00bbdefault\u00bb global_colors_info=\u00bb{}\u00bb]<\/p>\n<p>MostCare Up &#8211; Urinary Sepsis by Dr. Jos\u00e9 Miguel Alonso<\/p>\n<p>[\/et_pb_text][\/et_pb_column][et_pb_column type=\u00bb1_3&#8243; _builder_version=\u00bb4.24.2&#8243; _module_preset=\u00bbdefault\u00bb global_colors_info=\u00bb{}\u00bb][et_pb_image src=\u00bbhttps:\/\/campusvygon.com\/es\/wp-content\/uploads\/sites\/7\/2025\/10\/CASO-CLINICO-PACIENTE-DIVA-GERIATRICO.jpg\u00bb title_text=\u00bbCASO CL\u00cdNICO PACIENTE DIVA GERI\u00c1TRICO\u00bb url=\u00bb#caso3&#8243; _builder_version=\u00bb4.27.4&#8243; _module_preset=\u00bbdefault\u00bb transform_scale=\u00bb95%|95%\u00bb hover_enabled=\u00bb0&#8243; global_colors_info=\u00bb{}\u00bb sticky_enabled=\u00bb0&#8243;][\/et_pb_image][et_pb_text _builder_version=\u00bb4.27.4&#8243; _module_preset=\u00bbdefault\u00bb hover_enabled=\u00bb0&#8243; global_colors_info=\u00bb{}\u00bb sticky_enabled=\u00bb0&#8243;]<\/p>\n<p>Caso cl\u00ednico &#8211; Paciente DIVA geri\u00e1trico<\/p>\n<p>[\/et_pb_text][\/et_pb_column][\/et_pb_row][\/et_pb_section][et_pb_section fb_built=\u00bb1&#8243; admin_label=\u00bbPopup &#8211; #caso1&#8243; module_id=\u00bbcaso1&#8243; module_class=\u00bbpopup\u00bb _builder_version=\u00bb4.27.4&#8243; _module_preset=\u00bbdefault\u00bb da_is_popup=\u00bbon\u00bb da_popup_slug=\u00bbcaso1&#8243; da_disable_devices=\u00bboff|off|off\u00bb global_colors_info=\u00bb{}\u00bb da_exit_intent=\u00bboff\u00bb da_has_close=\u00bbon\u00bb da_alt_close=\u00bboff\u00bb da_dark_close=\u00bboff\u00bb da_not_modal=\u00bbon\u00bb da_is_singular=\u00bboff\u00bb da_with_loader=\u00bboff\u00bb da_has_shadow=\u00bbon\u00bb][et_pb_row _builder_version=\u00bb4.27.4&#8243; _module_preset=\u00bbdefault\u00bb global_colors_info=\u00bb{}\u00bb][et_pb_column type=\u00bb4_4&#8243; _builder_version=\u00bb4.27.4&#8243; _module_preset=\u00bbdefault\u00bb global_colors_info=\u00bb{}\u00bb][et_pb_video src=\u00bbhttps:\/\/vimeo.com\/1115395035?share=copy\u00bb image_src=\u00bb\/\/i.vimeocdn.com\/video\/2054742310-338edeace34c3cd4f7c69f981d88eca05a0ec7f8daefb303fd1d4adae4a65745-d_960?region=us\u00bb _builder_version=\u00bb4.27.4&#8243; _module_preset=\u00bbdefault\u00bb locked=\u00bboff\u00bb global_colors_info=\u00bb{}\u00bb][\/et_pb_video][\/et_pb_column][\/et_pb_row][\/et_pb_section][et_pb_section fb_built=\u00bb1&#8243; admin_label=\u00bbPopup &#8211; #caso2&#8243; module_id=\u00bbcaso2&#8243; module_class=\u00bbpopup\u00bb _builder_version=\u00bb4.27.4&#8243; _module_preset=\u00bbdefault\u00bb da_is_popup=\u00bbon\u00bb da_popup_slug=\u00bbcaso2&#8243; da_disable_devices=\u00bboff|off|off\u00bb global_colors_info=\u00bb{}\u00bb da_exit_intent=\u00bboff\u00bb da_has_close=\u00bbon\u00bb da_alt_close=\u00bboff\u00bb da_dark_close=\u00bboff\u00bb da_not_modal=\u00bbon\u00bb da_is_singular=\u00bboff\u00bb da_with_loader=\u00bboff\u00bb da_has_shadow=\u00bbon\u00bb][et_pb_row _builder_version=\u00bb4.27.4&#8243; _module_preset=\u00bbdefault\u00bb global_colors_info=\u00bb{}\u00bb][et_pb_column type=\u00bb4_4&#8243; _builder_version=\u00bb4.27.4&#8243; _module_preset=\u00bbdefault\u00bb global_colors_info=\u00bb{}\u00bb][et_pb_video src=\u00bbhttps:\/\/vimeo.com\/1064257573\/1f047ca603&#8243; image_src=\u00bb\/\/i.vimeocdn.com\/video\/2054743193-2ba06326cb317df8aae8e8f9ed03dcb35a95db3d9c3f8315518d8efa8bf5d1a5-d_960?region=us\u00bb _builder_version=\u00bb4.27.4&#8243; _module_preset=\u00bbdefault\u00bb locked=\u00bboff\u00bb global_colors_info=\u00bb{}\u00bb][\/et_pb_video][\/et_pb_column][\/et_pb_row][et_pb_row _builder_version=\u00bb4.27.4&#8243; _module_preset=\u00bbdefault\u00bb global_colors_info=\u00bb{}\u00bb][et_pb_column type=\u00bb4_4&#8243; _builder_version=\u00bb4.27.4&#8243; _module_preset=\u00bbdefault\u00bb global_colors_info=\u00bb{}\u00bb][et_pb_accordion _builder_version=\u00bb4.27.4&#8243; _module_preset=\u00bbdefault\u00bb background_color=\u00bbRGBA(255,255,255,0)\u00bb custom_margin=\u00bb-30px|||||\u00bb border_width_all=\u00bb0px\u00bb global_colors_info=\u00bb{}\u00bb][et_pb_accordion_item open=\u00bbon\u00bb _builder_version=\u00bb4.27.4&#8243; _module_preset=\u00bbdefault\u00bb global_colors_info=\u00bb{}\u00bb]<\/p>\n<p style=\"text-align: center\">(Este v\u00eddeo forma parte de las jornadas VYHEMDAYS 2025)<\/p>\n<p>[\/et_pb_accordion_item][\/et_pb_accordion][\/et_pb_column][\/et_pb_row][\/et_pb_section][et_pb_section fb_built=\u00bb1&#8243; admin_label=\u00bbPopup &#8211; #caso3&#8243; module_id=\u00bbcaso3&#8243; module_class=\u00bbpopup\u00bb _builder_version=\u00bb4.27.4&#8243; _module_preset=\u00bbdefault\u00bb da_is_popup=\u00bbon\u00bb da_popup_slug=\u00bbcaso3&#8243; da_disable_devices=\u00bboff|off|off\u00bb global_colors_info=\u00bb{}\u00bb custom_padding=\u00bb||0px|||\u00bb da_exit_intent=\u00bboff\u00bb da_has_close=\u00bbon\u00bb da_alt_close=\u00bboff\u00bb da_dark_close=\u00bboff\u00bb da_not_modal=\u00bbon\u00bb da_is_singular=\u00bboff\u00bb da_with_loader=\u00bboff\u00bb da_has_shadow=\u00bbon\u00bb][et_pb_row _builder_version=\u00bb4.27.4&#8243; _module_preset=\u00bbdefault\u00bb global_colors_info=\u00bb{}\u00bb custom_margin=\u00bb|auto|280px|auto||\u00bb min_height=\u00bb674px\u00bb][et_pb_column type=\u00bb4_4&#8243; _builder_version=\u00bb4.27.4&#8243; _module_preset=\u00bbdefault\u00bb global_colors_info=\u00bb{}\u00bb][et_pb_video src=\u00bbhttps:\/\/vimeo.com\/1126797193?share=copy\u00bb image_src=\u00bbhttps:\/\/campusvygon.com\/es\/wp-content\/uploads\/sites\/7\/2025\/10\/CASO-CLINICO-PACIENTE-DIVA-GERIATRICO.jpg\u00bb _builder_version=\u00bb4.27.4&#8243; _module_preset=\u00bbdefault\u00bb hover_enabled=\u00bb0&#8243; locked=\u00bboff\u00bb global_colors_info=\u00bb{}\u00bb sticky_enabled=\u00bb0&#8243; custom_padding=\u00bb||577px|||\u00bb custom_margin=\u00bb||52px|||\u00bb min_height=\u00bb611px\u00bb title_text=\u00bbCASO CL\u00cdNICO PACIENTE DIVA GERI\u00c1TRICO\u00bb max_width=\u00bb100%\u00bb max_height=\u00bb576px\u00bb][\/et_pb_video][\/et_pb_column][\/et_pb_row][\/et_pb_section]<\/p>\n","protected":false},"excerpt":{"rendered":"<p>Simulador de casos cl\u00ednicosExplora nuestros casos cl\u00ednicos interactivos dise\u00f1ados para profesionales de la salud. Participe en situaciones reales a trav\u00e9s de v\u00eddeos inmersivos que mejoran las habilidades de toma de decisiones cl\u00ednicas. Perfecto para la formaci\u00f3n m\u00e9dica continua y el aprendizaje pr\u00e1ctico.MostCare Up &#8211; Ovarian Cancer surgery by Dr. Jos\u00e9 Miguel AlonsoMostCare Up &#8211; Urinary Sepsis by Dr. Jos\u00e9 Miguel AlonsoCaso cl\u00ednico &#8211; Paciente DIVA geri\u00e1trico(Este v\u00eddeo forma parte de las jornadas VYHEMDAYS 2025)<\/p>\n","protected":false},"author":4,"featured_media":0,"parent":0,"menu_order":0,"comment_status":"closed","ping_status":"closed","template":"","meta":{"_acf_changed":false,"_et_pb_use_builder":"on","_et_pb_old_content":"","_et_gb_content_width":"","footnotes":""},"class_list":["post-47173","page","type-page","status-publish","hentry"],"acf":[],"yoast_head":"<!-- This site is optimized with the Yoast SEO plugin v27.2 - https:\/\/yoast.com\/product\/yoast-seo-wordpress\/ -->\n<title>Simulador de casos cl\u00ednicos - Campus Vygon Espa\u00f1a<\/title>\n<meta name=\"robots\" content=\"index, follow, max-snippet:-1, max-image-preview:large, max-video-preview:-1\" \/>\n<link rel=\"canonical\" href=\"https:\/\/campusvygon.com\/es\/simulador-de-casos-clinicos\/\" \/>\n<meta property=\"og:locale\" content=\"es_ES\" \/>\n<meta property=\"og:type\" content=\"article\" \/>\n<meta property=\"og:title\" content=\"Simulador de casos cl\u00ednicos - Campus Vygon Espa\u00f1a\" \/>\n<meta property=\"og:description\" content=\"Simulador de casos cl\u00ednicosExplora nuestros casos cl\u00ednicos interactivos dise\u00f1ados para profesionales de la salud. Participe en situaciones reales a trav\u00e9s de v\u00eddeos inmersivos que mejoran las habilidades de toma de decisiones cl\u00ednicas. Perfecto para la formaci\u00f3n m\u00e9dica continua y el aprendizaje pr\u00e1ctico.MostCare Up - Ovarian Cancer surgery by Dr. Jos\u00e9 Miguel AlonsoMostCare Up - Urinary Sepsis by Dr. Jos\u00e9 Miguel AlonsoCaso cl\u00ednico - Paciente DIVA geri\u00e1trico(Este v\u00eddeo forma parte de las jornadas VYHEMDAYS 2025)\" \/>\n<meta property=\"og:url\" content=\"https:\/\/campusvygon.com\/es\/simulador-de-casos-clinicos\/\" \/>\n<meta property=\"og:site_name\" content=\"Campus Vygon Espa\u00f1a\" \/>\n<meta property=\"article:modified_time\" content=\"2025-10-13T11:41:13+00:00\" \/>\n<meta name=\"twitter:card\" content=\"summary_large_image\" \/>\n<script type=\"application\/ld+json\" class=\"yoast-schema-graph\">{\"@context\":\"https:\/\/schema.org\",\"@graph\":[{\"@type\":\"WebPage\",\"@id\":\"https:\/\/campusvygon.com\/es\/simulador-de-casos-clinicos\/\",\"url\":\"https:\/\/campusvygon.com\/es\/simulador-de-casos-clinicos\/\",\"name\":\"Simulador de casos cl\u00ednicos - Campus Vygon Espa\u00f1a\",\"isPartOf\":{\"@id\":\"https:\/\/campusvygon.com\/es\/#website\"},\"datePublished\":\"2025-09-12T19:20:59+00:00\",\"dateModified\":\"2025-10-13T11:41:13+00:00\",\"breadcrumb\":{\"@id\":\"https:\/\/campusvygon.com\/es\/simulador-de-casos-clinicos\/#breadcrumb\"},\"inLanguage\":\"es\",\"potentialAction\":[{\"@type\":\"ReadAction\",\"target\":[\"https:\/\/campusvygon.com\/es\/simulador-de-casos-clinicos\/\"]}]},{\"@type\":\"BreadcrumbList\",\"@id\":\"https:\/\/campusvygon.com\/es\/simulador-de-casos-clinicos\/#breadcrumb\",\"itemListElement\":[{\"@type\":\"ListItem\",\"position\":1,\"name\":\"Portada\",\"item\":\"https:\/\/campusvygon.com\/es\/\"},{\"@type\":\"ListItem\",\"position\":2,\"name\":\"Simulador de casos cl\u00ednicos\"}]},{\"@type\":\"WebSite\",\"@id\":\"https:\/\/campusvygon.com\/es\/#website\",\"url\":\"https:\/\/campusvygon.com\/es\/\",\"name\":\"Campus Vygon Espa\u00f1a\",\"description\":\"Un espacio para aprender sobre procedimientos y t\u00e9cnicas sanitarias de la mano de profesionales de referencia.\",\"potentialAction\":[{\"@type\":\"SearchAction\",\"target\":{\"@type\":\"EntryPoint\",\"urlTemplate\":\"https:\/\/campusvygon.com\/es\/?s={search_term_string}\"},\"query-input\":{\"@type\":\"PropertyValueSpecification\",\"valueRequired\":true,\"valueName\":\"search_term_string\"}}],\"inLanguage\":\"es\"}]}<\/script>\n<!-- \/ Yoast SEO plugin. -->","yoast_head_json":{"title":"Simulador de casos cl\u00ednicos - Campus Vygon Espa\u00f1a","robots":{"index":"index","follow":"follow","max-snippet":"max-snippet:-1","max-image-preview":"max-image-preview:large","max-video-preview":"max-video-preview:-1"},"canonical":"https:\/\/campusvygon.com\/es\/simulador-de-casos-clinicos\/","og_locale":"es_ES","og_type":"article","og_title":"Simulador de casos cl\u00ednicos - Campus Vygon Espa\u00f1a","og_description":"Simulador de casos cl\u00ednicosExplora nuestros casos cl\u00ednicos interactivos dise\u00f1ados para profesionales de la salud. Participe en situaciones reales a trav\u00e9s de v\u00eddeos inmersivos que mejoran las habilidades de toma de decisiones cl\u00ednicas. Perfecto para la formaci\u00f3n m\u00e9dica continua y el aprendizaje pr\u00e1ctico.MostCare Up - Ovarian Cancer surgery by Dr. Jos\u00e9 Miguel AlonsoMostCare Up - Urinary Sepsis by Dr. Jos\u00e9 Miguel AlonsoCaso cl\u00ednico - Paciente DIVA geri\u00e1trico(Este v\u00eddeo forma parte de las jornadas VYHEMDAYS 2025)","og_url":"https:\/\/campusvygon.com\/es\/simulador-de-casos-clinicos\/","og_site_name":"Campus Vygon Espa\u00f1a","article_modified_time":"2025-10-13T11:41:13+00:00","twitter_card":"summary_large_image","schema":{"@context":"https:\/\/schema.org","@graph":[{"@type":"WebPage","@id":"https:\/\/campusvygon.com\/es\/simulador-de-casos-clinicos\/","url":"https:\/\/campusvygon.com\/es\/simulador-de-casos-clinicos\/","name":"Simulador de casos cl\u00ednicos - Campus Vygon Espa\u00f1a","isPartOf":{"@id":"https:\/\/campusvygon.com\/es\/#website"},"datePublished":"2025-09-12T19:20:59+00:00","dateModified":"2025-10-13T11:41:13+00:00","breadcrumb":{"@id":"https:\/\/campusvygon.com\/es\/simulador-de-casos-clinicos\/#breadcrumb"},"inLanguage":"es","potentialAction":[{"@type":"ReadAction","target":["https:\/\/campusvygon.com\/es\/simulador-de-casos-clinicos\/"]}]},{"@type":"BreadcrumbList","@id":"https:\/\/campusvygon.com\/es\/simulador-de-casos-clinicos\/#breadcrumb","itemListElement":[{"@type":"ListItem","position":1,"name":"Portada","item":"https:\/\/campusvygon.com\/es\/"},{"@type":"ListItem","position":2,"name":"Simulador de casos cl\u00ednicos"}]},{"@type":"WebSite","@id":"https:\/\/campusvygon.com\/es\/#website","url":"https:\/\/campusvygon.com\/es\/","name":"Campus Vygon Espa\u00f1a","description":"Un espacio para aprender sobre procedimientos y t\u00e9cnicas sanitarias de la mano de profesionales de referencia.","potentialAction":[{"@type":"SearchAction","target":{"@type":"EntryPoint","urlTemplate":"https:\/\/campusvygon.com\/es\/?s={search_term_string}"},"query-input":{"@type":"PropertyValueSpecification","valueRequired":true,"valueName":"search_term_string"}}],"inLanguage":"es"}]}},"_links":{"self":[{"href":"https:\/\/campusvygon.com\/es\/wp-json\/wp\/v2\/pages\/47173","targetHints":{"allow":["GET"]}}],"collection":[{"href":"https:\/\/campusvygon.com\/es\/wp-json\/wp\/v2\/pages"}],"about":[{"href":"https:\/\/campusvygon.com\/es\/wp-json\/wp\/v2\/types\/page"}],"author":[{"embeddable":true,"href":"https:\/\/campusvygon.com\/es\/wp-json\/wp\/v2\/users\/4"}],"replies":[{"embeddable":true,"href":"https:\/\/campusvygon.com\/es\/wp-json\/wp\/v2\/comments?post=47173"}],"version-history":[{"count":6,"href":"https:\/\/campusvygon.com\/es\/wp-json\/wp\/v2\/pages\/47173\/revisions"}],"predecessor-version":[{"id":48425,"href":"https:\/\/campusvygon.com\/es\/wp-json\/wp\/v2\/pages\/47173\/revisions\/48425"}],"wp:attachment":[{"href":"https:\/\/campusvygon.com\/es\/wp-json\/wp\/v2\/media?parent=47173"}],"curies":[{"name":"wp","href":"https:\/\/api.w.org\/{rel}","templated":true}]}}