{"id":7496,"date":"2020-04-14T15:53:23","date_gmt":"2020-04-14T13:53:23","guid":{"rendered":"http:\/\/campusvygon.com\/es\/?page_id=7496"},"modified":"2021-05-12T08:11:18","modified_gmt":"2021-05-12T06:11:18","slug":"blog","status":"publish","type":"page","link":"https:\/\/campusvygon.com\/es\/blog\/","title":{"rendered":"Campus Vygon &#8211; T\u00e9cnicas y procedimientos para personal sanitario"},"content":{"rendered":"","protected":false},"excerpt":{"rendered":"","protected":false},"author":4,"featured_media":12085,"parent":0,"menu_order":0,"comment_status":"closed","ping_status":"closed","template":"page_simple_composer.php","meta":{"_acf_changed":false,"_et_pb_use_builder":"","_et_pb_old_content":"","_et_gb_content_width":"","footnotes":""},"class_list":["post-7496","page","type-page","status-publish","has-post-thumbnail","hentry"],"acf":[],"yoast_head":"<!-- This site is optimized with the Yoast SEO plugin v27.2 - https:\/\/yoast.com\/product\/yoast-seo-wordpress\/ -->\n<title>Campus Vygon Espa\u00f1a - Blog sobre t\u00e9cnicas y procedimientos para personal sanitario<\/title>\n<meta name=\"description\" content=\"Informaci\u00f3n sobre t\u00e9cnicas y procedimientos en cuidados intensivos, anestesia, emergencias, obstetr\u00edcia, neonatolog\u00eda, nutrici\u00f3n enteral y ter\u00e1pias intravasculares\" \/>\n<meta name=\"robots\" content=\"index, follow, max-snippet:-1, max-image-preview:large, max-video-preview:-1\" \/>\n<link rel=\"canonical\" href=\"https:\/\/campusvygon.com\/es\/blog\/\" \/>\n<meta property=\"og:locale\" content=\"es_ES\" \/>\n<meta property=\"og:type\" content=\"article\" \/>\n<meta property=\"og:title\" content=\"Campus Vygon Espa\u00f1a - Blog sobre t\u00e9cnicas y procedimientos para personal sanitario\" \/>\n<meta property=\"og:description\" content=\"Informaci\u00f3n sobre t\u00e9cnicas y procedimientos en cuidados intensivos, anestesia, emergencias, obstetr\u00edcia, neonatolog\u00eda, nutrici\u00f3n enteral y ter\u00e1pias intravasculares\" \/>\n<meta property=\"og:url\" content=\"https:\/\/campusvygon.com\/es\/blog\/\" \/>\n<meta property=\"og:site_name\" content=\"Campus Vygon Espa\u00f1a\" \/>\n<meta property=\"article:modified_time\" content=\"2021-05-12T06:11:18+00:00\" \/>\n<meta property=\"og:image\" content=\"https:\/\/campusvygon.com\/es\/wp-content\/uploads\/sites\/7\/2020\/04\/vygblog-tecnicas-y-procedimientos-para-personal-sanitario.jpg\" \/>\n\t<meta property=\"og:image:width\" content=\"1024\" \/>\n\t<meta property=\"og:image:height\" content=\"512\" \/>\n\t<meta property=\"og:image:type\" content=\"image\/jpeg\" \/>\n<meta name=\"twitter:card\" content=\"summary_large_image\" \/>\n<meta name=\"twitter:image\" content=\"https:\/\/campusvygon.com\/es\/wp-content\/uploads\/sites\/7\/2020\/04\/vygblog-tecnicas-y-procedimientos-para-personal-sanitario.jpg\" \/>\n<script type=\"application\/ld+json\" class=\"yoast-schema-graph\">{\"@context\":\"https:\/\/schema.org\",\"@graph\":[{\"@type\":\"WebPage\",\"@id\":\"https:\/\/campusvygon.com\/es\/blog\/\",\"url\":\"https:\/\/campusvygon.com\/es\/blog\/\",\"name\":\"Campus Vygon Espa\u00f1a - Blog sobre t\u00e9cnicas y procedimientos para personal sanitario\",\"isPartOf\":{\"@id\":\"https:\/\/campusvygon.com\/es\/#website\"},\"primaryImageOfPage\":{\"@id\":\"https:\/\/campusvygon.com\/es\/blog\/#primaryimage\"},\"image\":{\"@id\":\"https:\/\/campusvygon.com\/es\/blog\/#primaryimage\"},\"thumbnailUrl\":\"https:\/\/campusvygon.com\/es\/wp-content\/uploads\/sites\/7\/2020\/09\/blog-campus-vygon.jpg\",\"datePublished\":\"2020-04-14T13:53:23+00:00\",\"dateModified\":\"2021-05-12T06:11:18+00:00\",\"description\":\"Informaci\u00f3n sobre t\u00e9cnicas y procedimientos en cuidados intensivos, anestesia, emergencias, obstetr\u00edcia, neonatolog\u00eda, nutrici\u00f3n enteral y ter\u00e1pias intravasculares\",\"breadcrumb\":{\"@id\":\"https:\/\/campusvygon.com\/es\/blog\/#breadcrumb\"},\"inLanguage\":\"es\",\"potentialAction\":[{\"@type\":\"ReadAction\",\"target\":[\"https:\/\/campusvygon.com\/es\/blog\/\"]}]},{\"@type\":\"ImageObject\",\"inLanguage\":\"es\",\"@id\":\"https:\/\/campusvygon.com\/es\/blog\/#primaryimage\",\"url\":\"https:\/\/campusvygon.com\/es\/wp-content\/uploads\/sites\/7\/2020\/09\/blog-campus-vygon.jpg\",\"contentUrl\":\"https:\/\/campusvygon.com\/es\/wp-content\/uploads\/sites\/7\/2020\/09\/blog-campus-vygon.jpg\",\"width\":1024,\"height\":512,\"caption\":\"blog-campus-vygon\"},{\"@type\":\"BreadcrumbList\",\"@id\":\"https:\/\/campusvygon.com\/es\/blog\/#breadcrumb\",\"itemListElement\":[{\"@type\":\"ListItem\",\"position\":1,\"name\":\"Portada\",\"item\":\"https:\/\/campusvygon.com\/es\/\"},{\"@type\":\"ListItem\",\"position\":2,\"name\":\"Campus Vygon &#8211; T\u00e9cnicas y procedimientos para personal sanitario\"}]},{\"@type\":\"WebSite\",\"@id\":\"https:\/\/campusvygon.com\/es\/#website\",\"url\":\"https:\/\/campusvygon.com\/es\/\",\"name\":\"Campus Vygon Espa\u00f1a\",\"description\":\"Un espacio para aprender sobre procedimientos y t\u00e9cnicas sanitarias de la mano de profesionales de referencia.\",\"potentialAction\":[{\"@type\":\"SearchAction\",\"target\":{\"@type\":\"EntryPoint\",\"urlTemplate\":\"https:\/\/campusvygon.com\/es\/?s={search_term_string}\"},\"query-input\":{\"@type\":\"PropertyValueSpecification\",\"valueRequired\":true,\"valueName\":\"search_term_string\"}}],\"inLanguage\":\"es\"}]}<\/script>\n<!-- \/ Yoast SEO plugin. -->","yoast_head_json":{"title":"Campus Vygon Espa\u00f1a - Blog sobre t\u00e9cnicas y procedimientos para personal sanitario","description":"Informaci\u00f3n sobre t\u00e9cnicas y procedimientos en cuidados intensivos, anestesia, emergencias, obstetr\u00edcia, neonatolog\u00eda, nutrici\u00f3n enteral y ter\u00e1pias intravasculares","robots":{"index":"index","follow":"follow","max-snippet":"max-snippet:-1","max-image-preview":"max-image-preview:large","max-video-preview":"max-video-preview:-1"},"canonical":"https:\/\/campusvygon.com\/es\/blog\/","og_locale":"es_ES","og_type":"article","og_title":"Campus Vygon Espa\u00f1a - Blog sobre t\u00e9cnicas y procedimientos para personal sanitario","og_description":"Informaci\u00f3n sobre t\u00e9cnicas y procedimientos en cuidados intensivos, anestesia, emergencias, obstetr\u00edcia, neonatolog\u00eda, nutrici\u00f3n enteral y ter\u00e1pias intravasculares","og_url":"https:\/\/campusvygon.com\/es\/blog\/","og_site_name":"Campus Vygon Espa\u00f1a","article_modified_time":"2021-05-12T06:11:18+00:00","og_image":[{"width":1024,"height":512,"url":"https:\/\/campusvygon.com\/es\/wp-content\/uploads\/sites\/7\/2020\/04\/vygblog-tecnicas-y-procedimientos-para-personal-sanitario.jpg","type":"image\/jpeg"}],"twitter_card":"summary_large_image","twitter_image":"https:\/\/campusvygon.com\/es\/wp-content\/uploads\/sites\/7\/2020\/04\/vygblog-tecnicas-y-procedimientos-para-personal-sanitario.jpg","schema":{"@context":"https:\/\/schema.org","@graph":[{"@type":"WebPage","@id":"https:\/\/campusvygon.com\/es\/blog\/","url":"https:\/\/campusvygon.com\/es\/blog\/","name":"Campus Vygon Espa\u00f1a - Blog sobre t\u00e9cnicas y procedimientos para personal sanitario","isPartOf":{"@id":"https:\/\/campusvygon.com\/es\/#website"},"primaryImageOfPage":{"@id":"https:\/\/campusvygon.com\/es\/blog\/#primaryimage"},"image":{"@id":"https:\/\/campusvygon.com\/es\/blog\/#primaryimage"},"thumbnailUrl":"https:\/\/campusvygon.com\/es\/wp-content\/uploads\/sites\/7\/2020\/09\/blog-campus-vygon.jpg","datePublished":"2020-04-14T13:53:23+00:00","dateModified":"2021-05-12T06:11:18+00:00","description":"Informaci\u00f3n sobre t\u00e9cnicas y procedimientos en cuidados intensivos, anestesia, emergencias, obstetr\u00edcia, neonatolog\u00eda, nutrici\u00f3n enteral y ter\u00e1pias intravasculares","breadcrumb":{"@id":"https:\/\/campusvygon.com\/es\/blog\/#breadcrumb"},"inLanguage":"es","potentialAction":[{"@type":"ReadAction","target":["https:\/\/campusvygon.com\/es\/blog\/"]}]},{"@type":"ImageObject","inLanguage":"es","@id":"https:\/\/campusvygon.com\/es\/blog\/#primaryimage","url":"https:\/\/campusvygon.com\/es\/wp-content\/uploads\/sites\/7\/2020\/09\/blog-campus-vygon.jpg","contentUrl":"https:\/\/campusvygon.com\/es\/wp-content\/uploads\/sites\/7\/2020\/09\/blog-campus-vygon.jpg","width":1024,"height":512,"caption":"blog-campus-vygon"},{"@type":"BreadcrumbList","@id":"https:\/\/campusvygon.com\/es\/blog\/#breadcrumb","itemListElement":[{"@type":"ListItem","position":1,"name":"Portada","item":"https:\/\/campusvygon.com\/es\/"},{"@type":"ListItem","position":2,"name":"Campus Vygon &#8211; T\u00e9cnicas y procedimientos para personal sanitario"}]},{"@type":"WebSite","@id":"https:\/\/campusvygon.com\/es\/#website","url":"https:\/\/campusvygon.com\/es\/","name":"Campus Vygon Espa\u00f1a","description":"Un espacio para aprender sobre procedimientos y t\u00e9cnicas sanitarias de la mano de profesionales de referencia.","potentialAction":[{"@type":"SearchAction","target":{"@type":"EntryPoint","urlTemplate":"https:\/\/campusvygon.com\/es\/?s={search_term_string}"},"query-input":{"@type":"PropertyValueSpecification","valueRequired":true,"valueName":"search_term_string"}}],"inLanguage":"es"}]}},"_links":{"self":[{"href":"https:\/\/campusvygon.com\/es\/wp-json\/wp\/v2\/pages\/7496","targetHints":{"allow":["GET"]}}],"collection":[{"href":"https:\/\/campusvygon.com\/es\/wp-json\/wp\/v2\/pages"}],"about":[{"href":"https:\/\/campusvygon.com\/es\/wp-json\/wp\/v2\/types\/page"}],"author":[{"embeddable":true,"href":"https:\/\/campusvygon.com\/es\/wp-json\/wp\/v2\/users\/4"}],"replies":[{"embeddable":true,"href":"https:\/\/campusvygon.com\/es\/wp-json\/wp\/v2\/comments?post=7496"}],"version-history":[{"count":52,"href":"https:\/\/campusvygon.com\/es\/wp-json\/wp\/v2\/pages\/7496\/revisions"}],"predecessor-version":[{"id":12084,"href":"https:\/\/campusvygon.com\/es\/wp-json\/wp\/v2\/pages\/7496\/revisions\/12084"}],"wp:featuredmedia":[{"embeddable":true,"href":"https:\/\/campusvygon.com\/es\/wp-json\/wp\/v2\/media\/12085"}],"wp:attachment":[{"href":"https:\/\/campusvygon.com\/es\/wp-json\/wp\/v2\/media?parent=7496"}],"curies":[{"name":"wp","href":"https:\/\/api.w.org\/{rel}","templated":true}]}}