{"id":54376,"date":"2026-04-27T15:39:39","date_gmt":"2026-04-27T13:39:39","guid":{"rendered":"https:\/\/campusvygon.com\/global\/?page_id=54376"},"modified":"2026-04-27T15:48:30","modified_gmt":"2026-04-27T13:48:30","slug":"politique-de-cookies","status":"publish","type":"page","link":"https:\/\/campusvygon.com\/global\/politique-de-cookies\/?lang=fr","title":{"rendered":"Politique de cookies"},"content":{"rendered":"<p>[et_pb_section fb_built=&#8221;1&#8243; _builder_version=&#8221;4.27.4&#8243; _module_preset=&#8221;default&#8221; da_disable_devices=&#8221;off|off|off&#8221; locked=&#8221;off&#8221; global_colors_info=&#8221;{}&#8221; theme_builder_area=&#8221;post_content&#8221; da_is_popup=&#8221;off&#8221; da_exit_intent=&#8221;off&#8221; da_has_close=&#8221;on&#8221; da_alt_close=&#8221;off&#8221; da_dark_close=&#8221;off&#8221; da_not_modal=&#8221;on&#8221; da_is_singular=&#8221;off&#8221; da_with_loader=&#8221;off&#8221; da_has_shadow=&#8221;on&#8221;][et_pb_row _builder_version=&#8221;4.25.0&#8243; _module_preset=&#8221;default&#8221; width=&#8221;90%&#8221; max_width=&#8221;1500px&#8221; custom_padding=&#8221;0px||0px||true|false&#8221; border_width_left=&#8221;7px&#8221; border_color_left=&#8221;gcid-2bd31fdf-6b39-4af6-9bfa-e1ff7e1fe420&#8243; locked=&#8221;off&#8221; global_colors_info=&#8221;{%22gcid-2bd31fdf-6b39-4af6-9bfa-e1ff7e1fe420%22:%91%22border_color_left%22%93}&#8221; theme_builder_area=&#8221;post_content&#8221;][et_pb_column type=&#8221;4_4&#8243; _builder_version=&#8221;4.25.0&#8243; _module_preset=&#8221;default&#8221; custom_padding=&#8221;0px||0px||true|false&#8221; global_colors_info=&#8221;{}&#8221; theme_builder_area=&#8221;post_content&#8221;][et_pb_text _builder_version=&#8221;4.27.6&#8243; _module_preset=&#8221;default&#8221; header_font=&#8221;|&#8211;et_global_heading_font_weight|||||||&#8221; header_font_size=&#8221;60px&#8221; header_line_height=&#8221;1.4em&#8221; custom_margin=&#8221;-35px||-37px||false|false&#8221; custom_padding=&#8221;0px|||25px|false|false&#8221; hover_enabled=&#8221;0&#8243; border_color_left=&#8221;gcid-0bb4aa88-854d-46ad-8783-5c2933726464&#8243; global_colors_info=&#8221;{%22gcid-0bb4aa88-854d-46ad-8783-5c2933726464%22:%91%22border_color_left%22%93}&#8221; theme_builder_area=&#8221;post_content&#8221; sticky_enabled=&#8221;0&#8243;]<\/p>\n<h1>Politique de cookies<\/h1>\n<p>[\/et_pb_text][\/et_pb_column][\/et_pb_row][\/et_pb_section][et_pb_section fb_built=&#8221;1&#8243; _builder_version=&#8221;4.27.4&#8243; _module_preset=&#8221;default&#8221; custom_padding=&#8221;0px|||||&#8221; da_disable_devices=&#8221;off|off|off&#8221; locked=&#8221;off&#8221; global_colors_info=&#8221;{}&#8221; theme_builder_area=&#8221;post_content&#8221; da_is_popup=&#8221;off&#8221; da_exit_intent=&#8221;off&#8221; da_has_close=&#8221;on&#8221; da_alt_close=&#8221;off&#8221; da_dark_close=&#8221;off&#8221; da_not_modal=&#8221;on&#8221; da_is_singular=&#8221;off&#8221; da_with_loader=&#8221;off&#8221; da_has_shadow=&#8221;on&#8221;][et_pb_row _builder_version=&#8221;4.25.0&#8243; _module_preset=&#8221;default&#8221; width=&#8221;90%&#8221; max_width=&#8221;1500px&#8221; custom_padding=&#8221;||4px|||&#8221; locked=&#8221;off&#8221; global_colors_info=&#8221;{}&#8221; theme_builder_area=&#8221;post_content&#8221;][et_pb_column type=&#8221;4_4&#8243; _builder_version=&#8221;4.24.2&#8243; _module_preset=&#8221;default&#8221; global_colors_info=&#8221;{}&#8221; theme_builder_area=&#8221;post_content&#8221;][et_pb_text _builder_version=&#8221;4.27.6&#8243; _module_preset=&#8221;default&#8221; link_font=&#8221;|600|||||||&#8221; custom_margin=&#8221;47px|||||&#8221; hover_enabled=&#8221;0&#8243; global_colors_info=&#8221;{}&#8221; theme_builder_area=&#8221;post_content&#8221; sticky_enabled=&#8221;0&#8243;]<\/p>\n<h3>Quel est l&#8217;objectif de cette politique ?<\/h3>\n<p>Vygon, qui g\u00e8re le site web www.campusvygon.com, accorde une grande importance \u00e0 la confidentialit\u00e9 de vos donn\u00e9es, ce qui constitue pour nous un gage de s\u00e9rieux et de confiance, qu&#8217;il s&#8217;agisse de cookies ou de donn\u00e9es \u00e0 caract\u00e8re personnel. La pr\u00e9sente politique en mati\u00e8re de cookies a pour but de vous expliquer pourquoi nous utilisons des cookies et tout autre type de traceurs lorsque vous naviguez sur notre site web www.campusvygon.com.<\/p>\n<p>Par ailleurs, la pr\u00e9sente Politique en mati\u00e8re de cookies ne concerne que les traitements li\u00e9s au d\u00e9p\u00f4t de cookies et de traceurs. Pour les autres traitements que nous effectuons, veuillez consulter notre Politique de confidentialit\u00e9, accessible \u00e0 tout moment sur notre site web www.campusvygon.com.<\/p>\n<h3>Qu&#8217;est-ce qu&#8217;un cookie et \u00e0 quoi sert-il ?<\/h3>\n<p>Les cookies et autres traceurs sont de petits fichiers \u00ab texte \u00bb plac\u00e9s et h\u00e9berg\u00e9s par un serveur sur votre smartphone, votre tablette ou votre ordinateur lorsque vous visitez un site web.<br \/>Les cookies ne vous identifient pas personnellement mais identifient votre terminal (par exemple, smartphone, tablette, etc.) via votre adresse IP, ainsi que diverses informations li\u00e9es \u00e0 votre navigation (par exemple, dur\u00e9e de navigation, pages consult\u00e9es, etc.) afin de :<\/p>\n<ul>\n<li>m\u00e9moriser votre identifiant pour vous reconna\u00eetre lorsque vous vous reconnectez \u00e0 un site web et conserver vos choix (par exemple : langues, refus des cookies, conservation de votre panier, etc.)<\/li>\n<li>suivre et analyser votre utilisation d&#8217;un site web \u00e0 des fins statistiques afin d&#8217;am\u00e9liorer votre exp\u00e9rience et de vous fournir un service adapt\u00e9 \u00e0 vos besoins ;<\/li>\n<li>vous permettre de naviguer et d&#8217;utiliser un site web dans des conditions optimales ;<\/li>\n<li>analyser votre utilisation d&#8217;un site web afin de vous proposer des publicit\u00e9s adapt\u00e9es \u00e0 vos besoins, soit sur ce site web, soit sur d&#8217;autres sites web.<\/li>\n<\/ul>\n<p>Pour plus d&#8217;informations \u00e0 ce sujet, vous pouvez consulter les sites web suivants : www.cnil.fr, www.allaboutcookies.org et www.youronlinechoices.eu.<\/p>\n<h3>Pourquoi utilisons-nous des cookies et pendant combien de temps ?<\/h3>\n<p>Lorsque vous vous connectez \u00e0 notre site web www.vygon.com, nous pouvons placer des cookies sur votre terminal uniquement pour les raisons et aux fins suivantes :<\/p>\n<ul>\n<li>Des cookies techniques qui vous permettent d&#8217;utiliser notre site web www.vygon.com en toute s\u00e9curit\u00e9, sur la base de notre int\u00e9r\u00eat l\u00e9gitime \u00e0 vous fournir un site web de qualit\u00e9.<\/li>\n<li>Des cookies techniques qui permettent le fonctionnement des vid\u00e9os sur notre site www.vygon.com, sur la base de votre consentement pr\u00e9alable.<\/li>\n<li>Des cookies statistiques qui nous permettent de conna\u00eetre l&#8217;utilisation que vous faites de notre site (par exemple, la dur\u00e9e de consultation d&#8217;une page, les pages consult\u00e9es, etc.) sur la base de votre consentement pr\u00e9alable.<\/li>\n<li>Des cookies statistiques et techniques qui permettent le fonctionnement de notre page de publication Twitter sur notre site web, sur la base de votre consentement pr\u00e9alable.<\/li>\n<\/ul>\n<p>&nbsp;<\/p>\n<p>[\/et_pb_text][et_pb_text _builder_version=&#8221;4.27.6&#8243; _module_preset=&#8221;default&#8221; link_font=&#8221;|600|||||||&#8221; custom_margin=&#8221;47px|||||&#8221; hover_enabled=&#8221;0&#8243; global_colors_info=&#8221;{}&#8221; theme_builder_area=&#8221;post_content&#8221; sticky_enabled=&#8221;0&#8243;]<\/p>\n<p>Nous tenons toutefois \u00e0 pr\u00e9ciser que nous n&#8217;utilisons jamais de cookies tiers, c&#8217;est-\u00e0-dire de cookies utilis\u00e9s \u00e0 des fins publicitaires et transmis \u00e0 des partenaires. Tous les cookies utilis\u00e9s sont h\u00e9berg\u00e9s et g\u00e9r\u00e9s par notre \u00e9quipe.<\/p>\n<p>Dans tous les cas, les cookies d\u00e9pos\u00e9s, quelle que soit leur nature, sont conserv\u00e9s pendant une dur\u00e9e maximale de 13 mois \u00e0 compter de leur installation et ne sont renouvel\u00e9s qu&#8217;en cas de nouvelle connexion \u00e0 notre site web \u00e0 l&#8217;issue de cette p\u00e9riode. Si vous souhaitez obtenir plus de d\u00e9tails sur la dur\u00e9e d&#8217;utilisation de nos cookies, veuillez nous contacter \u00e0 l&#8217;adresse gdpr@vygon.com.<\/p>\n<h3>Quel contr\u00f4le avez-vous sur ces \u00ab cookies \u00bb ?<\/h3>\n<p>Vous ne pouvez pas vous opposer au d\u00e9p\u00f4t de cookies techniques, car ils sont n\u00e9cessaires au bon fonctionnement de notre site, qui serait autrement potentiellement inutilisable.<\/p>\n<p>Comme mentionn\u00e9 ci-dessus, cette exception ne s&#8217;applique pas aux cookies techniques plac\u00e9s sur votre terminal pour faire fonctionner des vid\u00e9os. Dans ce cas, le d\u00e9p\u00f4t de cookies n&#8217;est possible que si vous y avez pr\u00e9alablement consenti.<\/p>\n<p>Toutefois, outre les droits d\u00e9taill\u00e9s dans notre Politique de confidentialit\u00e9, vous avez bien s\u00fbr le droit de refuser ou de retirer votre consentement \u00e0 l&#8217;installation de tous les autres types de cookies sur votre terminal.<\/p>\n<p>Le droit de refuser les cookies peut \u00eatre exerc\u00e9 \u00e0 tout moment via notre banni\u00e8re de cookies. Si la banni\u00e8re de cookies n&#8217;est plus affich\u00e9e, vous pouvez \u00e9galement configurer les cookies directement sur votre navigateur en suivant les instructions ci-dessous : Chrome, Microsoft Edge, Safari, Firefox et Opera.<\/p>\n<h3>Qui pouvez-vous contacter pour plus d&#8217;informations ?<\/h3>\n<p>Nous avons officiellement d\u00e9sign\u00e9 un d\u00e9l\u00e9gu\u00e9 \u00e0 la protection des donn\u00e9es (\u00ab DPO \u00bb) externe et ind\u00e9pendant aupr\u00e8s de notre autorit\u00e9 de contr\u00f4le afin de garantir la s\u00e9curit\u00e9 et la confidentialit\u00e9 de vos donn\u00e9es \u00e0 caract\u00e8re personnel.<\/p>\n<p>Vous pouvez contacter notre DPO \u00e0 tout moment et gratuitement \u00e0 l&#8217;adresse gdpr@vygon.com afin d&#8217;obtenir plus d&#8217;informations ou de d\u00e9tails sur la mani\u00e8re dont nous traitons vos donn\u00e9es \u00e0 caract\u00e8re personnel.<\/p>\n<h3>Comment contacter la CNIL ?<\/h3>\n<p>Vous pouvez \u00e0 tout moment contacter la Commission nationale de l&#8217;informatique et des libert\u00e9s (CNIL) \u00e0 l&#8217;adresse suivante : Service des r\u00e9clamations de la CNIL, 3 place de Fontenoy &#8211; TSA 80751, 75334 Paris Cedex 07 ou par t\u00e9l\u00e9phone au 01.53.73.22.22.<\/p>\n<h3>Cette politique peut-elle \u00eatre modifi\u00e9e ?<\/h3>\n<p>Nous pouvons modifier notre Politique en mati\u00e8re de cookies \u00e0 tout moment afin de l&#8217;adapter aux nouvelles exigences l\u00e9gales et aux nouveaux traitements que nous pourrions mettre en \u0153uvre \u00e0 l&#8217;avenir.<\/p>\n<p>[\/et_pb_text][\/et_pb_column][\/et_pb_row][et_pb_row _builder_version=&#8221;4.27.4&#8243; _module_preset=&#8221;default&#8221; width=&#8221;90%&#8221; max_width=&#8221;1500px&#8221; global_colors_info=&#8221;{}&#8221; theme_builder_area=&#8221;post_content&#8221;][et_pb_column type=&#8221;4_4&#8243; _builder_version=&#8221;4.27.4&#8243; _module_preset=&#8221;default&#8221; global_colors_info=&#8221;{}&#8221; theme_builder_area=&#8221;post_content&#8221;][et_pb_text _builder_version=&#8221;4.27.6&#8243; _module_preset=&#8221;default&#8221; global_colors_info=&#8221;{}&#8221; theme_builder_area=&#8221;post_content&#8221;]<\/p>\n<h3>Matomo<\/h3>\n<p>[\/et_pb_text][et_pb_code _builder_version=&#8221;4.27.6&#8243; _module_preset=&#8221;default&#8221; hover_enabled=&#8221;0&#8243; global_colors_info=&#8221;{}&#8221; theme_builder_area=&#8221;post_content&#8221; sticky_enabled=&#8221;0&#8243;]<\/p>\n<div id=\"matomo-opt-out\"><\/div>\n<p><!-- [et_pb_line_break_holder] --><script src=\"https:\/\/vygon.matomo.cloud\/index.php?module=CoreAdminHome&#038;action=optOutJS&#038;divId=matomo-opt-out&#038;language=auto&#038;showIntro=1\"><\/script>[\/et_pb_code][\/et_pb_column][\/et_pb_row][\/et_pb_section]<\/p>\n","protected":false},"excerpt":{"rendered":"<p>Politique de cookiesQuel est l&#8217;objectif de cette politique ? Vygon, qui g\u00e8re le site web www.campusvygon.com, accorde une grande importance \u00e0 la confidentialit\u00e9 de vos donn\u00e9es, ce qui constitue pour nous un gage de s\u00e9rieux et de confiance, qu&#8217;il s&#8217;agisse de cookies ou de donn\u00e9es \u00e0 caract\u00e8re personnel. La pr\u00e9sente politique en mati\u00e8re de cookies a pour but de vous expliquer pourquoi nous utilisons des cookies et tout autre type de traceurs lorsque vous naviguez sur notre site web www.campusvygon.com. Par ailleurs, la pr\u00e9sente Politique en mati\u00e8re de cookies ne concerne que les traitements li\u00e9s au d\u00e9p\u00f4t de cookies et de traceurs. Pour les autres traitements que nous effectuons, veuillez consulter notre Politique de confidentialit\u00e9, accessible \u00e0 tout moment sur notre site web www.campusvygon.com. Qu&#8217;est-ce qu&#8217;un cookie et \u00e0 quoi sert-il ? Les cookies et autres traceurs sont de petits fichiers \u00ab texte \u00bb plac\u00e9s et h\u00e9berg\u00e9s par un serveur sur votre smartphone, votre tablette ou votre ordinateur lorsque vous visitez un site web.Les cookies ne vous identifient pas personnellement mais identifient votre terminal (par exemple, smartphone, tablette, etc.) via votre adresse IP, ainsi que diverses informations li\u00e9es \u00e0 votre navigation (par exemple, dur\u00e9e de navigation, pages consult\u00e9es, etc.) afin [&hellip;]<\/p>\n","protected":false},"author":4,"featured_media":0,"parent":0,"menu_order":0,"comment_status":"closed","ping_status":"closed","template":"","meta":{"_acf_changed":false,"_et_pb_use_builder":"on","_et_pb_old_content":"","_et_gb_content_width":"","footnotes":""},"class_list":["post-54376","page","type-page","status-publish","hentry"],"acf":[],"_links":{"self":[{"href":"https:\/\/campusvygon.com\/global\/wp-json\/wp\/v2\/pages\/54376","targetHints":{"allow":["GET"]}}],"collection":[{"href":"https:\/\/campusvygon.com\/global\/wp-json\/wp\/v2\/pages"}],"about":[{"href":"https:\/\/campusvygon.com\/global\/wp-json\/wp\/v2\/types\/page"}],"author":[{"embeddable":true,"href":"https:\/\/campusvygon.com\/global\/wp-json\/wp\/v2\/users\/4"}],"replies":[{"embeddable":true,"href":"https:\/\/campusvygon.com\/global\/wp-json\/wp\/v2\/comments?post=54376"}],"version-history":[{"count":5,"href":"https:\/\/campusvygon.com\/global\/wp-json\/wp\/v2\/pages\/54376\/revisions"}],"predecessor-version":[{"id":54383,"href":"https:\/\/campusvygon.com\/global\/wp-json\/wp\/v2\/pages\/54376\/revisions\/54383"}],"wp:attachment":[{"href":"https:\/\/campusvygon.com\/global\/wp-json\/wp\/v2\/media?parent=54376"}],"curies":[{"name":"wp","href":"https:\/\/api.w.org\/{rel}","templated":true}]}}