{"id":36871,"date":"2025-02-13T22:35:34","date_gmt":"2025-02-13T21:35:34","guid":{"rendered":"https:\/\/campusvygon.com\/it\/?page_id=36871"},"modified":"2025-02-13T22:37:56","modified_gmt":"2025-02-13T21:37:56","slug":"informazione-legale","status":"publish","type":"page","link":"https:\/\/campusvygon.com\/it\/informazione-legale\/","title":{"rendered":"Informazione legale"},"content":{"rendered":"\n<p>Informazione legale:<\/p>\n\n\n\n<p>DATI IDENTIFICATIVI DEL FORNITORE DI SERVIZI DELLA SOCIET\u00c0 DELL\u2019INFORMAZIONE.<\/p>\n\n\n\n<p>In conformit\u00e0 con l\u2019articolo 10 della legge 34\/2002, sui servizi della societ\u00e0 dell\u2019informazione e commercio elettronico, si informa che il proprietario del sito web \u00e8:<\/p>\n\n\n\n<p><strong>Denominazione:<\/strong>&nbsp;VYGON SA<\/p>\n\n\n\n<p><strong>Codice fiscale:<\/strong>&nbsp;A28536480<\/p>\n\n\n\n<p><strong>Sede legale:&nbsp;<\/strong>Pol\u00edgono Industrial Fuente del Jarro, Carrer Ciutat de Sevilla, 34, 46988 Paterna, Valencia, Spagna<\/p>\n\n\n\n<p><strong>Tel\u00e9fono:<\/strong>&nbsp;+34 961 34 30 30 \/ +39 0498297811<\/p>\n\n\n\n<p><strong>E-mail:<\/strong>&nbsp;<a href=\"mailto:campusitalia@vygon.com\">campusitalia@vygon.com<\/a><\/p>\n\n\n\n<p>Introduzione<\/p>\n\n\n\n<p>Il presente Avviso Legale regola l\u2019utilizzo del sito web https:\/\/campusvygon.com\/it\/ di propriet\u00e0 di VYGON S.A. ed erogante servizi e funzionalit\u00e0 anche nell\u2019interesse della societ\u00e0 italiana, parte del medesimo gruppo, Vygon Italia S.r.l. (P. IVA: 02173550282; con sede in Viale dell&#8217;Industria 60\/1, 35129 Padova (Italy)).<\/p>\n\n\n\n<p>L\u2019accesso al sito web \u00e8 gratuito ad eccezione del costo di connessione attraverso la rete di telecomunicazioni fornita dal provider di accesso contrattato dagli utenti.<\/p>\n\n\n\n<p>Accettazione<\/p>\n\n\n\n<p>L\u2019uso del sito web conferisce la condizione di utente e implica l\u2019accettazione di tutte le condizioni e termini di utilizzo inclusi in questo Avviso Legale.<\/p>\n\n\n\n<p>Si raccomanda agli utenti di leggere attentamente il presente Avviso Legale periodicamente, dato che le condizioni di utilizzo dello stesso, contenute nel suddetto Avviso, possono soffrire di modifiche.<\/p>\n\n\n\n<p>VYGON S.A. si riserva il diritto di modificare unilateralmente le condizioni e i termini di utilizzo di questa pagina. Tali modifiche saranno pubblicate in modo visibile sul sito web, indicando la data dell\u2019ultimo aggiornamento nella parte superiore del documento. Se lei continua a fare uso dei servizi forniti nel sito web, una volta che le condizioni d\u2019uso dello stesso sono state modificate, si intende che lei accetta le modifiche apportate allo stesso.<\/p>\n\n\n\n<p>Navigazione, accesso e sicurezza<\/p>\n\n\n\n<p>L\u2019accesso e la navigazione in questo sito web implicano l\u2019accettazione e la conoscenza delle avvertenze legali, delle condizioni e dei termini d\u2019uso in esso contenuti. VYGON SA, fa ogni sforzo per garantire che la navigazione si svolga nelle migliori condizioni possibili e per evitare danni di qualsiasi tipo che possano essere causati durante la navigazione.<\/p>\n\n\n\n<p>I titolari non assumono alcuna responsabilit\u00e0 per i danni di qualsiasi tipo che possono essere causati agli Utenti dall\u2019uso di altri browser o versioni diverse dei browser per i quali il sito web \u00e8 stato progettato.<\/p>\n\n\n\n<p>L\u2019accesso a questo sito web \u00e8 effettuato in un ambiente sicuro, in modo che le informazioni siano trasmesse in forma criptata.<\/p>\n\n\n\n<p>Obblighi dell\u2019utente<\/p>\n\n\n\n<p><strong>Obbligo di utilizzare correttamente il sito<\/strong><\/p>\n\n\n\n<p>Le condizioni di accesso e di utilizzo di questo sito web sono soggette alla normativa vigente e ai principi di buona fede e di lecito uso da parte dell\u2019utente dello stesso, essendo vietata, in generale, qualsiasi tipo di azione a danno di VYGON S.A., e contraria a questo Avviso Legale.<\/p>\n\n\n\n<p>L\u2019utente accetta di utilizzare questo servizio senza incorrere in attivit\u00e0 che possono essere considerate illecite o illegali, che violano i diritti di VYGON S.A., o di terzi, o che possano danneggiare, disabilitare, sovraccaricare o deteriorare la pagina Web o impedire il normale utilizzo. da altri utenti.<\/p>\n\n\n\n<p><strong>Divieti<\/strong><\/p>\n\n\n\n<p>L\u2019uso di questo sito Web per scopi illegali o non autorizzati \u00e8 vietato, in particolare e senza limitazioni:<\/p>\n\n\n\n<p>1) Qualsiasi forma di violazione dei diritti di terzi (diritto alla privacy, diritto alla propria immagine, diritti di propriet\u00e0 intellettuale e industriale, ecc.).<\/p>\n\n\n\n<p>2) Eseguire, utilizzando i contenuti di questo sito Web, qualsiasi tipo di pubblicit\u00e0 come l\u2019invio di email non richieste (spam) o comunicazioni simili.<\/p>\n\n\n\n<p>3) Introdurre virus informatici, file difettosi o qualsiasi altro software o programma informatico che possa causare danni o alterazioni non autorizzate al contenuto o ai sistemi accessibili tramite questo sito web.<\/p>\n\n\n\n<p>Novit\u00e0<\/p>\n\n\n\n<p>Le informazioni che appaiono su questo sito web sono aggiornate alla data del suo ultimo aggiornamento.<\/p>\n\n\n\n<p>Il Titolare del sito si riserva il diritto di aggiornare, modificare o cancellare le informazioni contenute in questo sito web.<\/p>\n\n\n\n<p>Propriet\u00e0 intellettuale<\/p>\n\n\n\n<p>Tutte le informazioni contenute in questa pagina web, cos\u00ec come la sua veste grafica ed i codici utilizzati, sono protetti dal diritto d\u2019autore o da altri diritti di tutela contenuti nel Regio Decreto Legislativo 1\/1996, del 12 aprile, che approva il Testo Revisionato della Propriet\u00e0 Intellettuale Legge.&nbsp;Tali diritti appartengono esclusivamente a VYGON S.A., o ai suoi licenzianti, pertanto, qualsiasi atto di riproduzione, distribuzione, trasformazione o comunicazione pubblica, nonch\u00e9 qualsiasi tipo di trasferimento, in tutto o in parte, dei contenuti di questo sito, ed in generale di qualsiasi oggetto che, secondo la normativa vigente, sia protetto dalle norme sulla propriet\u00e0 intellettuale.<\/p>\n\n\n\n<p>Tutti i contenuti del web e tutti i contenuti disponibili attraverso i prodotti e servizi del Titolare inclusi design, testo, grafica, immagini, video, informazioni, applicazioni, software, musica, suoni e altri file, nonch\u00e9 la loro selezione e disposizione (i \u201cContenuti\u201d) sono di propriet\u00e0 esclusiva del Titolare o dei suoi concessori di licenza, con tutti i diritti riservati.<\/p>\n\n\n\n<p>Nessuna parte del Contenuto del Sito pu\u00f2 essere modificata, copiata, distribuita, incorniciata, riprodotta, ripubblicata, scaricata, estratta, visualizzata, pubblicata, trasmessa o venduta in qualsiasi modo o con qualsiasi mezzo, in tutto o in parte, senza il preventivo consenso scritto del titolo.&nbsp;Non \u00e8 consentito caricare o ripubblicare Contenuti Web su qualsiasi sito Internet, Intranet o Extranet o integrare le informazioni in database o compilation.&nbsp;Qualsiasi altro uso dei Contenuti del Sito \u00e8 severamente vietato.<\/p>\n\n\n\n<p>Il contenuto di questa pagina non deve essere utilizzato per scopi di divulgazione pubblica o commerciale, e non deve essere modificato senza il preventivo consenso scritto del Titolare.<\/p>\n\n\n\n<p>Marchi<\/p>\n\n\n\n<p>Tutti i marchi, loghi e anagrammi mostrati in questo sito sono di propriet\u00e0 di VYGON S.A. o di societ\u00e0 terze.&nbsp;\u00c8 espressamente vietato l\u2019uso, senza previo consenso, di qualsiasi elemento di questo sito che sia soggetto a protezione ai sensi della vigente normativa in materia di propriet\u00e0 industriale.&nbsp;In particolare, non possono essere utilizzati marchi, nomi commerciali, insegne, denominazioni, loghi, slogan o qualsiasi tipo di segno distintivo appartenente al Titolare.<\/p>\n\n\n\n<p>Privacy Policy<\/p>\n\n\n\n<p>Se vuoi conoscere&nbsp;la nostra Privacy Policy clicca&nbsp;<a href=\"https:\/\/campusvygon.com\/it\/aviso-legal-y-politica-de-privacidad\/#priv\">qu<\/a><a href=\"https:\/\/campusvygon.com\/it\/aviso-legal-y-politica-de-privacidad\/#privacidad\">\u00ed.<\/a><\/p>\n\n\n\n<p>Cookie Policy<\/p>\n\n\n\n<p>Se vuoi conoscere la nostra Cookie Policy, clicca&nbsp;<a href=\"https:\/\/campusvygon.com\/it\/politica-de-cookies\/\">qu\u00ed.<\/a><\/p>\n\n\n\n<p>Collegamenti ipertestuali<\/p>\n\n\n\n<p>L\u2019utente che desidera inserire collegamenti dalle proprie pagine web a quelle di VYGON S.A., devono rispettare le condizioni di seguito dettagliate senza ignorarle esonerando le responsabilit\u00e0 derivanti dalla Legge:<\/p>\n\n\n\n<p>1) Il link riporter\u00e0 solo alla home page o alla pagina principale ma non potr\u00e0 riprodurlo in alcun modo (link in linea, copia di testi, grafica, ecc.).<\/p>\n\n\n\n<p>2) Sar\u00e0 comunque vietato, ai sensi della normativa applicabile ed in ogni momento vigente, stabilire frame o framework di qualsiasi genere che circondano questa pagina o consentire la visualizzazione dei contenuti tramite indirizzi Internet diversi da quelli del gli stessi e, comunque, quando sono visualizzati insieme a contenuti ad esso estranei in modo tale che: (I) produca, o possa produrre, errore, confusione o inganno negli utenti circa la vera origine del servizio o dei contenuti;&nbsp;(II) comporti un atto di ingiusto confronto o imitazione;&nbsp;(III) serve a sfruttare la notoriet\u00e0 del marchio e il prestigio di VYGON o (IV) in altro modo \u00e8 vietato dalla normativa vigente.<\/p>\n\n\n\n<p>3) Nessun tipo di dichiarazione falsa, inesatta o inesatta su VYGON S.A. e VYGON ITALIA S.r.l. i suoi dipendenti o sulle attivit\u00e0 da essa svolte sar\u00e0 resa dalla pagina che introduce il collegamento.<\/p>\n\n\n\n<p>4) In nessun caso la pagina in cui si trova il collegamento riporter\u00e0 che VYGON S.A. ha dato il proprio consenso al suo inserimento o che, in altro modo, sponsorizza, collabora, verifica o supervisiona i servizi del mittente.<\/p>\n\n\n\n<p>5) \u00c8 vietato l\u2019uso di qualsiasi marchio denominativo, grafico o misto o qualsiasi altro segno distintivo di VYGON ITALIA S.r.l. all\u2019interno della pagina del mittente salvo nei casi consentiti dalla legge o espressamente autorizzati da VYGON ITALIA S.r.l. e VYGON S.A., , e ogniqualvolta sia consentito, in casi, un collegamento diretto al sito web di VYGON ITALIA S.r.l. e VYGON S.A., secondo le modalit\u00e0 stabilite in questa clausola.<\/p>\n\n\n\n<p>6) La pagina che stabilisce il collegamento deve rispettare fedelmente la Legge e non pu\u00f2 comunque avere o linkare a contenuti propri o di terzi che: (i) siano illegali, lesivi o contrari al buon costume (pornografici , violento, razzista, ecc.);&nbsp;(ii) indurre o indurre nell\u2019Utente la falsa concezione che VYGON ITALIA S.r.l., sottoscriva, avalli, aderisca o in qualsiasi modo supporti le idee, affermazioni o espressioni, lecite o illecite, del mittente;&nbsp;(iii) sono inadeguati o non pertinenti all\u2019attivit\u00e0 di VYGON ITALIA S.r.l., in considerazione del luogo, del contenuto e del tema del sito web del mittente.<\/p>\n\n\n\n<p>In ogni caso, VYGON ITALIA S.r.l. e VYGON S.A., si riservano il diritto di vietare i collegamenti al proprio sito Web e di richiederne la rimozione quando non soddisfano le condizioni richieste in questa sezione.<\/p>\n\n\n\n<p>Responsabilit\u00e0<\/p>\n\n\n\n<p>L\u2019utente sar\u00e0 l\u2019unico responsabile per le infrazioni che dovessero subire o per i danni che dovessero derivare a terzi a causa dell\u2019uso improprio o illegittimo del sito web.<\/p>\n\n\n\n<p>VYGON SA non sar\u00e0 responsabile per eventuali danni o perdite che dovessero derivare da interferenze, omissioni, interruzioni, virus informatici, guasti telefonici o disconnessioni nel funzionamento operativo di sistemi elettronici o informatici, causati da cause indipendenti dalla volont\u00e0 della societ\u00e0, di ritardi o blocchi nell\u2019uso di detti sistemi causati da carenze o sovraccarichi delle linee telefoniche, sovraccarichi del sistema Internet o di altri sistemi elettronici.<\/p>\n\n\n\n<p>Il Titolare non garantisce la veridicit\u00e0 n\u00e9 \u00e8 responsabile per le conseguenze che possono derivare da errori nei contenuti forniti da terzi che possono apparire su questo sito web.<\/p>\n\n\n\n<p>Allo stesso modo, VYGON SA, non \u00e8 responsabile dei contenuti, prodotti o servizi che possono essere visualizzati tramite link elettronici (link), direttamente o indirettamente, attraverso il sito web, fatti salvi i casi previsti dall\u2019articolo 17 della Legge 34 \/2002, del 12 luglio, sui servizi della societ\u00e0 dell\u2019informazione e del commercio elettronico (LSSI).&nbsp;Nel caso in cui un utente ritenga che esista un sito collegato con contenuti illeciti o inappropriati, deve informare VYGON SA, seguendo la procedura stabilita nella sezione 9 della presente Nota Legale.<\/p>\n\n\n\n<p>I collegamenti non rappresentano necessariamente l\u2019esistenza di una relazione tra VYGON SA e le persone e le entit\u00e0 proprietarie delle pagine a cui danno accesso, n\u00e9 la raccomandazione, la promozione o l\u2019identificazione di VYGON SA, con le dichiarazioni, i contenuti o i servizi forniti tramite loro. .&nbsp;Il Titolare si riserva il diritto di ritirare unilateralmente ed in qualsiasi momento i link che compaiono sul proprio sito web.<\/p>\n\n\n\n<p>VYGON SA non \u00e8 a conoscenza dei contenuti e dei servizi dei siti collegati e, pertanto, non \u00e8 responsabile per danni causati dall\u2019illegittimit\u00e0, qualit\u00e0, obsolescenza, indisponibilit\u00e0, errore ed inutilit\u00e0 degli stessi o per qualsiasi altro danno non direttamente imputabile.<\/p>\n\n\n\n<p>Il titolare del&nbsp;<em>sito<\/em>&nbsp;declina ogni responsabilit\u00e0 in merito ai \u201ccookie\u201d che terze parti potrebbero installare sul disco rigido del computer dell\u2019utente.<\/p>\n\n\n\n<p>Comunicazioni<\/p>\n\n\n\n<p>Per qualsiasi comunicazione necessaria, \u00e8 necessario inviare un\u2019e-mail a&nbsp;<a href=\"mailto:campusitalia@vygon.com\">campusitalia@vygon.com<\/a>, o inviare una comunicazione scritta a&nbsp;<strong><em>VYGON SA, Pol\u00edgono Industrial Fuente del Jarro, Carrer Ciutat de Sevilla, 34, 46988 Paterna, Valencia, Spagna<\/em><\/strong>.<\/p>\n\n\n\n<p>L\u2019utente accetta espressamente l\u2019utilizzo della posta elettronica come procedura valida per l\u2019invio delle comunicazioni.<\/p>\n\n\n\n<p>Foro competente e diritto applicabile<\/p>\n\n\n\n<p>I termini e le condizioni che regolano questo sito web e tutti i rapporti che possono sorgere sono tutelati dalla legge spagnola.<\/p>\n\n\n\n<p>Qualsiasi controversia che possa sorgere dall\u2019accesso o dall\u2019uso di questo sito web sar\u00e0 di competenza dei tribunali di Valencia.<\/p>\n\n\n\n<p><\/p>\n","protected":false},"excerpt":{"rendered":"<p>Informazione legale: DATI IDENTIFICATIVI DEL FORNITORE DI SERVIZI DELLA SOCIET\u00c0 DELL\u2019INFORMAZIONE. In conformit\u00e0 con l\u2019articolo 10 della legge 34\/2002, sui servizi della societ\u00e0 dell\u2019informazione e commercio elettronico, si informa che il proprietario del sito web \u00e8: Denominazione:&nbsp;VYGON SA Codice fiscale:&nbsp;A28536480 Sede legale:&nbsp;Pol\u00edgono Industrial Fuente del Jarro, Carrer Ciutat de Sevilla, 34, 46988 Paterna, Valencia, Spagna [&hellip;]<\/p>\n","protected":false},"author":4,"featured_media":0,"parent":0,"menu_order":0,"comment_status":"closed","ping_status":"closed","template":"","meta":{"_et_pb_use_builder":"off","_et_pb_old_content":"","_et_gb_content_width":"1080","footnotes":""},"class_list":["post-36871","page","type-page","status-publish","hentry"],"yoast_head":"<!-- This site is optimized with the Yoast SEO plugin v27.2 - https:\/\/yoast.com\/product\/yoast-seo-wordpress\/ -->\n<title>Informazione legale - Campus Vygon Italia<\/title>\n<meta name=\"robots\" content=\"noindex, nofollow\" \/>\n<meta property=\"og:locale\" content=\"it_IT\" \/>\n<meta property=\"og:type\" content=\"article\" \/>\n<meta property=\"og:title\" content=\"Informazione legale - Campus Vygon Italia\" \/>\n<meta property=\"og:description\" content=\"Informazione legale: DATI IDENTIFICATIVI DEL FORNITORE DI SERVIZI DELLA SOCIET\u00c0 DELL\u2019INFORMAZIONE. In conformit\u00e0 con l\u2019articolo 10 della legge 34\/2002, sui servizi della societ\u00e0 dell\u2019informazione e commercio elettronico, si informa che il proprietario del sito web \u00e8: Denominazione:&nbsp;VYGON SA Codice fiscale:&nbsp;A28536480 Sede legale:&nbsp;Pol\u00edgono Industrial Fuente del Jarro, Carrer Ciutat de Sevilla, 34, 46988 Paterna, Valencia, Spagna [&hellip;]\" \/>\n<meta property=\"og:url\" content=\"https:\/\/campusvygon.com\/it\/informazione-legale\/\" \/>\n<meta property=\"og:site_name\" content=\"Campus Vygon Italia\" \/>\n<meta property=\"article:publisher\" content=\"https:\/\/www.facebook.com\/Vygon-Italia-102738545680399\" \/>\n<meta property=\"article:modified_time\" content=\"2025-02-13T21:37:56+00:00\" \/>\n<meta name=\"twitter:card\" content=\"summary_large_image\" \/>\n<meta name=\"twitter:label1\" content=\"Tempo di lettura stimato\" \/>\n\t<meta name=\"twitter:data1\" content=\"10 minuti\" \/>\n<script type=\"application\/ld+json\" class=\"yoast-schema-graph\">{\"@context\":\"https:\/\/schema.org\",\"@graph\":[{\"@type\":\"WebPage\",\"@id\":\"https:\/\/campusvygon.com\/it\/informazione-legale\/\",\"url\":\"https:\/\/campusvygon.com\/it\/informazione-legale\/\",\"name\":\"Informazione legale - Campus Vygon Italia\",\"isPartOf\":{\"@id\":\"https:\/\/campusvygon.com\/it\/#website\"},\"datePublished\":\"2025-02-13T21:35:34+00:00\",\"dateModified\":\"2025-02-13T21:37:56+00:00\",\"breadcrumb\":{\"@id\":\"https:\/\/campusvygon.com\/it\/informazione-legale\/#breadcrumb\"},\"inLanguage\":\"it-IT\",\"potentialAction\":[{\"@type\":\"ReadAction\",\"target\":[\"https:\/\/campusvygon.com\/it\/informazione-legale\/\"]}]},{\"@type\":\"BreadcrumbList\",\"@id\":\"https:\/\/campusvygon.com\/it\/informazione-legale\/#breadcrumb\",\"itemListElement\":[{\"@type\":\"ListItem\",\"position\":1,\"name\":\"Portada\",\"item\":\"https:\/\/campusvygon.com\/it\/\"},{\"@type\":\"ListItem\",\"position\":2,\"name\":\"Informazione legale\"}]},{\"@type\":\"WebSite\",\"@id\":\"https:\/\/campusvygon.com\/it\/#website\",\"url\":\"https:\/\/campusvygon.com\/it\/\",\"name\":\"Campus Vygon Italia\",\"description\":\"Uno spazio dove imparare le procedure e le tecniche sanitarie dalla mano dei migliori professionisti del settore. Creato da e per gli specialisti della sanit\u00e0.\",\"publisher\":{\"@id\":\"https:\/\/campusvygon.com\/it\/#organization\"},\"potentialAction\":[{\"@type\":\"SearchAction\",\"target\":{\"@type\":\"EntryPoint\",\"urlTemplate\":\"https:\/\/campusvygon.com\/it\/?s={search_term_string}\"},\"query-input\":{\"@type\":\"PropertyValueSpecification\",\"valueRequired\":true,\"valueName\":\"search_term_string\"}}],\"inLanguage\":\"it-IT\"},{\"@type\":\"Organization\",\"@id\":\"https:\/\/campusvygon.com\/it\/#organization\",\"name\":\"Campus Vygon Italia\",\"url\":\"https:\/\/campusvygon.com\/it\/\",\"logo\":{\"@type\":\"ImageObject\",\"inLanguage\":\"it-IT\",\"@id\":\"https:\/\/campusvygon.com\/it\/#\/schema\/logo\/image\/\",\"url\":\"https:\/\/cvit.b-cdn.net\/wp-content\/uploads\/sites\/3\/2022\/02\/VYGON-ITALIA.jpg\",\"contentUrl\":\"https:\/\/cvit.b-cdn.net\/wp-content\/uploads\/sites\/3\/2022\/02\/VYGON-ITALIA.jpg\",\"width\":703,\"height\":703,\"caption\":\"Campus Vygon Italia\"},\"image\":{\"@id\":\"https:\/\/campusvygon.com\/it\/#\/schema\/logo\/image\/\"},\"sameAs\":[\"https:\/\/www.facebook.com\/Vygon-Italia-102738545680399\",\"https:\/\/www.instagram.com\/campusvygonitalia\/\",\"https:\/\/www.linkedin.com\/company\/vygon-italia-srl\",\"https:\/\/www.youtube.com\/channel\/UCg8IwloH03GkRqQs0mLskHA\"]}]}<\/script>\n<!-- \/ Yoast SEO plugin. -->","yoast_head_json":{"title":"Informazione legale - Campus Vygon Italia","robots":{"index":"noindex","follow":"nofollow"},"og_locale":"it_IT","og_type":"article","og_title":"Informazione legale - Campus Vygon Italia","og_description":"Informazione legale: DATI IDENTIFICATIVI DEL FORNITORE DI SERVIZI DELLA SOCIET\u00c0 DELL\u2019INFORMAZIONE. In conformit\u00e0 con l\u2019articolo 10 della legge 34\/2002, sui servizi della societ\u00e0 dell\u2019informazione e commercio elettronico, si informa che il proprietario del sito web \u00e8: Denominazione:&nbsp;VYGON SA Codice fiscale:&nbsp;A28536480 Sede legale:&nbsp;Pol\u00edgono Industrial Fuente del Jarro, Carrer Ciutat de Sevilla, 34, 46988 Paterna, Valencia, Spagna [&hellip;]","og_url":"https:\/\/campusvygon.com\/it\/informazione-legale\/","og_site_name":"Campus Vygon Italia","article_publisher":"https:\/\/www.facebook.com\/Vygon-Italia-102738545680399","article_modified_time":"2025-02-13T21:37:56+00:00","twitter_card":"summary_large_image","twitter_misc":{"Tempo di lettura stimato":"10 minuti"},"schema":{"@context":"https:\/\/schema.org","@graph":[{"@type":"WebPage","@id":"https:\/\/campusvygon.com\/it\/informazione-legale\/","url":"https:\/\/campusvygon.com\/it\/informazione-legale\/","name":"Informazione legale - Campus Vygon Italia","isPartOf":{"@id":"https:\/\/campusvygon.com\/it\/#website"},"datePublished":"2025-02-13T21:35:34+00:00","dateModified":"2025-02-13T21:37:56+00:00","breadcrumb":{"@id":"https:\/\/campusvygon.com\/it\/informazione-legale\/#breadcrumb"},"inLanguage":"it-IT","potentialAction":[{"@type":"ReadAction","target":["https:\/\/campusvygon.com\/it\/informazione-legale\/"]}]},{"@type":"BreadcrumbList","@id":"https:\/\/campusvygon.com\/it\/informazione-legale\/#breadcrumb","itemListElement":[{"@type":"ListItem","position":1,"name":"Portada","item":"https:\/\/campusvygon.com\/it\/"},{"@type":"ListItem","position":2,"name":"Informazione legale"}]},{"@type":"WebSite","@id":"https:\/\/campusvygon.com\/it\/#website","url":"https:\/\/campusvygon.com\/it\/","name":"Campus Vygon Italia","description":"Uno spazio dove imparare le procedure e le tecniche sanitarie dalla mano dei migliori professionisti del settore. Creato da e per gli specialisti della sanit\u00e0.","publisher":{"@id":"https:\/\/campusvygon.com\/it\/#organization"},"potentialAction":[{"@type":"SearchAction","target":{"@type":"EntryPoint","urlTemplate":"https:\/\/campusvygon.com\/it\/?s={search_term_string}"},"query-input":{"@type":"PropertyValueSpecification","valueRequired":true,"valueName":"search_term_string"}}],"inLanguage":"it-IT"},{"@type":"Organization","@id":"https:\/\/campusvygon.com\/it\/#organization","name":"Campus Vygon Italia","url":"https:\/\/campusvygon.com\/it\/","logo":{"@type":"ImageObject","inLanguage":"it-IT","@id":"https:\/\/campusvygon.com\/it\/#\/schema\/logo\/image\/","url":"https:\/\/cvit.b-cdn.net\/wp-content\/uploads\/sites\/3\/2022\/02\/VYGON-ITALIA.jpg","contentUrl":"https:\/\/cvit.b-cdn.net\/wp-content\/uploads\/sites\/3\/2022\/02\/VYGON-ITALIA.jpg","width":703,"height":703,"caption":"Campus Vygon Italia"},"image":{"@id":"https:\/\/campusvygon.com\/it\/#\/schema\/logo\/image\/"},"sameAs":["https:\/\/www.facebook.com\/Vygon-Italia-102738545680399","https:\/\/www.instagram.com\/campusvygonitalia\/","https:\/\/www.linkedin.com\/company\/vygon-italia-srl","https:\/\/www.youtube.com\/channel\/UCg8IwloH03GkRqQs0mLskHA"]}]}},"_links":{"self":[{"href":"https:\/\/campusvygon.com\/it\/wp-json\/wp\/v2\/pages\/36871","targetHints":{"allow":["GET"]}}],"collection":[{"href":"https:\/\/campusvygon.com\/it\/wp-json\/wp\/v2\/pages"}],"about":[{"href":"https:\/\/campusvygon.com\/it\/wp-json\/wp\/v2\/types\/page"}],"author":[{"embeddable":true,"href":"https:\/\/campusvygon.com\/it\/wp-json\/wp\/v2\/users\/4"}],"replies":[{"embeddable":true,"href":"https:\/\/campusvygon.com\/it\/wp-json\/wp\/v2\/comments?post=36871"}],"version-history":[{"count":1,"href":"https:\/\/campusvygon.com\/it\/wp-json\/wp\/v2\/pages\/36871\/revisions"}],"predecessor-version":[{"id":36873,"href":"https:\/\/campusvygon.com\/it\/wp-json\/wp\/v2\/pages\/36871\/revisions\/36873"}],"wp:attachment":[{"href":"https:\/\/campusvygon.com\/it\/wp-json\/wp\/v2\/media?parent=36871"}],"curies":[{"name":"wp","href":"https:\/\/api.w.org\/{rel}","templated":true}]}}