{"id":9128,"date":"2020-06-18T09:26:19","date_gmt":"2020-06-18T07:26:19","guid":{"rendered":"http:\/\/campusvygon.com\/it\/?page_id=9128"},"modified":"2025-02-13T22:35:45","modified_gmt":"2025-02-13T21:35:45","slug":"informazione-legale-e-privacy-policy","status":"publish","type":"page","link":"https:\/\/campusvygon.com\/it\/informazione-legale-e-privacy-policy\/","title":{"rendered":"Privacy Policy"},"content":{"rendered":"\n<hr class=\"wp-block-separator has-text-color has-css-opacity has-background\" style=\"background-color:#8cc4ad;color:#8cc4ad\"\/>\n\n\n\n<p>Politica sulla riservatezza<\/p>\n\n\n\n<p>VYGON ITALIA S.r.l. (Titolare del trattamento) e VYGON S.A. (Responsabile del trattamento), sono particolarmente consapevoli della protezione dei dati personali degli Utenti dei servizi del sito web.&nbsp;<\/p>\n\n\n\n<p>Attraverso la presente Informativa sulla privacy (o Informativa sulla protezione dei dati) VYGON ITALIA S.r.l. e VYGON S.A., informano agli UTENTI dei siti Web: https:\/\/campusvygon.com\/it\/, degli usi a cui vengono sottoposti i dati personali raccolti sul sito Web, in modo che possano decidere, liberamente e volontariamente, qualora intendano fornire le informazioni richieste.<\/p>\n\n\n\n<p>VYGON ITALIA S.r.l. e VYGON S.A., si riservano il diritto di modificare la presente Politica al fine di adattarla alla nuova legislazione, ai criteri giurisprudenziali, alle pratiche del settore o agli interessi dell\u2019entit\u00e0.&nbsp;<\/p>\n\n\n\n<p>Qualsiasi modifica sar\u00e0 annunciata in anticipo, in modo da avere una perfetta conoscenza del suo contenuto.<\/p>\n\n\n\n<p>Quali soggetti sono coinvolti nel trattamento dei tuoi dati personali?<\/p>\n\n\n\n<p>VYGON ITALIA S.r.l. (Titolare del trattamento) e VYGON S.A. (Responsabile del trattamento), sono coinvolti, nei rispettivi ruoli, nel trattamento conforme e di qualit\u00e0 dei tuoi dati personali.<\/p>\n\n\n\n<p>A causa della natura dei prodotti e dei servizi che forniamo, VYGON ITALIA S.r.l. e VYGON S.A., sono fortemente impegnati a proteggere la privacy e il trattamento dei dati personali dei nostri utenti e clienti, facendo ogni sforzo per rispettare le normative vigenti.&nbsp;<\/p>\n\n\n\n<p>Pertanto, le tue informazioni personali sono trattate in modo sicuro e con la massima cura.<\/p>\n\n\n\n<p>Per quale motivo raccogliamo i tuoi dati personali?<\/p>\n\n\n\n<p>Lo scopo principale per il quale raccogliamo i tuoi dati personali \u00e8 facilitare e migliorare il servizio che ti offriamo attraverso questo sito web.<\/p>\n\n\n\n<p>Allo stesso modo, raccogliamo i tuoi dati per gestire e rispondere a richieste di informazioni, dubbi, reclami.<\/p>\n\n\n\n<p>Inoltre, per inviare informazioni di interesse su nuove promozioni o prodotti, nonch\u00e9 per conoscere l\u2019opinione degli utenti, in merito ai prodotti e servizi offerti da VYGON ITALIA S.r.l.&nbsp;.<\/p>\n\n\n\n<p>Qual \u00e8 la base giuridica che legittima il trattamento dei tuoi dati personali?<\/p>\n\n\n\n<p>La base giuridica che ci legittima al trattamento dei Suoi dati \u00e8 riscontrabile:<\/p>\n\n\n\n<ul class=\"wp-block-list\">\n<li>per gestire e rispondere a richieste di informazioni, dubbi, reclami, nell\u2019esecuzione delle misure richieste dall\u2019interessato per evadere la richiesta<a href=\"#_ftn1\" id=\"_ftnref1\">[1]<\/a>;<\/li>\n\n\n\n<li>per inviare informazioni di interesse su nuove promozioni o prodotti, nonch\u00e9 per conoscere l\u2019opinione degli utenti, in merito ai prodotti e servizi offerti da VYGON ITALIA S.r.l.&nbsp;., nel consenso espresso dagli interessati, lo stesso si intender\u00e0 inequivocabilmente concesso, ritenendo detto contributo un chiaro atto affermativo da parte Sua, che esprime detto consenso<a href=\"#_ftn2\" id=\"_ftnref2\">[2]<\/a>.<\/li>\n<\/ul>\n\n\n\n<p>Per quanto tempo conserviamo i tuoi dati personali?<\/p>\n\n\n\n<p>I dati saranno conservati per il tempo necessario a conseguire la finalit\u00e0 per la quale sono stati raccolti, e secondo la base giuridica del trattamento dei dati in conformit\u00e0 agli obblighi di legge, nonch\u00e9 per determinare le eventuali responsabilit\u00e0 che possono derivare da tale finalit\u00e0. elaborazione dati.&nbsp;<\/p>\n\n\n\n<p>In relazione alla finalit\u00e0 relativa all\u2019invio di informazioni di interesse su nuove promozioni o prodotti, nonch\u00e9 per conoscere l\u2019opinione degli utenti, in merito ai prodotti e servizi offerti da VYGON ITALIA S.r.l.&nbsp;., i dati saranno conservati per un periodo massimo di 36 (trentasei) mesi, decorrenti dall\u2019ultimo consenso prestato dall\u2019interessato.<\/p>\n\n\n\n<p>A chi potranno essere comunicati i tuoi dati personali?&nbsp;<\/p>\n\n\n\n<p>I dati potranno essere trasferiti o comunicati ad enti pubblici o privati, ai quali sia necessario od obbligato il loro conferimento per la gestione del servizio o della richiesta, oltre che nei casi previsti dalla Legge.<\/p>\n\n\n\n<p>Trasferimenti internazionali<\/p>\n\n\n\n<p>I dati personali che raccogliamo risiedono in Spagna e Italia, all\u2019interno dello Spazio economico europeo.<\/p>\n\n\n\n<p><a>Quali sono i tuoi diritti alla protezione dei dati e come puoi esercitarli?<\/a><\/p>\n\n\n\n<p>Per esercitare i diritti di accesso, rettifica, cancellazione, limitazione, portabilit\u00e0 o, se del caso, opposizione, \u00e8 possibile presentare una richiesta inviando una lettera a: Pol\u00edgono Industrial Fuente del Jarro, Carrer Ciutat de Sevilla, 34, 46988 Paterna, Valencia, Spagna o, se del caso, inviando la tua richiesta a:&nbsp;<a href=\"mailto:campusitalia@vygon.com\">campusitalia@vygon.com<\/a><\/p>\n\n\n\n<p>Nella lettera \u00e8 necessario specificare quale di tali diritti si chiede di essere soddisfatti e, a sua volta, \u00e8 necessario esibire o, in caso di recapito postale, accompagnare la fotocopia del NIF o documento di riconoscimento equipollente.&nbsp;Nel caso in cui tu agisca per il tramite di un rappresentante, legale o volontario, devi anche fornire un documento che provi la rappresentanza e il documento di riconoscimento dello stesso.<\/p>\n\n\n\n<p>Allo stesso modo, se non desideri pi\u00f9 ricevere e-mail da VYGON, devi solo inviare un messaggio a&nbsp;<a href=\"mailto:campusitalia@vygon.com\">campusitali<\/a><a href=\"mailto:comunicacion@vygon.com\">a@vygon.com<\/a>&nbsp;&nbsp;indicando il tuo indirizzo e-mail e che desideri cancellarti dalla Newsletter.<\/p>\n\n\n\n<p>Se ritieni che il trattamento dei dati personali a loro riferiti effettuato attraverso questo sito web avvenga in violazione di quanto previsto dalla normativa vigente hai infine il diritto di proporre reclamo all\u2019Autorit\u00e0 di Controllo a te pi\u00f9 vicina (Garante per la Protezione dei Dati Personali per l\u2019Italia ed Agencia Espa\u00f1ola de Protecci\u00f3n de Datos per la Spagna) o di adire le opportune sedi giudiziarie.<\/p>\n\n\n\n<p>Misure di sicurezza nel trattamento dei tuoi dati<\/p>\n\n\n\n<p>Si segnala infine che VYGON ITALIA S.r.l. e VYGON S.A adotteranno le misure tecniche e organizzative previste dalla legge nel proprio sistema informatico, al fine di garantire la sicurezza e la riservatezza dei dati archiviati, evitandone cos\u00ec l\u2019alterazione, la perdita, il trattamento o l\u2019accesso non autorizzato;&nbsp;tenuto conto dello stato dell\u2019arte, dei costi di applicazione, della natura, dell\u2019ambito, del contesto e delle finalit\u00e0 del trattamento, nonch\u00e9 dei rischi di probabilit\u00e0 e gravit\u00e0 variabili associati a ciascuno dei trattamenti.<\/p>\n\n\n\n<p>In caso di domande sulla presente Informativa sulla privacy, contattaci inviando un\u2019e-mail a&nbsp;<a href=\"mailto:campusitalia@vygon.com\">campusitalia@vygon.com<\/a><\/p>\n\n\n\n<hr class=\"wp-block-separator has-alpha-channel-opacity\"\/>\n\n\n\n<p><a href=\"#_ftnref1\" id=\"_ftn1\">[1]<\/a> Articolo 6, \u00a7 1, lett. <em>b)<\/em>, GDPR (Regolamento UE 2016\/679).<\/p>\n\n\n\n<p><a href=\"#_ftnref2\" id=\"_ftn2\">[2]<\/a> Articolo 6, \u00a7 1, lett. <em>a)<\/em>, GDPR (Regolamento UE 2016\/679).<\/p>\n\n\n\n<div style=\"height:100px\" aria-hidden=\"true\" class=\"wp-block-spacer\"><\/div>\n","protected":false},"excerpt":{"rendered":"<p>Politica sulla riservatezza VYGON ITALIA S.r.l. (Titolare del trattamento) e VYGON S.A. (Responsabile del trattamento), sono particolarmente consapevoli della protezione dei dati personali degli Utenti dei servizi del sito web.&nbsp; Attraverso la presente Informativa sulla privacy (o Informativa sulla protezione dei dati) VYGON ITALIA S.r.l. e VYGON S.A., informano agli UTENTI dei siti Web: https:\/\/campusvygon.com\/it\/, [&hellip;]<\/p>\n","protected":false},"author":86,"featured_media":31853,"parent":0,"menu_order":0,"comment_status":"closed","ping_status":"closed","template":"","meta":{"_et_pb_use_builder":"","_et_pb_old_content":"","_et_gb_content_width":"1080","footnotes":""},"class_list":["post-9128","page","type-page","status-publish","has-post-thumbnail","hentry"],"yoast_head":"<!-- This site is optimized with the Yoast SEO plugin v27.4 - https:\/\/yoast.com\/product\/yoast-seo-wordpress\/ -->\n<title>Privacy Policy - Campus Vygon Italia<\/title>\n<meta name=\"robots\" content=\"noindex, nofollow\" \/>\n<meta property=\"og:locale\" content=\"it_IT\" \/>\n<meta property=\"og:type\" content=\"article\" \/>\n<meta property=\"og:title\" content=\"Privacy Policy - Campus Vygon Italia\" \/>\n<meta property=\"og:description\" content=\"Politica sulla riservatezza VYGON ITALIA S.r.l. (Titolare del trattamento) e VYGON S.A. (Responsabile del trattamento), sono particolarmente consapevoli della protezione dei dati personali degli Utenti dei servizi del sito web.&nbsp; Attraverso la presente Informativa sulla privacy (o Informativa sulla protezione dei dati) VYGON ITALIA S.r.l. e VYGON S.A., informano agli UTENTI dei siti Web: https:\/\/campusvygon.com\/it\/, [&hellip;]\" \/>\n<meta property=\"og:url\" content=\"https:\/\/campusvygon.com\/it\/informazione-legale-e-privacy-policy\/\" \/>\n<meta property=\"og:site_name\" content=\"Campus Vygon Italia\" \/>\n<meta property=\"article:publisher\" content=\"https:\/\/www.facebook.com\/Vygon-Italia-102738545680399\" \/>\n<meta property=\"article:modified_time\" content=\"2025-02-13T21:35:45+00:00\" \/>\n<meta property=\"og:image\" content=\"https:\/\/campusvygon.com\/it\/wp-content\/uploads\/sites\/3\/2022\/02\/vadim-bozhko-lbO1iCnbTW0-unsplash-min.jpg\" \/>\n\t<meta property=\"og:image:width\" content=\"800\" \/>\n\t<meta property=\"og:image:height\" content=\"535\" \/>\n\t<meta property=\"og:image:type\" content=\"image\/jpeg\" \/>\n<meta name=\"twitter:card\" content=\"summary_large_image\" \/>\n<meta name=\"twitter:label1\" content=\"Tempo di lettura stimato\" \/>\n\t<meta name=\"twitter:data1\" content=\"6 minuti\" \/>\n<script type=\"application\/ld+json\" class=\"yoast-schema-graph\">{\"@context\":\"https:\\\/\\\/schema.org\",\"@graph\":[{\"@type\":\"WebPage\",\"@id\":\"https:\\\/\\\/campusvygon.com\\\/it\\\/informazione-legale-e-privacy-policy\\\/\",\"url\":\"https:\\\/\\\/campusvygon.com\\\/it\\\/informazione-legale-e-privacy-policy\\\/\",\"name\":\"Privacy Policy - Campus Vygon Italia\",\"isPartOf\":{\"@id\":\"https:\\\/\\\/campusvygon.com\\\/it\\\/#website\"},\"primaryImageOfPage\":{\"@id\":\"https:\\\/\\\/campusvygon.com\\\/it\\\/informazione-legale-e-privacy-policy\\\/#primaryimage\"},\"image\":{\"@id\":\"https:\\\/\\\/campusvygon.com\\\/it\\\/informazione-legale-e-privacy-policy\\\/#primaryimage\"},\"thumbnailUrl\":\"https:\\\/\\\/campusvygon.com\\\/it\\\/wp-content\\\/uploads\\\/sites\\\/3\\\/2022\\\/02\\\/vadim-bozhko-lbO1iCnbTW0-unsplash-min.jpg\",\"datePublished\":\"2020-06-18T07:26:19+00:00\",\"dateModified\":\"2025-02-13T21:35:45+00:00\",\"breadcrumb\":{\"@id\":\"https:\\\/\\\/campusvygon.com\\\/it\\\/informazione-legale-e-privacy-policy\\\/#breadcrumb\"},\"inLanguage\":\"it-IT\",\"potentialAction\":[{\"@type\":\"ReadAction\",\"target\":[\"https:\\\/\\\/campusvygon.com\\\/it\\\/informazione-legale-e-privacy-policy\\\/\"]}]},{\"@type\":\"ImageObject\",\"inLanguage\":\"it-IT\",\"@id\":\"https:\\\/\\\/campusvygon.com\\\/it\\\/informazione-legale-e-privacy-policy\\\/#primaryimage\",\"url\":\"https:\\\/\\\/campusvygon.com\\\/it\\\/wp-content\\\/uploads\\\/sites\\\/3\\\/2022\\\/02\\\/vadim-bozhko-lbO1iCnbTW0-unsplash-min.jpg\",\"contentUrl\":\"https:\\\/\\\/campusvygon.com\\\/it\\\/wp-content\\\/uploads\\\/sites\\\/3\\\/2022\\\/02\\\/vadim-bozhko-lbO1iCnbTW0-unsplash-min.jpg\",\"width\":800,\"height\":535},{\"@type\":\"BreadcrumbList\",\"@id\":\"https:\\\/\\\/campusvygon.com\\\/it\\\/informazione-legale-e-privacy-policy\\\/#breadcrumb\",\"itemListElement\":[{\"@type\":\"ListItem\",\"position\":1,\"name\":\"Portada\",\"item\":\"https:\\\/\\\/campusvygon.com\\\/it\\\/\"},{\"@type\":\"ListItem\",\"position\":2,\"name\":\"Privacy Policy\"}]},{\"@type\":\"WebSite\",\"@id\":\"https:\\\/\\\/campusvygon.com\\\/it\\\/#website\",\"url\":\"https:\\\/\\\/campusvygon.com\\\/it\\\/\",\"name\":\"Campus Vygon Italia\",\"description\":\"Uno spazio dove imparare le procedure e le tecniche sanitarie dalla mano dei migliori professionisti del settore. Creato da e per gli specialisti della sanit\u00e0.\",\"publisher\":{\"@id\":\"https:\\\/\\\/campusvygon.com\\\/it\\\/#organization\"},\"potentialAction\":[{\"@type\":\"SearchAction\",\"target\":{\"@type\":\"EntryPoint\",\"urlTemplate\":\"https:\\\/\\\/campusvygon.com\\\/it\\\/?s={search_term_string}\"},\"query-input\":{\"@type\":\"PropertyValueSpecification\",\"valueRequired\":true,\"valueName\":\"search_term_string\"}}],\"inLanguage\":\"it-IT\"},{\"@type\":\"Organization\",\"@id\":\"https:\\\/\\\/campusvygon.com\\\/it\\\/#organization\",\"name\":\"Campus Vygon Italia\",\"url\":\"https:\\\/\\\/campusvygon.com\\\/it\\\/\",\"logo\":{\"@type\":\"ImageObject\",\"inLanguage\":\"it-IT\",\"@id\":\"https:\\\/\\\/campusvygon.com\\\/it\\\/#\\\/schema\\\/logo\\\/image\\\/\",\"url\":\"https:\\\/\\\/cvit.b-cdn.net\\\/wp-content\\\/uploads\\\/sites\\\/3\\\/2022\\\/02\\\/VYGON-ITALIA.jpg\",\"contentUrl\":\"https:\\\/\\\/cvit.b-cdn.net\\\/wp-content\\\/uploads\\\/sites\\\/3\\\/2022\\\/02\\\/VYGON-ITALIA.jpg\",\"width\":703,\"height\":703,\"caption\":\"Campus Vygon Italia\"},\"image\":{\"@id\":\"https:\\\/\\\/campusvygon.com\\\/it\\\/#\\\/schema\\\/logo\\\/image\\\/\"},\"sameAs\":[\"https:\\\/\\\/www.facebook.com\\\/Vygon-Italia-102738545680399\",\"https:\\\/\\\/www.instagram.com\\\/campusvygonitalia\\\/\",\"https:\\\/\\\/www.linkedin.com\\\/company\\\/vygon-italia-srl\",\"https:\\\/\\\/www.youtube.com\\\/channel\\\/UCg8IwloH03GkRqQs0mLskHA\"]}]}<\/script>\n<!-- \/ Yoast SEO plugin. -->","yoast_head_json":{"title":"Privacy Policy - Campus Vygon Italia","robots":{"index":"noindex","follow":"nofollow"},"og_locale":"it_IT","og_type":"article","og_title":"Privacy Policy - Campus Vygon Italia","og_description":"Politica sulla riservatezza VYGON ITALIA S.r.l. (Titolare del trattamento) e VYGON S.A. (Responsabile del trattamento), sono particolarmente consapevoli della protezione dei dati personali degli Utenti dei servizi del sito web.&nbsp; Attraverso la presente Informativa sulla privacy (o Informativa sulla protezione dei dati) VYGON ITALIA S.r.l. e VYGON S.A., informano agli UTENTI dei siti Web: https:\/\/campusvygon.com\/it\/, [&hellip;]","og_url":"https:\/\/campusvygon.com\/it\/informazione-legale-e-privacy-policy\/","og_site_name":"Campus Vygon Italia","article_publisher":"https:\/\/www.facebook.com\/Vygon-Italia-102738545680399","article_modified_time":"2025-02-13T21:35:45+00:00","og_image":[{"width":800,"height":535,"url":"https:\/\/campusvygon.com\/it\/wp-content\/uploads\/sites\/3\/2022\/02\/vadim-bozhko-lbO1iCnbTW0-unsplash-min.jpg","type":"image\/jpeg"}],"twitter_card":"summary_large_image","twitter_misc":{"Tempo di lettura stimato":"6 minuti"},"schema":{"@context":"https:\/\/schema.org","@graph":[{"@type":"WebPage","@id":"https:\/\/campusvygon.com\/it\/informazione-legale-e-privacy-policy\/","url":"https:\/\/campusvygon.com\/it\/informazione-legale-e-privacy-policy\/","name":"Privacy Policy - Campus Vygon Italia","isPartOf":{"@id":"https:\/\/campusvygon.com\/it\/#website"},"primaryImageOfPage":{"@id":"https:\/\/campusvygon.com\/it\/informazione-legale-e-privacy-policy\/#primaryimage"},"image":{"@id":"https:\/\/campusvygon.com\/it\/informazione-legale-e-privacy-policy\/#primaryimage"},"thumbnailUrl":"https:\/\/campusvygon.com\/it\/wp-content\/uploads\/sites\/3\/2022\/02\/vadim-bozhko-lbO1iCnbTW0-unsplash-min.jpg","datePublished":"2020-06-18T07:26:19+00:00","dateModified":"2025-02-13T21:35:45+00:00","breadcrumb":{"@id":"https:\/\/campusvygon.com\/it\/informazione-legale-e-privacy-policy\/#breadcrumb"},"inLanguage":"it-IT","potentialAction":[{"@type":"ReadAction","target":["https:\/\/campusvygon.com\/it\/informazione-legale-e-privacy-policy\/"]}]},{"@type":"ImageObject","inLanguage":"it-IT","@id":"https:\/\/campusvygon.com\/it\/informazione-legale-e-privacy-policy\/#primaryimage","url":"https:\/\/campusvygon.com\/it\/wp-content\/uploads\/sites\/3\/2022\/02\/vadim-bozhko-lbO1iCnbTW0-unsplash-min.jpg","contentUrl":"https:\/\/campusvygon.com\/it\/wp-content\/uploads\/sites\/3\/2022\/02\/vadim-bozhko-lbO1iCnbTW0-unsplash-min.jpg","width":800,"height":535},{"@type":"BreadcrumbList","@id":"https:\/\/campusvygon.com\/it\/informazione-legale-e-privacy-policy\/#breadcrumb","itemListElement":[{"@type":"ListItem","position":1,"name":"Portada","item":"https:\/\/campusvygon.com\/it\/"},{"@type":"ListItem","position":2,"name":"Privacy Policy"}]},{"@type":"WebSite","@id":"https:\/\/campusvygon.com\/it\/#website","url":"https:\/\/campusvygon.com\/it\/","name":"Campus Vygon Italia","description":"Uno spazio dove imparare le procedure e le tecniche sanitarie dalla mano dei migliori professionisti del settore. Creato da e per gli specialisti della sanit\u00e0.","publisher":{"@id":"https:\/\/campusvygon.com\/it\/#organization"},"potentialAction":[{"@type":"SearchAction","target":{"@type":"EntryPoint","urlTemplate":"https:\/\/campusvygon.com\/it\/?s={search_term_string}"},"query-input":{"@type":"PropertyValueSpecification","valueRequired":true,"valueName":"search_term_string"}}],"inLanguage":"it-IT"},{"@type":"Organization","@id":"https:\/\/campusvygon.com\/it\/#organization","name":"Campus Vygon Italia","url":"https:\/\/campusvygon.com\/it\/","logo":{"@type":"ImageObject","inLanguage":"it-IT","@id":"https:\/\/campusvygon.com\/it\/#\/schema\/logo\/image\/","url":"https:\/\/cvit.b-cdn.net\/wp-content\/uploads\/sites\/3\/2022\/02\/VYGON-ITALIA.jpg","contentUrl":"https:\/\/cvit.b-cdn.net\/wp-content\/uploads\/sites\/3\/2022\/02\/VYGON-ITALIA.jpg","width":703,"height":703,"caption":"Campus Vygon Italia"},"image":{"@id":"https:\/\/campusvygon.com\/it\/#\/schema\/logo\/image\/"},"sameAs":["https:\/\/www.facebook.com\/Vygon-Italia-102738545680399","https:\/\/www.instagram.com\/campusvygonitalia\/","https:\/\/www.linkedin.com\/company\/vygon-italia-srl","https:\/\/www.youtube.com\/channel\/UCg8IwloH03GkRqQs0mLskHA"]}]}},"_links":{"self":[{"href":"https:\/\/campusvygon.com\/it\/wp-json\/wp\/v2\/pages\/9128","targetHints":{"allow":["GET"]}}],"collection":[{"href":"https:\/\/campusvygon.com\/it\/wp-json\/wp\/v2\/pages"}],"about":[{"href":"https:\/\/campusvygon.com\/it\/wp-json\/wp\/v2\/types\/page"}],"author":[{"embeddable":true,"href":"https:\/\/campusvygon.com\/it\/wp-json\/wp\/v2\/users\/86"}],"replies":[{"embeddable":true,"href":"https:\/\/campusvygon.com\/it\/wp-json\/wp\/v2\/comments?post=9128"}],"version-history":[{"count":27,"href":"https:\/\/campusvygon.com\/it\/wp-json\/wp\/v2\/pages\/9128\/revisions"}],"predecessor-version":[{"id":36874,"href":"https:\/\/campusvygon.com\/it\/wp-json\/wp\/v2\/pages\/9128\/revisions\/36874"}],"wp:featuredmedia":[{"embeddable":true,"href":"https:\/\/campusvygon.com\/it\/wp-json\/wp\/v2\/media\/31853"}],"wp:attachment":[{"href":"https:\/\/campusvygon.com\/it\/wp-json\/wp\/v2\/media?parent=9128"}],"curies":[{"name":"wp","href":"https:\/\/api.w.org\/{rel}","templated":true}]}}