{"id":11394,"date":"2020-08-06T16:40:07","date_gmt":"2020-08-06T14:40:07","guid":{"rendered":"http:\/\/campusvygon.com\/mx\/?page_id=11394"},"modified":"2022-03-08T16:12:21","modified_gmt":"2022-03-08T15:12:21","slug":"whitepapers","status":"publish","type":"page","link":"https:\/\/campusvygon.com\/mx\/whitepapers\/","title":{"rendered":"Whitepapers"},"content":{"rendered":"<p>[et_pb_section fb_built=\u00bb1&#8243; _builder_version=\u00bb4.9.10&#8243; _module_preset=\u00bbdefault\u00bb z_index=\u00bb481&#8243; custom_padding=\u00bb127px|||||\u00bb global_colors_info=\u00bb{}\u00bb][et_pb_row _builder_version=\u00bb4.14.8&#8243; _module_preset=\u00bbdefault\u00bb max_width_tablet=\u00bb\u00bb max_width_phone=\u00bb90%\u00bb max_width_last_edited=\u00bbon|phone\u00bb custom_margin_tablet=\u00bb\u00bb custom_margin_phone=\u00bb|auto||auto|false|true\u00bb custom_margin_last_edited=\u00bbon|phone\u00bb custom_padding=\u00bb14px||14px|21px|true|false\u00bb border_color_right=\u00bb#009D4E\u00bb border_width_left=\u00bb75px\u00bb border_color_left=\u00bbgcid-bed58c79-cd4b-4799-9e4d-ddebf02b0f22&#8243; global_colors_info=\u00bb{%22gcid-bed58c79-cd4b-4799-9e4d-ddebf02b0f22%22:%91%22border_color_left%22%93}\u00bb][et_pb_column type=\u00bb4_4&#8243; _builder_version=\u00bb4.5.2&#8243; _module_preset=\u00bbdefault\u00bb global_colors_info=\u00bb{}\u00bb][et_pb_text _builder_version=\u00bb4.14.8&#8243; _module_preset=\u00bbdefault\u00bb header_font=\u00bbMontserrat|800||on|||||\u00bb header_letter_spacing=\u00bb2px\u00bb custom_margin=\u00bb||-6px|||\u00bb custom_margin_tablet=\u00bb\u00bb custom_margin_phone=\u00bb|auto||auto|false|true\u00bb custom_margin_last_edited=\u00bbon|phone\u00bb border_color_all=\u00bb#009D4E\u00bb global_colors_info=\u00bb{}\u00bb]<\/p>\n<h1>Whitepapers<\/h1>\n<p>[\/et_pb_text][\/et_pb_column][\/et_pb_row][et_pb_row _builder_version=\u00bb4.5.2&#8243; _module_preset=\u00bbdefault\u00bb width_tablet=\u00bb\u00bb width_phone=\u00bb90%\u00bb width_last_edited=\u00bbon|phone\u00bb max_width_tablet=\u00bb\u00bb max_width_phone=\u00bb90%\u00bb max_width_last_edited=\u00bbon|phone\u00bb custom_margin_tablet=\u00bb\u00bb custom_margin_phone=\u00bb|25px||25px|false|true\u00bb custom_margin_last_edited=\u00bbon|phone\u00bb custom_padding=\u00bb46px|||||\u00bb global_colors_info=\u00bb{}\u00bb][et_pb_column type=\u00bb4_4&#8243; _builder_version=\u00bb4.5.2&#8243; _module_preset=\u00bbdefault\u00bb global_colors_info=\u00bb{}\u00bb][et_pb_text _builder_version=\u00bb4.5.3&#8243; _module_preset=\u00bbdefault\u00bb global_colors_info=\u00bb{}\u00bb]<\/p>\n<p><span>Aprovecha el conocimiento de profesionales sanitarios de referencia, con estos whitepapers podr\u00e1s conocer de primera mano informaci\u00f3n relavante sobre t\u00e9cnicas y procedimientos.<\/span><\/p>\n<p>[\/et_pb_text][\/et_pb_column][\/et_pb_row][et_pb_row _builder_version=\u00bb4.5.2&#8243; _module_preset=\u00bbdefault\u00bb max_width_tablet=\u00bb\u00bb max_width_phone=\u00bb90%\u00bb max_width_last_edited=\u00bbon|phone\u00bb custom_margin_tablet=\u00bb\u00bb custom_margin_phone=\u00bb|25px||25px|false|true\u00bb custom_margin_last_edited=\u00bbon|phone\u00bb custom_padding=\u00bb83px|||||\u00bb global_colors_info=\u00bb{}\u00bb][et_pb_column type=\u00bb4_4&#8243; _builder_version=\u00bb4.5.1&#8243; _module_preset=\u00bbdefault\u00bb global_colors_info=\u00bb{}\u00bb][et_pb_filterable_portfolio fullwidth=\u00bboff\u00bb posts_number=\u00bb15&#8243; include_categories=\u00bb421,404,444,427&#8243; show_categories=\u00bboff\u00bb zoom_icon_color=\u00bbrgba(0,0,0,0)\u00bb hover_overlay_color=\u00bbrgba(255,255,255,0.55)\u00bb hover_icon=\u00bb&#xe101;||divi||400&#8243; _builder_version=\u00bb4.13.0&#8243; _module_preset=\u00bbdefault\u00bb title_font=\u00bbMontserrat||||||||\u00bb title_text_align=\u00bbcenter\u00bb title_font_size=\u00bb12px\u00bb title_line_height=\u00bb1.6em\u00bb filter_font=\u00bbMontserrat||||||||\u00bb filter_text_color=\u00bb#7d7d7d\u00bb filter_font_size=\u00bb10px\u00bb filter_line_height=\u00bb2.2em\u00bb pagination_font_size=\u00bb12px\u00bb max_width=\u00bb100%\u00bb custom_margin_tablet=\u00bb\u00bb custom_margin_phone=\u00bb|auto||auto|false|true\u00bb custom_margin_last_edited=\u00bbon|phone\u00bb filter_font_size_tablet=\u00bb\u00bb filter_font_size_phone=\u00bb10px\u00bb filter_font_size_last_edited=\u00bbon|phone\u00bb filter_line_height_tablet=\u00bb\u00bb filter_line_height_phone=\u00bb1.3em\u00bb filter_line_height_last_edited=\u00bbon|desktop\u00bb global_colors_info=\u00bb{}\u00bb][\/et_pb_filterable_portfolio][\/et_pb_column][\/et_pb_row][\/et_pb_section][et_pb_section fb_built=\u00bb1&#8243; _builder_version=\u00bb4.6.6&#8243; _module_preset=\u00bbdefault\u00bb background_color=\u00bb#f7f7f7&#8243; custom_padding=\u00bb73px||73px||true|\u00bb global_colors_info=\u00bb{}\u00bb][et_pb_row _builder_version=\u00bb4.6.6&#8243; _module_preset=\u00bbdefault\u00bb global_colors_info=\u00bb{}\u00bb][et_pb_column type=\u00bb4_4&#8243; _builder_version=\u00bb4.6.6&#8243; _module_preset=\u00bbdefault\u00bb global_colors_info=\u00bb{}\u00bb][et_pb_text _builder_version=\u00bb4.6.6&#8243; _module_preset=\u00bbdefault\u00bb header_4_font=\u00bbMontserrat|700|||||||\u00bb header_4_font_size=\u00bb22px\u00bb global_colors_info=\u00bb{}\u00bb]<\/p>\n<h4>Otros recursos que te pueden interesar<\/h4>\n<p>[\/et_pb_text][et_pb_divider color=\u00bb#009D4E\u00bb divider_weight=\u00bb1px\u00bb _builder_version=\u00bb4.6.6&#8243; _module_preset=\u00bbdefault\u00bb width=\u00bb100%\u00bb global_colors_info=\u00bb{}\u00bb][\/et_pb_divider][\/et_pb_column][\/et_pb_row][et_pb_row column_structure=\u00bb1_3,1_3,1_3&#8243; _builder_version=\u00bb4.6.6&#8243; _module_preset=\u00bbdefault\u00bb global_colors_info=\u00bb{}\u00bb][et_pb_column type=\u00bb1_3&#8243; _builder_version=\u00bb4.6.6&#8243; _module_preset=\u00bbdefault\u00bb global_colors_info=\u00bb{}\u00bb][et_pb_blurb title=\u00bbEbooks\u00bb image=\u00bbhttps:\/\/campusvygon.com\/mx\/wp-content\/uploads\/sites\/4\/2020\/10\/ebooks.jpg\u00bb _builder_version=\u00bb4.6.6&#8243; _module_preset=\u00bbdefault\u00bb header_font=\u00bb|600|||||||\u00bb header_text_align=\u00bbleft\u00bb header_text_color=\u00bb#7d7d7d\u00bb header_font_size=\u00bb14px\u00bb header_line_height=\u00bb1.4em\u00bb link_option_url=\u00bbhttps:\/\/campusvygon.com\/mx\/ebooks\/\u00bb global_module=\u00bb13440&#8243; global_colors_info=\u00bb{}\u00bb][\/et_pb_blurb][\/et_pb_column][et_pb_column type=\u00bb1_3&#8243; _builder_version=\u00bb4.6.6&#8243; _module_preset=\u00bbdefault\u00bb global_colors_info=\u00bb{}\u00bb][et_pb_blurb title=\u00bbInfografias\u00bb image=\u00bbhttps:\/\/campusvygon.com\/mx\/wp-content\/uploads\/sites\/4\/2020\/10\/INFOGRAFIAS-BANNER.jpg\u00bb _builder_version=\u00bb4.6.6&#8243; _module_preset=\u00bbdefault\u00bb header_font_size=\u00bb14px\u00bb link_option_url=\u00bbhttps:\/\/campusvygon.com\/mx\/infografias\/\u00bb global_module=\u00bb13423&#8243; saved_tabs=\u00bball\u00bb global_colors_info=\u00bb{}\u00bb][\/et_pb_blurb][\/et_pb_column][et_pb_column type=\u00bb1_3&#8243; _builder_version=\u00bb4.6.6&#8243; _module_preset=\u00bbdefault\u00bb global_colors_info=\u00bb{}\u00bb][et_pb_blurb title=\u00bbFormaci\u00f3n\u00bb image=\u00bbhttps:\/\/campusvygon.com\/mx\/wp-content\/uploads\/sites\/4\/2020\/10\/FORMACION-BW.jpg\u00bb _builder_version=\u00bb4.14.8&#8243; _module_preset=\u00bbdefault\u00bb header_font_size=\u00bb14px\u00bb link_option_url=\u00bbhttps:\/\/formacion.campusvygon.com\u00bb hover_enabled=\u00bb0&#8243; global_module=\u00bb13418&#8243; saved_tabs=\u00bball\u00bb global_colors_info=\u00bb{}\u00bb sticky_enabled=\u00bb0&#8243;][\/et_pb_blurb][\/et_pb_column][\/et_pb_row][\/et_pb_section]<\/p>\n","protected":false},"excerpt":{"rendered":"<p>WhitepapersAprovecha el conocimiento de profesionales sanitarios de referencia, con estos whitepapers podr\u00e1s conocer de primera mano informaci\u00f3n relavante sobre t\u00e9cnicas y procedimientos.Otros recursos que te pueden interesar<\/p>\n","protected":false},"author":4,"featured_media":11960,"parent":0,"menu_order":0,"comment_status":"closed","ping_status":"closed","template":"","meta":{"_et_pb_use_builder":"on","_et_pb_old_content":"","_et_gb_content_width":"","footnotes":""},"class_list":["post-11394","page","type-page","status-publish","has-post-thumbnail","hentry"],"yoast_head":"<!-- This site is optimized with the Yoast SEO plugin v27.2 - https:\/\/yoast.com\/product\/yoast-seo-wordpress\/ -->\n<title>Whitepapers - Campus Vygon M\u00e9xico<\/title>\n<meta name=\"description\" content=\"Descarga nuestros whitepapers y conoce de primera mano informaci\u00f3n relavante sobre t\u00e9cnicas y procedimientos.\" \/>\n<meta name=\"robots\" content=\"index, follow, max-snippet:-1, max-image-preview:large, max-video-preview:-1\" \/>\n<link rel=\"canonical\" href=\"https:\/\/campusvygon.com\/mx\/whitepapers\/\" \/>\n<meta property=\"og:locale\" content=\"es_ES\" \/>\n<meta property=\"og:type\" content=\"article\" \/>\n<meta property=\"og:title\" content=\"Whitepapers - Campus Vygon M\u00e9xico\" \/>\n<meta property=\"og:description\" content=\"Descarga nuestros whitepapers y conoce de primera mano informaci\u00f3n relavante sobre t\u00e9cnicas y procedimientos.\" \/>\n<meta property=\"og:url\" content=\"https:\/\/campusvygon.com\/mx\/whitepapers\/\" \/>\n<meta property=\"og:site_name\" content=\"Campus Vygon M\u00e9xico\" \/>\n<meta property=\"article:modified_time\" content=\"2022-03-08T15:12:21+00:00\" \/>\n<meta property=\"og:image\" content=\"https:\/\/campusvygon.com\/mx\/wp-content\/uploads\/sites\/4\/2020\/09\/whitepapers-campus-vygon.jpg\" \/>\n\t<meta property=\"og:image:width\" content=\"1024\" \/>\n\t<meta property=\"og:image:height\" content=\"512\" \/>\n\t<meta property=\"og:image:type\" content=\"image\/jpeg\" \/>\n<meta name=\"twitter:card\" content=\"summary_large_image\" \/>\n<meta name=\"twitter:label1\" content=\"Tiempo de lectura\" \/>\n\t<meta name=\"twitter:data1\" content=\"4 minutos\" \/>\n<script type=\"application\/ld+json\" class=\"yoast-schema-graph\">{\"@context\":\"https:\/\/schema.org\",\"@graph\":[{\"@type\":\"WebPage\",\"@id\":\"https:\/\/campusvygon.com\/mx\/whitepapers\/\",\"url\":\"https:\/\/campusvygon.com\/mx\/whitepapers\/\",\"name\":\"Whitepapers - Campus Vygon M\u00e9xico\",\"isPartOf\":{\"@id\":\"https:\/\/campusvygon.com\/mx\/#website\"},\"primaryImageOfPage\":{\"@id\":\"https:\/\/campusvygon.com\/mx\/whitepapers\/#primaryimage\"},\"image\":{\"@id\":\"https:\/\/campusvygon.com\/mx\/whitepapers\/#primaryimage\"},\"thumbnailUrl\":\"https:\/\/campusvygon.com\/mx\/wp-content\/uploads\/sites\/4\/2020\/09\/whitepapers-campus-vygon.jpg\",\"datePublished\":\"2020-08-06T14:40:07+00:00\",\"dateModified\":\"2022-03-08T15:12:21+00:00\",\"description\":\"Descarga nuestros whitepapers y conoce de primera mano informaci\u00f3n relavante sobre t\u00e9cnicas y procedimientos.\",\"breadcrumb\":{\"@id\":\"https:\/\/campusvygon.com\/mx\/whitepapers\/#breadcrumb\"},\"inLanguage\":\"es\",\"potentialAction\":[{\"@type\":\"ReadAction\",\"target\":[\"https:\/\/campusvygon.com\/mx\/whitepapers\/\"]}]},{\"@type\":\"ImageObject\",\"inLanguage\":\"es\",\"@id\":\"https:\/\/campusvygon.com\/mx\/whitepapers\/#primaryimage\",\"url\":\"https:\/\/campusvygon.com\/mx\/wp-content\/uploads\/sites\/4\/2020\/09\/whitepapers-campus-vygon.jpg\",\"contentUrl\":\"https:\/\/campusvygon.com\/mx\/wp-content\/uploads\/sites\/4\/2020\/09\/whitepapers-campus-vygon.jpg\",\"width\":1024,\"height\":512,\"caption\":\"whitepapers-campus-vygon\"},{\"@type\":\"BreadcrumbList\",\"@id\":\"https:\/\/campusvygon.com\/mx\/whitepapers\/#breadcrumb\",\"itemListElement\":[{\"@type\":\"ListItem\",\"position\":1,\"name\":\"Portada\",\"item\":\"https:\/\/campusvygon.com\/mx\/\"},{\"@type\":\"ListItem\",\"position\":2,\"name\":\"Whitepapers\"}]},{\"@type\":\"WebSite\",\"@id\":\"https:\/\/campusvygon.com\/mx\/#website\",\"url\":\"https:\/\/campusvygon.com\/mx\/\",\"name\":\"Campus Vygon M\u00e9xico\",\"description\":\"Un espacio para aprender sobre procedimientos y t\u00e9cnicas sanitarias de la mano de profesionales de referencia.\",\"publisher\":{\"@id\":\"https:\/\/campusvygon.com\/mx\/#organization\"},\"potentialAction\":[{\"@type\":\"SearchAction\",\"target\":{\"@type\":\"EntryPoint\",\"urlTemplate\":\"https:\/\/campusvygon.com\/mx\/?s={search_term_string}\"},\"query-input\":{\"@type\":\"PropertyValueSpecification\",\"valueRequired\":true,\"valueName\":\"search_term_string\"}}],\"inLanguage\":\"es\"},{\"@type\":\"Organization\",\"@id\":\"https:\/\/campusvygon.com\/mx\/#organization\",\"name\":\"Campus Vygon M\u00e9xico\",\"url\":\"https:\/\/campusvygon.com\/mx\/\",\"logo\":{\"@type\":\"ImageObject\",\"inLanguage\":\"es\",\"@id\":\"https:\/\/campusvygon.com\/mx\/#\/schema\/logo\/image\/\",\"url\":\"https:\/\/cvmx.b-cdn.net\/wp-content\/uploads\/sites\/4\/2021\/05\/vygon-150.png\",\"contentUrl\":\"https:\/\/cvmx.b-cdn.net\/wp-content\/uploads\/sites\/4\/2021\/05\/vygon-150.png\",\"width\":150,\"height\":60,\"caption\":\"Campus Vygon M\u00e9xico\"},\"image\":{\"@id\":\"https:\/\/campusvygon.com\/mx\/#\/schema\/logo\/image\/\"}}]}<\/script>\n<!-- \/ Yoast SEO plugin. -->","yoast_head_json":{"title":"Whitepapers - Campus Vygon M\u00e9xico","description":"Descarga nuestros whitepapers y conoce de primera mano informaci\u00f3n relavante sobre t\u00e9cnicas y procedimientos.","robots":{"index":"index","follow":"follow","max-snippet":"max-snippet:-1","max-image-preview":"max-image-preview:large","max-video-preview":"max-video-preview:-1"},"canonical":"https:\/\/campusvygon.com\/mx\/whitepapers\/","og_locale":"es_ES","og_type":"article","og_title":"Whitepapers - Campus Vygon M\u00e9xico","og_description":"Descarga nuestros whitepapers y conoce de primera mano informaci\u00f3n relavante sobre t\u00e9cnicas y procedimientos.","og_url":"https:\/\/campusvygon.com\/mx\/whitepapers\/","og_site_name":"Campus Vygon M\u00e9xico","article_modified_time":"2022-03-08T15:12:21+00:00","og_image":[{"width":1024,"height":512,"url":"https:\/\/campusvygon.com\/mx\/wp-content\/uploads\/sites\/4\/2020\/09\/whitepapers-campus-vygon.jpg","type":"image\/jpeg"}],"twitter_card":"summary_large_image","twitter_misc":{"Tiempo de lectura":"4 minutos"},"schema":{"@context":"https:\/\/schema.org","@graph":[{"@type":"WebPage","@id":"https:\/\/campusvygon.com\/mx\/whitepapers\/","url":"https:\/\/campusvygon.com\/mx\/whitepapers\/","name":"Whitepapers - Campus Vygon M\u00e9xico","isPartOf":{"@id":"https:\/\/campusvygon.com\/mx\/#website"},"primaryImageOfPage":{"@id":"https:\/\/campusvygon.com\/mx\/whitepapers\/#primaryimage"},"image":{"@id":"https:\/\/campusvygon.com\/mx\/whitepapers\/#primaryimage"},"thumbnailUrl":"https:\/\/campusvygon.com\/mx\/wp-content\/uploads\/sites\/4\/2020\/09\/whitepapers-campus-vygon.jpg","datePublished":"2020-08-06T14:40:07+00:00","dateModified":"2022-03-08T15:12:21+00:00","description":"Descarga nuestros whitepapers y conoce de primera mano informaci\u00f3n relavante sobre t\u00e9cnicas y procedimientos.","breadcrumb":{"@id":"https:\/\/campusvygon.com\/mx\/whitepapers\/#breadcrumb"},"inLanguage":"es","potentialAction":[{"@type":"ReadAction","target":["https:\/\/campusvygon.com\/mx\/whitepapers\/"]}]},{"@type":"ImageObject","inLanguage":"es","@id":"https:\/\/campusvygon.com\/mx\/whitepapers\/#primaryimage","url":"https:\/\/campusvygon.com\/mx\/wp-content\/uploads\/sites\/4\/2020\/09\/whitepapers-campus-vygon.jpg","contentUrl":"https:\/\/campusvygon.com\/mx\/wp-content\/uploads\/sites\/4\/2020\/09\/whitepapers-campus-vygon.jpg","width":1024,"height":512,"caption":"whitepapers-campus-vygon"},{"@type":"BreadcrumbList","@id":"https:\/\/campusvygon.com\/mx\/whitepapers\/#breadcrumb","itemListElement":[{"@type":"ListItem","position":1,"name":"Portada","item":"https:\/\/campusvygon.com\/mx\/"},{"@type":"ListItem","position":2,"name":"Whitepapers"}]},{"@type":"WebSite","@id":"https:\/\/campusvygon.com\/mx\/#website","url":"https:\/\/campusvygon.com\/mx\/","name":"Campus Vygon M\u00e9xico","description":"Un espacio para aprender sobre procedimientos y t\u00e9cnicas sanitarias de la mano de profesionales de referencia.","publisher":{"@id":"https:\/\/campusvygon.com\/mx\/#organization"},"potentialAction":[{"@type":"SearchAction","target":{"@type":"EntryPoint","urlTemplate":"https:\/\/campusvygon.com\/mx\/?s={search_term_string}"},"query-input":{"@type":"PropertyValueSpecification","valueRequired":true,"valueName":"search_term_string"}}],"inLanguage":"es"},{"@type":"Organization","@id":"https:\/\/campusvygon.com\/mx\/#organization","name":"Campus Vygon M\u00e9xico","url":"https:\/\/campusvygon.com\/mx\/","logo":{"@type":"ImageObject","inLanguage":"es","@id":"https:\/\/campusvygon.com\/mx\/#\/schema\/logo\/image\/","url":"https:\/\/cvmx.b-cdn.net\/wp-content\/uploads\/sites\/4\/2021\/05\/vygon-150.png","contentUrl":"https:\/\/cvmx.b-cdn.net\/wp-content\/uploads\/sites\/4\/2021\/05\/vygon-150.png","width":150,"height":60,"caption":"Campus Vygon M\u00e9xico"},"image":{"@id":"https:\/\/campusvygon.com\/mx\/#\/schema\/logo\/image\/"}}]}},"_links":{"self":[{"href":"https:\/\/campusvygon.com\/mx\/wp-json\/wp\/v2\/pages\/11394","targetHints":{"allow":["GET"]}}],"collection":[{"href":"https:\/\/campusvygon.com\/mx\/wp-json\/wp\/v2\/pages"}],"about":[{"href":"https:\/\/campusvygon.com\/mx\/wp-json\/wp\/v2\/types\/page"}],"author":[{"embeddable":true,"href":"https:\/\/campusvygon.com\/mx\/wp-json\/wp\/v2\/users\/4"}],"replies":[{"embeddable":true,"href":"https:\/\/campusvygon.com\/mx\/wp-json\/wp\/v2\/comments?post=11394"}],"version-history":[{"count":3,"href":"https:\/\/campusvygon.com\/mx\/wp-json\/wp\/v2\/pages\/11394\/revisions"}],"predecessor-version":[{"id":32636,"href":"https:\/\/campusvygon.com\/mx\/wp-json\/wp\/v2\/pages\/11394\/revisions\/32636"}],"wp:featuredmedia":[{"embeddable":true,"href":"https:\/\/campusvygon.com\/mx\/wp-json\/wp\/v2\/media\/11960"}],"wp:attachment":[{"href":"https:\/\/campusvygon.com\/mx\/wp-json\/wp\/v2\/media?parent=11394"}],"curies":[{"name":"wp","href":"https:\/\/api.w.org\/{rel}","templated":true}]}}