{"id":18154,"date":"2021-03-26T13:33:31","date_gmt":"2021-03-26T12:33:31","guid":{"rendered":"http:\/\/campusvygon.com\/mx\/?page_id=18154"},"modified":"2022-03-08T15:58:25","modified_gmt":"2022-03-08T14:58:25","slug":"ebook-el-cateter-de-linea-media-nociones-basicas-sobre-indicaciones-y-tecnicas","status":"publish","type":"page","link":"https:\/\/campusvygon.com\/mx\/ebook-el-cateter-de-linea-media-nociones-basicas-sobre-indicaciones-y-tecnicas\/","title":{"rendered":"Ebook: El cat\u00e9ter de l\u00ednea media &#8211; Nociones b\u00e1sicas sobre indicaciones y t\u00e9cnicas"},"content":{"rendered":"<p>[et_pb_section fb_built=\u00bb1&#8243; theme_builder_area=\u00bbpost_content\u00bb _builder_version=\u00bb4.14.8&#8243; _module_preset=\u00bbdefault\u00bb][\/et_pb_section]<\/p>\n","protected":false},"excerpt":{"rendered":"","protected":false},"author":4,"featured_media":0,"parent":0,"menu_order":0,"comment_status":"closed","ping_status":"closed","template":"","meta":{"_et_pb_use_builder":"on","_et_pb_old_content":"","_et_gb_content_width":"","footnotes":""},"class_list":["post-18154","page","type-page","status-publish","hentry"],"yoast_head":"<!-- This site is optimized with the Yoast SEO plugin v27.4 - https:\/\/yoast.com\/product\/yoast-seo-wordpress\/ -->\n<title>Ebook: El cat\u00e9ter de l\u00ednea media - Nociones b\u00e1sicas sobre indicaciones y t\u00e9cnicas - Campus Vygon M\u00e9xico<\/title>\n<meta name=\"robots\" content=\"index, follow, max-snippet:-1, max-image-preview:large, max-video-preview:-1\" \/>\n<link rel=\"canonical\" href=\"https:\/\/campusvygon.com\/mx\/ebook-el-cateter-de-linea-media-nociones-basicas-sobre-indicaciones-y-tecnicas\/\" \/>\n<meta property=\"og:locale\" content=\"es_ES\" \/>\n<meta property=\"og:type\" content=\"article\" \/>\n<meta property=\"og:title\" content=\"Ebook: El cat\u00e9ter de l\u00ednea media - Nociones b\u00e1sicas sobre indicaciones y t\u00e9cnicas - Campus Vygon M\u00e9xico\" \/>\n<meta property=\"og:url\" content=\"https:\/\/campusvygon.com\/mx\/ebook-el-cateter-de-linea-media-nociones-basicas-sobre-indicaciones-y-tecnicas\/\" \/>\n<meta property=\"og:site_name\" content=\"Campus Vygon M\u00e9xico\" \/>\n<meta property=\"article:modified_time\" content=\"2022-03-08T14:58:25+00:00\" \/>\n<meta name=\"twitter:card\" content=\"summary_large_image\" \/>\n<script type=\"application\/ld+json\" class=\"yoast-schema-graph\">{\"@context\":\"https:\\\/\\\/schema.org\",\"@graph\":[{\"@type\":\"WebPage\",\"@id\":\"https:\\\/\\\/campusvygon.com\\\/mx\\\/ebook-el-cateter-de-linea-media-nociones-basicas-sobre-indicaciones-y-tecnicas\\\/\",\"url\":\"https:\\\/\\\/campusvygon.com\\\/mx\\\/ebook-el-cateter-de-linea-media-nociones-basicas-sobre-indicaciones-y-tecnicas\\\/\",\"name\":\"Ebook: El cat\u00e9ter de l\u00ednea media - Nociones b\u00e1sicas sobre indicaciones y t\u00e9cnicas - Campus Vygon M\u00e9xico\",\"isPartOf\":{\"@id\":\"https:\\\/\\\/campusvygon.com\\\/mx\\\/#website\"},\"datePublished\":\"2021-03-26T12:33:31+00:00\",\"dateModified\":\"2022-03-08T14:58:25+00:00\",\"breadcrumb\":{\"@id\":\"https:\\\/\\\/campusvygon.com\\\/mx\\\/ebook-el-cateter-de-linea-media-nociones-basicas-sobre-indicaciones-y-tecnicas\\\/#breadcrumb\"},\"inLanguage\":\"es\",\"potentialAction\":[{\"@type\":\"ReadAction\",\"target\":[\"https:\\\/\\\/campusvygon.com\\\/mx\\\/ebook-el-cateter-de-linea-media-nociones-basicas-sobre-indicaciones-y-tecnicas\\\/\"]}]},{\"@type\":\"BreadcrumbList\",\"@id\":\"https:\\\/\\\/campusvygon.com\\\/mx\\\/ebook-el-cateter-de-linea-media-nociones-basicas-sobre-indicaciones-y-tecnicas\\\/#breadcrumb\",\"itemListElement\":[{\"@type\":\"ListItem\",\"position\":1,\"name\":\"Portada\",\"item\":\"https:\\\/\\\/campusvygon.com\\\/mx\\\/\"},{\"@type\":\"ListItem\",\"position\":2,\"name\":\"Ebook: El cat\u00e9ter de l\u00ednea media &#8211; Nociones b\u00e1sicas sobre indicaciones y t\u00e9cnicas\"}]},{\"@type\":\"WebSite\",\"@id\":\"https:\\\/\\\/campusvygon.com\\\/mx\\\/#website\",\"url\":\"https:\\\/\\\/campusvygon.com\\\/mx\\\/\",\"name\":\"Campus Vygon M\u00e9xico\",\"description\":\"Un espacio para aprender sobre procedimientos y t\u00e9cnicas sanitarias de la mano de profesionales de referencia.\",\"publisher\":{\"@id\":\"https:\\\/\\\/campusvygon.com\\\/mx\\\/#organization\"},\"potentialAction\":[{\"@type\":\"SearchAction\",\"target\":{\"@type\":\"EntryPoint\",\"urlTemplate\":\"https:\\\/\\\/campusvygon.com\\\/mx\\\/?s={search_term_string}\"},\"query-input\":{\"@type\":\"PropertyValueSpecification\",\"valueRequired\":true,\"valueName\":\"search_term_string\"}}],\"inLanguage\":\"es\"},{\"@type\":\"Organization\",\"@id\":\"https:\\\/\\\/campusvygon.com\\\/mx\\\/#organization\",\"name\":\"Campus Vygon M\u00e9xico\",\"url\":\"https:\\\/\\\/campusvygon.com\\\/mx\\\/\",\"logo\":{\"@type\":\"ImageObject\",\"inLanguage\":\"es\",\"@id\":\"https:\\\/\\\/campusvygon.com\\\/mx\\\/#\\\/schema\\\/logo\\\/image\\\/\",\"url\":\"https:\\\/\\\/cvmx.b-cdn.net\\\/wp-content\\\/uploads\\\/sites\\\/4\\\/2021\\\/05\\\/vygon-150.png\",\"contentUrl\":\"https:\\\/\\\/cvmx.b-cdn.net\\\/wp-content\\\/uploads\\\/sites\\\/4\\\/2021\\\/05\\\/vygon-150.png\",\"width\":150,\"height\":60,\"caption\":\"Campus Vygon M\u00e9xico\"},\"image\":{\"@id\":\"https:\\\/\\\/campusvygon.com\\\/mx\\\/#\\\/schema\\\/logo\\\/image\\\/\"}}]}<\/script>\n<!-- \/ Yoast SEO plugin. -->","yoast_head_json":{"title":"Ebook: El cat\u00e9ter de l\u00ednea media - Nociones b\u00e1sicas sobre indicaciones y t\u00e9cnicas - Campus Vygon M\u00e9xico","robots":{"index":"index","follow":"follow","max-snippet":"max-snippet:-1","max-image-preview":"max-image-preview:large","max-video-preview":"max-video-preview:-1"},"canonical":"https:\/\/campusvygon.com\/mx\/ebook-el-cateter-de-linea-media-nociones-basicas-sobre-indicaciones-y-tecnicas\/","og_locale":"es_ES","og_type":"article","og_title":"Ebook: El cat\u00e9ter de l\u00ednea media - Nociones b\u00e1sicas sobre indicaciones y t\u00e9cnicas - Campus Vygon M\u00e9xico","og_url":"https:\/\/campusvygon.com\/mx\/ebook-el-cateter-de-linea-media-nociones-basicas-sobre-indicaciones-y-tecnicas\/","og_site_name":"Campus Vygon M\u00e9xico","article_modified_time":"2022-03-08T14:58:25+00:00","twitter_card":"summary_large_image","schema":{"@context":"https:\/\/schema.org","@graph":[{"@type":"WebPage","@id":"https:\/\/campusvygon.com\/mx\/ebook-el-cateter-de-linea-media-nociones-basicas-sobre-indicaciones-y-tecnicas\/","url":"https:\/\/campusvygon.com\/mx\/ebook-el-cateter-de-linea-media-nociones-basicas-sobre-indicaciones-y-tecnicas\/","name":"Ebook: El cat\u00e9ter de l\u00ednea media - Nociones b\u00e1sicas sobre indicaciones y t\u00e9cnicas - Campus Vygon M\u00e9xico","isPartOf":{"@id":"https:\/\/campusvygon.com\/mx\/#website"},"datePublished":"2021-03-26T12:33:31+00:00","dateModified":"2022-03-08T14:58:25+00:00","breadcrumb":{"@id":"https:\/\/campusvygon.com\/mx\/ebook-el-cateter-de-linea-media-nociones-basicas-sobre-indicaciones-y-tecnicas\/#breadcrumb"},"inLanguage":"es","potentialAction":[{"@type":"ReadAction","target":["https:\/\/campusvygon.com\/mx\/ebook-el-cateter-de-linea-media-nociones-basicas-sobre-indicaciones-y-tecnicas\/"]}]},{"@type":"BreadcrumbList","@id":"https:\/\/campusvygon.com\/mx\/ebook-el-cateter-de-linea-media-nociones-basicas-sobre-indicaciones-y-tecnicas\/#breadcrumb","itemListElement":[{"@type":"ListItem","position":1,"name":"Portada","item":"https:\/\/campusvygon.com\/mx\/"},{"@type":"ListItem","position":2,"name":"Ebook: El cat\u00e9ter de l\u00ednea media &#8211; Nociones b\u00e1sicas sobre indicaciones y t\u00e9cnicas"}]},{"@type":"WebSite","@id":"https:\/\/campusvygon.com\/mx\/#website","url":"https:\/\/campusvygon.com\/mx\/","name":"Campus Vygon M\u00e9xico","description":"Un espacio para aprender sobre procedimientos y t\u00e9cnicas sanitarias de la mano de profesionales de referencia.","publisher":{"@id":"https:\/\/campusvygon.com\/mx\/#organization"},"potentialAction":[{"@type":"SearchAction","target":{"@type":"EntryPoint","urlTemplate":"https:\/\/campusvygon.com\/mx\/?s={search_term_string}"},"query-input":{"@type":"PropertyValueSpecification","valueRequired":true,"valueName":"search_term_string"}}],"inLanguage":"es"},{"@type":"Organization","@id":"https:\/\/campusvygon.com\/mx\/#organization","name":"Campus Vygon M\u00e9xico","url":"https:\/\/campusvygon.com\/mx\/","logo":{"@type":"ImageObject","inLanguage":"es","@id":"https:\/\/campusvygon.com\/mx\/#\/schema\/logo\/image\/","url":"https:\/\/cvmx.b-cdn.net\/wp-content\/uploads\/sites\/4\/2021\/05\/vygon-150.png","contentUrl":"https:\/\/cvmx.b-cdn.net\/wp-content\/uploads\/sites\/4\/2021\/05\/vygon-150.png","width":150,"height":60,"caption":"Campus Vygon M\u00e9xico"},"image":{"@id":"https:\/\/campusvygon.com\/mx\/#\/schema\/logo\/image\/"}}]}},"_links":{"self":[{"href":"https:\/\/campusvygon.com\/mx\/wp-json\/wp\/v2\/pages\/18154","targetHints":{"allow":["GET"]}}],"collection":[{"href":"https:\/\/campusvygon.com\/mx\/wp-json\/wp\/v2\/pages"}],"about":[{"href":"https:\/\/campusvygon.com\/mx\/wp-json\/wp\/v2\/types\/page"}],"author":[{"embeddable":true,"href":"https:\/\/campusvygon.com\/mx\/wp-json\/wp\/v2\/users\/4"}],"replies":[{"embeddable":true,"href":"https:\/\/campusvygon.com\/mx\/wp-json\/wp\/v2\/comments?post=18154"}],"version-history":[{"count":2,"href":"https:\/\/campusvygon.com\/mx\/wp-json\/wp\/v2\/pages\/18154\/revisions"}],"predecessor-version":[{"id":32632,"href":"https:\/\/campusvygon.com\/mx\/wp-json\/wp\/v2\/pages\/18154\/revisions\/32632"}],"wp:attachment":[{"href":"https:\/\/campusvygon.com\/mx\/wp-json\/wp\/v2\/media?parent=18154"}],"curies":[{"name":"wp","href":"https:\/\/api.w.org\/{rel}","templated":true}]}}