{"id":30006,"date":"2021-12-03T13:32:04","date_gmt":"2021-12-03T12:32:04","guid":{"rendered":"http:\/\/campusvygon.com\/mx\/?page_id=30006"},"modified":"2022-12-21T08:01:11","modified_gmt":"2022-12-21T07:01:11","slug":"ebook-uso-de-ecografia-en-el-acceso-vascular","status":"publish","type":"page","link":"https:\/\/campusvygon.com\/mx\/ebook-uso-de-ecografia-en-el-acceso-vascular\/","title":{"rendered":"ebook: uso de ecografia en el acceso vascular"},"content":{"rendered":"<p>[et_pb_section fb_built=\u00bb1&#8243; admin_label=\u00bbHeader\u00bb _builder_version=\u00bb4.16&#8243; use_background_color_gradient=\u00bbon\u00bb background_color_gradient_direction=\u00bb124deg\u00bb background_color_gradient_stops=\u00bbrgba(255,255,255,0.1) 30%|#e8e8e8 90%\u00bb background_color_gradient_start=\u00bbrgba(255,255,255,0.1)\u00bb background_color_gradient_start_position=\u00bb30%\u00bb background_color_gradient_end=\u00bb#e8e8e8&#8243; background_color_gradient_end_position=\u00bb90%\u00bb background_enable_image=\u00bboff\u00bb background_position=\u00bbbottom_center\u00bb width_tablet=\u00bb\u00bb width_phone=\u00bb\u00bb width_last_edited=\u00bbon|phone\u00bb border_color_all=\u00bb#31d190&#8243; global_colors_info=\u00bb{}\u00bb][et_pb_row module_id=\u00bbform\u00bb _builder_version=\u00bb4.16&#8243; custom_padding=\u00bb40px||40px||true|\u00bb global_colors_info=\u00bb{}\u00bb][et_pb_column type=\u00bb4_4&#8243; _builder_version=\u00bb4.16&#8243; global_colors_info=\u00bb{}\u00bb][et_pb_text _builder_version=\u00bb4.16&#8243; text_font=\u00bb||||||||\u00bb text_text_color=\u00bb#000000&#8243; text_font_size=\u00bb18px\u00bb text_line_height=\u00bb1.8em\u00bb header_font=\u00bbMontserrat|900||on|||||\u00bb header_text_align=\u00bbcenter\u00bb header_text_color=\u00bb#3d4d4d\u00bb header_font_size=\u00bb60px\u00bb header_letter_spacing=\u00bb1px\u00bb header_line_height=\u00bb1.1em\u00bb module_alignment=\u00bbcenter\u00bb custom_margin=\u00bb35px||30px|||\u00bb text_font_size_tablet=\u00bb16px\u00bb text_font_size_phone=\u00bb14px\u00bb text_font_size_last_edited=\u00bbon|phone\u00bb text_line_height_tablet=\u00bb1.8em\u00bb text_line_height_phone=\u00bb1.7em\u00bb text_line_height_last_edited=\u00bboff|phone\u00bb header_font_size_tablet=\u00bb8vw\u00bb header_font_size_phone=\u00bb8vw\u00bb header_font_size_last_edited=\u00bbon|phone\u00bb global_colors_info=\u00bb{}\u00bb]<\/p>\n<h1><span>Descarga gratis nuestro ebook<\/span><\/h1>\n<p>[\/et_pb_text][et_pb_text _builder_version=\u00bb4.16&#8243; _module_preset=\u00bbdefault\u00bb header_2_font=\u00bbMontserrat||||||||\u00bb header_2_text_align=\u00bbcenter\u00bb header_2_font_size=\u00bb16px\u00bb global_colors_info=\u00bb{}\u00bb]<\/p>\n<h2><span>Uso de la ecograf\u00eda en el acceso vascular: Principios y aplicaciones b\u00e1sicas<\/span><\/h2>\n<p>[\/et_pb_text][\/et_pb_column][\/et_pb_row][et_pb_row column_structure=\u00bb1_2,1_2&#8243; _builder_version=\u00bb4.16&#8243; background_size=\u00bbcontain\u00bb background_position=\u00bbbottom_center\u00bb max_width=\u00bb1280px\u00bb max_width_tablet=\u00bb\u00bb max_width_phone=\u00bb\u00bb max_width_last_edited=\u00bbon|desktop\u00bb module_alignment=\u00bbcenter\u00bb custom_margin=\u00bb|auto||auto|false|true\u00bb custom_margin_tablet=\u00bb\u00bb custom_margin_phone=\u00bb|auto||auto|false|true\u00bb custom_margin_last_edited=\u00bbon|phone\u00bb custom_padding=\u00bb18px||||false|false\u00bb global_colors_info=\u00bb{}\u00bb][et_pb_column type=\u00bb1_2&#8243; _builder_version=\u00bb4.16&#8243; global_colors_info=\u00bb{}\u00bb][et_pb_image src=\u00bbhttps:\/\/cvmx.b-cdn.net\/wp-content\/uploads\/sites\/4\/2022\/05\/ecografia.png\u00bb alt=\u00bbebook cat\u00e9teres umbilicales\u00bb title_text=\u00bbecografia\u00bb align=\u00bbcenter\u00bb align_tablet=\u00bbcenter\u00bb align_phone=\u00bbcenter\u00bb align_last_edited=\u00bbon|phone\u00bb _builder_version=\u00bb4.17.4&#8243; width=\u00bb100%\u00bb max_width=\u00bb700px\u00bb custom_margin_tablet=\u00bb\u00bb custom_margin_phone=\u00bb\u00bb custom_margin_last_edited=\u00bbon|phone\u00bb custom_padding=\u00bb58px||58px|29px|true|\u00bb custom_padding_tablet=\u00bb0px||||false|false\u00bb custom_padding_phone=\u00bb0px|||0px|false|false\u00bb custom_padding_last_edited=\u00bbon|tablet\u00bb animation_direction=\u00bbbottom\u00bb module_alignment_tablet=\u00bbcenter\u00bb module_alignment_phone=\u00bbcenter\u00bb module_alignment_last_edited=\u00bbon|phone\u00bb always_center_on_mobile=\u00bboff\u00bb global_colors_info=\u00bb{}\u00bb][\/et_pb_image][\/et_pb_column][et_pb_column type=\u00bb1_2&#8243; _builder_version=\u00bb4.16&#8243; custom_padding=\u00bb28px||||false|false\u00bb custom_padding_tablet=\u00bb0vw|||\u00bb global_colors_info=\u00bb{}\u00bb custom_padding__hover=\u00bb|||\u00bb][et_pb_signup provider=\u00bbmailerlite\u00bb mailerlite_list=\u00bbVygon Espa\u00f1a|111247156&#8243; last_name_fullwidth=\u00bboff\u00bb email_fullwidth=\u00bboff\u00bb use_custom_fields=\u00bbon\u00bb success_action=\u00bbredirect\u00bb button_text=\u00bbEnviar\u00bb footer_content=\u00bb<\/p>\n<div class=%22ml-form-formContent%22>\n<div class=%22ml-form-fieldRow ml-last-item%22>\n<div class=%22ml-field-group ml-field-provincia ml-validate-required%22><strong>Responsable del tratamiento:<\/strong> Vygon SA<\/div>\n<\/div>\n<\/div>\n<div class=%22ml-form-embedPermissions%22>\n<div class=%22ml-form-embedPermissionsContent default%22>\n<p><strong>Finalidad:<span> <\/span><\/strong>La gesti\u00f3n de sus datos personales recogidos mediante el formulario para el registro en el campus de Formaci\u00f3n, as\u00ed como las siguientes finalidades:<\/p>\n<ul>\n<li>Recibir la informaci\u00f3n sobre cursos que pueden ser de tu inter\u00e9s<\/li>\n<li>Recibir informaci\u00f3n sobre Vygon y la actividad y productos comerciales Vygon Espa\u00f1a.<\/li>\n<li>Recibir la revista clase 3.<\/li>\n<\/ul>\n<p><strong>Ejercicio de derechos:<span> <\/span><\/strong>En cualquier momento podr\u00e1 ejercer sus derechos de Acceso, Rectificaci\u00f3n, Supresi\u00f3n, Portabilidad, Limitaci\u00f3n o, en su caso, Oposici\u00f3n a<span> <\/span><a href=%22mailto:comunicacion@vygon.com%22 data-et-target-link=%22_blank%22 rel=%22noopener%22>comunicacion@vygon.com<\/a><\/p>\n<p>Para m\u00e1s informaci\u00f3n sobre el uso responsable que hacemos de tu datos puedes consultar nuestra<span> <\/span><a href=%22https:\/\/campusvygon.com\/aviso-legal-y-politica-de-privacidad\/%22 data-et-target-link=%22_blank%22 rel=%22noopener%22>pol\u00edtica de privacidad.<\/a><\/p>\n<\/div>\n<\/div>\n<p>\u00bb use_spam_service=\u00bbon\u00bb recaptcha_list=\u00bbDefault|Default-0&#8243; _builder_version=\u00bb4.19.4&#8243; _module_preset=\u00bbdefault\u00bb body_font_size=\u00bb10px\u00bb body_link_text_color=\u00bb#FFFFFF\u00bb custom_button=\u00bbon\u00bb button_text_color=\u00bbgcid-5c0ffe69-7172-4b18-84d5-8ca2b15ef07e\u00bb button_bg_color=\u00bb#FFFFFF\u00bb button_border_radius=\u00bb15px\u00bb hover_enabled=\u00bb0&#8243; custom_css_newsletter_button=\u00bbwidth: 50%;||padding: 15px 32px;||margin: 25px 25%;\u00bb border_radii=\u00bbon|10px|10px|10px|10px\u00bb border_radii_fields=\u00bbon|10px|10px|10px|10px\u00bb global_colors_info=\u00bb{%22gcid-5c0ffe69-7172-4b18-84d5-8ca2b15ef07e%22:%91%22button_text_color__hover%22,%22button_text_color%22%93}\u00bb button_text_color__hover_enabled=\u00bbon|desktop\u00bb button_text_color__hover=\u00bb#7a9f80&#8243; success_redirect_url=\u00bbhttps:\/\/campusvygon.com\/mx\/muchas-gracias\/\u00bb sticky_enabled=\u00bb0&#8243;][et_pb_signup_custom_field field_id=\u00bbhospital\u00bb field_title=\u00bbHospital\u00bb field_type=\u00bbinput\u00bb _builder_version=\u00bb4.17.3&#8243; _module_preset=\u00bbdefault\u00bb global_colors_info=\u00bb{}\u00bb predefined_field=\u00bbhospital\u00bb][\/et_pb_signup_custom_field][et_pb_signup_custom_field field_id=\u00bbservicio\u00bb field_title=\u00bbServicio\u00bb field_type=\u00bbinput\u00bb _builder_version=\u00bb4.17.3&#8243; _module_preset=\u00bbdefault\u00bb global_colors_info=\u00bb{}\u00bb predefined_field=\u00bbservicio\u00bb][\/et_pb_signup_custom_field][et_pb_signup_custom_field field_id=\u00bbpais\u00bb field_title=\u00bbPa\u00eds\u00bb field_type=\u00bbinput\u00bb _builder_version=\u00bb4.17.3&#8243; _module_preset=\u00bbdefault\u00bb global_colors_info=\u00bb{}\u00bb predefined_field=\u00bbpais\u00bb][\/et_pb_signup_custom_field][et_pb_signup_custom_field field_id=\u00bbprovincia\u00bb field_title=\u00bbProvincia\u00bb field_type=\u00bbinput\u00bb _builder_version=\u00bb4.17.3&#8243; _module_preset=\u00bbdefault\u00bb global_colors_info=\u00bb{}\u00bb predefined_field=\u00bbprovincia\u00bb][\/et_pb_signup_custom_field][et_pb_signup_custom_field field_id=\u00bbField_5&#8243; field_type=\u00bbcheckbox\u00bb checkbox_options=\u00bb%91{%22value%22:%22   He le\u00eddo y acepto la pol\u00edtica de privacidad%22,%22checked%22:0,%22dragID%22:-1,%22link_url%22:%22https:\/\/campusvygon.com\/aviso-legal-y-politica-de-privacidad\/%22}%93&#8243; _builder_version=\u00bb4.17.3&#8243; _module_preset=\u00bbdefault\u00bb global_colors_info=\u00bb{}\u00bb][\/et_pb_signup_custom_field][\/et_pb_signup][\/et_pb_column][\/et_pb_row][\/et_pb_section]<\/p>\n","protected":false},"excerpt":{"rendered":"<p>Descarga gratis nuestro ebookUso de la ecograf\u00eda en el acceso vascular: Principios y aplicaciones b\u00e1sicas<\/p>\n","protected":false},"author":4,"featured_media":0,"parent":0,"menu_order":0,"comment_status":"closed","ping_status":"closed","template":"","meta":{"_et_pb_use_builder":"on","_et_pb_old_content":"","_et_gb_content_width":"","footnotes":""},"class_list":["post-30006","page","type-page","status-publish","hentry"],"yoast_head":"<!-- This site is optimized with the Yoast SEO plugin v27.4 - https:\/\/yoast.com\/product\/yoast-seo-wordpress\/ -->\n<title>ebook: uso de ecografia en el acceso vascular - Campus Vygon M\u00e9xico<\/title>\n<meta name=\"robots\" content=\"index, follow, max-snippet:-1, max-image-preview:large, max-video-preview:-1\" \/>\n<link rel=\"canonical\" href=\"https:\/\/campusvygon.com\/mx\/ebook-uso-de-ecografia-en-el-acceso-vascular\/\" \/>\n<meta property=\"og:locale\" content=\"es_ES\" \/>\n<meta property=\"og:type\" content=\"article\" \/>\n<meta property=\"og:title\" content=\"ebook: uso de ecografia en el acceso vascular - Campus Vygon M\u00e9xico\" \/>\n<meta property=\"og:description\" content=\"Descarga gratis nuestro ebookUso de la ecograf\u00eda en el acceso vascular: Principios y aplicaciones b\u00e1sicas\" \/>\n<meta property=\"og:url\" content=\"https:\/\/campusvygon.com\/mx\/ebook-uso-de-ecografia-en-el-acceso-vascular\/\" \/>\n<meta property=\"og:site_name\" content=\"Campus Vygon M\u00e9xico\" \/>\n<meta property=\"article:modified_time\" content=\"2022-12-21T07:01:11+00:00\" \/>\n<meta name=\"twitter:card\" content=\"summary_large_image\" \/>\n<script type=\"application\/ld+json\" class=\"yoast-schema-graph\">{\"@context\":\"https:\\\/\\\/schema.org\",\"@graph\":[{\"@type\":\"WebPage\",\"@id\":\"https:\\\/\\\/campusvygon.com\\\/mx\\\/ebook-uso-de-ecografia-en-el-acceso-vascular\\\/\",\"url\":\"https:\\\/\\\/campusvygon.com\\\/mx\\\/ebook-uso-de-ecografia-en-el-acceso-vascular\\\/\",\"name\":\"ebook: uso de ecografia en el acceso vascular - Campus Vygon M\u00e9xico\",\"isPartOf\":{\"@id\":\"https:\\\/\\\/campusvygon.com\\\/mx\\\/#website\"},\"datePublished\":\"2021-12-03T12:32:04+00:00\",\"dateModified\":\"2022-12-21T07:01:11+00:00\",\"breadcrumb\":{\"@id\":\"https:\\\/\\\/campusvygon.com\\\/mx\\\/ebook-uso-de-ecografia-en-el-acceso-vascular\\\/#breadcrumb\"},\"inLanguage\":\"es\",\"potentialAction\":[{\"@type\":\"ReadAction\",\"target\":[\"https:\\\/\\\/campusvygon.com\\\/mx\\\/ebook-uso-de-ecografia-en-el-acceso-vascular\\\/\"]}]},{\"@type\":\"BreadcrumbList\",\"@id\":\"https:\\\/\\\/campusvygon.com\\\/mx\\\/ebook-uso-de-ecografia-en-el-acceso-vascular\\\/#breadcrumb\",\"itemListElement\":[{\"@type\":\"ListItem\",\"position\":1,\"name\":\"Portada\",\"item\":\"https:\\\/\\\/campusvygon.com\\\/mx\\\/\"},{\"@type\":\"ListItem\",\"position\":2,\"name\":\"ebook: uso de ecografia en el acceso vascular\"}]},{\"@type\":\"WebSite\",\"@id\":\"https:\\\/\\\/campusvygon.com\\\/mx\\\/#website\",\"url\":\"https:\\\/\\\/campusvygon.com\\\/mx\\\/\",\"name\":\"Campus Vygon M\u00e9xico\",\"description\":\"Un espacio para aprender sobre procedimientos y t\u00e9cnicas sanitarias de la mano de profesionales de referencia.\",\"publisher\":{\"@id\":\"https:\\\/\\\/campusvygon.com\\\/mx\\\/#organization\"},\"potentialAction\":[{\"@type\":\"SearchAction\",\"target\":{\"@type\":\"EntryPoint\",\"urlTemplate\":\"https:\\\/\\\/campusvygon.com\\\/mx\\\/?s={search_term_string}\"},\"query-input\":{\"@type\":\"PropertyValueSpecification\",\"valueRequired\":true,\"valueName\":\"search_term_string\"}}],\"inLanguage\":\"es\"},{\"@type\":\"Organization\",\"@id\":\"https:\\\/\\\/campusvygon.com\\\/mx\\\/#organization\",\"name\":\"Campus Vygon M\u00e9xico\",\"url\":\"https:\\\/\\\/campusvygon.com\\\/mx\\\/\",\"logo\":{\"@type\":\"ImageObject\",\"inLanguage\":\"es\",\"@id\":\"https:\\\/\\\/campusvygon.com\\\/mx\\\/#\\\/schema\\\/logo\\\/image\\\/\",\"url\":\"https:\\\/\\\/cvmx.b-cdn.net\\\/wp-content\\\/uploads\\\/sites\\\/4\\\/2021\\\/05\\\/vygon-150.png\",\"contentUrl\":\"https:\\\/\\\/cvmx.b-cdn.net\\\/wp-content\\\/uploads\\\/sites\\\/4\\\/2021\\\/05\\\/vygon-150.png\",\"width\":150,\"height\":60,\"caption\":\"Campus Vygon M\u00e9xico\"},\"image\":{\"@id\":\"https:\\\/\\\/campusvygon.com\\\/mx\\\/#\\\/schema\\\/logo\\\/image\\\/\"}}]}<\/script>\n<!-- \/ Yoast SEO plugin. -->","yoast_head_json":{"title":"ebook: uso de ecografia en el acceso vascular - Campus Vygon M\u00e9xico","robots":{"index":"index","follow":"follow","max-snippet":"max-snippet:-1","max-image-preview":"max-image-preview:large","max-video-preview":"max-video-preview:-1"},"canonical":"https:\/\/campusvygon.com\/mx\/ebook-uso-de-ecografia-en-el-acceso-vascular\/","og_locale":"es_ES","og_type":"article","og_title":"ebook: uso de ecografia en el acceso vascular - Campus Vygon M\u00e9xico","og_description":"Descarga gratis nuestro ebookUso de la ecograf\u00eda en el acceso vascular: Principios y aplicaciones b\u00e1sicas","og_url":"https:\/\/campusvygon.com\/mx\/ebook-uso-de-ecografia-en-el-acceso-vascular\/","og_site_name":"Campus Vygon M\u00e9xico","article_modified_time":"2022-12-21T07:01:11+00:00","twitter_card":"summary_large_image","schema":{"@context":"https:\/\/schema.org","@graph":[{"@type":"WebPage","@id":"https:\/\/campusvygon.com\/mx\/ebook-uso-de-ecografia-en-el-acceso-vascular\/","url":"https:\/\/campusvygon.com\/mx\/ebook-uso-de-ecografia-en-el-acceso-vascular\/","name":"ebook: uso de ecografia en el acceso vascular - Campus Vygon M\u00e9xico","isPartOf":{"@id":"https:\/\/campusvygon.com\/mx\/#website"},"datePublished":"2021-12-03T12:32:04+00:00","dateModified":"2022-12-21T07:01:11+00:00","breadcrumb":{"@id":"https:\/\/campusvygon.com\/mx\/ebook-uso-de-ecografia-en-el-acceso-vascular\/#breadcrumb"},"inLanguage":"es","potentialAction":[{"@type":"ReadAction","target":["https:\/\/campusvygon.com\/mx\/ebook-uso-de-ecografia-en-el-acceso-vascular\/"]}]},{"@type":"BreadcrumbList","@id":"https:\/\/campusvygon.com\/mx\/ebook-uso-de-ecografia-en-el-acceso-vascular\/#breadcrumb","itemListElement":[{"@type":"ListItem","position":1,"name":"Portada","item":"https:\/\/campusvygon.com\/mx\/"},{"@type":"ListItem","position":2,"name":"ebook: uso de ecografia en el acceso vascular"}]},{"@type":"WebSite","@id":"https:\/\/campusvygon.com\/mx\/#website","url":"https:\/\/campusvygon.com\/mx\/","name":"Campus Vygon M\u00e9xico","description":"Un espacio para aprender sobre procedimientos y t\u00e9cnicas sanitarias de la mano de profesionales de referencia.","publisher":{"@id":"https:\/\/campusvygon.com\/mx\/#organization"},"potentialAction":[{"@type":"SearchAction","target":{"@type":"EntryPoint","urlTemplate":"https:\/\/campusvygon.com\/mx\/?s={search_term_string}"},"query-input":{"@type":"PropertyValueSpecification","valueRequired":true,"valueName":"search_term_string"}}],"inLanguage":"es"},{"@type":"Organization","@id":"https:\/\/campusvygon.com\/mx\/#organization","name":"Campus Vygon M\u00e9xico","url":"https:\/\/campusvygon.com\/mx\/","logo":{"@type":"ImageObject","inLanguage":"es","@id":"https:\/\/campusvygon.com\/mx\/#\/schema\/logo\/image\/","url":"https:\/\/cvmx.b-cdn.net\/wp-content\/uploads\/sites\/4\/2021\/05\/vygon-150.png","contentUrl":"https:\/\/cvmx.b-cdn.net\/wp-content\/uploads\/sites\/4\/2021\/05\/vygon-150.png","width":150,"height":60,"caption":"Campus Vygon M\u00e9xico"},"image":{"@id":"https:\/\/campusvygon.com\/mx\/#\/schema\/logo\/image\/"}}]}},"_links":{"self":[{"href":"https:\/\/campusvygon.com\/mx\/wp-json\/wp\/v2\/pages\/30006","targetHints":{"allow":["GET"]}}],"collection":[{"href":"https:\/\/campusvygon.com\/mx\/wp-json\/wp\/v2\/pages"}],"about":[{"href":"https:\/\/campusvygon.com\/mx\/wp-json\/wp\/v2\/types\/page"}],"author":[{"embeddable":true,"href":"https:\/\/campusvygon.com\/mx\/wp-json\/wp\/v2\/users\/4"}],"replies":[{"embeddable":true,"href":"https:\/\/campusvygon.com\/mx\/wp-json\/wp\/v2\/comments?post=30006"}],"version-history":[{"count":3,"href":"https:\/\/campusvygon.com\/mx\/wp-json\/wp\/v2\/pages\/30006\/revisions"}],"predecessor-version":[{"id":33982,"href":"https:\/\/campusvygon.com\/mx\/wp-json\/wp\/v2\/pages\/30006\/revisions\/33982"}],"wp:attachment":[{"href":"https:\/\/campusvygon.com\/mx\/wp-json\/wp\/v2\/media?parent=30006"}],"curies":[{"name":"wp","href":"https:\/\/api.w.org\/{rel}","templated":true}]}}