{"id":86,"date":"2012-07-31T02:17:58","date_gmt":"2012-07-31T02:17:58","guid":{"rendered":"http:\/\/theme-fusion.com\/avada\/?page_id=86"},"modified":"2022-03-08T15:31:33","modified_gmt":"2022-03-08T14:31:33","slug":"contact","status":"publish","type":"page","link":"https:\/\/campusvygon.com\/mx\/contact\/","title":{"rendered":"Contacto"},"content":{"rendered":"<p>[et_pb_section fb_built=\u00bb1&#8243; _builder_version=\u00bb4.14.8&#8243; _module_preset=\u00bbdefault\u00bb background_enable_image=\u00bboff\u00bb background_size=\u00bbinitial\u00bb custom_margin=\u00bb41px||||false|false\u00bb custom_padding=\u00bb79px||79px||true|\u00bb global_colors_info=\u00bb{}\u00bb][et_pb_row _builder_version=\u00bb4.14.8&#8243; _module_preset=\u00bbdefault\u00bb z_index=\u00bb0&#8243; custom_margin_tablet=\u00bb\u00bb custom_margin_phone=\u00bb|25px||25px|false|true\u00bb custom_margin_last_edited=\u00bbon|phone\u00bb custom_padding=\u00bb14px||14px|54px|true|\u00bb border_color_right=\u00bb#009D4E\u00bb border_width_left=\u00bb75px\u00bb border_color_left=\u00bbgcid-bed58c79-cd4b-4799-9e4d-ddebf02b0f22&#8243; global_colors_info=\u00bb{%22gcid-bed58c79-cd4b-4799-9e4d-ddebf02b0f22%22:%91%22border_color_left%22%93}\u00bb][et_pb_column type=\u00bb4_4&#8243; _builder_version=\u00bb4.14.8&#8243; _module_preset=\u00bbdefault\u00bb global_colors_info=\u00bb{}\u00bb][et_pb_text _builder_version=\u00bb4.14.8&#8243; _module_preset=\u00bbdefault\u00bb header_font=\u00bbMontserrat|800||on|||||\u00bb header_letter_spacing=\u00bb2px\u00bb custom_margin=\u00bb||-6px|||\u00bb border_color_all=\u00bbgcid-bed58c79-cd4b-4799-9e4d-ddebf02b0f22&#8243; global_colors_info=\u00bb{%22gcid-bed58c79-cd4b-4799-9e4d-ddebf02b0f22%22:%91%22border_color_all%22%93}\u00bb]<\/p>\n<h1>Contacto<\/h1>\n<p>[\/et_pb_text][\/et_pb_column][\/et_pb_row][et_pb_row column_structure=\u00bb2_5,3_5&#8243; _builder_version=\u00bb4.14.8&#8243; _module_preset=\u00bbdefault\u00bb custom_padding=\u00bb74px|||||\u00bb global_colors_info=\u00bb{}\u00bb][et_pb_column type=\u00bb2_5&#8243; _builder_version=\u00bb4.14.8&#8243; _module_preset=\u00bbdefault\u00bb background_color=\u00bb#efefef\u00bb custom_padding=\u00bb46px|49px|83px|49px|false|true\u00bb global_colors_info=\u00bb{}\u00bb][et_pb_text _builder_version=\u00bb4.14.8&#8243; _module_preset=\u00bbdefault\u00bb header_font=\u00bbMontserrat|800|||||||\u00bb header_text_color=\u00bb#7a7a7a\u00bb header_font_size=\u00bb20px\u00bb header_letter_spacing=\u00bb1px\u00bb header_2_font=\u00bbMontserrat|900|||||||\u00bb header_2_font_size=\u00bb20px\u00bb background_enable_color=\u00bboff\u00bb custom_margin=\u00bb14px||8px|||\u00bb custom_padding=\u00bb27px||27px|5px|true|false\u00bb header_font_size_tablet=\u00bb\u00bb header_font_size_phone=\u00bb25px\u00bb header_font_size_last_edited=\u00bbon|phone\u00bb global_colors_info=\u00bb{}\u00bb]<\/p>\n<h2><span>Contacta con nosotros<\/span><\/h2>\n<p>[\/et_pb_text][et_pb_text _builder_version=\u00bb4.14.8&#8243; _module_preset=\u00bbdefault\u00bb text_font=\u00bbMontserrat||||||||\u00bb custom_margin=\u00bb||44px|||\u00bb text_font_size_tablet=\u00bb\u00bb text_font_size_phone=\u00bb16px\u00bb text_font_size_last_edited=\u00bbon|phone\u00bb global_colors_info=\u00bb{}\u00bb]<\/p>\n<div class=\"et_pb_module et_pb_text et_pb_text_2_tb_body  et_pb_text_align_left et_pb_bg_layout_light\">\n<div class=\"et_pb_text_inner\">\n<p>Si tienes cualquier duda o quieres ponerte en contacto con nosotros rellena el formulario con tus datos y dudas e intentaremos ayudarte a resolverlas.<\/p>\n<\/div>\n<\/div>\n<div class=\"et_pb_module et_pb_text et_pb_text_3_tb_body  et_pb_text_align_left et_pb_bg_layout_light\">\n<div class=\"et_pb_text_inner\"><\/div>\n<\/div>\n<p>[\/et_pb_text][\/et_pb_column][et_pb_column type=\u00bb3_5&#8243; _builder_version=\u00bb4.6.0&#8243; _module_preset=\u00bbdefault\u00bb background_enable_color=\u00bboff\u00bb custom_padding=\u00bb46px|49px|83px|49px|false|true\u00bb border_width_all=\u00bb1px\u00bb border_color_all=\u00bb#cccccc\u00bb global_colors_info=\u00bb{}\u00bb][et_pb_contact_form captcha=\u00bboff\u00bb email=\u00bbcomunicacion@vygon.com\u00bb custom_message=\u00bbHemos recibido un nuevo mensaje desde campus M\u00e9xico ||et_pb_line_break_holder||||et_pb_line_break_holder||Nombre: %%Name%% ||et_pb_line_break_holder||Email: %%Email%%||et_pb_line_break_holder||Mensaje: %%message%%\u00bb submit_button_text=\u00bbEnviar\u00bb disabled_on=\u00bboff|off|off\u00bb _builder_version=\u00bb4.14.8&#8243; _module_preset=\u00bbdefault\u00bb _unique_id=\u00bb014a4190-68f8-4692-88db-934ec8dcb190&#8243; form_field_custom_margin=\u00bb-5px||||false|false\u00bb hover_enabled=\u00bb0&#8243; border_radii=\u00bbon|10px|10px|10px|10px\u00bb global_colors_info=\u00bb{}\u00bb sticky_enabled=\u00bb0&#8243;][et_pb_contact_field field_id=\u00bbName\u00bb field_title=\u00bbNombre*\u00bb _builder_version=\u00bb4.14.8&#8243; global_colors_info=\u00bb{}\u00bb button_text_size__hover_enabled=\u00bboff\u00bb button_one_text_size__hover_enabled=\u00bboff\u00bb button_two_text_size__hover_enabled=\u00bboff\u00bb button_text_color__hover_enabled=\u00bboff\u00bb button_one_text_color__hover_enabled=\u00bboff\u00bb button_two_text_color__hover_enabled=\u00bboff\u00bb button_border_width__hover_enabled=\u00bboff\u00bb button_one_border_width__hover_enabled=\u00bboff\u00bb button_two_border_width__hover_enabled=\u00bboff\u00bb button_border_color__hover_enabled=\u00bboff\u00bb button_one_border_color__hover_enabled=\u00bboff\u00bb button_two_border_color__hover_enabled=\u00bboff\u00bb button_border_radius__hover_enabled=\u00bboff\u00bb button_one_border_radius__hover_enabled=\u00bboff\u00bb button_two_border_radius__hover_enabled=\u00bboff\u00bb button_letter_spacing__hover_enabled=\u00bboff\u00bb button_one_letter_spacing__hover_enabled=\u00bboff\u00bb button_two_letter_spacing__hover_enabled=\u00bboff\u00bb button_bg_color__hover_enabled=\u00bboff\u00bb button_one_bg_color__hover_enabled=\u00bboff\u00bb button_two_bg_color__hover_enabled=\u00bboff\u00bb][\/et_pb_contact_field][et_pb_contact_field field_id=\u00bbEmail\u00bb field_title=\u00bbEmail*\u00bb field_type=\u00bbemail\u00bb _builder_version=\u00bb4.14.8&#8243; custom_margin_tablet=\u00bb\u00bb custom_margin_phone=\u00bb12px||12px||true|false\u00bb custom_margin_last_edited=\u00bbon|phone\u00bb global_colors_info=\u00bb{}\u00bb button_text_size__hover_enabled=\u00bboff\u00bb button_one_text_size__hover_enabled=\u00bboff\u00bb button_two_text_size__hover_enabled=\u00bboff\u00bb button_text_color__hover_enabled=\u00bboff\u00bb button_one_text_color__hover_enabled=\u00bboff\u00bb button_two_text_color__hover_enabled=\u00bboff\u00bb button_border_width__hover_enabled=\u00bboff\u00bb button_one_border_width__hover_enabled=\u00bboff\u00bb button_two_border_width__hover_enabled=\u00bboff\u00bb button_border_color__hover_enabled=\u00bboff\u00bb button_one_border_color__hover_enabled=\u00bboff\u00bb button_two_border_color__hover_enabled=\u00bboff\u00bb button_border_radius__hover_enabled=\u00bboff\u00bb button_one_border_radius__hover_enabled=\u00bboff\u00bb button_two_border_radius__hover_enabled=\u00bboff\u00bb button_letter_spacing__hover_enabled=\u00bboff\u00bb button_one_letter_spacing__hover_enabled=\u00bboff\u00bb button_two_letter_spacing__hover_enabled=\u00bboff\u00bb button_bg_color__hover_enabled=\u00bboff\u00bb button_one_bg_color__hover_enabled=\u00bboff\u00bb button_two_bg_color__hover_enabled=\u00bboff\u00bb][\/et_pb_contact_field][et_pb_contact_field field_id=\u00bbMessage\u00bb field_title=\u00bbDeja tu consulta*\u00bb field_type=\u00bbtext\u00bb fullwidth_field=\u00bbon\u00bb _builder_version=\u00bb4.14.8&#8243; global_colors_info=\u00bb{}\u00bb button_text_size__hover_enabled=\u00bboff\u00bb button_one_text_size__hover_enabled=\u00bboff\u00bb button_two_text_size__hover_enabled=\u00bboff\u00bb button_text_color__hover_enabled=\u00bboff\u00bb button_one_text_color__hover_enabled=\u00bboff\u00bb button_two_text_color__hover_enabled=\u00bboff\u00bb button_border_width__hover_enabled=\u00bboff\u00bb button_one_border_width__hover_enabled=\u00bboff\u00bb button_two_border_width__hover_enabled=\u00bboff\u00bb button_border_color__hover_enabled=\u00bboff\u00bb button_one_border_color__hover_enabled=\u00bboff\u00bb button_two_border_color__hover_enabled=\u00bboff\u00bb button_border_radius__hover_enabled=\u00bboff\u00bb button_one_border_radius__hover_enabled=\u00bboff\u00bb button_two_border_radius__hover_enabled=\u00bboff\u00bb button_letter_spacing__hover_enabled=\u00bboff\u00bb button_one_letter_spacing__hover_enabled=\u00bboff\u00bb button_two_letter_spacing__hover_enabled=\u00bboff\u00bb button_bg_color__hover_enabled=\u00bboff\u00bb button_one_bg_color__hover_enabled=\u00bboff\u00bb button_two_bg_color__hover_enabled=\u00bboff\u00bb][\/et_pb_contact_field][et_pb_contact_field field_id=\u00bbacepto\u00bb field_title=\u00bb \u00bb field_type=\u00bbcheckbox\u00bb checkbox_options=\u00bb%91{%22value%22:%22Al hacer clic aqu\u00ed, usted acepta que los datos proporcionados se utilicen para ponerse en contacto con usted \u00fanicamente en relaci\u00f3n con la informaci\u00f3n relacionada con su solicitud. Puede darse de baja en cualquier momento enviando un correo electr\u00f3nico a comunicacion@vygon.com. Para m\u00e1s informaci\u00f3n, consulte nuestra %22,%22checked%22:0,%22dragID%22:-1,%22link_url%22:%22https:\/\/campusvygon.com\/mx\/aviso-legal-y-politica-de-privacidad\/%22,%22link_text%22:%22Pol\u00edtica de privacidad%22}%93&#8243; fullwidth_field=\u00bbon\u00bb _builder_version=\u00bb4.14.8&#8243; _module_preset=\u00bbdefault\u00bb form_field_font_size=\u00bb10px\u00bb form_field_line_height=\u00bb1.8em\u00bb custom_margin=\u00bb30px||||false|false\u00bb global_colors_info=\u00bb{}\u00bb][\/et_pb_contact_field][\/et_pb_contact_form][\/et_pb_column][\/et_pb_row][\/et_pb_section]<\/p>\n","protected":false},"excerpt":{"rendered":"<p>ContactoContacta con nosotros Si tienes cualquier duda o quieres ponerte en contacto con nosotros rellena el formulario con tus datos y dudas e intentaremos ayudarte a resolverlas.<\/p>\n","protected":false},"author":1,"featured_media":0,"parent":0,"menu_order":0,"comment_status":"closed","ping_status":"closed","template":"","meta":{"_et_pb_use_builder":"on","_et_pb_old_content":"<strong>Si tienes cualquier duda o quieres ponerte en contacto con nosotros rellena el formulario con tus datos y dudas e intentaremos ayudarte a resolverlas.<\/strong>\r\n\r\n[contact-form-7 id=\"5371\" title=\"Formulario de contacto 1\"]\r\n\r\n<strong>Tranquil@, esto NO es una lista de SPAM.\u00a0 SOLO utilizaremos tus datos para responder a las preguntas que nos hagas.<\/strong>\r\n\r\n<strong>Vygon Espa\u00f1a.<\/strong>\r\nCiudad de Sevilla 34\r\nParcela 71\r\nPoligono Fuente del Jarro\r\n46988 Paterna (Valencia)\r\nSpain\r\n\r\nTelf. +34 961 34 30 30","_et_gb_content_width":"","footnotes":""},"class_list":["post-86","page","type-page","status-publish","hentry"],"yoast_head":"<!-- This site is optimized with the Yoast SEO plugin v27.4 - https:\/\/yoast.com\/product\/yoast-seo-wordpress\/ -->\n<title>Contacto - Campus Vygon M\u00e9xico<\/title>\n<meta name=\"robots\" content=\"index, follow, max-snippet:-1, max-image-preview:large, max-video-preview:-1\" \/>\n<link rel=\"canonical\" href=\"https:\/\/campusvygon.com\/mx\/contact\/\" \/>\n<meta property=\"og:locale\" content=\"es_ES\" \/>\n<meta property=\"og:type\" content=\"article\" \/>\n<meta property=\"og:title\" content=\"Contacto - Campus Vygon M\u00e9xico\" \/>\n<meta property=\"og:description\" content=\"ContactoContacta con nosotros Si tienes cualquier duda o quieres ponerte en contacto con nosotros rellena el formulario con tus datos y dudas e intentaremos ayudarte a resolverlas.\" \/>\n<meta property=\"og:url\" content=\"https:\/\/campusvygon.com\/mx\/contact\/\" \/>\n<meta property=\"og:site_name\" content=\"Campus Vygon M\u00e9xico\" \/>\n<meta property=\"article:modified_time\" content=\"2022-03-08T14:31:33+00:00\" \/>\n<meta name=\"twitter:card\" content=\"summary_large_image\" \/>\n<meta name=\"twitter:label1\" content=\"Tiempo de lectura\" \/>\n\t<meta name=\"twitter:data1\" content=\"5 minutos\" \/>\n<script type=\"application\/ld+json\" class=\"yoast-schema-graph\">{\"@context\":\"https:\\\/\\\/schema.org\",\"@graph\":[{\"@type\":[\"WebPage\",\"ContactPage\"],\"@id\":\"https:\\\/\\\/campusvygon.com\\\/mx\\\/contact\\\/\",\"url\":\"https:\\\/\\\/campusvygon.com\\\/mx\\\/contact\\\/\",\"name\":\"Contacto - Campus Vygon M\u00e9xico\",\"isPartOf\":{\"@id\":\"https:\\\/\\\/campusvygon.com\\\/mx\\\/#website\"},\"datePublished\":\"2012-07-31T02:17:58+00:00\",\"dateModified\":\"2022-03-08T14:31:33+00:00\",\"breadcrumb\":{\"@id\":\"https:\\\/\\\/campusvygon.com\\\/mx\\\/contact\\\/#breadcrumb\"},\"inLanguage\":\"es\",\"potentialAction\":[{\"@type\":\"ReadAction\",\"target\":[\"https:\\\/\\\/campusvygon.com\\\/mx\\\/contact\\\/\"]}]},{\"@type\":\"BreadcrumbList\",\"@id\":\"https:\\\/\\\/campusvygon.com\\\/mx\\\/contact\\\/#breadcrumb\",\"itemListElement\":[{\"@type\":\"ListItem\",\"position\":1,\"name\":\"Portada\",\"item\":\"https:\\\/\\\/campusvygon.com\\\/mx\\\/\"},{\"@type\":\"ListItem\",\"position\":2,\"name\":\"Contacto\"}]},{\"@type\":\"WebSite\",\"@id\":\"https:\\\/\\\/campusvygon.com\\\/mx\\\/#website\",\"url\":\"https:\\\/\\\/campusvygon.com\\\/mx\\\/\",\"name\":\"Campus Vygon M\u00e9xico\",\"description\":\"Un espacio para aprender sobre procedimientos y t\u00e9cnicas sanitarias de la mano de profesionales de referencia.\",\"publisher\":{\"@id\":\"https:\\\/\\\/campusvygon.com\\\/mx\\\/#organization\"},\"potentialAction\":[{\"@type\":\"SearchAction\",\"target\":{\"@type\":\"EntryPoint\",\"urlTemplate\":\"https:\\\/\\\/campusvygon.com\\\/mx\\\/?s={search_term_string}\"},\"query-input\":{\"@type\":\"PropertyValueSpecification\",\"valueRequired\":true,\"valueName\":\"search_term_string\"}}],\"inLanguage\":\"es\"},{\"@type\":\"Organization\",\"@id\":\"https:\\\/\\\/campusvygon.com\\\/mx\\\/#organization\",\"name\":\"Campus Vygon M\u00e9xico\",\"url\":\"https:\\\/\\\/campusvygon.com\\\/mx\\\/\",\"logo\":{\"@type\":\"ImageObject\",\"inLanguage\":\"es\",\"@id\":\"https:\\\/\\\/campusvygon.com\\\/mx\\\/#\\\/schema\\\/logo\\\/image\\\/\",\"url\":\"https:\\\/\\\/cvmx.b-cdn.net\\\/wp-content\\\/uploads\\\/sites\\\/4\\\/2021\\\/05\\\/vygon-150.png\",\"contentUrl\":\"https:\\\/\\\/cvmx.b-cdn.net\\\/wp-content\\\/uploads\\\/sites\\\/4\\\/2021\\\/05\\\/vygon-150.png\",\"width\":150,\"height\":60,\"caption\":\"Campus Vygon M\u00e9xico\"},\"image\":{\"@id\":\"https:\\\/\\\/campusvygon.com\\\/mx\\\/#\\\/schema\\\/logo\\\/image\\\/\"}}]}<\/script>\n<!-- \/ Yoast SEO plugin. -->","yoast_head_json":{"title":"Contacto - Campus Vygon M\u00e9xico","robots":{"index":"index","follow":"follow","max-snippet":"max-snippet:-1","max-image-preview":"max-image-preview:large","max-video-preview":"max-video-preview:-1"},"canonical":"https:\/\/campusvygon.com\/mx\/contact\/","og_locale":"es_ES","og_type":"article","og_title":"Contacto - Campus Vygon M\u00e9xico","og_description":"ContactoContacta con nosotros Si tienes cualquier duda o quieres ponerte en contacto con nosotros rellena el formulario con tus datos y dudas e intentaremos ayudarte a resolverlas.","og_url":"https:\/\/campusvygon.com\/mx\/contact\/","og_site_name":"Campus Vygon M\u00e9xico","article_modified_time":"2022-03-08T14:31:33+00:00","twitter_card":"summary_large_image","twitter_misc":{"Tiempo de lectura":"5 minutos"},"schema":{"@context":"https:\/\/schema.org","@graph":[{"@type":["WebPage","ContactPage"],"@id":"https:\/\/campusvygon.com\/mx\/contact\/","url":"https:\/\/campusvygon.com\/mx\/contact\/","name":"Contacto - Campus Vygon M\u00e9xico","isPartOf":{"@id":"https:\/\/campusvygon.com\/mx\/#website"},"datePublished":"2012-07-31T02:17:58+00:00","dateModified":"2022-03-08T14:31:33+00:00","breadcrumb":{"@id":"https:\/\/campusvygon.com\/mx\/contact\/#breadcrumb"},"inLanguage":"es","potentialAction":[{"@type":"ReadAction","target":["https:\/\/campusvygon.com\/mx\/contact\/"]}]},{"@type":"BreadcrumbList","@id":"https:\/\/campusvygon.com\/mx\/contact\/#breadcrumb","itemListElement":[{"@type":"ListItem","position":1,"name":"Portada","item":"https:\/\/campusvygon.com\/mx\/"},{"@type":"ListItem","position":2,"name":"Contacto"}]},{"@type":"WebSite","@id":"https:\/\/campusvygon.com\/mx\/#website","url":"https:\/\/campusvygon.com\/mx\/","name":"Campus Vygon M\u00e9xico","description":"Un espacio para aprender sobre procedimientos y t\u00e9cnicas sanitarias de la mano de profesionales de referencia.","publisher":{"@id":"https:\/\/campusvygon.com\/mx\/#organization"},"potentialAction":[{"@type":"SearchAction","target":{"@type":"EntryPoint","urlTemplate":"https:\/\/campusvygon.com\/mx\/?s={search_term_string}"},"query-input":{"@type":"PropertyValueSpecification","valueRequired":true,"valueName":"search_term_string"}}],"inLanguage":"es"},{"@type":"Organization","@id":"https:\/\/campusvygon.com\/mx\/#organization","name":"Campus Vygon M\u00e9xico","url":"https:\/\/campusvygon.com\/mx\/","logo":{"@type":"ImageObject","inLanguage":"es","@id":"https:\/\/campusvygon.com\/mx\/#\/schema\/logo\/image\/","url":"https:\/\/cvmx.b-cdn.net\/wp-content\/uploads\/sites\/4\/2021\/05\/vygon-150.png","contentUrl":"https:\/\/cvmx.b-cdn.net\/wp-content\/uploads\/sites\/4\/2021\/05\/vygon-150.png","width":150,"height":60,"caption":"Campus Vygon M\u00e9xico"},"image":{"@id":"https:\/\/campusvygon.com\/mx\/#\/schema\/logo\/image\/"}}]}},"_links":{"self":[{"href":"https:\/\/campusvygon.com\/mx\/wp-json\/wp\/v2\/pages\/86","targetHints":{"allow":["GET"]}}],"collection":[{"href":"https:\/\/campusvygon.com\/mx\/wp-json\/wp\/v2\/pages"}],"about":[{"href":"https:\/\/campusvygon.com\/mx\/wp-json\/wp\/v2\/types\/page"}],"author":[{"embeddable":true,"href":"https:\/\/campusvygon.com\/mx\/wp-json\/wp\/v2\/users\/1"}],"replies":[{"embeddable":true,"href":"https:\/\/campusvygon.com\/mx\/wp-json\/wp\/v2\/comments?post=86"}],"version-history":[{"count":4,"href":"https:\/\/campusvygon.com\/mx\/wp-json\/wp\/v2\/pages\/86\/revisions"}],"predecessor-version":[{"id":32627,"href":"https:\/\/campusvygon.com\/mx\/wp-json\/wp\/v2\/pages\/86\/revisions\/32627"}],"wp:attachment":[{"href":"https:\/\/campusvygon.com\/mx\/wp-json\/wp\/v2\/media?parent=86"}],"curies":[{"name":"wp","href":"https:\/\/api.w.org\/{rel}","templated":true}]}}