{"id":9128,"date":"2020-06-18T09:26:19","date_gmt":"2020-06-18T07:26:19","guid":{"rendered":"http:\/\/campusvygon.com\/mx\/?page_id=9128"},"modified":"2025-02-13T22:40:15","modified_gmt":"2025-02-13T21:40:15","slug":"aviso-legal-y-politica-de-privacidad","status":"publish","type":"page","link":"https:\/\/campusvygon.com\/mx\/aviso-legal-y-politica-de-privacidad\/","title":{"rendered":"Pol\u00edtica de Privacidad"},"content":{"rendered":"\n<p><\/p>\n\n\n\n<h2 class=\"wp-block-heading\" id=\"priv\">Pol\u00edtica de Privacidad<\/h2>\n\n\n\n<p>VYGON S.A. est\u00e1 especialmente sensibilizada en la protecci\u00f3n de datos de car\u00e1cter personal de los Usuarios de los servicios del sitio Web. Mediante la presente Pol\u00edtica de Privacidad (o Pol\u00edtica de Protecci\u00f3n de Datos) VYGON S.A. informa a los USUARIOS de los sitios web: http:\/\/campusvygon.com\/mx\/, de los usos a los que se someten los datos de car\u00e1cter personal que se recaban en sitio Web, con el fin de que decidan, libre y voluntariamente, si desean facilitar la informaci\u00f3n solicitada.<\/p>\n\n\n\n<p>VYGON S.A. se reserva la facultad de modificar esta Pol\u00edtica con el objeto de adaptarla a novedades legislativas, criterios jurisprudenciales, pr\u00e1cticas del sector, o intereses de la entidad. Cualquier modificaci\u00f3n en la misma ser\u00e1 anunciada con la debida antelaci\u00f3n, a fin de que tengas perfecto conocimiento de su contenido.<\/p>\n\n\n\n<h3 class=\"wp-block-heading\"><strong>\u00bfQui\u00e9n es el Responsable del tratamiento de sus datos personales?<\/strong><\/h3>\n\n\n\n<p>VYGON S.A. (en adelante, VYGON S.A. ) es quien ostenta la condici\u00f3n de Responsable de Tratamiento, de los datos de car\u00e1cter personal facilitados por Usted.<\/p>\n\n\n\n<p>Debido a la naturaleza de los productos y servicios que prestamos, VYGON S.A. &nbsp;est\u00e1 muy comprometido con la protecci\u00f3n de la privacidad y con el tratamiento de datos de car\u00e1cter personal de nuestros usuarios y clientes haciendo todos los esfuerzos necesarios para cumplir con la normativa vigente. Por ello, su informaci\u00f3n personal se trata de forma segura y con el m\u00e1ximo cuidado.<\/p>\n\n\n\n<h3 class=\"wp-block-heading\"><strong>\u00bfCon que finalidad recabamos sus datos personales?<\/strong><\/h3>\n\n\n\n<p>La principal finalidad por la que recabamos sus datos personales es facilitar y mejorar el servicio que le ofrecemos a trav\u00e9s de la presente web.<\/p>\n\n\n\n<p>Asimismo, recabamos sus datos con el fin de gestionar y atender las solicitudes de informaci\u00f3n, dudas, quejas, as\u00ed como conocer la opini\u00f3n de los usuarios, respecto a los productos y servicios ofertados por VYGON S.A. . As\u00ed como, para remitir informaci\u00f3n de inter\u00e9s sobre nuevas promociones, o productos.<\/p>\n\n\n\n<h3 class=\"wp-block-heading\"><strong>\u00bfCu\u00e1l es la base jur\u00eddica que legitima el tratamiento de sus datos personales? Es decir \u00bfqu\u00e9 condici\u00f3n fundamenta o habilita el que podamos tratar sus datos personales?&nbsp;<\/strong><\/h3>\n\n\n\n<p>La base jur\u00eddica que nos legitima para el tratamiento de sus datos se encuentra en el consentimiento manifestado por las personas interesadas, el mismo se entender\u00e1 otorgado de forma inequ\u00edvoca, consider\u00e1ndose dicha aportaci\u00f3n un acto afirmativo claro por su parte, que manifiesta dicho consentimiento.<\/p>\n\n\n\n<h3 class=\"wp-block-heading\"><strong>\u00bfPor cu\u00e1nto tiempo conservamos sus datos personales?<\/strong><\/h3>\n\n\n\n<p><a>Los datos se conservar\u00e1n durante el tiempo necesario para cumplir con la finalidad para la que se recabaron<\/a>, y seg\u00fan la base jur\u00eddica del tratamiento de los datos de conformidad con las obligaciones legales, as\u00ed como para determinar las posibles responsabilidades que se pudieran derivar de dicha finalidad y del tratamiento de los datos.&nbsp;<\/p>\n\n\n\n<h3 class=\"wp-block-heading\"><strong>\u00bfQui\u00e9nes pueden ser cesionarios o destinatarios de tus datos personales?&nbsp;<\/strong><\/h3>\n\n\n\n<p>Los datos podr\u00e1n ser cedidos o comunicados a las entidades p\u00fablicas o privadas, a las cuales sea necesario u obligatorio ceder \u00e9stos para poder gestionar el servicio o consulta, as\u00ed como en los supuestos previstos, seg\u00fan Ley.<a><\/a><\/p>\n\n\n\n<h3 class=\"wp-block-heading\"><strong>Transferencias internacionales<\/strong><\/h3>\n\n\n\n<p>Los datos de car\u00e1cter personal que recabamos residen en Espa\u00f1a, dentro del Espacio Econ\u00f3mico Europeo.<\/p>\n\n\n\n<p><a>En algunas ocasiones, contratamos servicios Cloud Computing en Estados Unidos, realiz\u00e1ndose transferencias internacionales de datos. En estos casos, se adoptan las garant\u00edas adecuadas para proteger su informaci\u00f3n respecto de las que puede obtener informaci\u00f3n adicional dirigi\u00e9ndose por escrito comunicacion@vygon.com<\/a><\/p>\n\n\n\n<h3 class=\"wp-block-heading\"><strong>\u00bfCu\u00e1les son sus derechos en protecci\u00f3n de datos y c\u00f3mo puede ejercerlos?<\/strong><\/h3>\n\n\n\n<p>Para ejercitar los derechos de Acceso, Rectificaci\u00f3n, Supresi\u00f3n, Limitaci\u00f3n, Portabilidad o, en su caso, Oposici\u00f3n, podr\u00e1 formular una solicitud presentando un escrito en: Pol\u00edgono Industrial Fuente del Jarro, Carrer Ciutat de Sevilla, 34, 46988 Paterna, Valencia, Spain o, en su caso, enviando su solicitud a: <a href=\"mailto:comunicacion@vygon.com\">comunicacion@vygon.com<\/a><\/p>\n\n\n\n<p><strong>&nbsp;<\/strong>En el escrito deber\u00e1 especificar cu\u00e1l de estos derechos solicita sea satisfecho y, a su vez, deber\u00e1 mostrar o, en caso de env\u00edo postal, acompa\u00f1ar la fotocopia del NIF o documento identificativo equivalente. En caso de que actuara mediante representante, legal o voluntario, deber\u00e1 aportar tambi\u00e9n documento que acredite la representaci\u00f3n y documento identificativo del mismo.<\/p>\n\n\n\n<p>Asimismo, si no desea seguir recibiendo e-mails de VYGON S.A., solo tiene que enviar un mensaje <a href=\"mailto:comunicacion@vygon.com\">comunicacion@vygon.com<\/a> &nbsp;indicando su direcci\u00f3n de e-mail y que desea darse de baja de la NewsLetter.<\/p>\n\n\n\n<p>En todo caso, podr\u00e1, igualmente, formular reclamaciones ante la <a href=\"http:\/\/www.agpd.es\/portalwebAGPD\/CanalDelCiudadano\/index-ides-idphp.php\">Agencia Espa\u00f1ola de Protecci\u00f3n de datos<\/a> (<a href=\"https:\/\/www.aepd.es\/\">https:\/\/www.aepd.es\/<\/a>).<\/p>\n\n\n\n<h3 class=\"wp-block-heading\"><strong>Medidas de Seguridad en el tratamiento de sus datos<\/strong><\/h3>\n\n\n\n<p>Finalmente se informa que VYGON S.A., adoptar\u00e1 en su sistema de informaci\u00f3n las medidas t\u00e9cnicas y organizativas legalmente requeridas, a fin de garantizar la seguridad y confidencialidad de los datos almacenados, evitando as\u00ed, su alteraci\u00f3n, p\u00e9rdida, tratamiento o acceso no autorizado; teniendo en cuenta el estado de la t\u00e9cnica, los costes de aplicaci\u00f3n, y la naturaleza, el alcance, el contexto y los fines del tratamiento, as\u00ed como riesgos de probabilidad y gravedad variables asociadas a cada uno de los tratamientos.<\/p>\n\n\n\n<p>Si tiene alguna pregunta sobre esta Pol\u00edtica de Privacidad, rogamos que se ponga en contacto con nosotros enviando un email a <a href=\"mailto:comunicacion@vygon.com\" target=\"_blank\" rel=\"noreferrer noopener\">comunicacion@vygon.com<\/a><\/p>\n","protected":false},"excerpt":{"rendered":"<p>Pol\u00edtica de Privacidad VYGON S.A. est\u00e1 especialmente sensibilizada en la protecci\u00f3n de datos de car\u00e1cter personal de los Usuarios de los servicios del sitio Web. Mediante la presente Pol\u00edtica de Privacidad (o Pol\u00edtica de Protecci\u00f3n de Datos) VYGON S.A. informa a los USUARIOS de los sitios web: http:\/\/campusvygon.com\/mx\/, de los usos a los que se [&hellip;]<\/p>\n","protected":false},"author":4,"featured_media":0,"parent":0,"menu_order":0,"comment_status":"closed","ping_status":"closed","template":"","meta":{"_et_pb_use_builder":"","_et_pb_old_content":"","_et_gb_content_width":"1080","footnotes":""},"class_list":["post-9128","page","type-page","status-publish","hentry"],"yoast_head":"<!-- This site is optimized with the Yoast SEO plugin v27.4 - https:\/\/yoast.com\/product\/yoast-seo-wordpress\/ -->\n<title>Pol\u00edtica de Privacidad - Campus Vygon M\u00e9xico<\/title>\n<meta name=\"robots\" content=\"noindex, nofollow\" \/>\n<meta property=\"og:locale\" content=\"es_ES\" \/>\n<meta property=\"og:type\" content=\"article\" \/>\n<meta property=\"og:title\" content=\"Pol\u00edtica de Privacidad - Campus Vygon M\u00e9xico\" \/>\n<meta property=\"og:description\" content=\"Pol\u00edtica de Privacidad VYGON S.A. est\u00e1 especialmente sensibilizada en la protecci\u00f3n de datos de car\u00e1cter personal de los Usuarios de los servicios del sitio Web. Mediante la presente Pol\u00edtica de Privacidad (o Pol\u00edtica de Protecci\u00f3n de Datos) VYGON S.A. informa a los USUARIOS de los sitios web: http:\/\/campusvygon.com\/mx\/, de los usos a los que se [&hellip;]\" \/>\n<meta property=\"og:url\" content=\"https:\/\/campusvygon.com\/mx\/aviso-legal-y-politica-de-privacidad\/\" \/>\n<meta property=\"og:site_name\" content=\"Campus Vygon M\u00e9xico\" \/>\n<meta property=\"article:modified_time\" content=\"2025-02-13T21:40:15+00:00\" \/>\n<meta name=\"twitter:card\" content=\"summary_large_image\" \/>\n<meta name=\"twitter:label1\" content=\"Tiempo de lectura\" \/>\n\t<meta name=\"twitter:data1\" content=\"4 minutos\" \/>\n<script type=\"application\/ld+json\" class=\"yoast-schema-graph\">{\"@context\":\"https:\\\/\\\/schema.org\",\"@graph\":[{\"@type\":\"WebPage\",\"@id\":\"https:\\\/\\\/campusvygon.com\\\/mx\\\/aviso-legal-y-politica-de-privacidad\\\/\",\"url\":\"https:\\\/\\\/campusvygon.com\\\/mx\\\/aviso-legal-y-politica-de-privacidad\\\/\",\"name\":\"Pol\u00edtica de Privacidad - Campus Vygon M\u00e9xico\",\"isPartOf\":{\"@id\":\"https:\\\/\\\/campusvygon.com\\\/mx\\\/#website\"},\"datePublished\":\"2020-06-18T07:26:19+00:00\",\"dateModified\":\"2025-02-13T21:40:15+00:00\",\"breadcrumb\":{\"@id\":\"https:\\\/\\\/campusvygon.com\\\/mx\\\/aviso-legal-y-politica-de-privacidad\\\/#breadcrumb\"},\"inLanguage\":\"es\",\"potentialAction\":[{\"@type\":\"ReadAction\",\"target\":[\"https:\\\/\\\/campusvygon.com\\\/mx\\\/aviso-legal-y-politica-de-privacidad\\\/\"]}]},{\"@type\":\"BreadcrumbList\",\"@id\":\"https:\\\/\\\/campusvygon.com\\\/mx\\\/aviso-legal-y-politica-de-privacidad\\\/#breadcrumb\",\"itemListElement\":[{\"@type\":\"ListItem\",\"position\":1,\"name\":\"Portada\",\"item\":\"https:\\\/\\\/campusvygon.com\\\/mx\\\/\"},{\"@type\":\"ListItem\",\"position\":2,\"name\":\"Pol\u00edtica de Privacidad\"}]},{\"@type\":\"WebSite\",\"@id\":\"https:\\\/\\\/campusvygon.com\\\/mx\\\/#website\",\"url\":\"https:\\\/\\\/campusvygon.com\\\/mx\\\/\",\"name\":\"Campus Vygon M\u00e9xico\",\"description\":\"Un espacio para aprender sobre procedimientos y t\u00e9cnicas sanitarias de la mano de profesionales de referencia.\",\"publisher\":{\"@id\":\"https:\\\/\\\/campusvygon.com\\\/mx\\\/#organization\"},\"potentialAction\":[{\"@type\":\"SearchAction\",\"target\":{\"@type\":\"EntryPoint\",\"urlTemplate\":\"https:\\\/\\\/campusvygon.com\\\/mx\\\/?s={search_term_string}\"},\"query-input\":{\"@type\":\"PropertyValueSpecification\",\"valueRequired\":true,\"valueName\":\"search_term_string\"}}],\"inLanguage\":\"es\"},{\"@type\":\"Organization\",\"@id\":\"https:\\\/\\\/campusvygon.com\\\/mx\\\/#organization\",\"name\":\"Campus Vygon M\u00e9xico\",\"url\":\"https:\\\/\\\/campusvygon.com\\\/mx\\\/\",\"logo\":{\"@type\":\"ImageObject\",\"inLanguage\":\"es\",\"@id\":\"https:\\\/\\\/campusvygon.com\\\/mx\\\/#\\\/schema\\\/logo\\\/image\\\/\",\"url\":\"https:\\\/\\\/cvmx.b-cdn.net\\\/wp-content\\\/uploads\\\/sites\\\/4\\\/2021\\\/05\\\/vygon-150.png\",\"contentUrl\":\"https:\\\/\\\/cvmx.b-cdn.net\\\/wp-content\\\/uploads\\\/sites\\\/4\\\/2021\\\/05\\\/vygon-150.png\",\"width\":150,\"height\":60,\"caption\":\"Campus Vygon M\u00e9xico\"},\"image\":{\"@id\":\"https:\\\/\\\/campusvygon.com\\\/mx\\\/#\\\/schema\\\/logo\\\/image\\\/\"}}]}<\/script>\n<!-- \/ Yoast SEO plugin. -->","yoast_head_json":{"title":"Pol\u00edtica de Privacidad - Campus Vygon M\u00e9xico","robots":{"index":"noindex","follow":"nofollow"},"og_locale":"es_ES","og_type":"article","og_title":"Pol\u00edtica de Privacidad - Campus Vygon M\u00e9xico","og_description":"Pol\u00edtica de Privacidad VYGON S.A. est\u00e1 especialmente sensibilizada en la protecci\u00f3n de datos de car\u00e1cter personal de los Usuarios de los servicios del sitio Web. Mediante la presente Pol\u00edtica de Privacidad (o Pol\u00edtica de Protecci\u00f3n de Datos) VYGON S.A. informa a los USUARIOS de los sitios web: http:\/\/campusvygon.com\/mx\/, de los usos a los que se [&hellip;]","og_url":"https:\/\/campusvygon.com\/mx\/aviso-legal-y-politica-de-privacidad\/","og_site_name":"Campus Vygon M\u00e9xico","article_modified_time":"2025-02-13T21:40:15+00:00","twitter_card":"summary_large_image","twitter_misc":{"Tiempo de lectura":"4 minutos"},"schema":{"@context":"https:\/\/schema.org","@graph":[{"@type":"WebPage","@id":"https:\/\/campusvygon.com\/mx\/aviso-legal-y-politica-de-privacidad\/","url":"https:\/\/campusvygon.com\/mx\/aviso-legal-y-politica-de-privacidad\/","name":"Pol\u00edtica de Privacidad - Campus Vygon M\u00e9xico","isPartOf":{"@id":"https:\/\/campusvygon.com\/mx\/#website"},"datePublished":"2020-06-18T07:26:19+00:00","dateModified":"2025-02-13T21:40:15+00:00","breadcrumb":{"@id":"https:\/\/campusvygon.com\/mx\/aviso-legal-y-politica-de-privacidad\/#breadcrumb"},"inLanguage":"es","potentialAction":[{"@type":"ReadAction","target":["https:\/\/campusvygon.com\/mx\/aviso-legal-y-politica-de-privacidad\/"]}]},{"@type":"BreadcrumbList","@id":"https:\/\/campusvygon.com\/mx\/aviso-legal-y-politica-de-privacidad\/#breadcrumb","itemListElement":[{"@type":"ListItem","position":1,"name":"Portada","item":"https:\/\/campusvygon.com\/mx\/"},{"@type":"ListItem","position":2,"name":"Pol\u00edtica de Privacidad"}]},{"@type":"WebSite","@id":"https:\/\/campusvygon.com\/mx\/#website","url":"https:\/\/campusvygon.com\/mx\/","name":"Campus Vygon M\u00e9xico","description":"Un espacio para aprender sobre procedimientos y t\u00e9cnicas sanitarias de la mano de profesionales de referencia.","publisher":{"@id":"https:\/\/campusvygon.com\/mx\/#organization"},"potentialAction":[{"@type":"SearchAction","target":{"@type":"EntryPoint","urlTemplate":"https:\/\/campusvygon.com\/mx\/?s={search_term_string}"},"query-input":{"@type":"PropertyValueSpecification","valueRequired":true,"valueName":"search_term_string"}}],"inLanguage":"es"},{"@type":"Organization","@id":"https:\/\/campusvygon.com\/mx\/#organization","name":"Campus Vygon M\u00e9xico","url":"https:\/\/campusvygon.com\/mx\/","logo":{"@type":"ImageObject","inLanguage":"es","@id":"https:\/\/campusvygon.com\/mx\/#\/schema\/logo\/image\/","url":"https:\/\/cvmx.b-cdn.net\/wp-content\/uploads\/sites\/4\/2021\/05\/vygon-150.png","contentUrl":"https:\/\/cvmx.b-cdn.net\/wp-content\/uploads\/sites\/4\/2021\/05\/vygon-150.png","width":150,"height":60,"caption":"Campus Vygon M\u00e9xico"},"image":{"@id":"https:\/\/campusvygon.com\/mx\/#\/schema\/logo\/image\/"}}]}},"_links":{"self":[{"href":"https:\/\/campusvygon.com\/mx\/wp-json\/wp\/v2\/pages\/9128","targetHints":{"allow":["GET"]}}],"collection":[{"href":"https:\/\/campusvygon.com\/mx\/wp-json\/wp\/v2\/pages"}],"about":[{"href":"https:\/\/campusvygon.com\/mx\/wp-json\/wp\/v2\/types\/page"}],"author":[{"embeddable":true,"href":"https:\/\/campusvygon.com\/mx\/wp-json\/wp\/v2\/users\/4"}],"replies":[{"embeddable":true,"href":"https:\/\/campusvygon.com\/mx\/wp-json\/wp\/v2\/comments?post=9128"}],"version-history":[{"count":2,"href":"https:\/\/campusvygon.com\/mx\/wp-json\/wp\/v2\/pages\/9128\/revisions"}],"predecessor-version":[{"id":40082,"href":"https:\/\/campusvygon.com\/mx\/wp-json\/wp\/v2\/pages\/9128\/revisions\/40082"}],"wp:attachment":[{"href":"https:\/\/campusvygon.com\/mx\/wp-json\/wp\/v2\/media?parent=9128"}],"curies":[{"name":"wp","href":"https:\/\/api.w.org\/{rel}","templated":true}]}}