{"id":693,"date":"2024-11-28T08:38:24","date_gmt":"2024-11-28T08:38:24","guid":{"rendered":"https:\/\/campusvygon.com\/vyhemdays\/?page_id=693"},"modified":"2025-05-12T13:07:56","modified_gmt":"2025-05-12T13:07:56","slug":"vyhemdays-jornada-acreditada-en-monitorizacion-hemodinamica","status":"publish","type":"page","link":"https:\/\/campusvygon.com\/vyhemdays\/","title":{"rendered":"vyhemdays \u2013 Jornada acreditada en monitorizaci\u00f3n hemodin\u00e1mica"},"content":{"rendered":"<p>[et_pb_section fb_built=\u00bb1&#8243; disabled_on=\u00bboff|off|off\u00bb admin_label=\u00bbSection\u00bb module_id=\u00bbinicio\u00bb _builder_version=\u00bb4.27.0&#8243; _module_preset=\u00bbdefault\u00bb background_image=\u00bbhttps:\/\/campusvygon.com\/vyhemdays\/wp-content\/uploads\/sites\/8\/2024\/09\/monitorizacion-1920.jpg\u00bb custom_padding=\u00bb150px||218px||false|false\u00bb da_popup_slug=\u00bbinicio\u00bb da_disable_devices=\u00bboff|off|off\u00bb global_colors_info=\u00bb{%22gcid-2d45c7f1-05fc-4f3c-8b35-fe69709a6a62%22:%91%22background_mask_color%22%93}\u00bb da_is_popup=\u00bboff\u00bb da_exit_intent=\u00bboff\u00bb da_has_close=\u00bbon\u00bb da_alt_close=\u00bboff\u00bb da_dark_close=\u00bboff\u00bb da_not_modal=\u00bbon\u00bb da_is_singular=\u00bboff\u00bb da_with_loader=\u00bboff\u00bb da_has_shadow=\u00bbon\u00bb][et_pb_row _builder_version=\u00bb4.25.1&#8243; _module_preset=\u00bbdefault\u00bb width=\u00bb65%\u00bb width_tablet=\u00bb90%\u00bb width_phone=\u00bb90%\u00bb width_last_edited=\u00bbon|phone\u00bb max_width=\u00bb90%\u00bb max_width_tablet=\u00bb90%\u00bb max_width_phone=\u00bb90%\u00bb max_width_last_edited=\u00bbon|tablet\u00bb locked=\u00bboff\u00bb global_colors_info=\u00bb{}\u00bb][et_pb_column type=\u00bb4_4&#8243; _builder_version=\u00bb4.25.0&#8243; _module_preset=\u00bbdefault\u00bb background_color=\u00bbrgba(255,255,255,0.9)\u00bb border_radii=\u00bbon|25px|25px|25px|25px\u00bb border_color_all=\u00bbgcid-5c0ffe69-7172-4b18-84d5-8ca2b15ef07e\u00bb global_colors_info=\u00bb{%22gcid-5c0ffe69-7172-4b18-84d5-8ca2b15ef07e%22:%91%22border_color_all%22%93}\u00bb][et_pb_text _builder_version=\u00bb4.27.4&#8243; _module_preset=\u00bbdefault\u00bb header_font=\u00bbMontserrat||||||||\u00bb header_text_color=\u00bbgcid-5c0ffe69-7172-4b18-84d5-8ca2b15ef07e\u00bb header_2_font=\u00bb&#8211;et_global_heading_font|800|||||||\u00bb header_2_text_align=\u00bbcenter\u00bb header_2_text_color=\u00bbgcid-d6f6cc4c-89fb-4b08-a382-c7d2f5838e03&#8243; header_2_font_size=\u00bb85px\u00bb header_2_letter_spacing=\u00bb6px\u00bb header_2_line_height=\u00bb1.7em\u00bb custom_margin=\u00bb||-44px||false|false\u00bb custom_margin_tablet=\u00bb||-5px||false|false\u00bb custom_margin_phone=\u00bb29px||-5px||false|false\u00bb custom_margin_last_edited=\u00bbon|phone\u00bb custom_padding=\u00bb60px||0px||false|false\u00bb hover_enabled=\u00bb0&#8243; header_2_font_size_tablet=\u00bb70px\u00bb header_2_font_size_phone=\u00bb40px\u00bb header_2_font_size_last_edited=\u00bbon|tablet\u00bb header_2_letter_spacing_tablet=\u00bb5px\u00bb header_2_letter_spacing_phone=\u00bb0px\u00bb header_2_letter_spacing_last_edited=\u00bbon|phone\u00bb header_2_line_height_tablet=\u00bb1.7em\u00bb header_2_line_height_phone=\u00bb1.7em\u00bb header_2_line_height_last_edited=\u00bbon|phone\u00bb global_colors_info=\u00bb{%22gcid-d6f6cc4c-89fb-4b08-a382-c7d2f5838e03%22:%91%22header_2_text_color%22%93,%22gcid-5c0ffe69-7172-4b18-84d5-8ca2b15ef07e%22:%91%22header_text_color%22%93}\u00bb sticky_enabled=\u00bb0&#8243;]<\/p>\n<h2><span style=\"color: #004431;\">VYHEM<\/span>DAYS<\/h2>\n<p>&nbsp;<\/p>\n<p>[\/et_pb_text][et_pb_text _builder_version=\u00bb4.27.4&#8243; _module_preset=\u00bbdefault\u00bb header_font=\u00bb|||on|||||\u00bb header_text_align=\u00bbcenter\u00bb header_text_color=\u00bbgcid-d6f6cc4c-89fb-4b08-a382-c7d2f5838e03&#8243; header_font_size=\u00bb20px\u00bb header_letter_spacing=\u00bb1px\u00bb custom_padding_tablet=\u00bb\u00bb custom_padding_phone=\u00bb|15px||15px|false|true\u00bb custom_padding_last_edited=\u00bbon|tablet\u00bb header_font_size_tablet=\u00bb20px\u00bb header_font_size_phone=\u00bb14px\u00bb header_font_size_last_edited=\u00bbon|phone\u00bb header_letter_spacing_tablet=\u00bb1px\u00bb header_letter_spacing_phone=\u00bb0px\u00bb header_letter_spacing_last_edited=\u00bbon|phone\u00bb header_line_height_tablet=\u00bb1.4em\u00bb header_line_height_phone=\u00bb1.4em\u00bb header_line_height_last_edited=\u00bbon|phone\u00bb global_colors_info=\u00bb{%22gcid-d6f6cc4c-89fb-4b08-a382-c7d2f5838e03%22:%91%22header_text_color%22%93}\u00bb]<\/p>\n<h1>vygon <span style=\"color: #004133;\">hemodynamic<\/span> days<\/h1>\n<p>[\/et_pb_text][et_pb_text _builder_version=\u00bb4.27.4&#8243; _module_preset=\u00bbdefault\u00bb text_font=\u00bb|300|||||||\u00bb text_text_color=\u00bb#FFFFFF\u00bb header_2_font=\u00bb|&#8211;et_global_body_font_weight|||||||\u00bb header_2_text_color=\u00bbgcid-d6f6cc4c-89fb-4b08-a382-c7d2f5838e03&#8243; header_2_font_size=\u00bb25px\u00bb header_2_line_height=\u00bb1.7em\u00bb text_orientation=\u00bbcenter\u00bb custom_margin=\u00bb||25px|||\u00bb custom_padding=\u00bb31px||||false|false\u00bb custom_padding_tablet=\u00bb|25px||25px|false|true\u00bb custom_padding_phone=\u00bb|25px||25px|false|true\u00bb custom_padding_last_edited=\u00bbon|tablet\u00bb header_2_font_size_tablet=\u00bb20px\u00bb header_2_font_size_phone=\u00bb16px\u00bb header_2_font_size_last_edited=\u00bbon|phone\u00bb header_2_line_height_tablet=\u00bb1.4em\u00bb header_2_line_height_phone=\u00bb1.5em\u00bb header_2_line_height_last_edited=\u00bbon|phone\u00bb global_colors_info=\u00bb{%22gcid-d6f6cc4c-89fb-4b08-a382-c7d2f5838e03%22:%91%22header_2_text_color%22%93}\u00bb]<\/p>\n<h2>Jornadas internacionales sobre monitorizaci\u00f3n hemodin\u00e1mica<\/h2>\n<p>[\/et_pb_text][et_pb_button button_url=\u00bb#registro\u00bb button_text=\u00bbVer contenidos\u00bb _builder_version=\u00bb4.27.4&#8243; _module_preset=\u00bb4c1d9543-3239-4a36-97bf-4d691be0fcf8&#8243; custom_padding_tablet=\u00bb\u00bb custom_padding_phone=\u00bb10px||10px||true|true\u00bb custom_padding_last_edited=\u00bbon|phone\u00bb hover_enabled=\u00bb0&#8243; button_text_size_tablet=\u00bb\u00bb button_text_size_phone=\u00bb16px\u00bb button_text_size_last_edited=\u00bbon|phone\u00bb global_colors_info=\u00bb{}\u00bb sticky_enabled=\u00bb0&#8243;][\/et_pb_button][\/et_pb_column][\/et_pb_row][\/et_pb_section][et_pb_section fb_built=\u00bb1&#8243; disabled_on=\u00bboff|off|off\u00bb admin_label=\u00bbSection\u00bb module_id=\u00bbregistro\u00bb _builder_version=\u00bb4.27.0&#8243; _module_preset=\u00bbdefault\u00bb da_popup_slug=\u00bbregistro\u00bb da_disable_devices=\u00bboff|off|off\u00bb global_colors_info=\u00bb{}\u00bb da_is_popup=\u00bboff\u00bb da_exit_intent=\u00bboff\u00bb da_has_close=\u00bbon\u00bb da_alt_close=\u00bboff\u00bb da_dark_close=\u00bboff\u00bb da_not_modal=\u00bbon\u00bb da_is_singular=\u00bboff\u00bb da_with_loader=\u00bboff\u00bb da_has_shadow=\u00bbon\u00bb][et_pb_row _builder_version=\u00bb4.25.1&#8243; _module_preset=\u00bbdefault\u00bb width=\u00bb90%\u00bb locked=\u00bboff\u00bb global_colors_info=\u00bb{}\u00bb][et_pb_column type=\u00bb4_4&#8243; _builder_version=\u00bb4.25.1&#8243; _module_preset=\u00bbdefault\u00bb global_colors_info=\u00bb{}\u00bb][et_pb_text _builder_version=\u00bb4.27.4&#8243; _module_preset=\u00bbdefault\u00bb header_font=\u00bb|800||on|||||\u00bb header_text_align=\u00bbcenter\u00bb header_font_size=\u00bb40px\u00bb header_2_font=\u00bb|&#8211;et_global_heading_font_weight|||||||\u00bb header_2_text_align=\u00bbcenter\u00bb header_2_text_color=\u00bbgcid-heading-color\u00bb header_2_font_size=\u00bb60px\u00bb header_2_line_height=\u00bb1.4em\u00bb header_4_font=\u00bb|800||on|||||\u00bb header_4_text_align=\u00bbcenter\u00bb header_4_text_color=\u00bbgcid-d6f6cc4c-89fb-4b08-a382-c7d2f5838e03&#8243; header_4_font_size=\u00bb40px\u00bb header_4_line_height=\u00bb1.7em\u00bb hover_enabled=\u00bb0&#8243; global_colors_info=\u00bb{%22gcid-d6f6cc4c-89fb-4b08-a382-c7d2f5838e03%22:%91%22header_4_text_color%22,%22header_4_text_color%22%93,%22gcid-heading-color%22:%91%22header_2_text_color%22%93}\u00bb sticky_enabled=\u00bb0&#8243;]<\/p>\n<h2>Contenidos<\/h2>\n<p>[\/et_pb_text][et_pb_divider _builder_version=\u00bb4.25.1&#8243; _module_preset=\u00bbdefault\u00bb width=\u00bb10%\u00bb module_alignment=\u00bbcenter\u00bb global_colors_info=\u00bb{}\u00bb][\/et_pb_divider][et_pb_text _builder_version=\u00bb4.27.0&#8243; _module_preset=\u00bbdefault\u00bb text_font=\u00bb|&#8211;et_global_body_font_weight|||||||\u00bb text_font_size=\u00bb18px\u00bb text_orientation=\u00bbcenter\u00bb custom_margin=\u00bb||51px|||\u00bb global_colors_info=\u00bb{}\u00bb]<\/p>\n<p>Selecciona la modalidad que mejor se adapte a tus preferencias. <strong>\u00a1Plazas limitadas!<\/strong><\/p>\n<p>[\/et_pb_text][\/et_pb_column][\/et_pb_row][et_pb_row _builder_version=\u00bb4.25.1&#8243; _module_preset=\u00bbdefault\u00bb width=\u00bb90%\u00bb locked=\u00bboff\u00bb global_colors_info=\u00bb{}\u00bb][et_pb_column type=\u00bb4_4&#8243; _builder_version=\u00bb4.25.1&#8243; _module_preset=\u00bbdefault\u00bb global_colors_info=\u00bb{}\u00bb][et_pb_pricing_tables featured_table_header_background_color=\u00bb#004431&#8243; header_background_color=\u00bb#7a9f80&#8243; show_featured_drop_shadow=\u00bboff\u00bb featured_table_price_color=\u00bb#004431&#8243; _builder_version=\u00bb4.27.4&#8243; _module_preset=\u00bbdefault\u00bb currency_frequency_text_color=\u00bb#7a9f80&#8243; price_text_color=\u00bb#004431&#8243; header_level=\u00bbh4&#8243; header_font=\u00bb||||||||\u00bb header_font_size=\u00bb25px\u00bb header_line_height=\u00bb1.9em\u00bb body_font=\u00bb|&#8211;et_global_body_font_weight|||||||\u00bb subheader_font=\u00bb|&#8211;et_global_body_font_weight|||||||\u00bb subheader_font_size=\u00bb16px\u00bb subheader_line_height=\u00bb1.4em\u00bb price_font=\u00bb|700|||||||\u00bb currency_frequency_font=\u00bb|700|||||||\u00bb custom_padding=\u00bb|20px||20px|false|true\u00bb hover_enabled=\u00bb0&#8243; global_colors_info=\u00bb{%22gcid-5c0ffe69-7172-4b18-84d5-8ca2b15ef07e%22:%91%22currency_frequency_text_color%22,%22header_background_color%22%93,%22gcid-88ba9f53-0f06-4146-8d8e-e0c83af655fc%22:%91%22price_text_color%22,%22featured_table_price_color%22,%22featured_table_header_background_color%22%93}\u00bb width=\u00bb39%\u00bb module_alignment=\u00bbcenter\u00bb sticky_enabled=\u00bb0&#8243;][et_pb_pricing_table featured=\u00bbon\u00bb title=\u00bbOpci\u00f3n bronce\u00bb subtitle=\u00bbOnline &#8211; Acceso en diferido a las grabaciones\u00bb sum=\u00bbGratis\u00bb button_url=\u00bbhttps:\/\/learning.campusvygon.com\/cursos\/jornada-vyhemdays&#8212;opcion-bronce-24000427-24002944-1-1-24002954?edicion=24000484&#038;tab=info\u00bb url_new_window=\u00bbon\u00bb button_text=\u00bbQuiero esta entrada\u00bb bullet_color=\u00bbgcid-88ba9f53-0f06-4146-8d8e-e0c83af655fc\u00bb _builder_version=\u00bb4.27.4&#8243; _module_preset=\u00bbdefault\u00bb price_text_color=\u00bbgcid-88ba9f53-0f06-4146-8d8e-e0c83af655fc\u00bb body_ul_type=\u00bbsquare\u00bb price_font=\u00bb|700||on|||||\u00bb price_text_align=\u00bbcenter\u00bb price_font_size=\u00bb40px\u00bb price_line_height=\u00bb83px\u00bb currency_frequency_font=\u00bb||||||||\u00bb custom_button=\u00bbon\u00bb button_text_size=\u00bb18px\u00bb button_border_radius=\u00bb5px\u00bb button_font=\u00bb|||on|||||\u00bb global_colors_info=\u00bb{%22gcid-88ba9f53-0f06-4146-8d8e-e0c83af655fc%22:%91%22price_text_color%22,%22bullet_color%22%93}\u00bb sticky_transition=\u00bbon\u00bb]<\/p>\n<p><strong>V\u00eddeos pre-congreso<\/strong>.<\/p>\n<p>Art\u00edculos de inter\u00e9s<\/p>\n<p>Infograf\u00edas descargables<\/p>\n<p>Tutoriales<\/p>\n<p>Resumen descargable de la jornada<\/p>\n<p>[\/et_pb_pricing_table][\/et_pb_pricing_tables][\/et_pb_column][\/et_pb_row][\/et_pb_section][et_pb_section fb_built=\u00bb1&#8243; disabled_on=\u00bboff|off|off\u00bb admin_label=\u00bbSection\u00bb _builder_version=\u00bb4.27.0&#8243; _module_preset=\u00bbdefault\u00bb background_color=\u00bbgcid-88ba9f53-0f06-4146-8d8e-e0c83af655fc\u00bb da_disable_devices=\u00bboff|off|off\u00bb locked=\u00bboff\u00bb collapsed=\u00bboff\u00bb global_colors_info=\u00bb{%22gcid-88ba9f53-0f06-4146-8d8e-e0c83af655fc%22:%91%22background_color%22%93}\u00bb da_is_popup=\u00bboff\u00bb da_exit_intent=\u00bboff\u00bb da_has_close=\u00bbon\u00bb da_alt_close=\u00bboff\u00bb da_dark_close=\u00bboff\u00bb da_not_modal=\u00bbon\u00bb da_is_singular=\u00bboff\u00bb da_with_loader=\u00bboff\u00bb da_has_shadow=\u00bbon\u00bb][et_pb_row _builder_version=\u00bb4.27.4&#8243; _module_preset=\u00bbdefault\u00bb global_colors_info=\u00bb{}\u00bb][et_pb_column type=\u00bb4_4&#8243; _builder_version=\u00bb4.27.4&#8243; _module_preset=\u00bbdefault\u00bb global_colors_info=\u00bb{}\u00bb][et_pb_text _builder_version=\u00bb4.27.4&#8243; _module_preset=\u00bbdefault\u00bb header_font=\u00bb|800||on|||||\u00bb header_text_align=\u00bbcenter\u00bb header_font_size=\u00bb40px\u00bb header_2_font=\u00bb|&#8211;et_global_heading_font_weight|||||||\u00bb header_2_text_align=\u00bbcenter\u00bb header_2_text_color=\u00bb#FFFFFF\u00bb header_2_font_size=\u00bb50px\u00bb header_2_line_height=\u00bb1.4em\u00bb header_4_font=\u00bb|800||on|||||\u00bb header_4_text_align=\u00bbcenter\u00bb header_4_text_color=\u00bbgcid-d6f6cc4c-89fb-4b08-a382-c7d2f5838e03&#8243; header_4_font_size=\u00bb40px\u00bb header_4_line_height=\u00bb1.7em\u00bb global_colors_info=\u00bb{%22gcid-d6f6cc4c-89fb-4b08-a382-c7d2f5838e03%22:%91%22header_4_text_color%22,%22header_4_text_color%22%93}\u00bb]<\/p>\n<h2>\u00bfQuieres m\u00e1s? Descubre el podcast:<\/h2>\n<p>[\/et_pb_text][et_pb_text _builder_version=\u00bb4.27.4&#8243; _module_preset=\u00bbdefault\u00bb text_text_color=\u00bb#FFFFFF\u00bb global_colors_info=\u00bb{}\u00bb]<\/p>\n<p>\u00bfQuieres saber m\u00e1s sobre monitorizaci\u00f3n hemodin\u00e1mica? Prep\u00e1rate para los <strong>#VYHEMDAYS25<\/strong> con nuestro nuevo podcast \u00abDosis de buena onda\u00bb.<\/p>\n<p>[\/et_pb_text][\/et_pb_column][\/et_pb_row][et_pb_row _builder_version=\u00bb4.27.4&#8243; _module_preset=\u00bbdefault\u00bb global_colors_info=\u00bb{}\u00bb][et_pb_column type=\u00bb4_4&#8243; _builder_version=\u00bb4.27.4&#8243; _module_preset=\u00bbdefault\u00bb global_colors_info=\u00bb{}\u00bb][et_pb_code _builder_version=\u00bb4.27.4&#8243; _module_preset=\u00bbdefault\u00bb global_colors_info=\u00bb{}\u00bb][\/et_pb_code][\/et_pb_column][\/et_pb_row][\/et_pb_section][et_pb_section fb_built=\u00bb1&#8243; disabled_on=\u00bboff|off|off\u00bb admin_label=\u00bbSection\u00bb _builder_version=\u00bb4.25.1&#8243; _module_preset=\u00bbdefault\u00bb da_disable_devices=\u00bboff|off|off\u00bb global_colors_info=\u00bb{}\u00bb da_is_popup=\u00bboff\u00bb da_exit_intent=\u00bboff\u00bb da_has_close=\u00bbon\u00bb da_alt_close=\u00bboff\u00bb da_dark_close=\u00bboff\u00bb da_not_modal=\u00bbon\u00bb da_is_singular=\u00bboff\u00bb da_with_loader=\u00bboff\u00bb da_has_shadow=\u00bbon\u00bb][et_pb_row _builder_version=\u00bb4.25.1&#8243; _module_preset=\u00bbdefault\u00bb global_colors_info=\u00bb{}\u00bb][et_pb_column type=\u00bb4_4&#8243; _builder_version=\u00bb4.25.1&#8243; _module_preset=\u00bbdefault\u00bb global_colors_info=\u00bb{}\u00bb][et_pb_icon icon_color=\u00bb#FFFFFF\u00bb icon_width=\u00bb38px\u00bb url=\u00bb#inicio\u00bb align=\u00bbright\u00bb icon_width_tablet=\u00bb25px\u00bb icon_width_phone=\u00bb21px\u00bb icon_width_last_edited=\u00bbon|phone\u00bb disabled_on=\u00bboff|off|off\u00bb _builder_version=\u00bb4.25.1&#8243; _module_preset=\u00bbdefault\u00bb background_color=\u00bbgcid-88ba9f53-0f06-4146-8d8e-e0c83af655fc\u00bb transform_scale=\u00bb90%|90%\u00bb positioning=\u00bbfixed\u00bb position_origin_f=\u00bbbottom_right\u00bb vertical_offset=\u00bb65px\u00bb horizontal_offset=\u00bb65px\u00bb vertical_offset_tablet=\u00bb120px\u00bb vertical_offset_phone=\u00bb13px\u00bb vertical_offset_last_edited=\u00bbon|phone\u00bb horizontal_offset_tablet=\u00bb65px\u00bb horizontal_offset_phone=\u00bb65px\u00bb horizontal_offset_last_edited=\u00bbon|tablet\u00bb position_origin_a_tablet=\u00bb\u00bb position_origin_a_phone=\u00bb\u00bb position_origin_a_last_edited=\u00bbon|phone\u00bb position_origin_f_tablet=\u00bbbottom_right\u00bb position_origin_f_phone=\u00bbbottom_right\u00bb position_origin_f_last_edited=\u00bbon|phone\u00bb position_origin_r_tablet=\u00bb\u00bb position_origin_r_phone=\u00bb\u00bb position_origin_r_last_edited=\u00bbon|phone\u00bb custom_padding=\u00bb10px|10px|10px|10px|true|true\u00bb custom_padding_tablet=\u00bb10px|10px|10px|10px|true|true\u00bb custom_padding_phone=\u00bb10px|10px|10px|10px|true|true\u00bb custom_padding_last_edited=\u00bbon|tablet\u00bb scroll_fade_enable=\u00bbon\u00bb scroll_fade=\u00bb0|50|50|100|0%|4%|100&#8243; motion_trigger_start=\u00bbbottom\u00bb positioning_tablet=\u00bbfixed\u00bb positioning_phone=\u00bbfixed\u00bb positioning_last_edited=\u00bbon|phone\u00bb border_radii=\u00bbon|2516px|2516px|2516px|2516px\u00bb border_color_all=\u00bb#FFFFFF\u00bb border_radii_tablet=\u00bbon|504206px|504206px|504206px|504206px\u00bb border_radii_phone=\u00bbon|50000px|50000px|50000px|50000px\u00bb border_radii_last_edited=\u00bbon|phone\u00bb global_colors_info=\u00bb{%22gcid-88ba9f53-0f06-4146-8d8e-e0c83af655fc%22:%91%22background_color%22%93}\u00bb][\/et_pb_icon][\/et_pb_column][\/et_pb_row][\/et_pb_section]<\/p>\n","protected":false},"excerpt":{"rendered":"<p>VYHEMDAYS &nbsp;vygon hemodynamic daysJornadas internacionales sobre monitorizaci\u00f3n hemodin\u00e1micaContenidosSelecciona la modalidad que mejor se adapte a tus preferencias. \u00a1Plazas limitadas!V\u00eddeos pre-congreso. Art\u00edculos de inter\u00e9s Infograf\u00edas descargables Tutoriales Resumen descargable de la jornada\u00bfQuieres m\u00e1s? Descubre el podcast:\u00bfQuieres saber m\u00e1s sobre monitorizaci\u00f3n hemodin\u00e1mica? Prep\u00e1rate para los #VYHEMDAYS25 con nuestro nuevo podcast \u00abDosis de buena onda\u00bb.<\/p>\n","protected":false},"author":4,"featured_media":0,"parent":0,"menu_order":0,"comment_status":"closed","ping_status":"closed","template":"","meta":{"_et_pb_use_builder":"on","_et_pb_old_content":"","_et_gb_content_width":"","footnotes":""},"class_list":["post-693","page","type-page","status-publish","hentry"],"_links":{"self":[{"href":"https:\/\/campusvygon.com\/vyhemdays\/wp-json\/wp\/v2\/pages\/693","targetHints":{"allow":["GET"]}}],"collection":[{"href":"https:\/\/campusvygon.com\/vyhemdays\/wp-json\/wp\/v2\/pages"}],"about":[{"href":"https:\/\/campusvygon.com\/vyhemdays\/wp-json\/wp\/v2\/types\/page"}],"author":[{"embeddable":true,"href":"https:\/\/campusvygon.com\/vyhemdays\/wp-json\/wp\/v2\/users\/4"}],"replies":[{"embeddable":true,"href":"https:\/\/campusvygon.com\/vyhemdays\/wp-json\/wp\/v2\/comments?post=693"}],"version-history":[{"count":38,"href":"https:\/\/campusvygon.com\/vyhemdays\/wp-json\/wp\/v2\/pages\/693\/revisions"}],"predecessor-version":[{"id":1508,"href":"https:\/\/campusvygon.com\/vyhemdays\/wp-json\/wp\/v2\/pages\/693\/revisions\/1508"}],"wp:attachment":[{"href":"https:\/\/campusvygon.com\/vyhemdays\/wp-json\/wp\/v2\/media?parent=693"}],"curies":[{"name":"wp","href":"https:\/\/api.w.org\/{rel}","templated":true}]}}