{"id":10,"date":"2023-06-30T07:11:22","date_gmt":"2023-06-30T07:11:22","guid":{"rendered":"https:\/\/campusvygon.com\/vyneodays\/?page_id=10"},"modified":"2026-03-25T10:23:38","modified_gmt":"2026-03-25T10:23:38","slug":"vyneodays-jornadas-de-acceso-vascular-y-capital-venoso-en-el-paciente-neonatal","status":"publish","type":"page","link":"https:\/\/campusvygon.com\/vyneodays\/","title":{"rendered":"VYNEODAYS &#8211; Jornadas acreditadas en neonatolog\u00eda"},"content":{"rendered":"<p>[et_pb_section fb_built=\u00bb1&#8243; disabled_on=\u00bboff|off|off\u00bb admin_label=\u00bbSection\u00bb module_id=\u00bbinicio\u00bb _builder_version=\u00bb4.27.0&#8243; _module_preset=\u00bbdefault\u00bb background_image=\u00bbhttps:\/\/campusvygon.com\/vyneodays\/wp-content\/uploads\/sites\/6\/2024\/07\/vyneo.jpg\u00bb parallax=\u00bbon\u00bb custom_padding=\u00bb150px||218px||false|false\u00bb da_popup_slug=\u00bbinicio\u00bb da_disable_devices=\u00bboff|off|off\u00bb locked=\u00bboff\u00bb global_colors_info=\u00bb{%22gcid-2d45c7f1-05fc-4f3c-8b35-fe69709a6a62%22:%91%22background_mask_color%22%93}\u00bb da_is_popup=\u00bboff\u00bb da_exit_intent=\u00bboff\u00bb da_has_close=\u00bbon\u00bb da_alt_close=\u00bboff\u00bb da_dark_close=\u00bboff\u00bb da_not_modal=\u00bbon\u00bb da_is_singular=\u00bboff\u00bb da_with_loader=\u00bboff\u00bb da_has_shadow=\u00bbon\u00bb][et_pb_row _builder_version=\u00bb4.27.0&#8243; _module_preset=\u00bbdefault\u00bb width=\u00bb65%\u00bb width_tablet=\u00bb90%\u00bb width_phone=\u00bb90%\u00bb width_last_edited=\u00bbon|phone\u00bb max_width=\u00bb90%\u00bb max_width_tablet=\u00bb90%\u00bb max_width_phone=\u00bb90%\u00bb max_width_last_edited=\u00bbon|tablet\u00bb locked=\u00bboff\u00bb global_colors_info=\u00bb{}\u00bb][et_pb_column type=\u00bb4_4&#8243; _builder_version=\u00bb4.27.0&#8243; _module_preset=\u00bbdefault\u00bb background_color=\u00bbrgba(255,255,255,0.8)\u00bb custom_padding=\u00bb||45px||false|false\u00bb border_radii=\u00bbon|25px|25px|25px|25px\u00bb border_color_all=\u00bbgcid-5c0ffe69-7172-4b18-84d5-8ca2b15ef07e\u00bb global_colors_info=\u00bb{%22gcid-5c0ffe69-7172-4b18-84d5-8ca2b15ef07e%22:%91%22border_color_all%22%93}\u00bb][et_pb_text _builder_version=\u00bb4.27.6&#8243; _module_preset=\u00bbdefault\u00bb header_font=\u00bbMontserrat||||||||\u00bb header_text_color=\u00bbgcid-5c0ffe69-7172-4b18-84d5-8ca2b15ef07e\u00bb header_2_font=\u00bb&#8211;et_global_heading_font|800|||||||\u00bb header_2_text_align=\u00bbcenter\u00bb header_2_text_color=\u00bbgcid-d6f6cc4c-89fb-4b08-a382-c7d2f5838e03&#8243; header_2_font_size=\u00bb85px\u00bb header_2_letter_spacing=\u00bb6px\u00bb header_2_line_height=\u00bb1.7em\u00bb custom_margin=\u00bb||-44px||false|false\u00bb custom_margin_tablet=\u00bb||-5px||false|false\u00bb custom_margin_phone=\u00bb29px||-5px||false|false\u00bb custom_margin_last_edited=\u00bbon|phone\u00bb custom_padding=\u00bb60px||0px||false|false\u00bb hover_enabled=\u00bb0&#8243; header_2_font_size_tablet=\u00bb70px\u00bb header_2_font_size_phone=\u00bb40px\u00bb header_2_font_size_last_edited=\u00bbon|tablet\u00bb header_2_letter_spacing_tablet=\u00bb5px\u00bb header_2_letter_spacing_phone=\u00bb0px\u00bb header_2_letter_spacing_last_edited=\u00bbon|phone\u00bb header_2_line_height_tablet=\u00bb1.7em\u00bb header_2_line_height_phone=\u00bb1.7em\u00bb header_2_line_height_last_edited=\u00bbon|phone\u00bb global_colors_info=\u00bb{%22gcid-d6f6cc4c-89fb-4b08-a382-c7d2f5838e03%22:%91%22header_2_text_color%22%93,%22gcid-5c0ffe69-7172-4b18-84d5-8ca2b15ef07e%22:%91%22header_text_color%22%93}\u00bb sticky_enabled=\u00bb0&#8243;]<\/p>\n<h2><span style=\"color: #004133;\">VYNEO<\/span>DAYS26<\/h2>\n<p>&nbsp;<\/p>\n<p>[\/et_pb_text][et_pb_text _builder_version=\u00bb4.27.6&#8243; _module_preset=\u00bbdefault\u00bb header_font=\u00bb|||on|||||\u00bb header_text_align=\u00bbcenter\u00bb header_text_color=\u00bbgcid-d6f6cc4c-89fb-4b08-a382-c7d2f5838e03&#8243; header_font_size=\u00bb20px\u00bb header_letter_spacing=\u00bb1px\u00bb custom_padding_tablet=\u00bb\u00bb custom_padding_phone=\u00bb|15px||15px|false|true\u00bb custom_padding_last_edited=\u00bbon|tablet\u00bb hover_enabled=\u00bb0&#8243; header_font_size_tablet=\u00bb20px\u00bb header_font_size_phone=\u00bb14px\u00bb header_font_size_last_edited=\u00bbon|phone\u00bb header_letter_spacing_tablet=\u00bb1px\u00bb header_letter_spacing_phone=\u00bb0px\u00bb header_letter_spacing_last_edited=\u00bbon|phone\u00bb header_line_height_tablet=\u00bb1.4em\u00bb header_line_height_phone=\u00bb1.4em\u00bb header_line_height_last_edited=\u00bbon|phone\u00bb global_colors_info=\u00bb{%22gcid-d6f6cc4c-89fb-4b08-a382-c7d2f5838e03%22:%91%22header_text_color%22%93}\u00bb sticky_enabled=\u00bb0&#8243;]<\/p>\n<h1>vygon <span style=\"color: #004133;\">neonatology <\/span>days 2026<\/h1>\n<p>[\/et_pb_text][et_pb_blurb title=\u00bb19 and 20 Noviembre 2026&#8243; use_icon=\u00bbon\u00bb font_icon=\u00bb&#xe023;||divi||400&#8243; icon_color=\u00bbgcid-body-color\u00bb image_icon_background_color=\u00bbRGBA(255,255,255,0)\u00bb icon_placement=\u00bbleft\u00bb image_icon_width=\u00bb24px\u00bb content_max_width=\u00bb300px\u00bb _builder_version=\u00bb4.27.5&#8243; _module_preset=\u00bbdefault\u00bb header_level=\u00bbh2&#8243; header_font=\u00bb|300|||||||\u00bb header_text_align=\u00bbleft\u00bb header_text_color=\u00bbgcid-body-color\u00bb header_font_size=\u00bb18px\u00bb header_line_height=\u00bb1.4em\u00bb image_icon_custom_margin=\u00bb|||8px|false|false\u00bb width_tablet=\u00bb\u00bb width_phone=\u00bb\u00bb width_last_edited=\u00bbon|desktop\u00bb max_width_tablet=\u00bb\u00bb max_width_phone=\u00bb\u00bb max_width_last_edited=\u00bbon|desktop\u00bb module_alignment=\u00bbright\u00bb custom_margin=\u00bb||31px||false|false\u00bb custom_padding=\u00bb||||false|true\u00bb custom_padding_tablet=\u00bb|200px||200px|false|true\u00bb custom_padding_phone=\u00bb|35px||35px|false|true\u00bb custom_padding_last_edited=\u00bbon|phone\u00bb animation=\u00bboff\u00bb locked=\u00bboff\u00bb global_colors_info=\u00bb{%22gcid-body-color%22:%91%22header_text_color%22,%22icon_color%22%93}\u00bb][\/et_pb_blurb][et_pb_text _builder_version=\u00bb4.27.5&#8243; _module_preset=\u00bbdefault\u00bb text_orientation=\u00bbcenter\u00bb locked=\u00bboff\u00bb global_colors_info=\u00bb{}\u00bb]<\/p>\n<p>Conferencias y documentos disponibles en ingl\u00e9s.<\/p>\n<p>[\/et_pb_text][et_pb_button button_url=\u00bbhttps:\/\/campusvygon.com\/vyneodays\/?lang=en\u00bb button_text=\u00bbReg\u00edstrate en la versi\u00f3n en ingl\u00e9s\u00bb button_alignment=\u00bbcenter\u00bb _builder_version=\u00bb4.27.5&#8243; _module_preset=\u00bbdefault\u00bb custom_padding_tablet=\u00bb\u00bb custom_padding_phone=\u00bb10px||10px||true|true\u00bb custom_padding_last_edited=\u00bbon|phone\u00bb button_text_size_tablet=\u00bb\u00bb button_text_size_phone=\u00bb16px\u00bb button_text_size_last_edited=\u00bbon|phone\u00bb global_colors_info=\u00bb{}\u00bb][\/et_pb_button][\/et_pb_column][\/et_pb_row][\/et_pb_section][et_pb_section fb_built=\u00bb1&#8243; custom_padding_last_edited=\u00bbon|tablet\u00bb disabled_on=\u00bboff|off|off\u00bb admin_label=\u00bbSection\u00bb module_id=\u00bbjornadas\u00bb _builder_version=\u00bb4.27.4&#8243; _module_preset=\u00bbdefault\u00bb background_enable_image=\u00bboff\u00bb background_size=\u00bbinitial\u00bb background_position=\u00bbtop_right\u00bb background_horizontal_offset=\u00bb-19%\u00bb background_vertical_offset=\u00bb-100%\u00bb background_blend=\u00bbluminosity\u00bb custom_padding=\u00bb150px||105px||false|\u00bb custom_padding_tablet=\u00bb50px||50px||true|false\u00bb custom_padding_phone=\u00bb50px||50px||true|false\u00bb da_popup_slug=\u00bbjornadas\u00bb da_disable_devices=\u00bboff|off|off\u00bb locked=\u00bboff\u00bb global_colors_info=\u00bb{}\u00bb da_is_popup=\u00bboff\u00bb da_exit_intent=\u00bboff\u00bb da_has_close=\u00bbon\u00bb da_alt_close=\u00bboff\u00bb da_dark_close=\u00bboff\u00bb da_not_modal=\u00bbon\u00bb da_is_singular=\u00bboff\u00bb da_with_loader=\u00bboff\u00bb da_has_shadow=\u00bbon\u00bb][et_pb_row _builder_version=\u00bb4.27.4&#8243; _module_preset=\u00bbdefault\u00bb max_width=\u00bb100%\u00bb global_colors_info=\u00bb{}\u00bb][et_pb_column type=\u00bb4_4&#8243; _builder_version=\u00bb4.21.0&#8243; _module_preset=\u00bbdefault\u00bb global_colors_info=\u00bb{}\u00bb][et_pb_text _builder_version=\u00bb4.27.6&#8243; _module_preset=\u00bbdefault\u00bb text_font=\u00bb|&#8211;et_global_body_font_weight|||||||\u00bb header_2_font=\u00bb|&#8211;et_global_body_font_weight|||||||\u00bb header_2_font_size=\u00bb45px\u00bb header_2_line_height=\u00bb1.3em\u00bb header_4_font=\u00bb|&#8211;et_global_heading_font_weight|||||||\u00bb header_4_text_align=\u00bbleft\u00bb header_4_text_color=\u00bbgcid-heading-color\u00bb header_4_font_size=\u00bb50px\u00bb header_4_line_height=\u00bb1.7em\u00bb custom_padding=\u00bb||8px|15px|false|false\u00bb hover_enabled=\u00bb0&#8243; header_4_line_height_tablet=\u00bb1.4em\u00bb header_4_line_height_phone=\u00bb1.4em\u00bb header_4_line_height_last_edited=\u00bbon|tablet\u00bb border_color_all=\u00bbgcid-3962dd7a-c22c-4125-ae59-b75ca94d97b0&#8243; border_width_left=\u00bb5px\u00bb border_color_left=\u00bbgcid-88ba9f53-0f06-4146-8d8e-e0c83af655fc\u00bb global_colors_info=\u00bb{%22gcid-heading-color%22:%91%22header_4_text_color%22%93,%22gcid-d6f6cc4c-89fb-4b08-a382-c7d2f5838e03%22:%91%22header_4_text_color%22,%22header_2_text_color%22%93,%22gcid-3962dd7a-c22c-4125-ae59-b75ca94d97b0%22:%91%22border_color_all%22%93,%22gcid-88ba9f53-0f06-4146-8d8e-e0c83af655fc%22:%91%22border_color_left%22%93}\u00bb sticky_enabled=\u00bb0&#8243;]<\/p>\n<h2>Vygon <span style=\"color: #004133;\">Neonatology<\/span> Days<\/h2>\n<p>Accede a los contenidos de las ediciones anteriores<\/p>\n<p>[\/et_pb_text][\/et_pb_column][\/et_pb_row][et_pb_row column_structure=\u00bb1_4,1_4,1_4,1_4&#8243; _builder_version=\u00bb4.25.1&#8243; _module_preset=\u00bbdefault\u00bb max_width=\u00bb100%\u00bb global_colors_info=\u00bb{}\u00bb][et_pb_column type=\u00bb1_4&#8243; _builder_version=\u00bb4.21.0&#8243; _module_preset=\u00bbdefault\u00bb global_colors_info=\u00bb{}\u00bb][et_pb_text _builder_version=\u00bb4.27.6&#8243; _module_preset=\u00bbdefault\u00bb header_2_font=\u00bb|&#8211;et_global_heading_font_weight|||||||\u00bb header_2_font_size=\u00bb29px\u00bb transform_scale=\u00bb95%|95%\u00bb custom_padding=\u00bb100px|17px|100px|17px|true|true\u00bb link_option_url=\u00bbhttps:\/\/campusvygon.com\/vyneodays\/?lang=en\u00bb link_option_url_new_window=\u00bbon\u00bb hover_enabled=\u00bb0&#8243; border_width_all=\u00bb1px\u00bb border_color_all=\u00bbrgba(0,0,0,0.18)\u00bb global_colors_info=\u00bb{}\u00bb sticky_enabled=\u00bb0&#8243;]<\/p>\n<h2><span style=\"color: #004133;\">VYNEODAYS26<\/span><\/h2>\n<p><b>Facing neonatal challenges: how bundles drive Safer and Smarter Pratices?<\/b><\/p>\n<p>[\/et_pb_text][\/et_pb_column][et_pb_column type=\u00bb1_4&#8243; _builder_version=\u00bb4.25.0&#8243; _module_preset=\u00bbdefault\u00bb background_enable_image=\u00bboff\u00bb global_colors_info=\u00bb{}\u00bb][et_pb_text _builder_version=\u00bb4.27.6&#8243; _module_preset=\u00bbdefault\u00bb header_2_font=\u00bb|&#8211;et_global_heading_font_weight|||||||\u00bb header_2_font_size=\u00bb29px\u00bb transform_scale=\u00bb95%|95%\u00bb custom_padding=\u00bb100px|17px|100px|17px|true|true\u00bb link_option_url=\u00bbhttps:\/\/campusvygon.com\/vyneodays\/vyneodays24-las-primeras-72-horas-de-vida-en-la-atencion-al-recien-nacido\/\u00bb link_option_url_new_window=\u00bbon\u00bb hover_enabled=\u00bb0&#8243; border_width_all=\u00bb1px\u00bb border_color_all=\u00bbrgba(0,0,0,0.18)\u00bb global_colors_info=\u00bb{}\u00bb sticky_enabled=\u00bb0&#8243;]<\/p>\n<h2><span style=\"color: #004133;\">VYNEODAYS24<\/span><\/h2>\n<p><b>Las primeras 72 horas de vida: <\/b>una visi\u00f3n global para mejorar la pr\u00e1ctica cl\u00ednica y la atenci\u00f3n al <strong>reci\u00e9n nacido<\/strong><\/p>\n<p>[\/et_pb_text][\/et_pb_column][et_pb_column type=\u00bb1_4&#8243; _builder_version=\u00bb4.25.0&#8243; _module_preset=\u00bbdefault\u00bb background_enable_image=\u00bboff\u00bb global_colors_info=\u00bb{}\u00bb][et_pb_text _builder_version=\u00bb4.27.6&#8243; _module_preset=\u00bbdefault\u00bb header_2_font=\u00bb|&#8211;et_global_heading_font_weight|||||||\u00bb header_2_font_size=\u00bb29px\u00bb transform_scale=\u00bb95%|95%\u00bb custom_padding=\u00bb100px|17px|100px|17px|true|true\u00bb link_option_url=\u00bbhttps:\/\/campusvygon.com\/vyneodays\/vyneodays23-jornada-acreditada-de-acceso-vascular-y-capital-venoso-en-el-paciente-neonatal\/\u00bb link_option_url_new_window=\u00bbon\u00bb hover_enabled=\u00bb0&#8243; border_width_all=\u00bb1px\u00bb border_color_all=\u00bbrgba(0,0,0,0.18)\u00bb global_colors_info=\u00bb{}\u00bb sticky_enabled=\u00bb0&#8243;]<\/p>\n<h2><span style=\"color: #004133;\">VYNEODAYS23<\/span><\/h2>\n<p>La <strong>gesti\u00f3n del capital<\/strong> <strong>venoso<\/strong> en el paciente neonatal <span>para proporcionar una formaci\u00f3n avanzada<\/span><\/p>\n<p>[\/et_pb_text][\/et_pb_column][et_pb_column type=\u00bb1_4&#8243; _builder_version=\u00bb4.25.0&#8243; _module_preset=\u00bbdefault\u00bb background_enable_image=\u00bboff\u00bb global_colors_info=\u00bb{}\u00bb][\/et_pb_column][\/et_pb_row][\/et_pb_section][et_pb_section fb_built=\u00bb1&#8243; admin_label=\u00bbSection\u00bb _builder_version=\u00bb4.27.0&#8243; _module_preset=\u00bbdefault\u00bb da_disable_devices=\u00bboff|off|off\u00bb locked=\u00bboff\u00bb global_colors_info=\u00bb{}\u00bb da_is_popup=\u00bboff\u00bb da_exit_intent=\u00bboff\u00bb da_has_close=\u00bbon\u00bb da_alt_close=\u00bboff\u00bb da_dark_close=\u00bboff\u00bb da_not_modal=\u00bbon\u00bb da_is_singular=\u00bboff\u00bb da_with_loader=\u00bboff\u00bb da_has_shadow=\u00bbon\u00bb][et_pb_row column_structure=\u00bb1_2,1_2&#8243; _builder_version=\u00bb4.27.0&#8243; _module_preset=\u00bbdefault\u00bb custom_padding=\u00bb74px|||||\u00bb global_colors_info=\u00bb{}\u00bb][et_pb_column type=\u00bb1_2&#8243; _builder_version=\u00bb4.27.0&#8243; _module_preset=\u00bbdefault\u00bb global_colors_info=\u00bb{}\u00bb][et_pb_text _builder_version=\u00bb4.27.6&#8243; _module_preset=\u00bbdefault\u00bb header_2_font=\u00bbJosefin Sans|300|||||||\u00bb header_2_text_align=\u00bbleft\u00bb header_2_text_color=\u00bbgcid-heading-color\u00bb header_2_font_size=\u00bb45px\u00bb header_2_line_height=\u00bb1.4em\u00bb header_3_font=\u00bbJosefin Sans|300|||||||\u00bb header_3_text_color=\u00bb#FFFFFF\u00bb header_3_font_size=\u00bb40px\u00bb width=\u00bb100%\u00bb custom_margin=\u00bb30px|||||\u00bb custom_padding=\u00bb||0px|||\u00bb hover_enabled=\u00bb0&#8243; global_colors_info=\u00bb{%22gcid-heading-color%22:%91%22header_2_text_color%22%93}\u00bb sticky_enabled=\u00bb0&#8243;]<\/p>\n<h2>\u00danete a la comunidad <span style=\"color: #004133\">VYNEO<\/span><\/h2>\n<p>[\/et_pb_text][et_pb_divider color=\u00bbgcid-0ef916cf-c223-4cdf-b100-6e43892ce1cb\u00bb _builder_version=\u00bb4.25.1&#8243; _module_preset=\u00bbdefault\u00bb width=\u00bb100%\u00bb module_alignment=\u00bbright\u00bb custom_margin=\u00bb-22px||22px||false|false\u00bb global_colors_info=\u00bb{%22gcid-0ef916cf-c223-4cdf-b100-6e43892ce1cb%22:%91%22color%22%93}\u00bb][\/et_pb_divider][et_pb_text _builder_version=\u00bb4.27.0&#8243; _module_preset=\u00bbdefault\u00bb text_font=\u00bbFira Sans|300|||||||\u00bb text_text_color=\u00bbgcid-body-color\u00bb text_line_height=\u00bb1.4em\u00bb global_colors_info=\u00bb{%22gcid-body-color%22:%91%22text_text_color%22%93}\u00bb]<\/p>\n<p>Convi\u00e9rtete en un <strong>experto de las atenciones neonatales<\/strong> y garantiza el \u00e9xito en tu unidad uni\u00e9ndote a nuestros canales de difusi\u00f3n; un espacio de formaci\u00f3n e interacci\u00f3n sobre neonatolog\u00eda donde <strong>podr\u00e1s encontrar material exclusivo, encuestas y mucho m\u00e1s<\/strong> acerca de los mejores cuidados y t\u00e9cnicas para el reci\u00e9n nacido.<\/p>\n<p>[\/et_pb_text][ba_logo_grid column_count=\u00bb2&#8243; grid_gap=\u00bb0px\u00bb logo_size=\u00bb90px\u00bb grid_height_last_edited=\u00bboff|desktop\u00bb _builder_version=\u00bb4.27.0&#8243; _module_preset=\u00bbdefault\u00bb global_colors_info=\u00bb{}\u00bb][ba_logo_grid_child logo_url=\u00bbhttps:\/\/campusvygon.com\/vyneodays\/wp-content\/uploads\/sites\/6\/2024\/07\/telegram.png\u00bb use_tooltip=\u00bbon\u00bb tooltip_text=\u00bb\u00danete a nuestro canal de Telegram\u00bb position=\u00bbbottom\u00bb _builder_version=\u00bb4.27.0&#8243; background_color=\u00bbRGBA(255,255,255,0)\u00bb background_enable_color=\u00bbon\u00bb custom_padding=\u00bb50px|50|50px|50|false|false\u00bb link_option_url=\u00bbhttps:\/\/t.me\/vyneo_es\u00bb link_option_url_new_window=\u00bbon\u00bb global_colors_info=\u00bb{}\u00bb][\/ba_logo_grid_child][ba_logo_grid_child logo_url=\u00bbhttps:\/\/campusvygon.com\/vyneodays\/wp-content\/uploads\/sites\/6\/2024\/07\/whatsapp.png\u00bb use_tooltip=\u00bbon\u00bb tooltip_text=\u00bb\u00danete a nuestro canal de WhatsApp\u00bb position=\u00bbbottom\u00bb _builder_version=\u00bb4.27.0&#8243; background_color=\u00bbRGBA(255,255,255,0)\u00bb background_enable_color=\u00bbon\u00bb custom_padding=\u00bb50px|50|50px|50|false|false\u00bb link_option_url=\u00bbhttps:\/\/www.whatsapp.com\/channel\/0029VaK045pHVvTYhsmTJf01&#8243; link_option_url_new_window=\u00bbon\u00bb global_colors_info=\u00bb{}\u00bb][\/ba_logo_grid_child][\/ba_logo_grid][\/et_pb_column][et_pb_column type=\u00bb1_2&#8243; _builder_version=\u00bb4.27.0&#8243; _module_preset=\u00bbdefault\u00bb global_colors_info=\u00bb{}\u00bb][et_pb_text _builder_version=\u00bb4.27.0&#8243; _module_preset=\u00bbdefault\u00bb background_video_mp4=\u00bbhttps:\/\/campusvygon.com\/vyneodays\/wp-content\/uploads\/sites\/6\/2024\/07\/video-4.mp4&#8243; width=\u00bb65.2%\u00bb width_tablet=\u00bb65.2%\u00bb width_phone=\u00bb100%\u00bb width_last_edited=\u00bbon|phone\u00bb module_alignment=\u00bbright\u00bb min_height=\u00bb600px\u00bb height=\u00bb600px\u00bb max_height=\u00bb600px\u00bb custom_margin=\u00bb-62px|||-2px||\u00bb custom_padding=\u00bb0px|33px||||\u00bb border_color_all=\u00bbRGBA(255,255,255,0)\u00bb border_width_right=\u00bb1px\u00bb border_color_right=\u00bb#FFFFFF\u00bb global_colors_info=\u00bb{}\u00bb][\/et_pb_text][\/et_pb_column][\/et_pb_row][\/et_pb_section][et_pb_section fb_built=\u00bb1&#8243; custom_padding_last_edited=\u00bbon|tablet\u00bb disabled_on=\u00bboff|off|off\u00bb admin_label=\u00bbSection\u00bb module_id=\u00bbpreguntas\u00bb _builder_version=\u00bb4.21.0&#8243; _module_preset=\u00bbdefault\u00bb custom_padding=\u00bb150px||150px||true|\u00bb custom_padding_tablet=\u00bb50px||50px||true|false\u00bb custom_padding_phone=\u00bb50px||50px||true|false\u00bb da_popup_slug=\u00bbpreguntas\u00bb da_disable_devices=\u00bboff|off|off\u00bb locked=\u00bboff\u00bb collapsed=\u00bboff\u00bb global_colors_info=\u00bb{}\u00bb da_is_popup=\u00bboff\u00bb da_exit_intent=\u00bboff\u00bb da_has_close=\u00bbon\u00bb da_alt_close=\u00bboff\u00bb da_dark_close=\u00bboff\u00bb da_not_modal=\u00bbon\u00bb da_is_singular=\u00bboff\u00bb da_with_loader=\u00bboff\u00bb da_has_shadow=\u00bbon\u00bb][et_pb_row _builder_version=\u00bb4.21.0&#8243; _module_preset=\u00bbdefault\u00bb global_colors_info=\u00bb{}\u00bb][et_pb_column type=\u00bb4_4&#8243; _builder_version=\u00bb4.21.0&#8243; _module_preset=\u00bbdefault\u00bb global_colors_info=\u00bb{}\u00bb][et_pb_text _builder_version=\u00bb4.27.0&#8243; _module_preset=\u00bbdefault\u00bb text_font=\u00bb|&#8211;et_global_body_font_weight|||||||\u00bb header_text_align=\u00bbcenter\u00bb header_2_font=\u00bb|&#8211;et_global_body_font_weight|||||||\u00bb header_2_text_align=\u00bbcenter\u00bb header_2_font_size=\u00bb70px\u00bb header_2_line_height=\u00bb1.3em\u00bb header_4_font=\u00bb|&#8211;et_global_heading_font_weight|||||||\u00bb header_4_text_align=\u00bbcenter\u00bb header_4_text_color=\u00bbgcid-heading-color\u00bb header_4_font_size=\u00bb50px\u00bb header_4_line_height=\u00bb1.7em\u00bb custom_margin=\u00bb||22px|||\u00bb custom_padding=\u00bb||8px|15px|false|false\u00bb header_4_line_height_tablet=\u00bb1.4em\u00bb header_4_line_height_phone=\u00bb1.4em\u00bb header_4_line_height_last_edited=\u00bbon|tablet\u00bb border_color_all=\u00bbgcid-3962dd7a-c22c-4125-ae59-b75ca94d97b0&#8243; border_color_left=\u00bbgcid-e9b905b6-c5b3-4626-b931-8e2cbbc53fb6&#8243; global_colors_info=\u00bb{%22gcid-heading-color%22:%91%22header_4_text_color%22%93,%22gcid-d6f6cc4c-89fb-4b08-a382-c7d2f5838e03%22:%91%22header_4_text_color%22,%22header_2_text_color%22,%22header_4_text_color%22,%22header_2_text_color%22,%22header_4_text_color%22,%22header_4_text_color%22%93,%22gcid-3962dd7a-c22c-4125-ae59-b75ca94d97b0%22:%91%22border_color_all%22%93,%22gcid-e9b905b6-c5b3-4626-b931-8e2cbbc53fb6%22:%91%22border_color_left%22%93}\u00bb]<\/p>\n<h4>\u00bfTienes alguna pregunta?<\/h4>\n<p>[\/et_pb_text][et_pb_divider color=\u00bbgcid-88ba9f53-0f06-4146-8d8e-e0c83af655fc\u00bb divider_weight=\u00bb2px\u00bb _builder_version=\u00bb4.27.6&#8243; _module_preset=\u00bbdefault\u00bb width=\u00bb16%\u00bb module_alignment=\u00bbcenter\u00bb hover_enabled=\u00bb0&#8243; global_colors_info=\u00bb{%22gcid-88ba9f53-0f06-4146-8d8e-e0c83af655fc%22:%91%22color%22%93}\u00bb sticky_enabled=\u00bb0&#8243;][\/et_pb_divider][\/et_pb_column][\/et_pb_row][et_pb_row disabled_on=\u00bboff|off|off\u00bb _builder_version=\u00bb4.23.1&#8243; _module_preset=\u00bbdefault\u00bb global_colors_info=\u00bb{}\u00bb][et_pb_column type=\u00bb4_4&#8243; _builder_version=\u00bb4.21.0&#8243; _module_preset=\u00bbdefault\u00bb global_colors_info=\u00bb{}\u00bb][ba_cf7_styler use_form_header=\u00bbon\u00bb form_header_title=\u00bbDeja tu mensaje\u00bb use_icon=\u00bbon\u00bb form_padding=\u00bb23px|0px|0px|0px|false|false\u00bb use_form_button_fullwidth=\u00bbon\u00bb form_id=\u00bb301&#8243; form_field_height=\u00bb45px\u00bb form_field_spacing=\u00bb12px\u00bb disabled_on=\u00bboff|off|off\u00bb _builder_version=\u00bb4.21.0&#8243; _module_preset=\u00bbdefault\u00bb form_field_font_font=\u00bb||||||||\u00bb labels_font=\u00bb||||||||\u00bb title_font=\u00bb|700|||||||\u00bb title_font_size=\u00bb16px\u00bb custom_submit_button=\u00bbon\u00bb submit_button_bg_color=\u00bbgcid-ba1f3f0b-ca06-4592-a2f6-e673b1ae65cd\u00bb submit_button_border_color=\u00bbgcid-ba1f3f0b-ca06-4592-a2f6-e673b1ae65cd\u00bb submit_button_border_radius=\u00bb5px\u00bb submit_button_font=\u00bb|700||on|||||\u00bb submit_button_custom_padding=\u00bb13px||13px||true|false\u00bb border_radii_field=\u00bbon|5px|5px|5px|5px\u00bb border_color_all_field=\u00bbgcid-2d45c7f1-05fc-4f3c-8b35-fe69709a6a62&#8243; global_colors_info=\u00bb{%22gcid-2d45c7f1-05fc-4f3c-8b35-fe69709a6a62%22:%91%22border_color_all_field%22%93,%22gcid-ba1f3f0b-ca06-4592-a2f6-e673b1ae65cd%22:%91%22submit_button_bg_color%22,%22submit_button_border_color%22%93}\u00bb submit_button_bg_color__hover_enabled=\u00bbon|desktop\u00bb submit_button_bg_color__hover=\u00bb#cf65a3&#8243;][\/ba_cf7_styler][et_pb_text disabled_on=\u00bboff|off|off\u00bb _builder_version=\u00bb4.21.0&#8243; _module_preset=\u00bbdefault\u00bb text_font_size=\u00bb12px\u00bb text_line_height=\u00bb1.4em\u00bb global_colors_info=\u00bb{}\u00bb]<\/p>\n<p>* Condiciones legales<\/p>\n<ul>\n<li><strong>Responsable del tratamiento:<\/strong> Vygon SA<\/li>\n<li><strong>Finalidad:<\/strong> La gesti\u00f3n de sus datos personales recogidos mediante el formulario para el registro en el campus de Formaci\u00f3n, as\u00ed como las siguientes finalidades:\n<ul>\n<li>Recibir la informaci\u00f3n sobre cursos que puedan ser de tu inter\u00e9s<\/li>\n<li>Recibir informaci\u00f3n sobre Vygon y la actividad y productos comerciales Vygon Espa\u00f1a.<\/li>\n<li>Recibir la revista clase 3.<\/li>\n<\/ul>\n<\/li>\n<li><strong>Ejercicio de derechos:<\/strong> En cualquier momento podr\u00e1 ejercer sus derechos de Acceso, Rectificaci\u00f3n, Supresi\u00f3n, Portabilidad, Limitaci\u00f3n o, en su caso, Oposici\u00f3n a comunicacion@vygon.com<\/li>\n<\/ul>\n<p>Para m\u00e1s informaci\u00f3n sobre el uso responsable que hacemos de tu datos puedes consultar nuestra<strong> <a href=\"https:\/\/campusvygon.com\/aviso-legal-y-politica-de-privacidad\/\" target=\"_blank\" rel=\"noopener\">pol\u00edtica de privacidad.<\/a><\/strong><\/p>\n<p>[\/et_pb_text][\/et_pb_column][\/et_pb_row][\/et_pb_section]<\/p>\n","protected":false},"excerpt":{"rendered":"<p>Participa en VYNEODAYS las jornadas acreditadas centradas en las primeras 72 horas de vida, una visi\u00f3n global para mejorar la pr\u00e1ctica cl\u00ednica y la atenci\u00f3n al reci\u00e9n nacido. Formaci\u00f3n avanzada para profesionales sanitarios<\/p>\n","protected":false},"author":4,"featured_media":620,"parent":0,"menu_order":0,"comment_status":"closed","ping_status":"closed","template":"","meta":{"_et_pb_use_builder":"on","_et_pb_old_content":"<!-- wp:divi\/placeholder \/-->","_et_gb_content_width":"","footnotes":""},"class_list":["post-10","page","type-page","status-publish","has-post-thumbnail","hentry"],"_links":{"self":[{"href":"https:\/\/campusvygon.com\/vyneodays\/wp-json\/wp\/v2\/pages\/10","targetHints":{"allow":["GET"]}}],"collection":[{"href":"https:\/\/campusvygon.com\/vyneodays\/wp-json\/wp\/v2\/pages"}],"about":[{"href":"https:\/\/campusvygon.com\/vyneodays\/wp-json\/wp\/v2\/types\/page"}],"author":[{"embeddable":true,"href":"https:\/\/campusvygon.com\/vyneodays\/wp-json\/wp\/v2\/users\/4"}],"replies":[{"embeddable":true,"href":"https:\/\/campusvygon.com\/vyneodays\/wp-json\/wp\/v2\/comments?post=10"}],"version-history":[{"count":120,"href":"https:\/\/campusvygon.com\/vyneodays\/wp-json\/wp\/v2\/pages\/10\/revisions"}],"predecessor-version":[{"id":2752,"href":"https:\/\/campusvygon.com\/vyneodays\/wp-json\/wp\/v2\/pages\/10\/revisions\/2752"}],"wp:featuredmedia":[{"embeddable":true,"href":"https:\/\/campusvygon.com\/vyneodays\/wp-json\/wp\/v2\/media\/620"}],"wp:attachment":[{"href":"https:\/\/campusvygon.com\/vyneodays\/wp-json\/wp\/v2\/media?parent=10"}],"curies":[{"name":"wp","href":"https:\/\/api.w.org\/{rel}","templated":true}]}}