{"id":2895,"date":"2026-04-27T11:43:42","date_gmt":"2026-04-27T11:43:42","guid":{"rendered":"https:\/\/campusvygon.com\/vyneodays\/?page_id=2895"},"modified":"2026-04-27T14:55:21","modified_gmt":"2026-04-27T14:55:21","slug":"mentions-legales","status":"publish","type":"page","link":"https:\/\/campusvygon.com\/vyneodays\/mentions-legales\/?lang=fr","title":{"rendered":"Mentions l\u00e9gales"},"content":{"rendered":"<p>[et_pb_section fb_built=\u00bb1&#8243; _builder_version=\u00bb4.24.2&#8243; _module_preset=\u00bbdefault\u00bb custom_padding=\u00bb122px||4px||false|\u00bb locked=\u00bboff\u00bb global_colors_info=\u00bb{}\u00bb theme_builder_area=\u00bbpost_content\u00bb da_is_popup=\u00bboff\u00bb da_exit_intent=\u00bboff\u00bb da_has_close=\u00bbon\u00bb da_alt_close=\u00bboff\u00bb da_dark_close=\u00bboff\u00bb da_not_modal=\u00bbon\u00bb da_is_singular=\u00bboff\u00bb da_with_loader=\u00bboff\u00bb da_has_shadow=\u00bbon\u00bb da_disable_devices=\u00bboff|off|off\u00bb][et_pb_row _builder_version=\u00bb4.25.0&#8243; _module_preset=\u00bbdefault\u00bb width=\u00bb90%\u00bb max_width=\u00bb1500px\u00bb custom_padding=\u00bb0px||0px||true|false\u00bb border_width_left=\u00bb7px\u00bb border_color_left=\u00bbgcid-2bd31fdf-6b39-4af6-9bfa-e1ff7e1fe420&#8243; global_colors_info=\u00bb{%22gcid-2bd31fdf-6b39-4af6-9bfa-e1ff7e1fe420%22:%91%22border_color_left%22%93}\u00bb theme_builder_area=\u00bbpost_content\u00bb][et_pb_column type=\u00bb4_4&#8243; _builder_version=\u00bb4.25.0&#8243; _module_preset=\u00bbdefault\u00bb custom_padding=\u00bb0px||0px||true|false\u00bb global_colors_info=\u00bb{}\u00bb theme_builder_area=\u00bbpost_content\u00bb][et_pb_text _builder_version=\u00bb4.27.6&#8243; _module_preset=\u00bbdefault\u00bb header_font=\u00bb|&#8211;et_global_heading_font_weight|||||||\u00bb header_font_size=\u00bb60px\u00bb header_line_height=\u00bb1.4em\u00bb custom_margin=\u00bb-35px||-37px||false|false\u00bb custom_padding=\u00bb0px|||25px|false|false\u00bb hover_enabled=\u00bb0&#8243; border_color_left=\u00bbgcid-0bb4aa88-854d-46ad-8783-5c2933726464&#8243; global_colors_info=\u00bb{%22gcid-0bb4aa88-854d-46ad-8783-5c2933726464%22:%91%22border_color_left%22%93}\u00bb theme_builder_area=\u00bbpost_content\u00bb sticky_enabled=\u00bb0&#8243;]<\/p>\n<h1>Mentions l\u00e9gales<\/h1>\n<p>[\/et_pb_text][\/et_pb_column][\/et_pb_row][et_pb_row _builder_version=\u00bb4.25.0&#8243; _module_preset=\u00bbdefault\u00bb width=\u00bb90%\u00bb max_width=\u00bb1500px\u00bb global_colors_info=\u00bb{}\u00bb theme_builder_area=\u00bbpost_content\u00bb][et_pb_column type=\u00bb4_4&#8243; _builder_version=\u00bb4.24.2&#8243; _module_preset=\u00bbdefault\u00bb global_colors_info=\u00bb{}\u00bb theme_builder_area=\u00bbpost_content\u00bb][et_pb_text _builder_version=\u00bb4.27.6&#8243; _module_preset=\u00bbdefault\u00bb custom_margin=\u00bb47px|||||\u00bb hover_enabled=\u00bb0&#8243; global_colors_info=\u00bb{}\u00bb theme_builder_area=\u00bbpost_content\u00bb sticky_enabled=\u00bb0&#8243;]Ce site est la propri\u00e9t\u00e9 de Vygon, Soci\u00e9t\u00e9 Anonyme Simplifi\u00e9e au capital de 19 463 088 \u20ac, immatricul\u00e9e au RCS de Pontoise sous le num\u00e9ro B 325 241 750, dont le si\u00e8ge social est situ\u00e9 8 rue de Paris, 95440 Ecouen, France.<\/p>\n<p>Vous pouvez nous contacter par t\u00e9l\u00e9phone au + 33 (0)1 39 92 63 63 ou par email \u00e0 questions@vygon.com.<\/p>\n<p>Notre directeur de publication est Ludovic Richard-Vitton.<br \/>\n[\/et_pb_text][\/et_pb_column][\/et_pb_row][\/et_pb_section]<\/p>\n","protected":false},"excerpt":{"rendered":"<p>Mentions l\u00e9galesCe site est la propri\u00e9t\u00e9 de Vygon, Soci\u00e9t\u00e9 Anonyme Simplifi\u00e9e au capital de 19 463 088 \u20ac, immatricul\u00e9e au RCS de Pontoise sous le num\u00e9ro B 325 241 750, dont le si\u00e8ge social est situ\u00e9 8 rue de Paris, 95440 Ecouen, France. Vous pouvez nous contacter par t\u00e9l\u00e9phone au + 33 (0)1 39 92 63 63 ou par email \u00e0 questions@vygon.com. Notre directeur de publication est Ludovic Richard-Vitton.<\/p>\n","protected":false},"author":4,"featured_media":0,"parent":0,"menu_order":0,"comment_status":"closed","ping_status":"closed","template":"","meta":{"_et_pb_use_builder":"on","_et_pb_old_content":"","_et_gb_content_width":"","footnotes":""},"class_list":["post-2895","page","type-page","status-publish","hentry"],"_links":{"self":[{"href":"https:\/\/campusvygon.com\/vyneodays\/wp-json\/wp\/v2\/pages\/2895","targetHints":{"allow":["GET"]}}],"collection":[{"href":"https:\/\/campusvygon.com\/vyneodays\/wp-json\/wp\/v2\/pages"}],"about":[{"href":"https:\/\/campusvygon.com\/vyneodays\/wp-json\/wp\/v2\/types\/page"}],"author":[{"embeddable":true,"href":"https:\/\/campusvygon.com\/vyneodays\/wp-json\/wp\/v2\/users\/4"}],"replies":[{"embeddable":true,"href":"https:\/\/campusvygon.com\/vyneodays\/wp-json\/wp\/v2\/comments?post=2895"}],"version-history":[{"count":7,"href":"https:\/\/campusvygon.com\/vyneodays\/wp-json\/wp\/v2\/pages\/2895\/revisions"}],"predecessor-version":[{"id":2948,"href":"https:\/\/campusvygon.com\/vyneodays\/wp-json\/wp\/v2\/pages\/2895\/revisions\/2948"}],"wp:attachment":[{"href":"https:\/\/campusvygon.com\/vyneodays\/wp-json\/wp\/v2\/media?parent=2895"}],"curies":[{"name":"wp","href":"https:\/\/api.w.org\/{rel}","templated":true}]}}