{"id":2932,"date":"2026-04-27T14:50:07","date_gmt":"2026-04-27T14:50:07","guid":{"rendered":"https:\/\/campusvygon.com\/vyneodays\/?page_id=2932"},"modified":"2026-04-27T15:17:39","modified_gmt":"2026-04-27T15:17:39","slug":"politica-de-privacidad","status":"publish","type":"page","link":"https:\/\/campusvygon.com\/vyneodays\/politica-de-privacidad\/","title":{"rendered":"Pol\u00edtica de privacidad"},"content":{"rendered":"\n<p>\u00daltima actualizaci\u00f3n: 25\/11\/2025<\/p>\n\n\n\n<h3 class=\"wp-block-heading\">\u00bfCu\u00e1l es el objetivo de esta pol\u00edtica?<\/h3>\n\n\n\n<p>Vygon, el operador del sitio web campus.vygon.com, concede gran importancia a la protecci\u00f3n y la confidencialidad de sus datos personales. Esta pol\u00edtica de privacidad refleja nuestro compromiso de cumplir con la normativa vigente en materia de protecci\u00f3n de datos, en particular el Reglamento General de Protecci\u00f3n de Datos (RGPD).<\/p>\n\n\n\n<p>Su objetivo es proporcionarle informaci\u00f3n clara sobre c\u00f3mo y por qu\u00e9 tratamos sus datos en relaci\u00f3n con los servicios de formaci\u00f3n ofrecidos en el sitio web Campus.<\/p>\n\n\n\n<h3 class=\"wp-block-heading\">\u00bfA qui\u00e9n va dirigida esta pol\u00edtica?<\/h3>\n\n\n\n<p>Esta pol\u00edtica se aplica a usted, independientemente de su lugar de residencia, si es usuario (alumno, formador, administrador) o visitante del sitio web campus.vygon.com.<\/p>\n\n\n\n<h3 class=\"wp-block-heading\">\u00bfPor qu\u00e9 tratamos sus datos?<\/h3>\n\n\n\n<p>Como parte de la plataforma Campus, tratamos sus datos personales con los siguientes fines:<\/p>\n\n\n\n<ul class=\"wp-block-list\">\n<li>Creaci\u00f3n y gesti\u00f3n de su cuenta de usuario (acceso a la plataforma, gesti\u00f3n de derechos, seguimiento de la formaci\u00f3n)<\/li>\n\n\n\n<li>Seguimiento educativo y expedici\u00f3n de certificados (historial de formaci\u00f3n, resultados, progreso)<\/li>\n\n\n\n<li>Gesti\u00f3n de las comunicaciones (invitaciones, notificaciones, recordatorios, encuestas de satisfacci\u00f3n)<\/li>\n\n\n\n<li>Mejora de la plataforma (estad\u00edsticas de uso, comentarios)<\/li>\n\n\n\n<li>Gesti\u00f3n de solicitudes de asistencia o ejercicio de derechos<\/li>\n\n\n\n<li>Gesti\u00f3n de cookies (consulte nuestra pol\u00edtica de cookies espec\u00edfica)<\/li>\n\n\n\n<li>Sus datos se recogen directamente de usted cuando se registra o utiliza la plataforma. Nunca se venden a terceros. Sin embargo, pueden compartirse con distribuidores de productos Vygon, que se consideran re . Estos destinatarios est\u00e1n sujetos a estrictas obligaciones contractuales de confidencialidad y seguridad.<\/li>\n<\/ul>\n\n\n\n<h3 class=\"wp-block-heading\">\u00bfQu\u00e9 datos tratamos y durante cu\u00e1nto tiempo?<\/h3>\n\n\n\n<p>Hemos resumido las categor\u00edas de datos personales que recopilamos y su respectivo periodo de conservaci\u00f3n.<\/p>\n\n\n\n<p>Si desea obtener m\u00e1s detalles sobre los periodos de conservaci\u00f3n aplicables a sus datos, puede ponerse en contacto con nosotros en la direcci\u00f3n: gdpr@vygon.com.<\/p>\n\n\n\n<ul class=\"wp-block-list\">\n<li>Datos de identificaci\u00f3n profesional (por ejemplo, apellidos, nombre, cargo, empresa, etc.) y datos de contacto (por ejemplo, direcci\u00f3n de correo electr\u00f3nico y n\u00famero de tel\u00e9fono de la empresa, etc.) conservados durante todo el tiempo que dure la prestaci\u00f3n del servicio, m\u00e1s el plazo de prescripci\u00f3n legal, que suele ser de 5 a\u00f1os.<\/li>\n\n\n\n<li>La direcci\u00f3n de correo electr\u00f3nico en el contexto de nuestras campa\u00f1as de prospecci\u00f3n comercial por correo electr\u00f3nico se conserva durante un m\u00e1ximo de 3 a\u00f1os desde el \u00faltimo contacto que mantuvimos con usted.<\/li>\n\n\n\n<li>El n\u00famero de tel\u00e9fono en el contexto de nuestras campa\u00f1as de telemarketing se conserva durante un periodo m\u00e1ximo de 3 a\u00f1os desde el \u00faltimo contacto que mantuvimos con usted.<\/li>\n\n\n\n<li>La direcci\u00f3n de correo electr\u00f3nico para recibir nuestro bolet\u00edn informativo se conserva hasta que finalice su suscripci\u00f3n al bolet\u00edn.<\/li>\n\n\n\n<li>Los datos estad\u00edsticos relativos al visionado de nuestros v\u00eddeos se anonimizan y se conservan de forma indefinida.<\/li>\n\n\n\n<li>Los datos de conexi\u00f3n (por ejemplo, registros, direcci\u00f3n IP, etc.) se conservan durante un periodo de 1 a\u00f1o.<\/li>\n<\/ul>\n\n\n\n<p>Las cookies se conservan, por lo general, durante un m\u00e1ximo de 13 meses. Para obtener m\u00e1s detalles sobre c\u00f3mo utilizamos sus cookies, puede consultar nuestra Pol\u00edtica de cookies, a la que puede acceder en cualquier momento en nuestro sitio web.<\/p>\n\n\n\n<p>Una vez que hayan expirado los plazos de conservaci\u00f3n descritos anteriormente, la supresi\u00f3n de sus datos personales ser\u00e1 irreversible y ya no podremos facilit\u00e1rselos tras este periodo. Como mucho, solo podremos conservar datos an\u00f3nimos con fines estad\u00edsticos.<\/p>\n\n\n\n<p>Tenga en cuenta tambi\u00e9n que, en caso de litigio, estamos obligados a conservar todos sus datos durante la tramitaci\u00f3n del caso, incluso tras la expiraci\u00f3n de los plazos de conservaci\u00f3n descritos anteriormente.<\/p>\n\n\n\n<h3 class=\"wp-block-heading\">\u00bfQu\u00e9 datos tratamos y durante cu\u00e1nto tiempo?<\/h3>\n\n\n\n<figure class=\"wp-block-table\"><table class=\"has-fixed-layout\"><tbody><tr><td><strong>categor\u00eda de datos<\/strong><\/td><td><strong>Ejemplos<\/strong><\/td><td><strong>Plazo de conservaci\u00f3n<\/strong><\/td><\/tr><tr><td>Datos de identificaci\u00f3n<\/td><td>nombre, apellidos, correo electr\u00f3nico, empresa, cargo<\/td><td>Periodo de vigencia de la cuenta + 3 a\u00f1os (plazo de prescripci\u00f3n)<\/td><\/tr><tr><td>Datos de inicio de sesi\u00f3n<\/td><td>registros, direcci\u00f3n IP, historial de conexi\u00f3n<\/td><td>1 a\u00f1o<\/td><\/tr><tr><td>Datos pedag\u00f3gicos<\/td><td>itinerario, resultados, certificados<\/td><td>Periodo de vigencia de la cuenta + 3 a\u00f1os<\/td><\/tr><tr><td>Datos de comunicaci\u00f3n<\/td><td>correos electr\u00f3nicos, mensajes, encuestas<\/td><td>3 a\u00f1os a partir del \u00faltimo contacto<\/td><\/tr><tr><td>Cookies<\/td><td>Ver pol\u00edtica de cookies<\/td><td>13 meses como m\u00e1ximo<\/td><\/tr><\/tbody><\/table><\/figure>\n\n\n\n<p>Al final de estos periodos, sus datos se eliminan de forma irreversible o se anonimizan, salvo que exista una obligaci\u00f3n legal o un litigio.<\/p>\n\n\n\n<h3 class=\"wp-block-heading\">\u00bfCu\u00e1les son sus derechos?<\/h3>\n\n\n\n<p>Puede ejercer los siguientes derechos en cualquier momento:<\/p>\n\n\n\n<ul class=\"wp-block-list\">\n<li>Acceder a sus datos y obtener una copia<\/li>\n\n\n\n<li>Rectificaci\u00f3n de datos inexactos o incompletos<\/li>\n\n\n\n<li>Supresi\u00f3n (\u00abderecho al olvido\u00bb) de sus datos no esenciales<\/li>\n\n\n\n<li>Limitaci\u00f3n del tratamiento en caso de litigio<\/li>\n\n\n\n<li>Portabilidad de sus datos (en un formato estructurado)<\/li>\n\n\n\n<li>Oponerse al tratamiento por motivos leg\u00edtimos<\/li>\n\n\n\n<li>Retirar el consentimiento (para comunicaciones opcionales)<\/li>\n\n\n\n<li>Dar instrucciones post mortem sobre el destino de sus datos<\/li>\n<\/ul>\n\n\n\n<p>Para ejercer sus derechos, p\u00f3ngase en contacto con nosotros en: gdpr@vygon.com. Es posible que se le solicite una prueba de identidad.<\/p>\n\n\n\n<h3 class=\"wp-block-heading\">\u00bfQui\u00e9n puede acceder a sus datos?<\/h3>\n\n\n\n<p>Sus datos son estrictamente accesibles para:<\/p>\n\n\n\n<ul class=\"wp-block-list\">\n<li>Equipos autorizados de Vygon (formaci\u00f3n, TI, soporte)<\/li>\n\n\n\n<li>Nuestros proveedores de servicios inform\u00e1ticos (alojamiento, mantenimiento), que est\u00e1n sujetos a contrato y son supervisados para garantizar el cumplimiento del RGPD<\/li>\n\n\n\n<li>Distribuidores de productos Vygon<\/li>\n<\/ul>\n\n\n\n<h2 class=\"wp-block-heading\">\u00bfSe transfieren sus datos fuera de la Uni\u00f3n Europea?<\/h2>\n\n\n\n<p>Algunos de nuestros proveedores de servicios pueden estar ubicados fuera de la UE. En este caso, nos aseguramos de que se apliquen las garant\u00edas adecuadas (cl\u00e1usulas contractuales tipo, medidas adicionales). Para obtener m\u00e1s informaci\u00f3n, p\u00f3ngase en contacto con nosotros en gdpr@vygon.com.<\/p>\n\n\n\n<h2 class=\"wp-block-heading\">\u00bfC\u00f3mo protegemos sus datos?<\/h2>\n\n\n\n<p>Aplicamos todas las medidas t\u00e9cnicas y organizativas necesarias para garantizar la seguridad de sus datos (control de acceso, cifrado, copias de seguridad, auditor\u00edas, formaci\u00f3n del personal).<\/p>\n\n\n\n<h2 class=\"wp-block-heading\">\u00bfA qui\u00e9n debe dirigirse si tiene alguna pregunta?<\/h2>\n\n\n\n<p>Nuestro delegado de protecci\u00f3n de datos (DPO) est\u00e1 a su disposici\u00f3n para ayudarle: gdpr@vygon.com<\/p>\n\n\n\n<p>Para cualquier reclamaci\u00f3n, tambi\u00e9n puede ponerse en contacto con la CNIL (Autoridad Francesa de Protecci\u00f3n de Datos) en 3 place de Fontenoy \u2013 TSA 80751, 75334 Par\u00eds Cedex 07<\/p>\n\n\n\n<h2 class=\"wp-block-heading\">\u00bfPuede cambiar esta pol\u00edtica?<\/h2>\n\n\n\n<p>Podemos modificarla en cualquier momento para adaptarla a cambios legales o funcionales. Se le informar\u00e1 de cualquier cambio sustancial.<\/p>\n","protected":false},"excerpt":{"rendered":"<p>\u00daltima actualizaci\u00f3n: 25\/11\/2025 \u00bfCu\u00e1l es el objetivo de esta pol\u00edtica? Vygon, el operador del sitio web campus.vygon.com, concede gran importancia a la protecci\u00f3n y la confidencialidad de sus datos personales. Esta pol\u00edtica de privacidad refleja nuestro compromiso de cumplir con la normativa vigente en materia de protecci\u00f3n de datos, en particular el Reglamento General de [&hellip;]<\/p>\n","protected":false},"author":4,"featured_media":0,"parent":0,"menu_order":0,"comment_status":"closed","ping_status":"closed","template":"","meta":{"_et_pb_use_builder":"off","_et_pb_old_content":"","_et_gb_content_width":"1800","footnotes":""},"class_list":["post-2932","page","type-page","status-publish","hentry"],"_links":{"self":[{"href":"https:\/\/campusvygon.com\/vyneodays\/wp-json\/wp\/v2\/pages\/2932","targetHints":{"allow":["GET"]}}],"collection":[{"href":"https:\/\/campusvygon.com\/vyneodays\/wp-json\/wp\/v2\/pages"}],"about":[{"href":"https:\/\/campusvygon.com\/vyneodays\/wp-json\/wp\/v2\/types\/page"}],"author":[{"embeddable":true,"href":"https:\/\/campusvygon.com\/vyneodays\/wp-json\/wp\/v2\/users\/4"}],"replies":[{"embeddable":true,"href":"https:\/\/campusvygon.com\/vyneodays\/wp-json\/wp\/v2\/comments?post=2932"}],"version-history":[{"count":5,"href":"https:\/\/campusvygon.com\/vyneodays\/wp-json\/wp\/v2\/pages\/2932\/revisions"}],"predecessor-version":[{"id":2938,"href":"https:\/\/campusvygon.com\/vyneodays\/wp-json\/wp\/v2\/pages\/2932\/revisions\/2938"}],"wp:attachment":[{"href":"https:\/\/campusvygon.com\/vyneodays\/wp-json\/wp\/v2\/media?parent=2932"}],"curies":[{"name":"wp","href":"https:\/\/api.w.org\/{rel}","templated":true}]}}