{"id":2949,"date":"2026-04-27T14:59:06","date_gmt":"2026-04-27T14:59:06","guid":{"rendered":"https:\/\/campusvygon.com\/vyneodays\/?page_id=2949"},"modified":"2026-04-27T15:23:21","modified_gmt":"2026-04-27T15:23:21","slug":"politica-de-cookies","status":"publish","type":"page","link":"https:\/\/campusvygon.com\/vyneodays\/politica-de-cookies\/","title":{"rendered":"Pol\u00edtica de cookies"},"content":{"rendered":"\n<h3 class=\"wp-block-heading\">\u00bfCu\u00e1l es el objetivo de esta Pol\u00edtica?<\/h3>\n\n\n\n<p>Vygon, empresa gestora del sitio web www.campusvygon.com, concede gran importancia a la confidencialidad de sus datos, lo que para nosotros supone una garant\u00eda de seriedad y confianza, ya se trate de cookies o de datos personales. La Pol\u00edtica de cookies tiene por objeto explicarle por qu\u00e9 utilizamos cookies y cualquier otro tipo de rastreadores cuando navega por nuestro sitio web www.campusvygon.com.<\/p>\n\n\n\n<p>Por otra parte, esta Pol\u00edtica de cookies solo se refiere al tratamiento relacionado con el almacenamiento de cookies y rastreadores. Para conocer los dem\u00e1s tratamientos que llevamos a cabo, consulte nuestra Pol\u00edtica de privacidad, accesible en cualquier momento en nuestro sitio web www.campusvygon.com.<\/p>\n\n\n\n<h3 class=\"wp-block-heading\">\u00bfQu\u00e9 es una cookie y para qu\u00e9 sirve?<\/h3>\n\n\n\n<p>Las cookies y otros rastreadores son peque\u00f1os archivos de \u00abtexto\u00bb que un servidor almacena en tu smartphone, tableta u ordenador cuando visitas un sitio web.<br>Las cookies no te identifican personalmente, sino que identifican tu dispositivo (por ejemplo, smartphone, tableta, etc.) a trav\u00e9s de tu direcci\u00f3n IP, as\u00ed como diversa informaci\u00f3n relacionada con tu navegaci\u00f3n (por ejemplo, tiempo de navegaci\u00f3n, p\u00e1ginas visitadas, etc.) con el fin de:<\/p>\n\n\n\n<ul class=\"wp-block-list\">\n<li>memorizar su identificador para reconocerle cuando vuelva a conectarse a un sitio web y conservar sus preferencias (por ejemplo: idiomas, rechazo de cookies, conservaci\u00f3n de su cesta, etc.)<\/li>\n\n\n\n<li>realizar un seguimiento y analizar su uso de un sitio web con fines estad\u00edsticos, con el fin de mejorar su experiencia y ofrecerle un servicio adaptado a sus necesidades.<\/li>\n\n\n\n<li>permitirle navegar y utilizar un sitio web en condiciones \u00f3ptimas.<\/li>\n\n\n\n<li>analizar su uso de un sitio web con el fin de ofrecerle publicidad adaptada a sus necesidades, ya sea en ese sitio web o en otros sitios web.<\/li>\n<\/ul>\n\n\n\n<p>Para obtener m\u00e1s informaci\u00f3n sobre este tema, puede visitar los siguientes sitios web: www.cnil.fr, www.allaboutcookies.org y www.youronlinechoices.eu.<\/p>\n\n\n\n<h3 class=\"wp-block-heading\">\u00bfPor qu\u00e9 utilizamos cookies y durante cu\u00e1nto tiempo?<\/h3>\n\n\n\n<p>Cuando accede a nuestro sitio web www.vygon.com, podemos instalar cookies en su dispositivo \u00fanicamente por los siguientes motivos y con los siguientes fines:<\/p>\n\n\n\n<ul class=\"wp-block-list\">\n<li>Cookies t\u00e9cnicas que le permiten utilizar nuestro sitio web www.vygon.com de forma segura, en virtud de nuestro inter\u00e9s leg\u00edtimo en ofrecerle un sitio web de calidad.<\/li>\n\n\n\n<li>Cookies t\u00e9cnicas que permiten el funcionamiento de los v\u00eddeos de nuestro sitio web www.vygon.com, bas\u00e1ndonos en su consentimiento previo.<\/li>\n\n\n\n<li>Cookies estad\u00edsticas que nos permiten conocer el uso que hace de nuestro sitio web (por ejemplo, el tiempo de permanencia en una p\u00e1gina, las p\u00e1ginas consultadas, etc.), bas\u00e1ndonos en su consentimiento previo.<\/li>\n\n\n\n<li>Cookies estad\u00edsticas y t\u00e9cnicas que permiten el funcionamiento de nuestra p\u00e1gina de publicaciones de Twitter en nuestro sitio web, sobre la base de su consentimiento previo.<\/li>\n<\/ul>\n\n\n\n<p>No obstante, le confirmamos que nunca utilizamos cookies de terceros, es decir, cookies utilizadas con fines publicitarios que se transfieren a socios. Todas las cookies utilizadas son alojadas y gestionadas por nuestro personal.<\/p>\n\n\n\n<p>En todos los casos, las cookies depositadas, sea cual sea su naturaleza, se conservan durante un periodo m\u00e1ximo de 13 meses a partir de su instalaci\u00f3n.nd are only renewed in the event of a new connection to our website at the end of this period. If you would like more details on the duration of use of our cookies, please contact us at\u00a0<a href=\"mailto:gdpr@vygon.com\">gdpr@vygon.com<\/a>.<\/p>\n\n\n\n<h3 class=\"wp-block-heading\">\u00bfQu\u00e9 control tiene sobre estas \u00abcookies\u00bb?<\/h3>\n\n\n\n<p>No puede oponerse al almacenamiento de cookies t\u00e9cnicas, ya que son necesarias para el correcto funcionamiento de nuestro sitio web, que de otro modo podr\u00eda resultar inutilizable.<\/p>\n\n\n\n<p>Como se ha mencionado anteriormente, esta excepci\u00f3n no se aplica a las cookies t\u00e9cnicas instaladas en su dispositivo para la reproducci\u00f3n de v\u00eddeos. En este caso, el almacenamiento de cookies solo es posible si ha dado su consentimiento previo.<\/p>\n\n\n\n<p>No obstante, adem\u00e1s de los derechos detallados en nuestra Pol\u00edtica de privacidad, usted tiene, evidentemente, el derecho a rechazar o retirar su consentimiento para que se instalen en su dispositivo cualquier otro tipo de cookies.<\/p>\n\n\n\n<p>El derecho a rechazar las cookies puede ejercerse en cualquier momento a trav\u00e9s de nuestro banner de cookies. Si el banner de cookies ya no se muestra, tambi\u00e9n puede configurar las cookies directamente en su navegador siguiendo las instrucciones que figuran a continuaci\u00f3n: Chrome, Microsoft Edge, Safari, Firefox y Opera.<\/p>\n\n\n\n<h3 class=\"wp-block-heading\">\u00bfCon qui\u00e9n puede ponerse en contacto para obtener m\u00e1s informaci\u00f3n?<\/h3>\n\n\n\n<p>Hemos designado oficialmente a un delegado de protecci\u00f3n de datos (\u00abDPO\u00bb) externo e independiente ante nuestra autoridad de control con el fin de garantizar la seguridad y la confidencialidad de sus datos personales.<\/p>\n\n\n\n<p>Puede ponerse en contacto con nuestro DPO en cualquier momento y de forma gratuita en la direcci\u00f3n gdpr@vygon.com para obtener m\u00e1s informaci\u00f3n o detalles sobre c\u00f3mo tratamos sus datos personales.<\/p>\n\n\n\n<p>\u00bfC\u00f3mo puede ponerse en contacto con la CNIL?<\/p>\n\n\n\n<p>Puede ponerse en contacto en cualquier momento con la \u00abCommission nationale de l\u2019informatique et des libert\u00e9s\u00bb (CNIL) en la siguiente direcci\u00f3n: Servicio de Reclamaciones de la CNIL, 3 place de Fontenoy \u2013 TSA 80751, 75334 Par\u00eds Cedex 07, o por tel\u00e9fono en el n\u00famero 01.53.73.22.22.<\/p>\n\n\n\n<h3 class=\"wp-block-heading\">\u00bfSe puede modificar la pol\u00edtica?<\/h3>\n\n\n\n<p>Podemos modificar nuestra Pol\u00edtica de cookies en cualquier momento para adaptarla a los nuevos requisitos legales y a las nuevas operaciones de tratamiento que podamos llevar a cabo en el futuro.<\/p>\n\n\n\n<h2 class=\"wp-block-heading\">Matomo<\/h2>\n\n\n\n<div id=\"matomo-opt-out\"><\/div>\n<script src=\"https:\/\/vygon.matomo.cloud\/index.php?module=CoreAdminHome&#038;action=optOutJS&#038;divId=matomo-opt-out&#038;language=auto&#038;backgroundColor=FFFFFF&#038;fontColor=000000&#038;fontSize=14px&#038;fontFamily=Arial&#038;showIntro=1\"><\/script>\n      \n","protected":false},"excerpt":{"rendered":"<p>\u00bfCu\u00e1l es el objetivo de esta Pol\u00edtica? Vygon, empresa gestora del sitio web www.campusvygon.com, concede gran importancia a la confidencialidad de sus datos, lo que para nosotros supone una garant\u00eda de seriedad y confianza, ya se trate de cookies o de datos personales. La Pol\u00edtica de cookies tiene por objeto explicarle por qu\u00e9 utilizamos cookies [&hellip;]<\/p>\n","protected":false},"author":4,"featured_media":0,"parent":0,"menu_order":0,"comment_status":"closed","ping_status":"closed","template":"","meta":{"_et_pb_use_builder":"off","_et_pb_old_content":"","_et_gb_content_width":"1800","footnotes":""},"class_list":["post-2949","page","type-page","status-publish","hentry"],"_links":{"self":[{"href":"https:\/\/campusvygon.com\/vyneodays\/wp-json\/wp\/v2\/pages\/2949","targetHints":{"allow":["GET"]}}],"collection":[{"href":"https:\/\/campusvygon.com\/vyneodays\/wp-json\/wp\/v2\/pages"}],"about":[{"href":"https:\/\/campusvygon.com\/vyneodays\/wp-json\/wp\/v2\/types\/page"}],"author":[{"embeddable":true,"href":"https:\/\/campusvygon.com\/vyneodays\/wp-json\/wp\/v2\/users\/4"}],"replies":[{"embeddable":true,"href":"https:\/\/campusvygon.com\/vyneodays\/wp-json\/wp\/v2\/comments?post=2949"}],"version-history":[{"count":5,"href":"https:\/\/campusvygon.com\/vyneodays\/wp-json\/wp\/v2\/pages\/2949\/revisions"}],"predecessor-version":[{"id":2956,"href":"https:\/\/campusvygon.com\/vyneodays\/wp-json\/wp\/v2\/pages\/2949\/revisions\/2956"}],"wp:attachment":[{"href":"https:\/\/campusvygon.com\/vyneodays\/wp-json\/wp\/v2\/media?parent=2949"}],"curies":[{"name":"wp","href":"https:\/\/api.w.org\/{rel}","templated":true}]}}